{"id":5731,"date":"2023-10-20T06:12:55","date_gmt":"2023-10-20T10:12:55","guid":{"rendered":"https:\/\/staging.woclleydon.com\/?page_id=5731"},"modified":"2025-06-30T14:26:31","modified_gmt":"2025-06-30T18:26:31","slug":"abogado-de-lesiones-de-nacimiento-en-connecticut","status":"publish","type":"page","link":"https:\/\/www.woclleydon.com\/es\/abogado-de-lesiones-de-nacimiento-en-connecticut\/","title":{"rendered":"Abogado de Lesiones de Nacimiento en Connecticut"},"content":{"rendered":"<h1>Abogado de Lesiones de Nacimiento en Connecticut<\/h1>\n<p><img decoding=\"async\" class=\"alignright wp-image-3103 size-full\" src=\"https:\/\/www.woclleydon.com\/wp-content\/uploads\/2023\/10\/birth-defects.jpg\" alt=\"Birth Defects\" width=\"383\" height=\"288\" srcset=\"https:\/\/www.woclleydon.com\/wp-content\/uploads\/2023\/10\/birth-defects.jpg 383w, https:\/\/www.woclleydon.com\/wp-content\/uploads\/2023\/10\/birth-defects-300x226.jpg 300w\" sizes=\"(max-width: 383px) 100vw, 383px\" \/><br \/>\nEste tipo de lesiones pueden provocar da\u00f1os duraderos tanto para el ni\u00f1o como para la madre, pero existen opciones de recuperaci\u00f3n. Un abogado de lesiones de nacimiento puede ayudarlo a usted, a su hijo y a su familia a encontrar los recursos y la compensaci\u00f3n que necesita durante este momento dif\u00edcil presentando un reclamo. En Wocl Leydon Abogados de lesiones personales, nuestro abogado de lesiones de nacimiento en Connecticut ayudar\u00e1 a las v\u00edctimas de lesiones de nacimiento a hacer cumplir y proteger sus derechos.<\/p>\n<p>Entendemos lo que significan estas lesiones y c\u00f3mo pueden afectar a su familia, y sabemos lo importante que es contar con ayuda compasiva despu\u00e9s de una lesi\u00f3n en el parto.<\/p>\n<p>Nuestro trabajo ha sido reconocido por Connecticut Super Lawyers\u00ae, New England Super Lawyers\u00ae, Million Dollar Advocates Forum y muchas otras publicaciones. Si usted o su hijo han resultado lesionados por negligencia m\u00e9dica durante el proceso de parto, estamos preparados para representarlo con la habilidad, la fuerza y la compasi\u00f3n que se merece.<\/p>\n<div class=\"cta-box my-4 p-4\" style=\"background:#e9e9e9 url('\/wp-content\/uploads\/2023\/10\/ui-element-corner-triangle-light.png') no-repeat right bottom;border:1px solid #6590AF;border-radius:3px;\">\r\n    <div class=\"d-flex flex-column flex-lg-row align-items-center free-case-review\">\r\n        <img decoding=\"async\" class=\"mb-3 mb-lg-0\" src=\"\/wp-content\/uploads\/2023\/10\/cta-photo-with-corner.png\" alt=\"Get your free case review\" width=\"125\" height=\"125\">\r\n        <div class=\"ps-lg-4\">\r\n            <h3 style=\"line-height: 1.5\">\r\n                <span class=\"font-weight-bold\">Obtenga su revisi\u00f3n de caso GRATUITA<\/span>\r\n\r\n            <\/h3>\r\n            <div class=\"d-flex flex-column flex-lg-row align-items-center\">\r\n                <a class=\"btn btn-gold text-center me-lg-3\" href=\"tel:12033333339\" style=\"vertical-align:middle;\"><img decoding=\"async\" style=\"margin-right: 15px;height:28px;\" src=\"\/wp-content\/uploads\/2023\/10\/btn-icon-phone.png\" alt=\"Call Us\">(203) 333-3339<\/a>\r\n                <div> or <a href=\"#cta\">env\u00edanos los detalles de tu caso.<\/a><\/div>\r\n            <\/div>\r\n        <\/div>\r\n    <\/div>\r\n<\/div>\r\n\n<h2>C\u00f3mo pueden ayudar nuestros abogados despu\u00e9s de una lesi\u00f3n de nacimiento en Connecticut<\/h2>\n<p>Una lesi\u00f3n de nacimiento es un evento traum\u00e1tico para el ni\u00f1o y la madre. Un reclamo por lesiones de nacimiento puede ayudar a proporcionar los recursos que usted y su hijo necesitan para seguir adelante. Nuestros abogados pueden ayudarlo a desarrollar y proteger su reclamo de muchas maneras, tales como: revisando su caso, investigando y reuniendo pruebas, negociando un acuerdo y, si es necesario, llevando su caso a los tribunales.<\/p>\n<p>Durante sus conversaciones iniciales con nuestros abogados de lesiones de nacimiento, revisaremos los hechos de su situaci\u00f3n para determinar si existe un reclamo v\u00e1lido. Lo escucharemos y revisaremos los registros m\u00e9dicos para comprender mejor lo sucedido. Si existe un posible caso de lesi\u00f3n en el nacimiento, nuestros abogados describir\u00e1n sus mejores opciones legales y recomendar\u00e1n los pr\u00f3ximos pasos que debe seguir.<\/p>\n<p>Recopilaremos pruebas que incluyen registros m\u00e9dicos, declaraciones de testigos, informes de eventos adversos y muchos otros documentos. Nuestros abogados tambi\u00e9n pueden traer expertos m\u00e9dicos para analizar y comprender las lesiones. Tambi\u00e9n podemos consultar a expertos financieros, vocacionales y de otro tipo para comprender mejor el efecto total de las lesiones. Una vez que esto suceda, nuestros abogados de lesiones de nacimiento pueden ayudarlo a determinar el monto de la compensaci\u00f3n a solicitar.<\/p>\n<h3>Luego negociaremos con compa\u00f1\u00edas de seguros, hospitales y otras personas que puedan ser responsables<\/h3>\n<p>Dependiendo de la naturaleza de las lesiones y de las circunstancias circundantes, las negociaciones pueden ser muy t\u00e9cnicas y desafiantes. Las compa\u00f1\u00edas de seguros y los hospitales intentar\u00e1n resolver su caso por lo menos posible, y nada en absoluto si pueden. Nuestros abogados de lesiones de nacimiento pueden representarlo en cualquier negociaci\u00f3n, utilizar los resultados de su investigaci\u00f3n para respaldar su reclamo y defender agresivamente a su ser querido.<\/p>\n<p>En muchos casos de lesiones de nacimiento, un abogado especializado en lesiones de nacimiento puede negociar un acuerdo que funcione para usted. Sin embargo, puede haber situaciones en las que los responsables de las lesiones del parto se nieguen a llegar a un acuerdo. En esos casos, un abogado debe poder llevar el caso. Nuestros abogados litigantes pueden manejar cualquier tr\u00e1mite relacionado con el caso, preparar las pruebas necesarias y representarlo celosamente a usted y a sus seres queridos durante cualquier procedimiento judicial.<\/p>\n<p>En Wocl Leydon, entendemos c\u00f3mo las lesiones de nacimiento pueden da\u00f1ar a sus seres queridos e impactar su futuro. Nuestros abogados con experiencia en lesiones de nacimiento est\u00e1n comprometidos a ayudar a las familias y a los ni\u00f1os a recuperar una compensaci\u00f3n por lesiones como estas, y ofrecemos una consulta inicial gratuita sobre su caso.<\/p>\n<h2>\u00bfQui\u00e9n puede ser considerado responsable de una lesi\u00f3n de nacimiento?<\/h2>\n<p>Hay muchas partes que pueden ser responsables de una lesi\u00f3n de nacimiento. Los m\u00e9dicos y enfermeras que lo atienden, el propio hospital, los productores farmac\u00e9uticos, los fabricantes de equipos m\u00e9dicos y muchos otros. Estas partes pueden ser responsables individualmente o solidariamente con otras.<\/p>\n<p>Los m\u00e9dicos y otros profesionales m\u00e9dicos involucrados en el parto suelen ser responsables de las lesiones durante el parto. El parto puede ser un evento peligroso y complicado, por lo que es fundamental que los profesionales m\u00e9dicos est\u00e9n a la altura de la tarea. Si cometen errores o no se dan cuenta de los problemas, f\u00e1cilmente pueden causar da\u00f1o al ni\u00f1o o a la madre.<\/p>\n<p>Un reclamo por lesiones de nacimiento examinar\u00e1 las acciones y decisiones de cualquier persona que estuvo involucrada en el nacimiento del ni\u00f1o.<\/p>\n<p>El hospital tambi\u00e9n puede ser responsable de este tipo de lesiones. Los hospitales tienen muchas obligaciones de atenci\u00f3n a sus pacientes y deben trabajar para mantenerlos seguros. Esto significa que los hospitales deben mantener limpias sus instalaciones, inspeccionar y mantener sus equipos y contratar y capacitar personal competente. Tambi\u00e9n se requiere que los hospitales cuenten con procedimientos de seguridad adecuados para hacer frente a posibles problemas. Si el ni\u00f1o o la madre resultaron perjudicados debido a la negligencia de un hospital en cualquiera de sus funciones, podr\u00edan ser considerados responsables.<\/p>\n<p>Los fabricantes de equipos m\u00e9dicos tambi\u00e9n pueden ser responsables de las lesiones durante el parto. Durante el nacimiento, pueden intervenir muchas piezas de tecnolog\u00eda avanzada para proteger al ni\u00f1o y a la madre. Si este equipo funciona mal o falla, puede provocar complicaciones y retrasos en la atenci\u00f3n. Nuestro abogado de lesiones de nacimiento en Connecticut puede revisar los hechos del caso y determinar si los fabricantes de equipos m\u00e9dicos u otros en la cadena de suministro pueden tener la culpa.<\/p>\n<p>Los nacimientos tambi\u00e9n pueden implicar medicamentos potentes que pueden tener efectos adversos graves. Se pueden utilizar sedantes, analg\u00e9sicos y muchas otras sustancias potentes en la madre o el ni\u00f1o. Los m\u00e9dicos que administran los medicamentos, los farmac\u00e9uticos que los suministran y las compa\u00f1\u00edas farmac\u00e9uticas que suministran medicamentos peligrosos pueden ser responsables de las lesiones en el nacimiento que resultan de medicamentos peligrosos.<\/p>\n<p>Cualquier procedimiento m\u00e9dico tiene muchos pasos y muchas partes que deben funcionar correctamente para que el procedimiento tenga \u00e9xito. Puede ser un desaf\u00edo determinar qui\u00e9n fue responsable de una lesi\u00f3n en el nacimiento, pero un abogado especializado en lesiones en el nacimiento puede analizar las pruebas y los hechos del caso para responsabilizar a las partes responsables. Si necesita iniciar una demanda por lesiones de nacimiento, comun\u00edquese hoy con los abogados de Wocl Leydon.<\/p>\n","protected":false},"excerpt":{"rendered":"<p>Abogado de Lesiones de Nacimiento en Connecticut Este tipo de lesiones pueden provocar da\u00f1os duraderos tanto para el ni\u00f1o como para la madre, pero existen opciones de recuperaci\u00f3n. Un abogado de lesiones de nacimiento puede ayudarlo a usted, a su hijo y a su familia a encontrar los recursos y la compensaci\u00f3n que necesita durante [&hellip;]<\/p>\n","protected":false},"author":17,"featured_media":0,"parent":0,"menu_order":0,"comment_status":"closed","ping_status":"closed","template":"","meta":{"_acf_changed":false,"footnotes":""},"class_list":["post-5731","page","type-page","status-publish","hentry"],"acf":[],"yoast_head":"<!-- This site is optimized with the Yoast SEO plugin v27.4 - https:\/\/yoast.com\/product\/yoast-seo-wordpress\/ -->\n<title>Abogado de Lesiones de Nacimiento en Connecticut - Abogados de lesiones personales de Wocl Leydon<\/title>\n<meta name=\"robots\" content=\"index, follow, max-snippet:-1, max-image-preview:large, max-video-preview:-1\" \/>\n<link rel=\"canonical\" href=\"https:\/\/www.woclleydon.com\/es\/abogado-de-lesiones-de-nacimiento-en-connecticut\/\" \/>\n<meta property=\"og:locale\" content=\"es_ES\" \/>\n<meta property=\"og:type\" content=\"article\" \/>\n<meta property=\"og:title\" content=\"Abogado de Lesiones de Nacimiento en Connecticut - Abogados de lesiones personales de Wocl Leydon\" \/>\n<meta property=\"og:description\" content=\"Abogado de Lesiones de Nacimiento en Connecticut Este tipo de lesiones pueden provocar da\u00f1os duraderos tanto para el ni\u00f1o como para la madre, pero existen opciones de recuperaci\u00f3n. Un abogado de lesiones de nacimiento puede ayudarlo a usted, a su hijo y a su familia a encontrar los recursos y la compensaci\u00f3n que necesita durante [&hellip;]\" \/>\n<meta property=\"og:url\" content=\"https:\/\/www.woclleydon.com\/es\/abogado-de-lesiones-de-nacimiento-en-connecticut\/\" \/>\n<meta property=\"og:site_name\" content=\"Abogados de lesiones personales de Wocl Leydon\" \/>\n<meta property=\"article:modified_time\" content=\"2025-06-30T18:26:31+00:00\" \/>\n<meta property=\"og:image\" content=\"https:\/\/www.woclleydon.com\/wp-content\/uploads\/2023\/10\/birth-defects.jpg\" \/>\n\t<meta property=\"og:image:width\" content=\"383\" \/>\n\t<meta property=\"og:image:height\" content=\"288\" \/>\n\t<meta property=\"og:image:type\" content=\"image\/jpeg\" \/>\n<meta name=\"twitter:card\" content=\"summary_large_image\" \/>\n<meta name=\"twitter:label1\" content=\"Tiempo de lectura\" \/>\n\t<meta name=\"twitter:data1\" content=\"10 minutos\" \/>\n<script type=\"application\/ld+json\" class=\"yoast-schema-graph\">{\"@context\":\"https:\\\/\\\/schema.org\",\"@graph\":[{\"@type\":\"WebPage\",\"@id\":\"https:\\\/\\\/www.woclleydon.com\\\/es\\\/abogado-de-lesiones-de-nacimiento-en-connecticut\\\/\",\"url\":\"https:\\\/\\\/www.woclleydon.com\\\/es\\\/abogado-de-lesiones-de-nacimiento-en-connecticut\\\/\",\"name\":\"Abogado de Lesiones de Nacimiento en Connecticut - Abogados de lesiones personales de Wocl Leydon\",\"isPartOf\":{\"@id\":\"https:\\\/\\\/www.woclleydon.com\\\/es\\\/#website\"},\"primaryImageOfPage\":{\"@id\":\"https:\\\/\\\/www.woclleydon.com\\\/es\\\/abogado-de-lesiones-de-nacimiento-en-connecticut\\\/#primaryimage\"},\"image\":{\"@id\":\"https:\\\/\\\/www.woclleydon.com\\\/es\\\/abogado-de-lesiones-de-nacimiento-en-connecticut\\\/#primaryimage\"},\"thumbnailUrl\":\"https:\\\/\\\/www.woclleydon.com\\\/wp-content\\\/uploads\\\/2023\\\/10\\\/birth-defects.jpg\",\"datePublished\":\"2023-10-20T10:12:55+00:00\",\"dateModified\":\"2025-06-30T18:26:31+00:00\",\"breadcrumb\":{\"@id\":\"https:\\\/\\\/www.woclleydon.com\\\/es\\\/abogado-de-lesiones-de-nacimiento-en-connecticut\\\/#breadcrumb\"},\"inLanguage\":\"es\",\"potentialAction\":[{\"@type\":\"ReadAction\",\"target\":[\"https:\\\/\\\/www.woclleydon.com\\\/es\\\/abogado-de-lesiones-de-nacimiento-en-connecticut\\\/\"]}]},{\"@type\":\"ImageObject\",\"inLanguage\":\"es\",\"@id\":\"https:\\\/\\\/www.woclleydon.com\\\/es\\\/abogado-de-lesiones-de-nacimiento-en-connecticut\\\/#primaryimage\",\"url\":\"https:\\\/\\\/www.woclleydon.com\\\/wp-content\\\/uploads\\\/2023\\\/10\\\/birth-defects.jpg\",\"contentUrl\":\"https:\\\/\\\/www.woclleydon.com\\\/wp-content\\\/uploads\\\/2023\\\/10\\\/birth-defects.jpg\"},{\"@type\":\"BreadcrumbList\",\"@id\":\"https:\\\/\\\/www.woclleydon.com\\\/es\\\/abogado-de-lesiones-de-nacimiento-en-connecticut\\\/#breadcrumb\",\"itemListElement\":[{\"@type\":\"ListItem\",\"position\":1,\"name\":\"Home\",\"item\":\"https:\\\/\\\/www.woclleydon.com\\\/es\\\/\"},{\"@type\":\"ListItem\",\"position\":2,\"name\":\"Abogado de Lesiones de Nacimiento en Connecticut\"}]},{\"@type\":\"WebSite\",\"@id\":\"https:\\\/\\\/www.woclleydon.com\\\/es\\\/#website\",\"url\":\"https:\\\/\\\/www.woclleydon.com\\\/es\\\/\",\"name\":\"Abogados de lesiones personales de Wocl Leydon\",\"description\":\"Your Case is Personal to Us!\",\"potentialAction\":[{\"@type\":\"SearchAction\",\"target\":{\"@type\":\"EntryPoint\",\"urlTemplate\":\"https:\\\/\\\/www.woclleydon.com\\\/es\\\/?s={search_term_string}\"},\"query-input\":{\"@type\":\"PropertyValueSpecification\",\"valueRequired\":true,\"valueName\":\"search_term_string\"}}],\"inLanguage\":\"es\"}]}<\/script>\n<!-- \/ Yoast SEO plugin. -->","yoast_head_json":{"title":"Abogado de Lesiones de Nacimiento en Connecticut - Abogados de lesiones personales de Wocl Leydon","robots":{"index":"index","follow":"follow","max-snippet":"max-snippet:-1","max-image-preview":"max-image-preview:large","max-video-preview":"max-video-preview:-1"},"canonical":"https:\/\/www.woclleydon.com\/es\/abogado-de-lesiones-de-nacimiento-en-connecticut\/","og_locale":"es_ES","og_type":"article","og_title":"Abogado de Lesiones de Nacimiento en Connecticut - Abogados de lesiones personales de Wocl Leydon","og_description":"Abogado de Lesiones de Nacimiento en Connecticut Este tipo de lesiones pueden provocar da\u00f1os duraderos tanto para el ni\u00f1o como para la madre, pero existen opciones de recuperaci\u00f3n. Un abogado de lesiones de nacimiento puede ayudarlo a usted, a su hijo y a su familia a encontrar los recursos y la compensaci\u00f3n que necesita durante [&hellip;]","og_url":"https:\/\/www.woclleydon.com\/es\/abogado-de-lesiones-de-nacimiento-en-connecticut\/","og_site_name":"Abogados de lesiones personales de Wocl Leydon","article_modified_time":"2025-06-30T18:26:31+00:00","og_image":[{"width":383,"height":288,"url":"https:\/\/www.woclleydon.com\/wp-content\/uploads\/2023\/10\/birth-defects.jpg","type":"image\/jpeg"}],"twitter_card":"summary_large_image","twitter_misc":{"Tiempo de lectura":"10 minutos"},"schema":{"@context":"https:\/\/schema.org","@graph":[{"@type":"WebPage","@id":"https:\/\/www.woclleydon.com\/es\/abogado-de-lesiones-de-nacimiento-en-connecticut\/","url":"https:\/\/www.woclleydon.com\/es\/abogado-de-lesiones-de-nacimiento-en-connecticut\/","name":"Abogado de Lesiones de Nacimiento en Connecticut - Abogados de lesiones personales de Wocl Leydon","isPartOf":{"@id":"https:\/\/www.woclleydon.com\/es\/#website"},"primaryImageOfPage":{"@id":"https:\/\/www.woclleydon.com\/es\/abogado-de-lesiones-de-nacimiento-en-connecticut\/#primaryimage"},"image":{"@id":"https:\/\/www.woclleydon.com\/es\/abogado-de-lesiones-de-nacimiento-en-connecticut\/#primaryimage"},"thumbnailUrl":"https:\/\/www.woclleydon.com\/wp-content\/uploads\/2023\/10\/birth-defects.jpg","datePublished":"2023-10-20T10:12:55+00:00","dateModified":"2025-06-30T18:26:31+00:00","breadcrumb":{"@id":"https:\/\/www.woclleydon.com\/es\/abogado-de-lesiones-de-nacimiento-en-connecticut\/#breadcrumb"},"inLanguage":"es","potentialAction":[{"@type":"ReadAction","target":["https:\/\/www.woclleydon.com\/es\/abogado-de-lesiones-de-nacimiento-en-connecticut\/"]}]},{"@type":"ImageObject","inLanguage":"es","@id":"https:\/\/www.woclleydon.com\/es\/abogado-de-lesiones-de-nacimiento-en-connecticut\/#primaryimage","url":"https:\/\/www.woclleydon.com\/wp-content\/uploads\/2023\/10\/birth-defects.jpg","contentUrl":"https:\/\/www.woclleydon.com\/wp-content\/uploads\/2023\/10\/birth-defects.jpg"},{"@type":"BreadcrumbList","@id":"https:\/\/www.woclleydon.com\/es\/abogado-de-lesiones-de-nacimiento-en-connecticut\/#breadcrumb","itemListElement":[{"@type":"ListItem","position":1,"name":"Home","item":"https:\/\/www.woclleydon.com\/es\/"},{"@type":"ListItem","position":2,"name":"Abogado de Lesiones de Nacimiento en Connecticut"}]},{"@type":"WebSite","@id":"https:\/\/www.woclleydon.com\/es\/#website","url":"https:\/\/www.woclleydon.com\/es\/","name":"Abogados de lesiones personales de Wocl Leydon","description":"Your Case is Personal to Us!","potentialAction":[{"@type":"SearchAction","target":{"@type":"EntryPoint","urlTemplate":"https:\/\/www.woclleydon.com\/es\/?s={search_term_string}"},"query-input":{"@type":"PropertyValueSpecification","valueRequired":true,"valueName":"search_term_string"}}],"inLanguage":"es"}]}},"publishpress_future_action":{"enabled":false,"date":"2026-05-05 23:35:15","action":"change-status","newStatus":"draft","terms":[],"taxonomy":"translation_priority","extraData":[]},"publishpress_future_workflow_manual_trigger":{"enabledWorkflows":[]},"_links":{"self":[{"href":"https:\/\/www.woclleydon.com\/es\/wp-json\/wp\/v2\/pages\/5731","targetHints":{"allow":["GET"]}}],"collection":[{"href":"https:\/\/www.woclleydon.com\/es\/wp-json\/wp\/v2\/pages"}],"about":[{"href":"https:\/\/www.woclleydon.com\/es\/wp-json\/wp\/v2\/types\/page"}],"author":[{"embeddable":true,"href":"https:\/\/www.woclleydon.com\/es\/wp-json\/wp\/v2\/users\/17"}],"replies":[{"embeddable":true,"href":"https:\/\/www.woclleydon.com\/es\/wp-json\/wp\/v2\/comments?post=5731"}],"version-history":[{"count":1,"href":"https:\/\/www.woclleydon.com\/es\/wp-json\/wp\/v2\/pages\/5731\/revisions"}],"predecessor-version":[{"id":5732,"href":"https:\/\/www.woclleydon.com\/es\/wp-json\/wp\/v2\/pages\/5731\/revisions\/5732"}],"wp:attachment":[{"href":"https:\/\/www.woclleydon.com\/es\/wp-json\/wp\/v2\/media?parent=5731"}],"curies":[{"name":"wp","href":"https:\/\/api.w.org\/{rel}","templated":true}]}}