{"id":5738,"date":"2023-10-20T05:42:00","date_gmt":"2023-10-20T09:42:00","guid":{"rendered":"https:\/\/staging.woclleydon.com\/?page_id=5738"},"modified":"2025-06-30T14:25:26","modified_gmt":"2025-06-30T18:25:26","slug":"abogado-de-errores-quirurgicos-en-connecticut","status":"publish","type":"page","link":"https:\/\/www.woclleydon.com\/es\/abogado-de-errores-quirurgicos-en-connecticut\/","title":{"rendered":"Abogado de errores quir\u00fargicos en Connecticut"},"content":{"rendered":"<h1>Abogado de errores quir\u00fargicos en Connecticut<\/h1>\n<p><img decoding=\"async\" class=\"alignright wp-image-3094\" src=\"https:\/\/www.woclleydon.com\/wp-content\/uploads\/2023\/10\/surgical-errors.jpg\" alt=\"Surgical Errors\" width=\"400\" height=\"283\" srcset=\"https:\/\/www.woclleydon.com\/wp-content\/uploads\/2023\/10\/surgical-errors.jpg 407w, https:\/\/www.woclleydon.com\/wp-content\/uploads\/2023\/10\/surgical-errors-300x212.jpg 300w\" sizes=\"(max-width: 400px) 100vw, 400px\" \/><\/p>\n<p>Incluso con la mejor capacitaci\u00f3n, los cirujanos, anestesi\u00f3logos, enfermeras y otros proveedores de atenci\u00f3n m\u00e9dica que ayudan con la cirug\u00eda pueden cometer errores. Los errores quir\u00fargicos son una fuente com\u00fan de lesiones, a menudo prevenibles, que pueden dejar a los pacientes en peor situaci\u00f3n que antes de la operaci\u00f3n. En casos como estos, el cirujano, el hospital y otros pueden ser responsables de sus lesiones causadas por negligencia m\u00e9dica.<\/p>\n<p>Si ha sufrido lesiones graves y permanentes debido a un error quir\u00fargico negligente, los abogados experimentados de Wocl Leydon est\u00e1n listos para ayudarlo. En un caso de error quir\u00fargico, investigamos el error, garantizamos el plazo de prescripci\u00f3n, desarrollamos el caso, negociamos un acuerdo y llevamos el caso a los tribunales si es necesario.<\/p>\n<p>Nuestro trabajo ha sido reconocido por Connecticut Super Lawyers\u00ae, New England Super Lawyers\u00ae, Million Dollar Advocates Forum y muchas otras publicaciones l\u00edderes. Con d\u00e9cadas de experiencia representando a clientes en todo Connecticut, nuestros abogados de negligencia m\u00e9dica saben c\u00f3mo proteger los derechos de nuestros clientes y obtener justicia para ellos mediante un acuerdo o veredicto.<\/p>\n<p>En los Abogados de lesiones personales de Wocl Leydon, representamos a aquellos perjudicados por errores quir\u00fargicos y negligencia m\u00e9dica de forma contingente, lo que significa que no habr\u00e1 honorarios a menos que obtengamos una compensaci\u00f3n para usted. Si ha sufrido a causa de un error quir\u00fargico, cont\u00e1ctenos hoy para una consulta gratuita sobre su caso. \u00a1Ll\u00e1menos o cont\u00e1ctenos en l\u00ednea para una consulta gratuita!<\/p>\n<div class=\"cta-box my-4 p-4\" style=\"background:#e9e9e9 url('\/wp-content\/uploads\/2023\/10\/ui-element-corner-triangle-light.png') no-repeat right bottom;border:1px solid #6590AF;border-radius:3px;\">\r\n    <div class=\"d-flex flex-column flex-lg-row align-items-center free-case-review\">\r\n        <img decoding=\"async\" class=\"mb-3 mb-lg-0\" src=\"\/wp-content\/uploads\/2023\/10\/cta-photo-with-corner.png\" alt=\"Get your free case review\" width=\"125\" height=\"125\">\r\n        <div class=\"ps-lg-4\">\r\n            <h3 style=\"line-height: 1.5\">\r\n                <span class=\"font-weight-bold\">Obtenga su revisi\u00f3n de caso GRATUITA<\/span>\r\n\r\n            <\/h3>\r\n            <div class=\"d-flex flex-column flex-lg-row align-items-center\">\r\n                <a class=\"btn btn-gold text-center me-lg-3\" href=\"tel:12033333339\" style=\"vertical-align:middle;\"><img decoding=\"async\" style=\"margin-right: 15px;height:28px;\" src=\"\/wp-content\/uploads\/2023\/10\/btn-icon-phone.png\" alt=\"Call Us\">(203) 333-3339<\/a>\r\n                <div> or <a href=\"#cta\">env\u00edanos los detalles de tu caso.<\/a><\/div>\r\n            <\/div>\r\n        <\/div>\r\n    <\/div>\r\n<\/div>\r\n\n<h2>Errores quir\u00fargicos comunes en Connecticut<\/h2>\n<p><img decoding=\"async\" class=\"alignright size-full wp-image-2751\" src=\"https:\/\/www.woclleydon.com\/wp-content\/uploads\/2023\/10\/surgical-errors-300x200-1.jpg\" alt=\"Common Surgical Mistakes in Connecticut \" width=\"300\" height=\"200\" \/>Es un hecho desafortunado que incluso con capacitaci\u00f3n y procedimientos establecidos, los profesionales m\u00e9dicos todav\u00eda cometen muchos errores quir\u00fargicos. Aunque los hospitales y cirujanos pueden minimizar los riesgos mediante procedimientos y controles adecuados, los errores ocurren y pueden provocar da\u00f1os graves a usted y a sus seres queridos.<\/p>\n<p>Algunos de los errores quir\u00fargicos m\u00e1s comunes incluyen:<\/p>\n<ul>\n<li><strong>Errores relacionados con la anestesia.\u00a0<\/strong>La anestesia es una parte cr\u00edtica de la cirug\u00eda. Permite a los pacientes evitar el dolor y ayuda a evitar que el paciente se mueva durante cirug\u00edas complejas. Los f\u00e1rmacos utilizados en anestesia son potentes y deben utilizarse con cuidado. Esto incluye una planificaci\u00f3n cuidadosa antes de la cirug\u00eda, el uso preciso de los medicamentos durante la cirug\u00eda y un seguimiento cuidadoso del paciente mientras los medicamentos est\u00e1n en su organismo. Cuando ocurren errores relacionados con la anestesia, los pacientes pueden sufrir da\u00f1os, da\u00f1o cerebral e incluso la muerte.<\/li>\n<li><strong>No controlar el estado del paciente<\/strong>. Durante la cirug\u00eda, los profesionales m\u00e9dicos deben controlar constantemente el estado del paciente. La presi\u00f3n arterial, la frecuencia card\u00edaca, los niveles de ox\u00edgeno y muchos otros signos vitales deben controlarse y registrarse constantemente. Cuando quienes supervisan una cirug\u00eda no controlan adecuadamente a un paciente, pueden ser responsables de cualquier da\u00f1o que ocurra.<\/li>\n<li><strong>Objetos e implementos m\u00e9dicos dejados en el cuerpo del paciente<\/strong>. Durante una cirug\u00eda invasiva, es un error com\u00fan que los cirujanos dejen herramientas m\u00e9dicas como esponjas, toallas e incluso bistur\u00eds dentro del cuerpo del paciente. Aunque estas herramientas son esenciales para la cirug\u00eda, pueden causar graves peligros para la salud y el bienestar del paciente si no se retiran.<\/li>\n<li><strong>Errores de medicaci\u00f3n quir\u00fargica<\/strong>. Durante la cirug\u00eda, los profesionales m\u00e9dicos pueden utilizar una amplia variedad de medicamentos para ayudar en el procedimiento. Estos pueden incluir anticoagulantes, medicamentos para controlar la frecuencia card\u00edaca y muchos otros. Estos medicamentos tienen efectos poderosos y su uso excesivo o insuficiente puede provocar lesiones al paciente.<\/li>\n<\/ul>\n<p><strong>Operar en el sitio equivocado<\/strong>. Desafortunadamente, es posible que los cirujanos operen en el sitio incorrecto: por ejemplo, en la cadera derecha en lugar de en la izquierda. Este es un error evitable que se puede prevenir f\u00e1cilmente implementando los procedimientos adecuados antes de la cirug\u00eda. La cirug\u00eda en el sitio equivocado puede tener consecuencias importantes para el paciente y dejarlo gravemente herido.<\/p>\n<h2>Causas de errores quir\u00fargicos en Connecticut<\/h2>\n<p>En la mayor\u00eda de los casos, los errores quir\u00fargicos son errores evitables. Algunas de las causas m\u00e1s comunes de errores quir\u00fargicos incluyen:<\/p>\n<ul>\n<li><strong>Falta de planificaci\u00f3n. <\/strong>Incluso una cirug\u00eda aparentemente menor debe incluir planes detallados por parte de los cirujanos y otros profesionales m\u00e9dicos involucrados. Cuando no planifican o no hacen suposiciones sobre el paciente, el resultado puede ser perjudicial para el paciente.<\/li>\n<li><strong>Mala comunicaci\u00f3n antes y durante la operaci\u00f3n<\/strong>. Durante la cirug\u00eda, es fundamental que todos comuniquen sus acciones y el estado de salud del paciente. Si no lo hacen, es posible que el personal quir\u00fargico no se d\u00e9 cuenta de los cambios en la condici\u00f3n del paciente. Los errores de comunicaci\u00f3n son errores evitables que muchas veces acaban perjudicando a los pacientes.<\/li>\n<li><strong>Formaci\u00f3n o habilidad insuficiente<\/strong>. Los cirujanos reciben a\u00f1os de capacitaci\u00f3n antes de poder supervisar los procedimientos. Sin embargo, la medicina cambia todo el tiempo y corresponde a los cirujanos mantenerse actualizados sobre nuevas t\u00e9cnicas y herramientas. Si un cirujano realiza una cirug\u00eda sin la habilidad o la formaci\u00f3n adecuada que necesita, puede causar un da\u00f1o irreparable al paciente.<\/li>\n<li><strong>Falta de sue\u00f1o y fatiga<\/strong>. En el campo de la medicina, los m\u00e9dicos y cirujanos tienen enormes exigencias. Esto es especialmente cierto en las salas de emergencia donde los m\u00e9dicos tratan con un flujo constante de pacientes cr\u00edticamente enfermos. Los m\u00e9dicos y cirujanos desarrollan su capacidad para trabajar en condiciones dif\u00edciles, pero incluso los mejores m\u00e9dicos pueden cometer errores si pasan demasiado tiempo sin descansar.<\/li>\n<li><strong>Alcohol, drogas y otros narc\u00f3ticos<\/strong>. Los cirujanos y quienes supervisan una cirug\u00eda nunca deben hacerlo mientras consumen sustancias como drogas y alcohol. Incluso el m\u00e1s m\u00ednimo deterioro puede provocar un desastre. Es una peligrosa violaci\u00f3n de la \u00e9tica m\u00e9dica y de las normas profesionales que puede poner en riesgo la salud y el bienestar del paciente.<\/li>\n<li><strong>Falta de saneamiento quir\u00fargico adecuado<\/strong>. Las cirug\u00edas exponen a los pacientes a un alto riesgo de infecci\u00f3n. Si el quir\u00f3fano o los instrumentos quir\u00fargicos no se esterilizan adecuadamente, los pacientes pueden sufrir infecciones potencialmente mortales. Las t\u00e9cnicas adecuadas de esterilizaci\u00f3n y saneamiento antes de la cirug\u00eda pueden minimizar los riesgos que enfrentan.<\/li>\n<\/ul>\n<h2>Abogados con experiencia en errores quir\u00fargicos de Connecticut<\/h2>\n<p>Los errores quir\u00fargicos pueden provocar da\u00f1os duraderos y lesiones potencialmente mortales. Los cirujanos y los hospitales pueden evitar muchas de estas lesiones si cuentan con las pol\u00edticas y procedimientos adecuados. Desafortunadamente, este no es siempre el caso.<\/p>\n<p>En Wocl Leydon, nuestros abogados expertos ayudan a quienes sufren lesiones debido a errores quir\u00fargicos. Atendemos a clientes en todo Connecticut y, sin importar c\u00f3mo haya resultado herido, estamos preparados para ayudar. En casos de negligencia m\u00e9dica, trabajamos sobre una base de contingencia, lo que significa que no habr\u00e1 honorarios legales a menos que recuperemos una compensaci\u00f3n para usted.<\/p>\n","protected":false},"excerpt":{"rendered":"<p>Abogado de errores quir\u00fargicos en Connecticut Incluso con la mejor capacitaci\u00f3n, los cirujanos, anestesi\u00f3logos, enfermeras y otros proveedores de atenci\u00f3n m\u00e9dica que ayudan con la cirug\u00eda pueden cometer errores. Los errores quir\u00fargicos son una fuente com\u00fan de lesiones, a menudo prevenibles, que pueden dejar a los pacientes en peor situaci\u00f3n que antes de la operaci\u00f3n. [&hellip;]<\/p>\n","protected":false},"author":17,"featured_media":0,"parent":0,"menu_order":0,"comment_status":"closed","ping_status":"closed","template":"","meta":{"_acf_changed":false,"footnotes":""},"class_list":["post-5738","page","type-page","status-publish","hentry"],"acf":[],"yoast_head":"<!-- This site is optimized with the Yoast SEO plugin v27.5 - https:\/\/yoast.com\/product\/yoast-seo-wordpress\/ -->\n<title>Abogado de errores quir\u00fargicos en Connecticut - Abogados de lesiones personales de Wocl Leydon<\/title>\n<meta name=\"robots\" content=\"index, follow, max-snippet:-1, max-image-preview:large, max-video-preview:-1\" \/>\n<link rel=\"canonical\" href=\"https:\/\/www.woclleydon.com\/es\/abogado-de-errores-quirurgicos-en-connecticut\/\" \/>\n<meta property=\"og:locale\" content=\"es_ES\" \/>\n<meta property=\"og:type\" content=\"article\" \/>\n<meta property=\"og:title\" content=\"Abogado de errores quir\u00fargicos en Connecticut - Abogados de lesiones personales de Wocl Leydon\" \/>\n<meta property=\"og:description\" content=\"Abogado de errores quir\u00fargicos en Connecticut Incluso con la mejor capacitaci\u00f3n, los cirujanos, anestesi\u00f3logos, enfermeras y otros proveedores de atenci\u00f3n m\u00e9dica que ayudan con la cirug\u00eda pueden cometer errores. Los errores quir\u00fargicos son una fuente com\u00fan de lesiones, a menudo prevenibles, que pueden dejar a los pacientes en peor situaci\u00f3n que antes de la operaci\u00f3n. [&hellip;]\" \/>\n<meta property=\"og:url\" content=\"https:\/\/www.woclleydon.com\/es\/abogado-de-errores-quirurgicos-en-connecticut\/\" \/>\n<meta property=\"og:site_name\" content=\"Abogados de lesiones personales de Wocl Leydon\" \/>\n<meta property=\"article:modified_time\" content=\"2025-06-30T18:25:26+00:00\" \/>\n<meta property=\"og:image\" content=\"https:\/\/www.woclleydon.com\/wp-content\/uploads\/2023\/10\/surgical-errors.jpg\" \/>\n\t<meta property=\"og:image:width\" content=\"407\" \/>\n\t<meta property=\"og:image:height\" content=\"288\" \/>\n\t<meta property=\"og:image:type\" content=\"image\/jpeg\" \/>\n<meta name=\"twitter:card\" content=\"summary_large_image\" \/>\n<meta name=\"twitter:label1\" content=\"Tiempo de lectura\" \/>\n\t<meta name=\"twitter:data1\" content=\"6 minutos\" \/>\n<script type=\"application\/ld+json\" class=\"yoast-schema-graph\">{\"@context\":\"https:\\\/\\\/schema.org\",\"@graph\":[{\"@type\":\"WebPage\",\"@id\":\"https:\\\/\\\/www.woclleydon.com\\\/es\\\/abogado-de-errores-quirurgicos-en-connecticut\\\/\",\"url\":\"https:\\\/\\\/www.woclleydon.com\\\/es\\\/abogado-de-errores-quirurgicos-en-connecticut\\\/\",\"name\":\"Abogado de errores quir\u00fargicos en Connecticut - Abogados de lesiones personales de Wocl Leydon\",\"isPartOf\":{\"@id\":\"https:\\\/\\\/www.woclleydon.com\\\/es\\\/#website\"},\"primaryImageOfPage\":{\"@id\":\"https:\\\/\\\/www.woclleydon.com\\\/es\\\/abogado-de-errores-quirurgicos-en-connecticut\\\/#primaryimage\"},\"image\":{\"@id\":\"https:\\\/\\\/www.woclleydon.com\\\/es\\\/abogado-de-errores-quirurgicos-en-connecticut\\\/#primaryimage\"},\"thumbnailUrl\":\"https:\\\/\\\/www.woclleydon.com\\\/wp-content\\\/uploads\\\/2023\\\/10\\\/surgical-errors.jpg\",\"datePublished\":\"2023-10-20T09:42:00+00:00\",\"dateModified\":\"2025-06-30T18:25:26+00:00\",\"breadcrumb\":{\"@id\":\"https:\\\/\\\/www.woclleydon.com\\\/es\\\/abogado-de-errores-quirurgicos-en-connecticut\\\/#breadcrumb\"},\"inLanguage\":\"es\",\"potentialAction\":[{\"@type\":\"ReadAction\",\"target\":[\"https:\\\/\\\/www.woclleydon.com\\\/es\\\/abogado-de-errores-quirurgicos-en-connecticut\\\/\"]}]},{\"@type\":\"ImageObject\",\"inLanguage\":\"es\",\"@id\":\"https:\\\/\\\/www.woclleydon.com\\\/es\\\/abogado-de-errores-quirurgicos-en-connecticut\\\/#primaryimage\",\"url\":\"https:\\\/\\\/www.woclleydon.com\\\/wp-content\\\/uploads\\\/2023\\\/10\\\/surgical-errors.jpg\",\"contentUrl\":\"https:\\\/\\\/www.woclleydon.com\\\/wp-content\\\/uploads\\\/2023\\\/10\\\/surgical-errors.jpg\"},{\"@type\":\"BreadcrumbList\",\"@id\":\"https:\\\/\\\/www.woclleydon.com\\\/es\\\/abogado-de-errores-quirurgicos-en-connecticut\\\/#breadcrumb\",\"itemListElement\":[{\"@type\":\"ListItem\",\"position\":1,\"name\":\"Home\",\"item\":\"https:\\\/\\\/www.woclleydon.com\\\/es\\\/\"},{\"@type\":\"ListItem\",\"position\":2,\"name\":\"Abogado de errores quir\u00fargicos en Connecticut\"}]},{\"@type\":\"WebSite\",\"@id\":\"https:\\\/\\\/www.woclleydon.com\\\/es\\\/#website\",\"url\":\"https:\\\/\\\/www.woclleydon.com\\\/es\\\/\",\"name\":\"Abogados de lesiones personales de Wocl Leydon\",\"description\":\"Your Case is Personal to Us!\",\"potentialAction\":[{\"@type\":\"SearchAction\",\"target\":{\"@type\":\"EntryPoint\",\"urlTemplate\":\"https:\\\/\\\/www.woclleydon.com\\\/es\\\/?s={search_term_string}\"},\"query-input\":{\"@type\":\"PropertyValueSpecification\",\"valueRequired\":true,\"valueName\":\"search_term_string\"}}],\"inLanguage\":\"es\"}]}<\/script>\n<!-- \/ Yoast SEO plugin. -->","yoast_head_json":{"title":"Abogado de errores quir\u00fargicos en Connecticut - Abogados de lesiones personales de Wocl Leydon","robots":{"index":"index","follow":"follow","max-snippet":"max-snippet:-1","max-image-preview":"max-image-preview:large","max-video-preview":"max-video-preview:-1"},"canonical":"https:\/\/www.woclleydon.com\/es\/abogado-de-errores-quirurgicos-en-connecticut\/","og_locale":"es_ES","og_type":"article","og_title":"Abogado de errores quir\u00fargicos en Connecticut - Abogados de lesiones personales de Wocl Leydon","og_description":"Abogado de errores quir\u00fargicos en Connecticut Incluso con la mejor capacitaci\u00f3n, los cirujanos, anestesi\u00f3logos, enfermeras y otros proveedores de atenci\u00f3n m\u00e9dica que ayudan con la cirug\u00eda pueden cometer errores. Los errores quir\u00fargicos son una fuente com\u00fan de lesiones, a menudo prevenibles, que pueden dejar a los pacientes en peor situaci\u00f3n que antes de la operaci\u00f3n. [&hellip;]","og_url":"https:\/\/www.woclleydon.com\/es\/abogado-de-errores-quirurgicos-en-connecticut\/","og_site_name":"Abogados de lesiones personales de Wocl Leydon","article_modified_time":"2025-06-30T18:25:26+00:00","og_image":[{"width":407,"height":288,"url":"https:\/\/www.woclleydon.com\/wp-content\/uploads\/2023\/10\/surgical-errors.jpg","type":"image\/jpeg"}],"twitter_card":"summary_large_image","twitter_misc":{"Tiempo de lectura":"6 minutos"},"schema":{"@context":"https:\/\/schema.org","@graph":[{"@type":"WebPage","@id":"https:\/\/www.woclleydon.com\/es\/abogado-de-errores-quirurgicos-en-connecticut\/","url":"https:\/\/www.woclleydon.com\/es\/abogado-de-errores-quirurgicos-en-connecticut\/","name":"Abogado de errores quir\u00fargicos en Connecticut - Abogados de lesiones personales de Wocl Leydon","isPartOf":{"@id":"https:\/\/www.woclleydon.com\/es\/#website"},"primaryImageOfPage":{"@id":"https:\/\/www.woclleydon.com\/es\/abogado-de-errores-quirurgicos-en-connecticut\/#primaryimage"},"image":{"@id":"https:\/\/www.woclleydon.com\/es\/abogado-de-errores-quirurgicos-en-connecticut\/#primaryimage"},"thumbnailUrl":"https:\/\/www.woclleydon.com\/wp-content\/uploads\/2023\/10\/surgical-errors.jpg","datePublished":"2023-10-20T09:42:00+00:00","dateModified":"2025-06-30T18:25:26+00:00","breadcrumb":{"@id":"https:\/\/www.woclleydon.com\/es\/abogado-de-errores-quirurgicos-en-connecticut\/#breadcrumb"},"inLanguage":"es","potentialAction":[{"@type":"ReadAction","target":["https:\/\/www.woclleydon.com\/es\/abogado-de-errores-quirurgicos-en-connecticut\/"]}]},{"@type":"ImageObject","inLanguage":"es","@id":"https:\/\/www.woclleydon.com\/es\/abogado-de-errores-quirurgicos-en-connecticut\/#primaryimage","url":"https:\/\/www.woclleydon.com\/wp-content\/uploads\/2023\/10\/surgical-errors.jpg","contentUrl":"https:\/\/www.woclleydon.com\/wp-content\/uploads\/2023\/10\/surgical-errors.jpg"},{"@type":"BreadcrumbList","@id":"https:\/\/www.woclleydon.com\/es\/abogado-de-errores-quirurgicos-en-connecticut\/#breadcrumb","itemListElement":[{"@type":"ListItem","position":1,"name":"Home","item":"https:\/\/www.woclleydon.com\/es\/"},{"@type":"ListItem","position":2,"name":"Abogado de errores quir\u00fargicos en Connecticut"}]},{"@type":"WebSite","@id":"https:\/\/www.woclleydon.com\/es\/#website","url":"https:\/\/www.woclleydon.com\/es\/","name":"Abogados de lesiones personales de Wocl Leydon","description":"Your Case is Personal to Us!","potentialAction":[{"@type":"SearchAction","target":{"@type":"EntryPoint","urlTemplate":"https:\/\/www.woclleydon.com\/es\/?s={search_term_string}"},"query-input":{"@type":"PropertyValueSpecification","valueRequired":true,"valueName":"search_term_string"}}],"inLanguage":"es"}]}},"publishpress_future_action":{"enabled":false,"date":"2026-05-13 10:24:19","action":"change-status","newStatus":"draft","terms":[],"taxonomy":"translation_priority","extraData":[]},"publishpress_future_workflow_manual_trigger":{"enabledWorkflows":[]},"_links":{"self":[{"href":"https:\/\/www.woclleydon.com\/es\/wp-json\/wp\/v2\/pages\/5738","targetHints":{"allow":["GET"]}}],"collection":[{"href":"https:\/\/www.woclleydon.com\/es\/wp-json\/wp\/v2\/pages"}],"about":[{"href":"https:\/\/www.woclleydon.com\/es\/wp-json\/wp\/v2\/types\/page"}],"author":[{"embeddable":true,"href":"https:\/\/www.woclleydon.com\/es\/wp-json\/wp\/v2\/users\/17"}],"replies":[{"embeddable":true,"href":"https:\/\/www.woclleydon.com\/es\/wp-json\/wp\/v2\/comments?post=5738"}],"version-history":[{"count":1,"href":"https:\/\/www.woclleydon.com\/es\/wp-json\/wp\/v2\/pages\/5738\/revisions"}],"predecessor-version":[{"id":5739,"href":"https:\/\/www.woclleydon.com\/es\/wp-json\/wp\/v2\/pages\/5738\/revisions\/5739"}],"wp:attachment":[{"href":"https:\/\/www.woclleydon.com\/es\/wp-json\/wp\/v2\/media?parent=5738"}],"curies":[{"name":"wp","href":"https:\/\/api.w.org\/{rel}","templated":true}]}}