{"id":5742,"date":"2023-10-20T05:54:52","date_gmt":"2023-10-20T09:54:52","guid":{"rendered":"https:\/\/staging.woclleydon.com\/?page_id=5742"},"modified":"2025-06-30T14:24:58","modified_gmt":"2025-06-30T18:24:58","slug":"abogado-de-diagnostico-erroneo-y-falta-de-diagnostico-medico-en-connecticut","status":"publish","type":"page","link":"https:\/\/www.woclleydon.com\/es\/abogado-de-diagnostico-erroneo-y-falta-de-diagnostico-medico-en-connecticut\/","title":{"rendered":"Abogado de diagn\u00f3stico err\u00f3neo y falta de diagn\u00f3stico m\u00e9dico en Connecticut"},"content":{"rendered":"<h1 class=\"page-title\">Abogado de diagn\u00f3stico err\u00f3neo y falta de diagn\u00f3stico m\u00e9dico en Connecticut<\/h1>\n<p><img decoding=\"async\" class=\"alignright wp-image-3098\" src=\"https:\/\/www.woclleydon.com\/wp-content\/uploads\/2023\/10\/misdiagnosis.jpg\" alt=\"Misdiagnosis\" width=\"400\" height=\"239\" srcset=\"https:\/\/www.woclleydon.com\/wp-content\/uploads\/2023\/10\/misdiagnosis.jpg 483w, https:\/\/www.woclleydon.com\/wp-content\/uploads\/2023\/10\/misdiagnosis-300x179.jpg 300w\" sizes=\"(max-width: 400px) 100vw, 400px\" \/>Si un m\u00e9dico no logra hacer un diagn\u00f3stico preciso de una afecci\u00f3n m\u00e9dica potencialmente da\u00f1ina, podr\u00eda causar problemas de salud graves. Los pacientes en Connecticut que han sido diagnosticados err\u00f3neamente por negligencia y han sufrido consecuencias graves pueden tener un posible caso de negligencia m\u00e9dica. Un abogado de Connecticut especializado en diagn\u00f3sticos err\u00f3neos puede ayudarle enormemente.<\/p>\n<p>La ley de negligencia m\u00e9dica de Connecticut establece que se pueden otorgar da\u00f1os y perjuicios por la lesi\u00f3n o muerte de un paciente debido a errores del m\u00e9dico al diagnosticar una afecci\u00f3n. Estos errores incluyen diagn\u00f3sticos err\u00f3neos, retrasos en el diagn\u00f3stico y fracaso total en el diagn\u00f3stico. Un paciente puede recibir una compensaci\u00f3n si el diagn\u00f3stico err\u00f3neo le cuesta la oportunidad de recuperarse, la oportunidad de obtener un mejor resultado o la oportunidad de sobrevivir.<\/p>\n<p>En la mayor\u00eda de los casos, s\u00f3lo el m\u00e9dico de atenci\u00f3n primaria que cometi\u00f3 el error puede ser demandado por diagn\u00f3stico err\u00f3neo. En algunos casos, otros profesionales de la salud pueden ser responsables si su negligencia caus\u00f3 o contribuy\u00f3 a la lesi\u00f3n del paciente. Estos profesionales pueden incluir enfermeras, t\u00e9cnicos de laboratorio y cualquier especialista que atendi\u00f3 al paciente o realiz\u00f3 pruebas.<br \/>\nIncluso cuando los errores de diagn\u00f3stico son indiscutibles y los resultados son claros, las cuestiones legales pueden seguir siendo complejas. Las demandas por negligencia m\u00e9dica que implican un diagn\u00f3stico err\u00f3neo son muy dif\u00edciles de perseguir. Por eso es extremadamente importante seleccionar cuidadosamente a un abogado con experiencia en diagn\u00f3sticos err\u00f3neos m\u00e9dicos de Connecticut para que se encargue de su reclamo.<\/p>\n<p>Durante d\u00e9cadas, las v\u00edctimas de diagn\u00f3sticos err\u00f3neos negligentes en Connecticut han elegido a un abogado con experiencia en diagn\u00f3sticos err\u00f3neos m\u00e9dicos de Connecticut en los Abogados de lesiones personales de Wocl Leydon para representarlas en demandas complejas por negligencia m\u00e9dica. Para discutir su posible reclamo por diagn\u00f3stico err\u00f3neo con uno de nuestros compasivos abogados de negligencia m\u00e9dica, comun\u00edquese hoy con nuestras oficinas legales en Stamford o Bridgeport para una consulta gratuita.<\/p>\n<div class=\"cta-box my-4 p-4\" style=\"background:#e9e9e9 url('\/wp-content\/uploads\/2023\/10\/ui-element-corner-triangle-light.png') no-repeat right bottom;border:1px solid #6590AF;border-radius:3px;\">\r\n    <div class=\"d-flex flex-column flex-lg-row align-items-center free-case-review\">\r\n        <img decoding=\"async\" class=\"mb-3 mb-lg-0\" src=\"\/wp-content\/uploads\/2023\/10\/cta-photo-with-corner.png\" alt=\"Get your free case review\" width=\"125\" height=\"125\">\r\n        <div class=\"ps-lg-4\">\r\n            <h3 style=\"line-height: 1.5\">\r\n                <span class=\"font-weight-bold\">Obtenga su revisi\u00f3n de caso GRATUITA<\/span>\r\n\r\n            <\/h3>\r\n            <div class=\"d-flex flex-column flex-lg-row align-items-center\">\r\n                <a class=\"btn btn-gold text-center me-lg-3\" href=\"tel:12033333339\" style=\"vertical-align:middle;\"><img decoding=\"async\" style=\"margin-right: 15px;height:28px;\" src=\"\/wp-content\/uploads\/2023\/10\/btn-icon-phone.png\" alt=\"Call Us\">(203) 333-3339<\/a>\r\n                <div> or <a href=\"#cta\">env\u00edanos los detalles de tu caso.<\/a><\/div>\r\n            <\/div>\r\n        <\/div>\r\n    <\/div>\r\n<\/div>\r\n\n<h2>Causas de diagn\u00f3sticos err\u00f3neos en Connecticut<\/h2>\n<p>La pregunta principal en los casos de negligencia m\u00e9dica es si el m\u00e9dico viol\u00f3 el est\u00e1ndar de atenci\u00f3n m\u00e9dica. Este es otro t\u00e9rmino para negligencia m\u00e9dica o negligencia m\u00e9dica.<\/p>\n<h3>Algunas causas comunes de diagn\u00f3stico err\u00f3neo incluyen:<\/h3>\n<ul>\n<li><strong>Falta de apreciaci\u00f3n de los s\u00edntomas. <\/strong>Un diagn\u00f3stico err\u00f3neo puede ocurrir cuando un m\u00e9dico no reconoce los signos y\/o s\u00edntomas de una enfermedad o dolencia.<\/li>\n<li><strong>Los s\u00edntomas son similares a los de otras afecciones m\u00e9dicas. <\/strong>Tanto las afecciones de salud mayores como las menores pueden tener s\u00edntomas muy similares que a veces pueden confundir al m\u00e9dico. Es posible que los m\u00e9dicos no soliciten pruebas adicionales si no reconocen la causa de los s\u00edntomas, lo que provoca lesiones graves si no se diagnostica a tiempo.<\/li>\n<li><strong>Horarios agitados. <\/strong>Los m\u00e9dicos pueden cometer errores debido a la naturaleza agitada de sus agendas. La mayor\u00eda de los m\u00e9dicos s\u00f3lo dedican aproximadamente 15 minutos a cada paciente, lo que deja poco tiempo para discusiones profundas sobre la condici\u00f3n del paciente y dificulta un diagn\u00f3stico preciso.<\/li>\n<\/ul>\n<h2>Tipos comunes de casos de diagn\u00f3stico err\u00f3neo que manejamos<\/h2>\n<p><img decoding=\"async\" class=\"alignright size-medium wp-image-2769\" src=\"https:\/\/www.woclleydon.com\/wp-content\/uploads\/2023\/10\/pa-middle-misdiagnosis-300x219.jpg\" alt=\"Common Types of Misdiagnosis Cases We Handle\" width=\"300\" height=\"219\" srcset=\"https:\/\/www.woclleydon.com\/wp-content\/uploads\/2023\/10\/pa-middle-misdiagnosis-300x219.jpg 300w, https:\/\/www.woclleydon.com\/wp-content\/uploads\/2023\/10\/pa-middle-misdiagnosis.jpg 484w\" sizes=\"(max-width: 300px) 100vw, 300px\" \/><br \/>\nEn\u00a0Wocl Leydon, Manejamos muchos tipos de reclamos por diagn\u00f3sticos err\u00f3neos, que incluyen:<\/p>\n<ul>\n<li><strong>C\u00e1ncer. <\/strong>Un diagn\u00f3stico err\u00f3neo de c\u00e1ncer puede provocar la muerte o la p\u00e9rdida de posibilidades de supervivencia.<\/li>\n<li><strong>Infarto de miocardio. <\/strong>Los ataques card\u00edacos tambi\u00e9n pueden confundirse con ataques de p\u00e1nico, indigesti\u00f3n u otro problema de salud.<\/li>\n<li><strong>Accidentes cerebrovasculares. <\/strong>En ocasiones, los accidentes cerebrovasculares pueden diagnosticarse como migra\u00f1as, especialmente en pacientes m\u00e1s j\u00f3venes.<\/li>\n<li><strong>Errores de diagn\u00f3stico de aneurisma cerebral<\/strong><\/li>\n<li><strong>Errores de diagn\u00f3stico de embolia pulmonar<\/strong><\/li>\n<\/ul>\n<p>Por supuesto, un diagn\u00f3stico err\u00f3neo puede ocurrir en cualquier momento y, de cualquier forma. Si cree que usted o un ser querido ha sufrido innecesariamente debido a un diagn\u00f3stico err\u00f3neo negligente, cont\u00e1ctenos de inmediato.<\/p>\n<h2>Lo que necesita probar en un caso de diagn\u00f3stico err\u00f3neo en Connecticut que pueda tener<\/h2>\n<p>Para probar un caso de negligencia m\u00e9dica por diagn\u00f3stico err\u00f3neo v\u00e1lido seg\u00fan la ley, el caso debe tener los siguientes factores:<\/p>\n<ul>\n<li><strong>Exist\u00eda una relaci\u00f3n m\u00e9dico-paciente. <\/strong>En otras palabras, el proveedor de atenci\u00f3n m\u00e9dica debe haber brindado tratamiento m\u00e9dico al paciente.<\/li>\n<li><strong>El diagn\u00f3stico err\u00f3neo viol\u00f3 el est\u00e1ndar de atenci\u00f3n<\/strong>. Seg\u00fan la ley, existen normas m\u00e9dicas que se sabe que son aceptables y un tratamiento m\u00e9dico adecuado. El paciente tiene derecho a asumir que el m\u00e9dico u otro personal sanitario le tratar\u00e1 de acuerdo con estas normas.<\/li>\n<li><strong>Debido a negligencia m\u00e9dica, el diagn\u00f3stico err\u00f3neo provoc\u00f3 lesiones al paciente<\/strong>. No basta con demostrar que el personal sanitario viol\u00f3 las normas de atenci\u00f3n. Tambi\u00e9n corresponde al paciente demostrar que su lesi\u00f3n ocurri\u00f3 por negligencia por parte del m\u00e9dico, enfermera u hospital.<\/li>\n<li><strong>El paciente sufri\u00f3 da\u00f1os a causa de esta lesi\u00f3n<\/strong>. Las demandas que involucran negligencia m\u00e9dica suelen ser costosas y dif\u00edciles de litigar. Los casos de negligencia m\u00e9dica requieren horas de disposici\u00f3n y testimonio de varios expertos m\u00e9dicos para proporcionar pruebas convincentes de que el paciente sufri\u00f3 da\u00f1os graves.<\/li>\n<\/ul>\n<h3>Estatuto de limitaciones en casos de diagn\u00f3stico err\u00f3neo de Connecticut<\/h3>\n<p>El plazo de prescripci\u00f3n para presentar una demanda por negligencia m\u00e9dica en Connecticut depende de los hechos del caso. Por lo general, el plazo de prescripci\u00f3n para presentar un reclamo por negligencia m\u00e9dica debe ser dentro de los dos a\u00f1os posteriores al acto negligente.<\/p>\n<p>Si la lesi\u00f3n no se descubri\u00f3 en el momento del diagn\u00f3stico err\u00f3neo, entonces un paciente puede presentar un reclamo por negligencia m\u00e9dica dentro de los dos a\u00f1os posteriores a la fecha en que se descubri\u00f3 la lesi\u00f3n o en la que razonablemente deber\u00eda haberse descubierto. Sin embargo, las reclamaciones por negligencia m\u00e9dica no pueden presentarse m\u00e1s de tres a\u00f1os despu\u00e9s de la fecha del acto. Este estatuto de limitaciones se aplica a menores y adultos.<\/p>\n","protected":false},"excerpt":{"rendered":"<p>Abogado de diagn\u00f3stico err\u00f3neo y falta de diagn\u00f3stico m\u00e9dico en Connecticut Si un m\u00e9dico no logra hacer un diagn\u00f3stico preciso de una afecci\u00f3n m\u00e9dica potencialmente da\u00f1ina, podr\u00eda causar problemas de salud graves. Los pacientes en Connecticut que han sido diagnosticados err\u00f3neamente por negligencia y han sufrido consecuencias graves pueden tener un posible caso de negligencia [&hellip;]<\/p>\n","protected":false},"author":17,"featured_media":0,"parent":0,"menu_order":0,"comment_status":"closed","ping_status":"closed","template":"","meta":{"_acf_changed":false,"footnotes":""},"class_list":["post-5742","page","type-page","status-publish","hentry"],"acf":[],"yoast_head":"<!-- This site is optimized with the Yoast SEO plugin v27.4 - https:\/\/yoast.com\/product\/yoast-seo-wordpress\/ -->\n<title>Abogado de diagn\u00f3stico err\u00f3neo y falta de diagn\u00f3stico m\u00e9dico en Connecticut - Abogados de lesiones personales de Wocl Leydon<\/title>\n<meta name=\"robots\" content=\"index, follow, max-snippet:-1, max-image-preview:large, max-video-preview:-1\" \/>\n<link rel=\"canonical\" href=\"https:\/\/www.woclleydon.com\/es\/abogado-de-diagnostico-erroneo-y-falta-de-diagnostico-medico-en-connecticut\/\" \/>\n<meta property=\"og:locale\" content=\"es_ES\" \/>\n<meta property=\"og:type\" content=\"article\" \/>\n<meta property=\"og:title\" content=\"Abogado de diagn\u00f3stico err\u00f3neo y falta de diagn\u00f3stico m\u00e9dico en Connecticut - Abogados de lesiones personales de Wocl Leydon\" \/>\n<meta property=\"og:description\" content=\"Abogado de diagn\u00f3stico err\u00f3neo y falta de diagn\u00f3stico m\u00e9dico en Connecticut Si un m\u00e9dico no logra hacer un diagn\u00f3stico preciso de una afecci\u00f3n m\u00e9dica potencialmente da\u00f1ina, podr\u00eda causar problemas de salud graves. Los pacientes en Connecticut que han sido diagnosticados err\u00f3neamente por negligencia y han sufrido consecuencias graves pueden tener un posible caso de negligencia [&hellip;]\" \/>\n<meta property=\"og:url\" content=\"https:\/\/www.woclleydon.com\/es\/abogado-de-diagnostico-erroneo-y-falta-de-diagnostico-medico-en-connecticut\/\" \/>\n<meta property=\"og:site_name\" content=\"Abogados de lesiones personales de Wocl Leydon\" \/>\n<meta property=\"article:modified_time\" content=\"2025-06-30T18:24:58+00:00\" \/>\n<meta property=\"og:image\" content=\"https:\/\/www.woclleydon.com\/wp-content\/uploads\/2023\/10\/misdiagnosis.jpg\" \/>\n\t<meta property=\"og:image:width\" content=\"483\" \/>\n\t<meta property=\"og:image:height\" content=\"288\" \/>\n\t<meta property=\"og:image:type\" content=\"image\/jpeg\" \/>\n<meta name=\"twitter:card\" content=\"summary_large_image\" \/>\n<meta name=\"twitter:label1\" content=\"Tiempo de lectura\" \/>\n\t<meta name=\"twitter:data1\" content=\"5 minutos\" \/>\n<script type=\"application\/ld+json\" class=\"yoast-schema-graph\">{\"@context\":\"https:\\\/\\\/schema.org\",\"@graph\":[{\"@type\":\"WebPage\",\"@id\":\"https:\\\/\\\/www.woclleydon.com\\\/es\\\/abogado-de-diagnostico-erroneo-y-falta-de-diagnostico-medico-en-connecticut\\\/\",\"url\":\"https:\\\/\\\/www.woclleydon.com\\\/es\\\/abogado-de-diagnostico-erroneo-y-falta-de-diagnostico-medico-en-connecticut\\\/\",\"name\":\"Abogado de diagn\u00f3stico err\u00f3neo y falta de diagn\u00f3stico m\u00e9dico en Connecticut - Abogados de lesiones personales de Wocl Leydon\",\"isPartOf\":{\"@id\":\"https:\\\/\\\/www.woclleydon.com\\\/es\\\/#website\"},\"primaryImageOfPage\":{\"@id\":\"https:\\\/\\\/www.woclleydon.com\\\/es\\\/abogado-de-diagnostico-erroneo-y-falta-de-diagnostico-medico-en-connecticut\\\/#primaryimage\"},\"image\":{\"@id\":\"https:\\\/\\\/www.woclleydon.com\\\/es\\\/abogado-de-diagnostico-erroneo-y-falta-de-diagnostico-medico-en-connecticut\\\/#primaryimage\"},\"thumbnailUrl\":\"https:\\\/\\\/www.woclleydon.com\\\/wp-content\\\/uploads\\\/2023\\\/10\\\/misdiagnosis.jpg\",\"datePublished\":\"2023-10-20T09:54:52+00:00\",\"dateModified\":\"2025-06-30T18:24:58+00:00\",\"breadcrumb\":{\"@id\":\"https:\\\/\\\/www.woclleydon.com\\\/es\\\/abogado-de-diagnostico-erroneo-y-falta-de-diagnostico-medico-en-connecticut\\\/#breadcrumb\"},\"inLanguage\":\"es\",\"potentialAction\":[{\"@type\":\"ReadAction\",\"target\":[\"https:\\\/\\\/www.woclleydon.com\\\/es\\\/abogado-de-diagnostico-erroneo-y-falta-de-diagnostico-medico-en-connecticut\\\/\"]}]},{\"@type\":\"ImageObject\",\"inLanguage\":\"es\",\"@id\":\"https:\\\/\\\/www.woclleydon.com\\\/es\\\/abogado-de-diagnostico-erroneo-y-falta-de-diagnostico-medico-en-connecticut\\\/#primaryimage\",\"url\":\"https:\\\/\\\/www.woclleydon.com\\\/wp-content\\\/uploads\\\/2023\\\/10\\\/misdiagnosis.jpg\",\"contentUrl\":\"https:\\\/\\\/www.woclleydon.com\\\/wp-content\\\/uploads\\\/2023\\\/10\\\/misdiagnosis.jpg\"},{\"@type\":\"BreadcrumbList\",\"@id\":\"https:\\\/\\\/www.woclleydon.com\\\/es\\\/abogado-de-diagnostico-erroneo-y-falta-de-diagnostico-medico-en-connecticut\\\/#breadcrumb\",\"itemListElement\":[{\"@type\":\"ListItem\",\"position\":1,\"name\":\"Home\",\"item\":\"https:\\\/\\\/www.woclleydon.com\\\/es\\\/\"},{\"@type\":\"ListItem\",\"position\":2,\"name\":\"Abogado de diagn\u00f3stico err\u00f3neo y falta de diagn\u00f3stico m\u00e9dico en Connecticut\"}]},{\"@type\":\"WebSite\",\"@id\":\"https:\\\/\\\/www.woclleydon.com\\\/es\\\/#website\",\"url\":\"https:\\\/\\\/www.woclleydon.com\\\/es\\\/\",\"name\":\"Abogados de lesiones personales de Wocl Leydon\",\"description\":\"Your Case is Personal to Us!\",\"potentialAction\":[{\"@type\":\"SearchAction\",\"target\":{\"@type\":\"EntryPoint\",\"urlTemplate\":\"https:\\\/\\\/www.woclleydon.com\\\/es\\\/?s={search_term_string}\"},\"query-input\":{\"@type\":\"PropertyValueSpecification\",\"valueRequired\":true,\"valueName\":\"search_term_string\"}}],\"inLanguage\":\"es\"}]}<\/script>\n<!-- \/ Yoast SEO plugin. -->","yoast_head_json":{"title":"Abogado de diagn\u00f3stico err\u00f3neo y falta de diagn\u00f3stico m\u00e9dico en Connecticut - Abogados de lesiones personales de Wocl Leydon","robots":{"index":"index","follow":"follow","max-snippet":"max-snippet:-1","max-image-preview":"max-image-preview:large","max-video-preview":"max-video-preview:-1"},"canonical":"https:\/\/www.woclleydon.com\/es\/abogado-de-diagnostico-erroneo-y-falta-de-diagnostico-medico-en-connecticut\/","og_locale":"es_ES","og_type":"article","og_title":"Abogado de diagn\u00f3stico err\u00f3neo y falta de diagn\u00f3stico m\u00e9dico en Connecticut - Abogados de lesiones personales de Wocl Leydon","og_description":"Abogado de diagn\u00f3stico err\u00f3neo y falta de diagn\u00f3stico m\u00e9dico en Connecticut Si un m\u00e9dico no logra hacer un diagn\u00f3stico preciso de una afecci\u00f3n m\u00e9dica potencialmente da\u00f1ina, podr\u00eda causar problemas de salud graves. Los pacientes en Connecticut que han sido diagnosticados err\u00f3neamente por negligencia y han sufrido consecuencias graves pueden tener un posible caso de negligencia [&hellip;]","og_url":"https:\/\/www.woclleydon.com\/es\/abogado-de-diagnostico-erroneo-y-falta-de-diagnostico-medico-en-connecticut\/","og_site_name":"Abogados de lesiones personales de Wocl Leydon","article_modified_time":"2025-06-30T18:24:58+00:00","og_image":[{"width":483,"height":288,"url":"https:\/\/www.woclleydon.com\/wp-content\/uploads\/2023\/10\/misdiagnosis.jpg","type":"image\/jpeg"}],"twitter_card":"summary_large_image","twitter_misc":{"Tiempo de lectura":"5 minutos"},"schema":{"@context":"https:\/\/schema.org","@graph":[{"@type":"WebPage","@id":"https:\/\/www.woclleydon.com\/es\/abogado-de-diagnostico-erroneo-y-falta-de-diagnostico-medico-en-connecticut\/","url":"https:\/\/www.woclleydon.com\/es\/abogado-de-diagnostico-erroneo-y-falta-de-diagnostico-medico-en-connecticut\/","name":"Abogado de diagn\u00f3stico err\u00f3neo y falta de diagn\u00f3stico m\u00e9dico en Connecticut - Abogados de lesiones personales de Wocl Leydon","isPartOf":{"@id":"https:\/\/www.woclleydon.com\/es\/#website"},"primaryImageOfPage":{"@id":"https:\/\/www.woclleydon.com\/es\/abogado-de-diagnostico-erroneo-y-falta-de-diagnostico-medico-en-connecticut\/#primaryimage"},"image":{"@id":"https:\/\/www.woclleydon.com\/es\/abogado-de-diagnostico-erroneo-y-falta-de-diagnostico-medico-en-connecticut\/#primaryimage"},"thumbnailUrl":"https:\/\/www.woclleydon.com\/wp-content\/uploads\/2023\/10\/misdiagnosis.jpg","datePublished":"2023-10-20T09:54:52+00:00","dateModified":"2025-06-30T18:24:58+00:00","breadcrumb":{"@id":"https:\/\/www.woclleydon.com\/es\/abogado-de-diagnostico-erroneo-y-falta-de-diagnostico-medico-en-connecticut\/#breadcrumb"},"inLanguage":"es","potentialAction":[{"@type":"ReadAction","target":["https:\/\/www.woclleydon.com\/es\/abogado-de-diagnostico-erroneo-y-falta-de-diagnostico-medico-en-connecticut\/"]}]},{"@type":"ImageObject","inLanguage":"es","@id":"https:\/\/www.woclleydon.com\/es\/abogado-de-diagnostico-erroneo-y-falta-de-diagnostico-medico-en-connecticut\/#primaryimage","url":"https:\/\/www.woclleydon.com\/wp-content\/uploads\/2023\/10\/misdiagnosis.jpg","contentUrl":"https:\/\/www.woclleydon.com\/wp-content\/uploads\/2023\/10\/misdiagnosis.jpg"},{"@type":"BreadcrumbList","@id":"https:\/\/www.woclleydon.com\/es\/abogado-de-diagnostico-erroneo-y-falta-de-diagnostico-medico-en-connecticut\/#breadcrumb","itemListElement":[{"@type":"ListItem","position":1,"name":"Home","item":"https:\/\/www.woclleydon.com\/es\/"},{"@type":"ListItem","position":2,"name":"Abogado de diagn\u00f3stico err\u00f3neo y falta de diagn\u00f3stico m\u00e9dico en Connecticut"}]},{"@type":"WebSite","@id":"https:\/\/www.woclleydon.com\/es\/#website","url":"https:\/\/www.woclleydon.com\/es\/","name":"Abogados de lesiones personales de Wocl Leydon","description":"Your Case is Personal to Us!","potentialAction":[{"@type":"SearchAction","target":{"@type":"EntryPoint","urlTemplate":"https:\/\/www.woclleydon.com\/es\/?s={search_term_string}"},"query-input":{"@type":"PropertyValueSpecification","valueRequired":true,"valueName":"search_term_string"}}],"inLanguage":"es"}]}},"publishpress_future_action":{"enabled":false,"date":"2026-04-22 18:37:29","action":"change-status","newStatus":"draft","terms":[],"taxonomy":"translation_priority","extraData":[]},"publishpress_future_workflow_manual_trigger":{"enabledWorkflows":[]},"_links":{"self":[{"href":"https:\/\/www.woclleydon.com\/es\/wp-json\/wp\/v2\/pages\/5742","targetHints":{"allow":["GET"]}}],"collection":[{"href":"https:\/\/www.woclleydon.com\/es\/wp-json\/wp\/v2\/pages"}],"about":[{"href":"https:\/\/www.woclleydon.com\/es\/wp-json\/wp\/v2\/types\/page"}],"author":[{"embeddable":true,"href":"https:\/\/www.woclleydon.com\/es\/wp-json\/wp\/v2\/users\/17"}],"replies":[{"embeddable":true,"href":"https:\/\/www.woclleydon.com\/es\/wp-json\/wp\/v2\/comments?post=5742"}],"version-history":[{"count":1,"href":"https:\/\/www.woclleydon.com\/es\/wp-json\/wp\/v2\/pages\/5742\/revisions"}],"predecessor-version":[{"id":5743,"href":"https:\/\/www.woclleydon.com\/es\/wp-json\/wp\/v2\/pages\/5742\/revisions\/5743"}],"wp:attachment":[{"href":"https:\/\/www.woclleydon.com\/es\/wp-json\/wp\/v2\/media?parent=5742"}],"curies":[{"name":"wp","href":"https:\/\/api.w.org\/{rel}","templated":true}]}}