{"id":5747,"date":"2023-10-19T06:23:09","date_gmt":"2023-10-19T10:23:09","guid":{"rendered":"https:\/\/staging.woclleydon.com\/?page_id=5747"},"modified":"2025-06-30T14:24:23","modified_gmt":"2025-06-30T18:24:23","slug":"abogado-de-accidentes-peatonales-en-connecticut","status":"publish","type":"page","link":"https:\/\/www.woclleydon.com\/es\/abogado-de-accidentes-peatonales-en-connecticut\/","title":{"rendered":"Abogado de accidentes peatonales en Connecticut"},"content":{"rendered":"<h1>Abogado de accidentes peatonales en Connecticut<\/h1>\n<p><img decoding=\"async\" class=\"alignright wp-image-3074\" src=\"https:\/\/www.woclleydon.com\/wp-content\/uploads\/2023\/10\/pedestrian-accidents.jpg\" alt=\"\" width=\"400\" height=\"262\" srcset=\"https:\/\/www.woclleydon.com\/wp-content\/uploads\/2023\/10\/pedestrian-accidents.jpg 439w, https:\/\/www.woclleydon.com\/wp-content\/uploads\/2023\/10\/pedestrian-accidents-300x197.jpg 300w\" sizes=\"(max-width: 400px) 100vw, 400px\" \/>Cuando un veh\u00edculo de motor atropella a un peat\u00f3n, las lesiones tienden a ser graves: lesiones cerebrales, par\u00e1lisis, fracturas graves o incluso la muerte. Las v\u00edctimas que tienen la suerte de sobrevivir a sus encuentros con autom\u00f3viles, camiones y autobuses a menudo enfrentan largos per\u00edodos de hospitalizaci\u00f3n y recuperaci\u00f3n, lo que tambi\u00e9n significa enormes facturas m\u00e9dicas y p\u00e9rdidas significativas de ingresos.<\/p>\n<p>En el bufete de abogados de Lesiones Personales de Wocl Leydon, brindamos representaci\u00f3n calificada en nombre de personas y familias que han sido perjudicadas por las acciones negligentes o imprudentes de otros conductores. Nuestros resultados nos han ayudado a convertirnos en uno de los bufetes de abogados de lesiones personales m\u00e1s respetados en el estado de Connecticut y en una opci\u00f3n frecuente para recibir referencias de abogados que saben que tenemos la experiencia y los recursos necesarios para manejar eficazmente incluso los casos m\u00e1s complejos.<\/p>\n<div class=\"cta-box my-4 p-4\" style=\"background:#e9e9e9 url('\/wp-content\/uploads\/2023\/10\/ui-element-corner-triangle-light.png') no-repeat right bottom;border:1px solid #6590AF;border-radius:3px;\">\r\n    <div class=\"d-flex flex-column flex-lg-row align-items-center free-case-review\">\r\n        <img decoding=\"async\" class=\"mb-3 mb-lg-0\" src=\"\/wp-content\/uploads\/2023\/10\/cta-photo-with-corner.png\" alt=\"Get your free case review\" width=\"125\" height=\"125\">\r\n        <div class=\"ps-lg-4\">\r\n            <h3 style=\"line-height: 1.5\">\r\n                <span class=\"font-weight-bold\">Obtenga su revisi\u00f3n de caso GRATUITA<\/span>\r\n\r\n            <\/h3>\r\n            <div class=\"d-flex flex-column flex-lg-row align-items-center\">\r\n                <a class=\"btn btn-gold text-center me-lg-3\" href=\"tel:12033333339\" style=\"vertical-align:middle;\"><img decoding=\"async\" style=\"margin-right: 15px;height:28px;\" src=\"\/wp-content\/uploads\/2023\/10\/btn-icon-phone.png\" alt=\"Call Us\">(203) 333-3339<\/a>\r\n                <div> or <a href=\"#cta\">env\u00edanos los detalles de tu caso.<\/a><\/div>\r\n            <\/div>\r\n        <\/div>\r\n    <\/div>\r\n<\/div>\r\n\n<h2>\u00bfTiene un caso de accidente de peatones?<\/h2>\n<p>Si cree que usted o un ser querido result\u00f3 herido debido a la negligencia del conductor de un autom\u00f3vil, comun\u00edquese con nuestra oficina. Tenemos experiencia en todo tipo de casos de accidentes automovil\u00edsticos. Comun\u00edquese con nuestras oficinas legales de Stamford o Bridgeport hoy y programe una evaluaci\u00f3n gratuita de su caso para determinar si tiene motivos justificados para solicitar una compensaci\u00f3n financiera de la compa\u00f1\u00eda de seguros de la parte negligente.<\/p>\n<h3>Abogados de accidentes de peatones de Connecticut que prestan servicios a clientes en todo el estado<\/h3>\n<p>Si bien no todos los accidentes de peatones son resultado de negligencia, la mayor\u00eda de estos accidentes son causados por conductores distra\u00eddos. Para establecer los hechos que indican negligencia en un reclamo por accidente de peatones y determinar el alcance total de los da\u00f1os financieros, nuestros abogados trabajan con profesionales en los campos de la medicina, reconstrucci\u00f3n de accidentes, ingenier\u00eda de transporte y terapia ocupacional.<\/p>\n<h3>Nuestro Compromiso con el Servicio al Cliente<\/h3>\n<p>Nuestros abogados y personal profesional son sensibles a las preocupaciones e incertidumbres que la mayor\u00eda de las personas experimentan despu\u00e9s de accidentes graves. Entendemos que las v\u00edctimas de accidentes necesitan un bufete de abogados que sepa escuchar, un abogado que pueda comprender sus problemas y profesionales honestos que aborden sus inquietudes de manera r\u00e1pida, receptiva y sensible. Tambi\u00e9n creemos que los clientes tienen derecho a ser mantenidos informados sobre el estado de sus casos y tan involucrados en el proceso legal como les gustar\u00eda estar. Este es el tipo de servicio que brindamos a nuestros clientes todos los d\u00edas.<\/p>\n<h2>P\u00f3ngase en contacto con los abogados de accidentes de peatones de Connecticut hoy<\/h2>\n<p>Desde nuestras oficinas en Stamford y Norwalk, nuestros abogados representan a clientes en casos de litigios por lesiones catastr\u00f3ficas en todo Connecticut. Ll\u00e1menos al 203.517.0456 o cont\u00e1ctenos por correo electr\u00f3nico para programar una consulta gratuita con uno de nuestros abogados con experiencia en accidentes de peatones en Stamford hoy.<\/p>\n","protected":false},"excerpt":{"rendered":"<p>Abogado de accidentes peatonales en Connecticut Cuando un veh\u00edculo de motor atropella a un peat\u00f3n, las lesiones tienden a ser graves: lesiones cerebrales, par\u00e1lisis, fracturas graves o incluso la muerte. Las v\u00edctimas que tienen la suerte de sobrevivir a sus encuentros con autom\u00f3viles, camiones y autobuses a menudo enfrentan largos per\u00edodos de hospitalizaci\u00f3n y recuperaci\u00f3n, [&hellip;]<\/p>\n","protected":false},"author":18,"featured_media":0,"parent":0,"menu_order":0,"comment_status":"closed","ping_status":"closed","template":"","meta":{"_acf_changed":false,"footnotes":""},"class_list":["post-5747","page","type-page","status-publish","hentry"],"acf":[],"yoast_head":"<!-- This site is optimized with the Yoast SEO plugin v27.5 - https:\/\/yoast.com\/product\/yoast-seo-wordpress\/ -->\n<title>Abogado de accidentes peatonales en Connecticut - Abogados de lesiones personales de Wocl Leydon<\/title>\n<meta name=\"robots\" content=\"index, follow, max-snippet:-1, max-image-preview:large, max-video-preview:-1\" \/>\n<link rel=\"canonical\" href=\"https:\/\/www.woclleydon.com\/es\/abogado-de-accidentes-peatonales-en-connecticut\/\" \/>\n<meta property=\"og:locale\" content=\"es_ES\" \/>\n<meta property=\"og:type\" content=\"article\" \/>\n<meta property=\"og:title\" content=\"Abogado de accidentes peatonales en Connecticut - Abogados de lesiones personales de Wocl Leydon\" \/>\n<meta property=\"og:description\" content=\"Abogado de accidentes peatonales en Connecticut Cuando un veh\u00edculo de motor atropella a un peat\u00f3n, las lesiones tienden a ser graves: lesiones cerebrales, par\u00e1lisis, fracturas graves o incluso la muerte. Las v\u00edctimas que tienen la suerte de sobrevivir a sus encuentros con autom\u00f3viles, camiones y autobuses a menudo enfrentan largos per\u00edodos de hospitalizaci\u00f3n y recuperaci\u00f3n, [&hellip;]\" \/>\n<meta property=\"og:url\" content=\"https:\/\/www.woclleydon.com\/es\/abogado-de-accidentes-peatonales-en-connecticut\/\" \/>\n<meta property=\"og:site_name\" content=\"Abogados de lesiones personales de Wocl Leydon\" \/>\n<meta property=\"article:modified_time\" content=\"2025-06-30T18:24:23+00:00\" \/>\n<meta property=\"og:image\" content=\"https:\/\/www.woclleydon.com\/wp-content\/uploads\/2023\/10\/pedestrian-accidents.jpg\" \/>\n\t<meta property=\"og:image:width\" content=\"439\" \/>\n\t<meta property=\"og:image:height\" content=\"288\" \/>\n\t<meta property=\"og:image:type\" content=\"image\/jpeg\" \/>\n<meta name=\"twitter:card\" content=\"summary_large_image\" \/>\n<meta name=\"twitter:label1\" content=\"Tiempo de lectura\" \/>\n\t<meta name=\"twitter:data1\" content=\"3 minutos\" \/>\n<script type=\"application\/ld+json\" class=\"yoast-schema-graph\">{\"@context\":\"https:\\\/\\\/schema.org\",\"@graph\":[{\"@type\":\"WebPage\",\"@id\":\"https:\\\/\\\/www.woclleydon.com\\\/es\\\/abogado-de-accidentes-peatonales-en-connecticut\\\/\",\"url\":\"https:\\\/\\\/www.woclleydon.com\\\/es\\\/abogado-de-accidentes-peatonales-en-connecticut\\\/\",\"name\":\"Abogado de accidentes peatonales en Connecticut - Abogados de lesiones personales de Wocl Leydon\",\"isPartOf\":{\"@id\":\"https:\\\/\\\/www.woclleydon.com\\\/es\\\/#website\"},\"primaryImageOfPage\":{\"@id\":\"https:\\\/\\\/www.woclleydon.com\\\/es\\\/abogado-de-accidentes-peatonales-en-connecticut\\\/#primaryimage\"},\"image\":{\"@id\":\"https:\\\/\\\/www.woclleydon.com\\\/es\\\/abogado-de-accidentes-peatonales-en-connecticut\\\/#primaryimage\"},\"thumbnailUrl\":\"https:\\\/\\\/www.woclleydon.com\\\/wp-content\\\/uploads\\\/2023\\\/10\\\/pedestrian-accidents.jpg\",\"datePublished\":\"2023-10-19T10:23:09+00:00\",\"dateModified\":\"2025-06-30T18:24:23+00:00\",\"breadcrumb\":{\"@id\":\"https:\\\/\\\/www.woclleydon.com\\\/es\\\/abogado-de-accidentes-peatonales-en-connecticut\\\/#breadcrumb\"},\"inLanguage\":\"es\",\"potentialAction\":[{\"@type\":\"ReadAction\",\"target\":[\"https:\\\/\\\/www.woclleydon.com\\\/es\\\/abogado-de-accidentes-peatonales-en-connecticut\\\/\"]}]},{\"@type\":\"ImageObject\",\"inLanguage\":\"es\",\"@id\":\"https:\\\/\\\/www.woclleydon.com\\\/es\\\/abogado-de-accidentes-peatonales-en-connecticut\\\/#primaryimage\",\"url\":\"https:\\\/\\\/www.woclleydon.com\\\/wp-content\\\/uploads\\\/2023\\\/10\\\/pedestrian-accidents.jpg\",\"contentUrl\":\"https:\\\/\\\/www.woclleydon.com\\\/wp-content\\\/uploads\\\/2023\\\/10\\\/pedestrian-accidents.jpg\"},{\"@type\":\"BreadcrumbList\",\"@id\":\"https:\\\/\\\/www.woclleydon.com\\\/es\\\/abogado-de-accidentes-peatonales-en-connecticut\\\/#breadcrumb\",\"itemListElement\":[{\"@type\":\"ListItem\",\"position\":1,\"name\":\"Home\",\"item\":\"https:\\\/\\\/www.woclleydon.com\\\/es\\\/\"},{\"@type\":\"ListItem\",\"position\":2,\"name\":\"Abogado de accidentes peatonales en Connecticut\"}]},{\"@type\":\"WebSite\",\"@id\":\"https:\\\/\\\/www.woclleydon.com\\\/es\\\/#website\",\"url\":\"https:\\\/\\\/www.woclleydon.com\\\/es\\\/\",\"name\":\"Abogados de lesiones personales de Wocl Leydon\",\"description\":\"Your Case is Personal to Us!\",\"potentialAction\":[{\"@type\":\"SearchAction\",\"target\":{\"@type\":\"EntryPoint\",\"urlTemplate\":\"https:\\\/\\\/www.woclleydon.com\\\/es\\\/?s={search_term_string}\"},\"query-input\":{\"@type\":\"PropertyValueSpecification\",\"valueRequired\":true,\"valueName\":\"search_term_string\"}}],\"inLanguage\":\"es\"}]}<\/script>\n<!-- \/ Yoast SEO plugin. -->","yoast_head_json":{"title":"Abogado de accidentes peatonales en Connecticut - Abogados de lesiones personales de Wocl Leydon","robots":{"index":"index","follow":"follow","max-snippet":"max-snippet:-1","max-image-preview":"max-image-preview:large","max-video-preview":"max-video-preview:-1"},"canonical":"https:\/\/www.woclleydon.com\/es\/abogado-de-accidentes-peatonales-en-connecticut\/","og_locale":"es_ES","og_type":"article","og_title":"Abogado de accidentes peatonales en Connecticut - Abogados de lesiones personales de Wocl Leydon","og_description":"Abogado de accidentes peatonales en Connecticut Cuando un veh\u00edculo de motor atropella a un peat\u00f3n, las lesiones tienden a ser graves: lesiones cerebrales, par\u00e1lisis, fracturas graves o incluso la muerte. Las v\u00edctimas que tienen la suerte de sobrevivir a sus encuentros con autom\u00f3viles, camiones y autobuses a menudo enfrentan largos per\u00edodos de hospitalizaci\u00f3n y recuperaci\u00f3n, [&hellip;]","og_url":"https:\/\/www.woclleydon.com\/es\/abogado-de-accidentes-peatonales-en-connecticut\/","og_site_name":"Abogados de lesiones personales de Wocl Leydon","article_modified_time":"2025-06-30T18:24:23+00:00","og_image":[{"width":439,"height":288,"url":"https:\/\/www.woclleydon.com\/wp-content\/uploads\/2023\/10\/pedestrian-accidents.jpg","type":"image\/jpeg"}],"twitter_card":"summary_large_image","twitter_misc":{"Tiempo de lectura":"3 minutos"},"schema":{"@context":"https:\/\/schema.org","@graph":[{"@type":"WebPage","@id":"https:\/\/www.woclleydon.com\/es\/abogado-de-accidentes-peatonales-en-connecticut\/","url":"https:\/\/www.woclleydon.com\/es\/abogado-de-accidentes-peatonales-en-connecticut\/","name":"Abogado de accidentes peatonales en Connecticut - Abogados de lesiones personales de Wocl Leydon","isPartOf":{"@id":"https:\/\/www.woclleydon.com\/es\/#website"},"primaryImageOfPage":{"@id":"https:\/\/www.woclleydon.com\/es\/abogado-de-accidentes-peatonales-en-connecticut\/#primaryimage"},"image":{"@id":"https:\/\/www.woclleydon.com\/es\/abogado-de-accidentes-peatonales-en-connecticut\/#primaryimage"},"thumbnailUrl":"https:\/\/www.woclleydon.com\/wp-content\/uploads\/2023\/10\/pedestrian-accidents.jpg","datePublished":"2023-10-19T10:23:09+00:00","dateModified":"2025-06-30T18:24:23+00:00","breadcrumb":{"@id":"https:\/\/www.woclleydon.com\/es\/abogado-de-accidentes-peatonales-en-connecticut\/#breadcrumb"},"inLanguage":"es","potentialAction":[{"@type":"ReadAction","target":["https:\/\/www.woclleydon.com\/es\/abogado-de-accidentes-peatonales-en-connecticut\/"]}]},{"@type":"ImageObject","inLanguage":"es","@id":"https:\/\/www.woclleydon.com\/es\/abogado-de-accidentes-peatonales-en-connecticut\/#primaryimage","url":"https:\/\/www.woclleydon.com\/wp-content\/uploads\/2023\/10\/pedestrian-accidents.jpg","contentUrl":"https:\/\/www.woclleydon.com\/wp-content\/uploads\/2023\/10\/pedestrian-accidents.jpg"},{"@type":"BreadcrumbList","@id":"https:\/\/www.woclleydon.com\/es\/abogado-de-accidentes-peatonales-en-connecticut\/#breadcrumb","itemListElement":[{"@type":"ListItem","position":1,"name":"Home","item":"https:\/\/www.woclleydon.com\/es\/"},{"@type":"ListItem","position":2,"name":"Abogado de accidentes peatonales en Connecticut"}]},{"@type":"WebSite","@id":"https:\/\/www.woclleydon.com\/es\/#website","url":"https:\/\/www.woclleydon.com\/es\/","name":"Abogados de lesiones personales de Wocl Leydon","description":"Your Case is Personal to Us!","potentialAction":[{"@type":"SearchAction","target":{"@type":"EntryPoint","urlTemplate":"https:\/\/www.woclleydon.com\/es\/?s={search_term_string}"},"query-input":{"@type":"PropertyValueSpecification","valueRequired":true,"valueName":"search_term_string"}}],"inLanguage":"es"}]}},"publishpress_future_action":{"enabled":false,"date":"2026-05-10 12:38:45","action":"change-status","newStatus":"draft","terms":[],"taxonomy":"translation_priority","extraData":[]},"publishpress_future_workflow_manual_trigger":{"enabledWorkflows":[]},"_links":{"self":[{"href":"https:\/\/www.woclleydon.com\/es\/wp-json\/wp\/v2\/pages\/5747","targetHints":{"allow":["GET"]}}],"collection":[{"href":"https:\/\/www.woclleydon.com\/es\/wp-json\/wp\/v2\/pages"}],"about":[{"href":"https:\/\/www.woclleydon.com\/es\/wp-json\/wp\/v2\/types\/page"}],"author":[{"embeddable":true,"href":"https:\/\/www.woclleydon.com\/es\/wp-json\/wp\/v2\/users\/18"}],"replies":[{"embeddable":true,"href":"https:\/\/www.woclleydon.com\/es\/wp-json\/wp\/v2\/comments?post=5747"}],"version-history":[{"count":2,"href":"https:\/\/www.woclleydon.com\/es\/wp-json\/wp\/v2\/pages\/5747\/revisions"}],"predecessor-version":[{"id":8183,"href":"https:\/\/www.woclleydon.com\/es\/wp-json\/wp\/v2\/pages\/5747\/revisions\/8183"}],"wp:attachment":[{"href":"https:\/\/www.woclleydon.com\/es\/wp-json\/wp\/v2\/media?parent=5747"}],"curies":[{"name":"wp","href":"https:\/\/api.w.org\/{rel}","templated":true}]}}