{"id":5750,"date":"2023-10-19T07:27:24","date_gmt":"2023-10-19T11:27:24","guid":{"rendered":"https:\/\/staging.woclleydon.com\/?page_id=5750"},"modified":"2025-06-30T14:27:37","modified_gmt":"2025-06-30T18:27:37","slug":"abogado-de-responsabilidad-civil-en-connecticut","status":"publish","type":"page","link":"https:\/\/www.woclleydon.com\/es\/abogado-de-responsabilidad-civil-en-connecticut\/","title":{"rendered":"Abogado de responsabilidad civil en Connecticut"},"content":{"rendered":"<h1 class=\"page-title\">Abogado de responsabilidad civil en Connecticut<\/h1>\n<p>Cuando una persona resulta lesionada debido a una condici\u00f3n peligrosa o defectuosa en una tienda, centro comercial, restaurante, bar, hotel u otro edificio comercial o propiedad de alquiler, esa persona puede presentar un reclamo de responsabilidad de las instalaciones para obtener una compensaci\u00f3n por sus lesiones. Los abogados de Lesiones Personales de Wocl Leydon en Stamford aportan una amplia experiencia a todos los reclamos de responsabilidad de locales.<\/p>\n<p><img decoding=\"async\" class=\"alignnone wp-image-2481\" src=\"https:\/\/www.woclleydon.com\/wp-content\/uploads\/2023\/10\/wl-banner-premises-liability.jpg\" alt=\"Premises Liability Attorney in Connecticut \" width=\"1000\" height=\"370\" srcset=\"https:\/\/www.woclleydon.com\/wp-content\/uploads\/2023\/10\/wl-banner-premises-liability.jpg 779w, https:\/\/www.woclleydon.com\/wp-content\/uploads\/2023\/10\/wl-banner-premises-liability-300x111.jpg 300w, https:\/\/www.woclleydon.com\/wp-content\/uploads\/2023\/10\/wl-banner-premises-liability-768x284.jpg 768w\" sizes=\"(max-width: 1000px) 100vw, 1000px\" \/><\/p>\n<h2>Cuando la propiedad no se cuida adecuadamente en Connecticut<\/h2>\n<p>Para avanzar con \u00e9xito con un reclamo por responsabilidad de locales, un abogado debe poder demostrar que el due\u00f1o de la propiedad fue de alguna manera negligente. En otras palabras, se debe demostrar que el due\u00f1o de la propiedad conoc\u00eda la condici\u00f3n peligrosa o defectuosa y no la repar\u00f3, o deber\u00eda haber sabido acerca de la condici\u00f3n.<\/p>\n<p>Ejemplos de condiciones peligrosas que podr\u00edan provocar accidentes en las instalaciones incluyen:<\/p>\n<ul>\n<li><strong>Escaleras peligrosas: <\/strong>escaleras que no cumplen con los c\u00f3digos, tienen pasamanos defectuosos, est\u00e1n mal iluminadas o est\u00e1n mal construidas o sin mantenimiento.<\/li>\n<li><strong>Aceras y pasillos peligrosos<\/strong>: Aceras, pasillos, pasillos y pasillos desnivelados, agrietados o llenos de peligros de tropiezo. Acumulaci\u00f3n excesiva de nieve o hielo<\/li>\n<li><strong>Estacionamientos peligrosos<\/strong>: estacionamientos con asfalto irregular, sin pasillos, con poca iluminaci\u00f3n o cualquier otro peligro que pueda provocar lesiones.<\/li>\n<li><strong>Ascensores y escaleras mec\u00e1nicas peligrosos<\/strong>: Ascensores que no paran a la altura de los rellanos, que tienen puertas que no abren y cierran correctamente o que est\u00e1n mal iluminados. Las escaleras mec\u00e1nicas que no se mueven con fluidez provocan ca\u00eddas<\/li>\n<li><strong>Seguridad negligente<\/strong>: no proporcionar personal de seguridad, cerraduras, iluminaci\u00f3n, c\u00e1maras y otros elementos de seguridad debidamente capacitados, especialmente cuando hay antecedentes de delitos.<\/li>\n<\/ul>\n<p>Muchas de estas condiciones peligrosas provocan ca\u00eddas. Las lesiones por resbalones y ca\u00eddas y las lesiones por tropezones y ca\u00eddas se encuentran entre las razones m\u00e1s comunes para los reclamos por responsabilidad de locales. Sin embargo, estos reclamos tambi\u00e9n pueden cubrir incidentes tan diversos como agresiones y ataques que ocurrieron como resultado de una seguridad inadecuada o mordeduras de perro que resultaron de la falta de vigilancia de una mascota por parte del propietario.<\/p>\n<h2>\u00a1Comun\u00edquese hoy con un abogado de responsabilidad de locales de Connecticut para obtener ayuda!<\/h2>\n<p>Las condiciones peligrosas o defectuosas pueden ser grandes o peque\u00f1as, temporales o permanentes. Por lo tanto, la investigaci\u00f3n del reclamo es esencial para que el caso tenga \u00e9xito. Es necesario investigar r\u00e1pidamente condiciones temporales como agua en el suelo de una tienda de comestibles o nieve y hielo en las escaleras de un restaurante. Si un reclamo es contra una ciudad o el estado de Connecticut, entonces se requieren avisos dentro de unos meses de la lesi\u00f3n.<\/p>\n","protected":false},"excerpt":{"rendered":"<p>Abogado de responsabilidad civil en Connecticut Cuando una persona resulta lesionada debido a una condici\u00f3n peligrosa o defectuosa en una tienda, centro comercial, restaurante, bar, hotel u otro edificio comercial o propiedad de alquiler, esa persona puede presentar un reclamo de responsabilidad de las instalaciones para obtener una compensaci\u00f3n por sus lesiones. Los abogados de [&hellip;]<\/p>\n","protected":false},"author":18,"featured_media":0,"parent":0,"menu_order":0,"comment_status":"closed","ping_status":"closed","template":"","meta":{"_acf_changed":false,"footnotes":""},"class_list":["post-5750","page","type-page","status-publish","hentry"],"acf":[],"yoast_head":"<!-- This site is optimized with the Yoast SEO plugin v27.5 - https:\/\/yoast.com\/product\/yoast-seo-wordpress\/ -->\n<title>Abogado de responsabilidad civil en Connecticut - Abogados de lesiones personales de Wocl Leydon<\/title>\n<meta name=\"robots\" content=\"index, follow, max-snippet:-1, max-image-preview:large, max-video-preview:-1\" \/>\n<link rel=\"canonical\" href=\"https:\/\/www.woclleydon.com\/es\/abogado-de-responsabilidad-civil-en-connecticut\/\" \/>\n<meta property=\"og:locale\" content=\"es_ES\" \/>\n<meta property=\"og:type\" content=\"article\" \/>\n<meta property=\"og:title\" content=\"Abogado de responsabilidad civil en Connecticut - Abogados de lesiones personales de Wocl Leydon\" \/>\n<meta property=\"og:description\" content=\"Abogado de responsabilidad civil en Connecticut Cuando una persona resulta lesionada debido a una condici\u00f3n peligrosa o defectuosa en una tienda, centro comercial, restaurante, bar, hotel u otro edificio comercial o propiedad de alquiler, esa persona puede presentar un reclamo de responsabilidad de las instalaciones para obtener una compensaci\u00f3n por sus lesiones. Los abogados de [&hellip;]\" \/>\n<meta property=\"og:url\" content=\"https:\/\/www.woclleydon.com\/es\/abogado-de-responsabilidad-civil-en-connecticut\/\" \/>\n<meta property=\"og:site_name\" content=\"Abogados de lesiones personales de Wocl Leydon\" \/>\n<meta property=\"article:modified_time\" content=\"2025-06-30T18:27:37+00:00\" \/>\n<meta property=\"og:image\" content=\"https:\/\/www.woclleydon.com\/wp-content\/uploads\/2023\/10\/wl-banner-premises-liability.jpg\" \/>\n\t<meta property=\"og:image:width\" content=\"779\" \/>\n\t<meta property=\"og:image:height\" content=\"288\" \/>\n\t<meta property=\"og:image:type\" content=\"image\/jpeg\" \/>\n<meta name=\"twitter:card\" content=\"summary_large_image\" \/>\n<meta name=\"twitter:label1\" content=\"Tiempo de lectura\" \/>\n\t<meta name=\"twitter:data1\" content=\"3 minutos\" \/>\n<script type=\"application\/ld+json\" class=\"yoast-schema-graph\">{\"@context\":\"https:\\\/\\\/schema.org\",\"@graph\":[{\"@type\":\"WebPage\",\"@id\":\"https:\\\/\\\/www.woclleydon.com\\\/es\\\/abogado-de-responsabilidad-civil-en-connecticut\\\/\",\"url\":\"https:\\\/\\\/www.woclleydon.com\\\/es\\\/abogado-de-responsabilidad-civil-en-connecticut\\\/\",\"name\":\"Abogado de responsabilidad civil en Connecticut - Abogados de lesiones personales de Wocl Leydon\",\"isPartOf\":{\"@id\":\"https:\\\/\\\/www.woclleydon.com\\\/es\\\/#website\"},\"primaryImageOfPage\":{\"@id\":\"https:\\\/\\\/www.woclleydon.com\\\/es\\\/abogado-de-responsabilidad-civil-en-connecticut\\\/#primaryimage\"},\"image\":{\"@id\":\"https:\\\/\\\/www.woclleydon.com\\\/es\\\/abogado-de-responsabilidad-civil-en-connecticut\\\/#primaryimage\"},\"thumbnailUrl\":\"https:\\\/\\\/www.woclleydon.com\\\/wp-content\\\/uploads\\\/2023\\\/10\\\/wl-banner-premises-liability.jpg\",\"datePublished\":\"2023-10-19T11:27:24+00:00\",\"dateModified\":\"2025-06-30T18:27:37+00:00\",\"breadcrumb\":{\"@id\":\"https:\\\/\\\/www.woclleydon.com\\\/es\\\/abogado-de-responsabilidad-civil-en-connecticut\\\/#breadcrumb\"},\"inLanguage\":\"es\",\"potentialAction\":[{\"@type\":\"ReadAction\",\"target\":[\"https:\\\/\\\/www.woclleydon.com\\\/es\\\/abogado-de-responsabilidad-civil-en-connecticut\\\/\"]}]},{\"@type\":\"ImageObject\",\"inLanguage\":\"es\",\"@id\":\"https:\\\/\\\/www.woclleydon.com\\\/es\\\/abogado-de-responsabilidad-civil-en-connecticut\\\/#primaryimage\",\"url\":\"https:\\\/\\\/www.woclleydon.com\\\/wp-content\\\/uploads\\\/2023\\\/10\\\/wl-banner-premises-liability.jpg\",\"contentUrl\":\"https:\\\/\\\/www.woclleydon.com\\\/wp-content\\\/uploads\\\/2023\\\/10\\\/wl-banner-premises-liability.jpg\"},{\"@type\":\"BreadcrumbList\",\"@id\":\"https:\\\/\\\/www.woclleydon.com\\\/es\\\/abogado-de-responsabilidad-civil-en-connecticut\\\/#breadcrumb\",\"itemListElement\":[{\"@type\":\"ListItem\",\"position\":1,\"name\":\"Home\",\"item\":\"https:\\\/\\\/www.woclleydon.com\\\/es\\\/\"},{\"@type\":\"ListItem\",\"position\":2,\"name\":\"Abogado de responsabilidad civil en Connecticut\"}]},{\"@type\":\"WebSite\",\"@id\":\"https:\\\/\\\/www.woclleydon.com\\\/es\\\/#website\",\"url\":\"https:\\\/\\\/www.woclleydon.com\\\/es\\\/\",\"name\":\"Abogados de lesiones personales de Wocl Leydon\",\"description\":\"Your Case is Personal to Us!\",\"potentialAction\":[{\"@type\":\"SearchAction\",\"target\":{\"@type\":\"EntryPoint\",\"urlTemplate\":\"https:\\\/\\\/www.woclleydon.com\\\/es\\\/?s={search_term_string}\"},\"query-input\":{\"@type\":\"PropertyValueSpecification\",\"valueRequired\":true,\"valueName\":\"search_term_string\"}}],\"inLanguage\":\"es\"}]}<\/script>\n<!-- \/ Yoast SEO plugin. -->","yoast_head_json":{"title":"Abogado de responsabilidad civil en Connecticut - Abogados de lesiones personales de Wocl Leydon","robots":{"index":"index","follow":"follow","max-snippet":"max-snippet:-1","max-image-preview":"max-image-preview:large","max-video-preview":"max-video-preview:-1"},"canonical":"https:\/\/www.woclleydon.com\/es\/abogado-de-responsabilidad-civil-en-connecticut\/","og_locale":"es_ES","og_type":"article","og_title":"Abogado de responsabilidad civil en Connecticut - Abogados de lesiones personales de Wocl Leydon","og_description":"Abogado de responsabilidad civil en Connecticut Cuando una persona resulta lesionada debido a una condici\u00f3n peligrosa o defectuosa en una tienda, centro comercial, restaurante, bar, hotel u otro edificio comercial o propiedad de alquiler, esa persona puede presentar un reclamo de responsabilidad de las instalaciones para obtener una compensaci\u00f3n por sus lesiones. Los abogados de [&hellip;]","og_url":"https:\/\/www.woclleydon.com\/es\/abogado-de-responsabilidad-civil-en-connecticut\/","og_site_name":"Abogados de lesiones personales de Wocl Leydon","article_modified_time":"2025-06-30T18:27:37+00:00","og_image":[{"width":779,"height":288,"url":"https:\/\/www.woclleydon.com\/wp-content\/uploads\/2023\/10\/wl-banner-premises-liability.jpg","type":"image\/jpeg"}],"twitter_card":"summary_large_image","twitter_misc":{"Tiempo de lectura":"3 minutos"},"schema":{"@context":"https:\/\/schema.org","@graph":[{"@type":"WebPage","@id":"https:\/\/www.woclleydon.com\/es\/abogado-de-responsabilidad-civil-en-connecticut\/","url":"https:\/\/www.woclleydon.com\/es\/abogado-de-responsabilidad-civil-en-connecticut\/","name":"Abogado de responsabilidad civil en Connecticut - Abogados de lesiones personales de Wocl Leydon","isPartOf":{"@id":"https:\/\/www.woclleydon.com\/es\/#website"},"primaryImageOfPage":{"@id":"https:\/\/www.woclleydon.com\/es\/abogado-de-responsabilidad-civil-en-connecticut\/#primaryimage"},"image":{"@id":"https:\/\/www.woclleydon.com\/es\/abogado-de-responsabilidad-civil-en-connecticut\/#primaryimage"},"thumbnailUrl":"https:\/\/www.woclleydon.com\/wp-content\/uploads\/2023\/10\/wl-banner-premises-liability.jpg","datePublished":"2023-10-19T11:27:24+00:00","dateModified":"2025-06-30T18:27:37+00:00","breadcrumb":{"@id":"https:\/\/www.woclleydon.com\/es\/abogado-de-responsabilidad-civil-en-connecticut\/#breadcrumb"},"inLanguage":"es","potentialAction":[{"@type":"ReadAction","target":["https:\/\/www.woclleydon.com\/es\/abogado-de-responsabilidad-civil-en-connecticut\/"]}]},{"@type":"ImageObject","inLanguage":"es","@id":"https:\/\/www.woclleydon.com\/es\/abogado-de-responsabilidad-civil-en-connecticut\/#primaryimage","url":"https:\/\/www.woclleydon.com\/wp-content\/uploads\/2023\/10\/wl-banner-premises-liability.jpg","contentUrl":"https:\/\/www.woclleydon.com\/wp-content\/uploads\/2023\/10\/wl-banner-premises-liability.jpg"},{"@type":"BreadcrumbList","@id":"https:\/\/www.woclleydon.com\/es\/abogado-de-responsabilidad-civil-en-connecticut\/#breadcrumb","itemListElement":[{"@type":"ListItem","position":1,"name":"Home","item":"https:\/\/www.woclleydon.com\/es\/"},{"@type":"ListItem","position":2,"name":"Abogado de responsabilidad civil en Connecticut"}]},{"@type":"WebSite","@id":"https:\/\/www.woclleydon.com\/es\/#website","url":"https:\/\/www.woclleydon.com\/es\/","name":"Abogados de lesiones personales de Wocl Leydon","description":"Your Case is Personal to Us!","potentialAction":[{"@type":"SearchAction","target":{"@type":"EntryPoint","urlTemplate":"https:\/\/www.woclleydon.com\/es\/?s={search_term_string}"},"query-input":{"@type":"PropertyValueSpecification","valueRequired":true,"valueName":"search_term_string"}}],"inLanguage":"es"}]}},"publishpress_future_action":{"enabled":false,"date":"2026-05-13 09:12:06","action":"change-status","newStatus":"draft","terms":[],"taxonomy":"translation_priority","extraData":[]},"publishpress_future_workflow_manual_trigger":{"enabledWorkflows":[]},"_links":{"self":[{"href":"https:\/\/www.woclleydon.com\/es\/wp-json\/wp\/v2\/pages\/5750","targetHints":{"allow":["GET"]}}],"collection":[{"href":"https:\/\/www.woclleydon.com\/es\/wp-json\/wp\/v2\/pages"}],"about":[{"href":"https:\/\/www.woclleydon.com\/es\/wp-json\/wp\/v2\/types\/page"}],"author":[{"embeddable":true,"href":"https:\/\/www.woclleydon.com\/es\/wp-json\/wp\/v2\/users\/18"}],"replies":[{"embeddable":true,"href":"https:\/\/www.woclleydon.com\/es\/wp-json\/wp\/v2\/comments?post=5750"}],"version-history":[{"count":1,"href":"https:\/\/www.woclleydon.com\/es\/wp-json\/wp\/v2\/pages\/5750\/revisions"}],"predecessor-version":[{"id":5751,"href":"https:\/\/www.woclleydon.com\/es\/wp-json\/wp\/v2\/pages\/5750\/revisions\/5751"}],"wp:attachment":[{"href":"https:\/\/www.woclleydon.com\/es\/wp-json\/wp\/v2\/media?parent=5750"}],"curies":[{"name":"wp","href":"https:\/\/api.w.org\/{rel}","templated":true}]}}