{"id":5756,"date":"2023-09-18T15:38:00","date_gmt":"2023-09-18T19:38:00","guid":{"rendered":"https:\/\/staging.woclleydon.com\/?page_id=5756"},"modified":"2025-06-30T14:27:05","modified_gmt":"2025-06-30T18:27:05","slug":"abogado-de-lesiones-personales-en-stamford","status":"publish","type":"page","link":"https:\/\/www.woclleydon.com\/es\/abogado-de-lesiones-personales-en-stamford\/","title":{"rendered":"Abogado de lesiones personales en Stamford"},"content":{"rendered":"<h1 class=\"page-title\">Abogado de lesiones personales en Stamford<\/h1>\n<div style=\"\" class=\"\">\r\n    <div class=\"\" style=\"\">\r\n        <div class=\"row location-row \" style=\"min-height: 275px\">\r\n            <div class=\"col-md-6 location-left-col\">\r\n                <iframe style=\"width: 100%; height: 100%; border: 0px;\" src=\"https:\/\/www.google.com\/maps\/embed?pb=!1m18!1m12!1m3!1d3008.149636411317!2d-73.54489412395662!3d41.06572167134244!2m3!1f0!2f0!3f0!3m2!1i1024!2i768!4f13.1!3m3!1m2!1s0x89c2a1ecacd4460d%3A0x116ce6e46b72980a!2s80%204th%20St%2C%20Stamford%2C%20CT%2006905!5e0!3m2!1sen!2sus!4v1698119552086!5m2!1sen!2sus\" allowfullscreen=\"allowfullscreen\"><\/iframe>\r\n            <\/div>\r\n            \r\n            <div class=\"col-md-6 location-right-col\">\r\n                <div class=\"mb-3 location-name\" class=\"location-name\">Visite nuestra oficina de Stamford<\/div>\r\n                <div class=\"mb-2 location-address\">\r\n                    80 4th St, Stamford, CT 06905<br>                <\/div>\r\n                <div class=\"my-2 location-phone\">\r\n                    <a class='btn d-flex align-items-center justify-content-center my-2' style='width: 300px;' href='tel:2038729704'><img src='\/wp-content\/uploads\/2023\/10\/btn-icon-phone.png' class='me-2' width='28' height='29' alt='Call Us'>(203) 872-9704<\/a>                <\/div>\r\n                <div class=\"d-none location-quote\">\r\n                                    <\/div>\r\n                <div class=\"d-none location-content\">\r\n                                    <\/div>\r\n                <div class=\"d-none location-review\">\r\n                                    <\/div>\r\n            <\/div>\r\n\r\n        <\/div>\r\n    <\/div>\r\n<\/div>\n<p>Abogado de lesiones personales de Stamford: una lesi\u00f3n puede destruir sus planes para el futuro y dejarlo pregunt\u00e1ndose c\u00f3mo se recuperar\u00e1 alg\u00fan d\u00eda. Las facturas hospitalarias, la p\u00e9rdida de salarios y otros costos pueden acumularse r\u00e1pidamente. Obtener tratamiento m\u00e9dico para sus lesiones puede consumir todo su tiempo y energ\u00eda. En un momento como este, comprenda que existen abogados que pueden ayudarlo a superar este per\u00edodo de su vida. \u00a1Un abogado de lesiones personales de Stamford puede ayudarle!<\/p>\n<p>En Wocl Leydon, luchamos por aquellos que han resultado heridos debido a las acciones imprudentes o negligentes de otros. Hemos manejado todo tipo de casos de lesiones personales en Connecticut y estamos orgullosos de ayudar a las v\u00edctimas de lesiones a obtener la justicia que merecen. El trabajo de nuestra firma ha sido reconocido por Connecticut Super Lawyers\u00ae, New England Super Lawyers\u00ae, Million Dollar Advocates Forum, Best Lawyers in America y muchos otros. Aportamos d\u00e9cadas de experiencia y, en todos los casos, ofrecemos a nuestros clientes el asesoramiento confiable y las estrategias de prueba comprobadas por las que somos conocidos.<br \/>\n<img decoding=\"async\" class=\"alignnone wp-image-3233 size-full\" src=\"https:\/\/www.woclleydon.com\/wp-content\/uploads\/2023\/10\/wocl-leydon-stamford.jpg\" alt=\"Wocl Leydon Stamford Connecticut | Stamford Personal Injury Lawyer\" width=\"1237\" height=\"782\" srcset=\"https:\/\/www.woclleydon.com\/wp-content\/uploads\/2023\/10\/wocl-leydon-stamford.jpg 1237w, https:\/\/www.woclleydon.com\/wp-content\/uploads\/2023\/10\/wocl-leydon-stamford-300x190.jpg 300w, https:\/\/www.woclleydon.com\/wp-content\/uploads\/2023\/10\/wocl-leydon-stamford-1024x647.jpg 1024w, https:\/\/www.woclleydon.com\/wp-content\/uploads\/2023\/10\/wocl-leydon-stamford-768x486.jpg 768w\" sizes=\"(max-width: 1237px) 100vw, 1237px\" \/><\/p>\n<h2>Casos en los que se especializa nuestro abogado de lesiones personales de Stamford<\/h2>\n<ul>\n<li>Abogado de abuso en hogares de ancianos de Stamford<\/li>\n<li>Abogado de accidentes de camiones en Stamford<\/li>\n<li>Abogado de muerte por negligencia de Stamford<\/li>\n<li>Abogado de negligencia m\u00e9dica de Stamford<\/li>\n<li>Abogado de responsabilidad de productos de Stamford<\/li>\n<li>Abogado de accidentes automovil\u00edsticos de Stamford<\/li>\n<li>Abogado de accidentes de motocicleta de Stamford<\/li>\n<\/ul>\n","protected":false},"excerpt":{"rendered":"<p>Abogado de lesiones personales en Stamford Abogado de lesiones personales de Stamford: una lesi\u00f3n puede destruir sus planes para el futuro y dejarlo pregunt\u00e1ndose c\u00f3mo se recuperar\u00e1 alg\u00fan d\u00eda. Las facturas hospitalarias, la p\u00e9rdida de salarios y otros costos pueden acumularse r\u00e1pidamente. Obtener tratamiento m\u00e9dico para sus lesiones puede consumir todo su tiempo y energ\u00eda. [&hellip;]<\/p>\n","protected":false},"author":18,"featured_media":0,"parent":0,"menu_order":0,"comment_status":"closed","ping_status":"closed","template":"","meta":{"_acf_changed":false,"footnotes":""},"class_list":["post-5756","page","type-page","status-publish","hentry"],"acf":[],"yoast_head":"<!-- This site is optimized with the Yoast SEO plugin v27.5 - https:\/\/yoast.com\/product\/yoast-seo-wordpress\/ -->\n<title>Abogado de lesiones personales en Stamford - Abogados de lesiones personales de Wocl Leydon<\/title>\n<meta name=\"robots\" content=\"index, follow, max-snippet:-1, max-image-preview:large, max-video-preview:-1\" \/>\n<link rel=\"canonical\" href=\"https:\/\/www.woclleydon.com\/es\/abogado-de-lesiones-personales-en-stamford\/\" \/>\n<meta property=\"og:locale\" content=\"es_ES\" \/>\n<meta property=\"og:type\" content=\"article\" \/>\n<meta property=\"og:title\" content=\"Abogado de lesiones personales en Stamford - Abogados de lesiones personales de Wocl Leydon\" \/>\n<meta property=\"og:description\" content=\"Abogado de lesiones personales en Stamford Abogado de lesiones personales de Stamford: una lesi\u00f3n puede destruir sus planes para el futuro y dejarlo pregunt\u00e1ndose c\u00f3mo se recuperar\u00e1 alg\u00fan d\u00eda. Las facturas hospitalarias, la p\u00e9rdida de salarios y otros costos pueden acumularse r\u00e1pidamente. Obtener tratamiento m\u00e9dico para sus lesiones puede consumir todo su tiempo y energ\u00eda. [&hellip;]\" \/>\n<meta property=\"og:url\" content=\"https:\/\/www.woclleydon.com\/es\/abogado-de-lesiones-personales-en-stamford\/\" \/>\n<meta property=\"og:site_name\" content=\"Abogados de lesiones personales de Wocl Leydon\" \/>\n<meta property=\"article:modified_time\" content=\"2025-06-30T18:27:05+00:00\" \/>\n<meta property=\"og:image\" content=\"https:\/\/www.woclleydon.com\/wp-content\/uploads\/2023\/10\/wocl-leydon-stamford.jpg\" \/>\n<meta name=\"twitter:card\" content=\"summary_large_image\" \/>\n<meta name=\"twitter:label1\" content=\"Tiempo de lectura\" \/>\n\t<meta name=\"twitter:data1\" content=\"2 minutos\" \/>\n<script type=\"application\/ld+json\" class=\"yoast-schema-graph\">{\"@context\":\"https:\\\/\\\/schema.org\",\"@graph\":[{\"@type\":\"WebPage\",\"@id\":\"https:\\\/\\\/www.woclleydon.com\\\/es\\\/abogado-de-lesiones-personales-en-stamford\\\/\",\"url\":\"https:\\\/\\\/www.woclleydon.com\\\/es\\\/abogado-de-lesiones-personales-en-stamford\\\/\",\"name\":\"Abogado de lesiones personales en Stamford - Abogados de lesiones personales de Wocl Leydon\",\"isPartOf\":{\"@id\":\"https:\\\/\\\/www.woclleydon.com\\\/es\\\/#website\"},\"primaryImageOfPage\":{\"@id\":\"https:\\\/\\\/www.woclleydon.com\\\/es\\\/abogado-de-lesiones-personales-en-stamford\\\/#primaryimage\"},\"image\":{\"@id\":\"https:\\\/\\\/www.woclleydon.com\\\/es\\\/abogado-de-lesiones-personales-en-stamford\\\/#primaryimage\"},\"thumbnailUrl\":\"https:\\\/\\\/www.woclleydon.com\\\/wp-content\\\/uploads\\\/2023\\\/10\\\/wocl-leydon-stamford.jpg\",\"datePublished\":\"2023-09-18T19:38:00+00:00\",\"dateModified\":\"2025-06-30T18:27:05+00:00\",\"breadcrumb\":{\"@id\":\"https:\\\/\\\/www.woclleydon.com\\\/es\\\/abogado-de-lesiones-personales-en-stamford\\\/#breadcrumb\"},\"inLanguage\":\"es\",\"potentialAction\":[{\"@type\":\"ReadAction\",\"target\":[\"https:\\\/\\\/www.woclleydon.com\\\/es\\\/abogado-de-lesiones-personales-en-stamford\\\/\"]}]},{\"@type\":\"ImageObject\",\"inLanguage\":\"es\",\"@id\":\"https:\\\/\\\/www.woclleydon.com\\\/es\\\/abogado-de-lesiones-personales-en-stamford\\\/#primaryimage\",\"url\":\"https:\\\/\\\/www.woclleydon.com\\\/wp-content\\\/uploads\\\/2023\\\/10\\\/wocl-leydon-stamford.jpg\",\"contentUrl\":\"https:\\\/\\\/www.woclleydon.com\\\/wp-content\\\/uploads\\\/2023\\\/10\\\/wocl-leydon-stamford.jpg\"},{\"@type\":\"BreadcrumbList\",\"@id\":\"https:\\\/\\\/www.woclleydon.com\\\/es\\\/abogado-de-lesiones-personales-en-stamford\\\/#breadcrumb\",\"itemListElement\":[{\"@type\":\"ListItem\",\"position\":1,\"name\":\"Home\",\"item\":\"https:\\\/\\\/www.woclleydon.com\\\/es\\\/\"},{\"@type\":\"ListItem\",\"position\":2,\"name\":\"Abogado de lesiones personales en Stamford\"}]},{\"@type\":\"WebSite\",\"@id\":\"https:\\\/\\\/www.woclleydon.com\\\/es\\\/#website\",\"url\":\"https:\\\/\\\/www.woclleydon.com\\\/es\\\/\",\"name\":\"Abogados de lesiones personales de Wocl Leydon\",\"description\":\"Your Case is Personal to Us!\",\"potentialAction\":[{\"@type\":\"SearchAction\",\"target\":{\"@type\":\"EntryPoint\",\"urlTemplate\":\"https:\\\/\\\/www.woclleydon.com\\\/es\\\/?s={search_term_string}\"},\"query-input\":{\"@type\":\"PropertyValueSpecification\",\"valueRequired\":true,\"valueName\":\"search_term_string\"}}],\"inLanguage\":\"es\"}]}<\/script>\n<!-- \/ Yoast SEO plugin. -->","yoast_head_json":{"title":"Abogado de lesiones personales en Stamford - Abogados de lesiones personales de Wocl Leydon","robots":{"index":"index","follow":"follow","max-snippet":"max-snippet:-1","max-image-preview":"max-image-preview:large","max-video-preview":"max-video-preview:-1"},"canonical":"https:\/\/www.woclleydon.com\/es\/abogado-de-lesiones-personales-en-stamford\/","og_locale":"es_ES","og_type":"article","og_title":"Abogado de lesiones personales en Stamford - Abogados de lesiones personales de Wocl Leydon","og_description":"Abogado de lesiones personales en Stamford Abogado de lesiones personales de Stamford: una lesi\u00f3n puede destruir sus planes para el futuro y dejarlo pregunt\u00e1ndose c\u00f3mo se recuperar\u00e1 alg\u00fan d\u00eda. Las facturas hospitalarias, la p\u00e9rdida de salarios y otros costos pueden acumularse r\u00e1pidamente. Obtener tratamiento m\u00e9dico para sus lesiones puede consumir todo su tiempo y energ\u00eda. [&hellip;]","og_url":"https:\/\/www.woclleydon.com\/es\/abogado-de-lesiones-personales-en-stamford\/","og_site_name":"Abogados de lesiones personales de Wocl Leydon","article_modified_time":"2025-06-30T18:27:05+00:00","og_image":[{"url":"https:\/\/www.woclleydon.com\/wp-content\/uploads\/2023\/10\/wocl-leydon-stamford.jpg","type":"","width":"","height":""}],"twitter_card":"summary_large_image","twitter_misc":{"Tiempo de lectura":"2 minutos"},"schema":{"@context":"https:\/\/schema.org","@graph":[{"@type":"WebPage","@id":"https:\/\/www.woclleydon.com\/es\/abogado-de-lesiones-personales-en-stamford\/","url":"https:\/\/www.woclleydon.com\/es\/abogado-de-lesiones-personales-en-stamford\/","name":"Abogado de lesiones personales en Stamford - Abogados de lesiones personales de Wocl Leydon","isPartOf":{"@id":"https:\/\/www.woclleydon.com\/es\/#website"},"primaryImageOfPage":{"@id":"https:\/\/www.woclleydon.com\/es\/abogado-de-lesiones-personales-en-stamford\/#primaryimage"},"image":{"@id":"https:\/\/www.woclleydon.com\/es\/abogado-de-lesiones-personales-en-stamford\/#primaryimage"},"thumbnailUrl":"https:\/\/www.woclleydon.com\/wp-content\/uploads\/2023\/10\/wocl-leydon-stamford.jpg","datePublished":"2023-09-18T19:38:00+00:00","dateModified":"2025-06-30T18:27:05+00:00","breadcrumb":{"@id":"https:\/\/www.woclleydon.com\/es\/abogado-de-lesiones-personales-en-stamford\/#breadcrumb"},"inLanguage":"es","potentialAction":[{"@type":"ReadAction","target":["https:\/\/www.woclleydon.com\/es\/abogado-de-lesiones-personales-en-stamford\/"]}]},{"@type":"ImageObject","inLanguage":"es","@id":"https:\/\/www.woclleydon.com\/es\/abogado-de-lesiones-personales-en-stamford\/#primaryimage","url":"https:\/\/www.woclleydon.com\/wp-content\/uploads\/2023\/10\/wocl-leydon-stamford.jpg","contentUrl":"https:\/\/www.woclleydon.com\/wp-content\/uploads\/2023\/10\/wocl-leydon-stamford.jpg"},{"@type":"BreadcrumbList","@id":"https:\/\/www.woclleydon.com\/es\/abogado-de-lesiones-personales-en-stamford\/#breadcrumb","itemListElement":[{"@type":"ListItem","position":1,"name":"Home","item":"https:\/\/www.woclleydon.com\/es\/"},{"@type":"ListItem","position":2,"name":"Abogado de lesiones personales en Stamford"}]},{"@type":"WebSite","@id":"https:\/\/www.woclleydon.com\/es\/#website","url":"https:\/\/www.woclleydon.com\/es\/","name":"Abogados de lesiones personales de Wocl Leydon","description":"Your Case is Personal to Us!","potentialAction":[{"@type":"SearchAction","target":{"@type":"EntryPoint","urlTemplate":"https:\/\/www.woclleydon.com\/es\/?s={search_term_string}"},"query-input":{"@type":"PropertyValueSpecification","valueRequired":true,"valueName":"search_term_string"}}],"inLanguage":"es"}]}},"publishpress_future_action":{"enabled":false,"date":"2026-05-11 12:25:17","action":"change-status","newStatus":"draft","terms":[],"taxonomy":"translation_priority","extraData":[]},"publishpress_future_workflow_manual_trigger":{"enabledWorkflows":[]},"_links":{"self":[{"href":"https:\/\/www.woclleydon.com\/es\/wp-json\/wp\/v2\/pages\/5756","targetHints":{"allow":["GET"]}}],"collection":[{"href":"https:\/\/www.woclleydon.com\/es\/wp-json\/wp\/v2\/pages"}],"about":[{"href":"https:\/\/www.woclleydon.com\/es\/wp-json\/wp\/v2\/types\/page"}],"author":[{"embeddable":true,"href":"https:\/\/www.woclleydon.com\/es\/wp-json\/wp\/v2\/users\/18"}],"replies":[{"embeddable":true,"href":"https:\/\/www.woclleydon.com\/es\/wp-json\/wp\/v2\/comments?post=5756"}],"version-history":[{"count":1,"href":"https:\/\/www.woclleydon.com\/es\/wp-json\/wp\/v2\/pages\/5756\/revisions"}],"predecessor-version":[{"id":5757,"href":"https:\/\/www.woclleydon.com\/es\/wp-json\/wp\/v2\/pages\/5756\/revisions\/5757"}],"wp:attachment":[{"href":"https:\/\/www.woclleydon.com\/es\/wp-json\/wp\/v2\/media?parent=5756"}],"curies":[{"name":"wp","href":"https:\/\/api.w.org\/{rel}","templated":true}]}}