{"id":5759,"date":"2023-01-31T04:15:39","date_gmt":"2023-01-31T04:15:39","guid":{"rendered":"https:\/\/staging.woclleydon.com\/declaracion-de-accesibilidad\/"},"modified":"2023-01-31T04:15:39","modified_gmt":"2023-01-31T04:15:39","slug":"declaracion-de-accesibilidad","status":"publish","type":"page","link":"https:\/\/www.woclleydon.com\/es\/declaracion-de-accesibilidad\/","title":{"rendered":"Declaraci\u00f3n de accesibilidad"},"content":{"rendered":"<h1>Declaraci\u00f3n de accesibilidad<\/h1>\n<p>Wocl Leydon Personal Injury Attorneys &#8211; WoclLeydon.com se compromete a proporcionar un sitio web que sea accesible a la audiencia m\u00e1s amplia posible, independientemente de la tecnolog\u00eda o la capacidad. Estamos trabajando activamente con una empresa de desarrollo de sitios web para aumentar la accesibilidad y facilidad de uso de nuestro sitio web y, al hacerlo, adherirnos a muchas de las normas y directrices disponibles.<\/p>\n<p>Wocl Leydon Personal Injury Attorneys &#8211; WoclLeydon.com se esforzar\u00e1 por adherirse a las pautas y normas aceptadas de accesibilidad y usabilidad, pero no siempre es posible hacerlo en todas las \u00e1reas del sitio web.<\/p>\n<p>Buscamos continuamente soluciones que permitan que todas las \u00e1reas del sitio alcancen el mismo nivel de accesibilidad web general. Mientras tanto, si tiene alguna dificultad para acceder al sitio web WoclLeydon.com, no dude en ponerse en contacto con nosotros en el <a href=\"tel:12033333339\">(203) 990 1559<\/a> o env\u00edenos un correo electr\u00f3nico a <a href=\"mailto:thendrie@woclleydon\">thendrie@woclleydon<\/a>, de 8:00 a 17:00 de lunes a viernes.<\/p>\n<div class=\"col-md-4\">\n<div class=\"sidebar\">\n<div class=\"text-center\"><\/div>\n<\/div>\n<\/div>\n","protected":false},"excerpt":{"rendered":"<p>Declaraci\u00f3n de accesibilidad Wocl Leydon Personal Injury Attorneys &#8211; WoclLeydon.com se compromete a proporcionar un sitio web que sea accesible a la audiencia m\u00e1s amplia posible, independientemente de la tecnolog\u00eda o la capacidad. Estamos trabajando activamente con una empresa de desarrollo de sitios web para aumentar la accesibilidad y facilidad de uso de nuestro sitio [&hellip;]<\/p>\n","protected":false},"author":18,"featured_media":0,"parent":0,"menu_order":14,"comment_status":"closed","ping_status":"closed","template":"","meta":{"_acf_changed":false,"footnotes":""},"class_list":["post-5759","page","type-page","status-publish","hentry"],"acf":[],"yoast_head":"<!-- This site is optimized with the Yoast SEO plugin v27.4 - https:\/\/yoast.com\/product\/yoast-seo-wordpress\/ -->\n<title>Declaraci\u00f3n de accesibilidad - Wocl Leydon Personal Injury Lawyers<\/title>\n<meta name=\"description\" content=\"Declaraci\u00f3n de accesibilidad: Nuestro bufete, Wocl Leydon, se compromete a hacer accesible su tecnolog\u00eda electr\u00f3nica y de la informaci\u00f3n.\" \/>\n<meta name=\"robots\" content=\"index, follow, max-snippet:-1, max-image-preview:large, max-video-preview:-1\" \/>\n<link rel=\"canonical\" href=\"https:\/\/www.woclleydon.com\/es\/declaracion-de-accesibilidad\/\" \/>\n<meta property=\"og:locale\" content=\"es_ES\" \/>\n<meta property=\"og:type\" content=\"article\" \/>\n<meta property=\"og:title\" content=\"Declaraci\u00f3n de accesibilidad - Wocl Leydon Personal Injury Lawyers\" \/>\n<meta property=\"og:description\" content=\"Declaraci\u00f3n de accesibilidad: Nuestro bufete, Wocl Leydon, se compromete a hacer accesible su tecnolog\u00eda electr\u00f3nica y de la informaci\u00f3n.\" \/>\n<meta property=\"og:url\" content=\"https:\/\/www.woclleydon.com\/es\/declaracion-de-accesibilidad\/\" \/>\n<meta property=\"og:site_name\" content=\"Abogados de lesiones personales de Wocl Leydon\" \/>\n<meta property=\"og:image\" content=\"https:\/\/www.woclleydon.com\/wp-content\/uploads\/2024\/05\/wl_logo_personalInjuryTrialLawyers-1.png\" \/>\n\t<meta property=\"og:image:width\" content=\"2287\" \/>\n\t<meta property=\"og:image:height\" content=\"975\" \/>\n\t<meta property=\"og:image:type\" content=\"image\/png\" \/>\n<meta name=\"twitter:card\" content=\"summary_large_image\" \/>\n<meta name=\"twitter:label1\" content=\"Tiempo de lectura\" \/>\n\t<meta name=\"twitter:data1\" content=\"1 minuto\" \/>\n<script type=\"application\/ld+json\" class=\"yoast-schema-graph\">{\"@context\":\"https:\\\/\\\/schema.org\",\"@graph\":[{\"@type\":\"WebPage\",\"@id\":\"https:\\\/\\\/www.woclleydon.com\\\/es\\\/declaracion-de-accesibilidad\\\/\",\"url\":\"https:\\\/\\\/www.woclleydon.com\\\/es\\\/declaracion-de-accesibilidad\\\/\",\"name\":\"Declaraci\u00f3n de accesibilidad - Wocl Leydon Personal Injury Lawyers\",\"isPartOf\":{\"@id\":\"https:\\\/\\\/www.woclleydon.com\\\/es\\\/#website\"},\"datePublished\":\"2023-01-31T04:15:39+00:00\",\"description\":\"Declaraci\u00f3n de accesibilidad: Nuestro bufete, Wocl Leydon, se compromete a hacer accesible su tecnolog\u00eda electr\u00f3nica y de la informaci\u00f3n.\",\"breadcrumb\":{\"@id\":\"https:\\\/\\\/www.woclleydon.com\\\/es\\\/declaracion-de-accesibilidad\\\/#breadcrumb\"},\"inLanguage\":\"es\",\"potentialAction\":[{\"@type\":\"ReadAction\",\"target\":[\"https:\\\/\\\/www.woclleydon.com\\\/es\\\/declaracion-de-accesibilidad\\\/\"]}]},{\"@type\":\"BreadcrumbList\",\"@id\":\"https:\\\/\\\/www.woclleydon.com\\\/es\\\/declaracion-de-accesibilidad\\\/#breadcrumb\",\"itemListElement\":[{\"@type\":\"ListItem\",\"position\":1,\"name\":\"Home\",\"item\":\"https:\\\/\\\/www.woclleydon.com\\\/es\\\/\"},{\"@type\":\"ListItem\",\"position\":2,\"name\":\"Declaraci\u00f3n de accesibilidad\"}]},{\"@type\":\"WebSite\",\"@id\":\"https:\\\/\\\/www.woclleydon.com\\\/es\\\/#website\",\"url\":\"https:\\\/\\\/www.woclleydon.com\\\/es\\\/\",\"name\":\"Abogados de lesiones personales de Wocl Leydon\",\"description\":\"Your Case is Personal to Us!\",\"potentialAction\":[{\"@type\":\"SearchAction\",\"target\":{\"@type\":\"EntryPoint\",\"urlTemplate\":\"https:\\\/\\\/www.woclleydon.com\\\/es\\\/?s={search_term_string}\"},\"query-input\":{\"@type\":\"PropertyValueSpecification\",\"valueRequired\":true,\"valueName\":\"search_term_string\"}}],\"inLanguage\":\"es\"}]}<\/script>\n<!-- \/ Yoast SEO plugin. -->","yoast_head_json":{"title":"Declaraci\u00f3n de accesibilidad - Wocl Leydon Personal Injury Lawyers","description":"Declaraci\u00f3n de accesibilidad: Nuestro bufete, Wocl Leydon, se compromete a hacer accesible su tecnolog\u00eda electr\u00f3nica y de la informaci\u00f3n.","robots":{"index":"index","follow":"follow","max-snippet":"max-snippet:-1","max-image-preview":"max-image-preview:large","max-video-preview":"max-video-preview:-1"},"canonical":"https:\/\/www.woclleydon.com\/es\/declaracion-de-accesibilidad\/","og_locale":"es_ES","og_type":"article","og_title":"Declaraci\u00f3n de accesibilidad - Wocl Leydon Personal Injury Lawyers","og_description":"Declaraci\u00f3n de accesibilidad: Nuestro bufete, Wocl Leydon, se compromete a hacer accesible su tecnolog\u00eda electr\u00f3nica y de la informaci\u00f3n.","og_url":"https:\/\/www.woclleydon.com\/es\/declaracion-de-accesibilidad\/","og_site_name":"Abogados de lesiones personales de Wocl Leydon","og_image":[{"width":2287,"height":975,"url":"https:\/\/www.woclleydon.com\/wp-content\/uploads\/2024\/05\/wl_logo_personalInjuryTrialLawyers-1.png","type":"image\/png"}],"twitter_card":"summary_large_image","twitter_misc":{"Tiempo de lectura":"1 minuto"},"schema":{"@context":"https:\/\/schema.org","@graph":[{"@type":"WebPage","@id":"https:\/\/www.woclleydon.com\/es\/declaracion-de-accesibilidad\/","url":"https:\/\/www.woclleydon.com\/es\/declaracion-de-accesibilidad\/","name":"Declaraci\u00f3n de accesibilidad - Wocl Leydon Personal Injury Lawyers","isPartOf":{"@id":"https:\/\/www.woclleydon.com\/es\/#website"},"datePublished":"2023-01-31T04:15:39+00:00","description":"Declaraci\u00f3n de accesibilidad: Nuestro bufete, Wocl Leydon, se compromete a hacer accesible su tecnolog\u00eda electr\u00f3nica y de la informaci\u00f3n.","breadcrumb":{"@id":"https:\/\/www.woclleydon.com\/es\/declaracion-de-accesibilidad\/#breadcrumb"},"inLanguage":"es","potentialAction":[{"@type":"ReadAction","target":["https:\/\/www.woclleydon.com\/es\/declaracion-de-accesibilidad\/"]}]},{"@type":"BreadcrumbList","@id":"https:\/\/www.woclleydon.com\/es\/declaracion-de-accesibilidad\/#breadcrumb","itemListElement":[{"@type":"ListItem","position":1,"name":"Home","item":"https:\/\/www.woclleydon.com\/es\/"},{"@type":"ListItem","position":2,"name":"Declaraci\u00f3n de accesibilidad"}]},{"@type":"WebSite","@id":"https:\/\/www.woclleydon.com\/es\/#website","url":"https:\/\/www.woclleydon.com\/es\/","name":"Abogados de lesiones personales de Wocl Leydon","description":"Your Case is Personal to Us!","potentialAction":[{"@type":"SearchAction","target":{"@type":"EntryPoint","urlTemplate":"https:\/\/www.woclleydon.com\/es\/?s={search_term_string}"},"query-input":{"@type":"PropertyValueSpecification","valueRequired":true,"valueName":"search_term_string"}}],"inLanguage":"es"}]}},"publishpress_future_action":{"enabled":false,"date":"2026-04-24 03:39:08","action":"change-status","newStatus":"draft","terms":[],"taxonomy":"translation_priority","extraData":[]},"publishpress_future_workflow_manual_trigger":{"enabledWorkflows":[]},"_links":{"self":[{"href":"https:\/\/www.woclleydon.com\/es\/wp-json\/wp\/v2\/pages\/5759","targetHints":{"allow":["GET"]}}],"collection":[{"href":"https:\/\/www.woclleydon.com\/es\/wp-json\/wp\/v2\/pages"}],"about":[{"href":"https:\/\/www.woclleydon.com\/es\/wp-json\/wp\/v2\/types\/page"}],"author":[{"embeddable":true,"href":"https:\/\/www.woclleydon.com\/es\/wp-json\/wp\/v2\/users\/18"}],"replies":[{"embeddable":true,"href":"https:\/\/www.woclleydon.com\/es\/wp-json\/wp\/v2\/comments?post=5759"}],"version-history":[{"count":0,"href":"https:\/\/www.woclleydon.com\/es\/wp-json\/wp\/v2\/pages\/5759\/revisions"}],"wp:attachment":[{"href":"https:\/\/www.woclleydon.com\/es\/wp-json\/wp\/v2\/media?parent=5759"}],"curies":[{"name":"wp","href":"https:\/\/api.w.org\/{rel}","templated":true}]}}