{"id":5762,"date":"2023-09-18T20:18:41","date_gmt":"2023-09-18T20:18:41","guid":{"rendered":"https:\/\/staging.woclleydon.com\/condiciones-generales\/"},"modified":"2024-01-08T20:57:46","modified_gmt":"2024-01-08T20:57:46","slug":"condiciones-generales","status":"publish","type":"page","link":"https:\/\/www.woclleydon.com\/es\/condiciones-generales\/","title":{"rendered":"T\u00e9rminos y condiciones"},"content":{"rendered":"<h1>T\u00e9rminos y condiciones<\/h1>\n<p>Al enviar su solicitud a trav\u00e9s de nuestros formularios en l\u00ednea o chat, usted otorga permiso a Wocl Leydon Personal Injury Attorneys o cualquiera de nuestros afiliados, agentes, administradores de casos, asistentes legales, y \/ o abogado para ponerse en contacto con usted por tel\u00e9fono, mensajes de texto, sistema de marcaci\u00f3n telef\u00f3nica autom\u00e1tica y \/ o un sistema de marcaci\u00f3n telef\u00f3nica utilizando mensaje de voz artificial o pregrabado, y \/ o correo electr\u00f3nico utilizando el n\u00famero de tel\u00e9fono o direcci\u00f3n de correo electr\u00f3nico que usted proporcion\u00f3 para que podamos ayudarle con su solicitud de una evaluaci\u00f3n gratuita del caso y usted da su consentimiento para nuestro uso de un sistema de marcaci\u00f3n telef\u00f3nica autom\u00e1tica, incluso si el n\u00famero que usted nos proporciona es una l\u00ednea inal\u00e1mbrica. Ser contactado no es condici\u00f3n de compra ni de aceptaci\u00f3n de servicios de ning\u00fan tipo. Tenga en cuenta que no existe una relaci\u00f3n cliente-abogado hasta que usted y nuestro bufete hayan firmado un acuerdo.<\/p>\n","protected":false},"excerpt":{"rendered":"<p>T\u00e9rminos y condiciones Al enviar su solicitud a trav\u00e9s de nuestros formularios en l\u00ednea o chat, usted otorga permiso a Wocl Leydon Personal Injury Attorneys o cualquiera de nuestros afiliados, agentes, administradores de casos, asistentes legales, y \/ o abogado para ponerse en contacto con usted por tel\u00e9fono, mensajes de texto, sistema de marcaci\u00f3n telef\u00f3nica [&hellip;]<\/p>\n","protected":false},"author":18,"featured_media":0,"parent":0,"menu_order":0,"comment_status":"closed","ping_status":"closed","template":"","meta":{"_acf_changed":false,"footnotes":""},"class_list":["post-5762","page","type-page","status-publish","hentry"],"acf":[],"yoast_head":"<!-- This site is optimized with the Yoast SEO plugin v27.4 - https:\/\/yoast.com\/product\/yoast-seo-wordpress\/ -->\n<title>T\u00e9rminos y condiciones - Wocl Leydon Personal Injury Lawyers<\/title>\n<meta name=\"description\" content=\"Averig\u00fce cu\u00e1les son los t\u00e9rminos y condiciones de Wocly Leydon para ver si tiene alguna pregunta sobre el funcionamiento del sitio.\" \/>\n<meta name=\"robots\" content=\"index, follow, max-snippet:-1, max-image-preview:large, max-video-preview:-1\" \/>\n<link rel=\"canonical\" href=\"https:\/\/www.woclleydon.com\/es\/condiciones-generales\/\" \/>\n<meta property=\"og:locale\" content=\"es_ES\" \/>\n<meta property=\"og:type\" content=\"article\" \/>\n<meta property=\"og:title\" content=\"T\u00e9rminos y condiciones - Wocl Leydon Personal Injury Lawyers\" \/>\n<meta property=\"og:description\" content=\"Averig\u00fce cu\u00e1les son los t\u00e9rminos y condiciones de Wocly Leydon para ver si tiene alguna pregunta sobre el funcionamiento del sitio.\" \/>\n<meta property=\"og:url\" content=\"https:\/\/www.woclleydon.com\/es\/condiciones-generales\/\" \/>\n<meta property=\"og:site_name\" content=\"Abogados de lesiones personales de Wocl Leydon\" \/>\n<meta property=\"article:modified_time\" content=\"2024-01-08T20:57:46+00:00\" \/>\n<meta property=\"og:image\" content=\"https:\/\/www.woclleydon.com\/wp-content\/uploads\/2024\/05\/wl_logo_personalInjuryTrialLawyers-1.png\" \/>\n\t<meta property=\"og:image:width\" content=\"2287\" \/>\n\t<meta property=\"og:image:height\" content=\"975\" \/>\n\t<meta property=\"og:image:type\" content=\"image\/png\" \/>\n<meta name=\"twitter:card\" content=\"summary_large_image\" \/>\n<meta name=\"twitter:label1\" content=\"Tiempo de lectura\" \/>\n\t<meta name=\"twitter:data1\" content=\"1 minuto\" \/>\n<script type=\"application\/ld+json\" class=\"yoast-schema-graph\">{\"@context\":\"https:\\\/\\\/schema.org\",\"@graph\":[{\"@type\":\"WebPage\",\"@id\":\"https:\\\/\\\/www.woclleydon.com\\\/es\\\/condiciones-generales\\\/\",\"url\":\"https:\\\/\\\/www.woclleydon.com\\\/es\\\/condiciones-generales\\\/\",\"name\":\"T\u00e9rminos y condiciones - Wocl Leydon Personal Injury Lawyers\",\"isPartOf\":{\"@id\":\"https:\\\/\\\/www.woclleydon.com\\\/es\\\/#website\"},\"datePublished\":\"2023-09-18T20:18:41+00:00\",\"dateModified\":\"2024-01-08T20:57:46+00:00\",\"description\":\"Averig\u00fce cu\u00e1les son los t\u00e9rminos y condiciones de Wocly Leydon para ver si tiene alguna pregunta sobre el funcionamiento del sitio.\",\"breadcrumb\":{\"@id\":\"https:\\\/\\\/www.woclleydon.com\\\/es\\\/condiciones-generales\\\/#breadcrumb\"},\"inLanguage\":\"es\",\"potentialAction\":[{\"@type\":\"ReadAction\",\"target\":[\"https:\\\/\\\/www.woclleydon.com\\\/es\\\/condiciones-generales\\\/\"]}]},{\"@type\":\"BreadcrumbList\",\"@id\":\"https:\\\/\\\/www.woclleydon.com\\\/es\\\/condiciones-generales\\\/#breadcrumb\",\"itemListElement\":[{\"@type\":\"ListItem\",\"position\":1,\"name\":\"Home\",\"item\":\"https:\\\/\\\/www.woclleydon.com\\\/es\\\/\"},{\"@type\":\"ListItem\",\"position\":2,\"name\":\"T\u00e9rminos y condiciones\"}]},{\"@type\":\"WebSite\",\"@id\":\"https:\\\/\\\/www.woclleydon.com\\\/es\\\/#website\",\"url\":\"https:\\\/\\\/www.woclleydon.com\\\/es\\\/\",\"name\":\"Abogados de lesiones personales de Wocl Leydon\",\"description\":\"Your Case is Personal to Us!\",\"potentialAction\":[{\"@type\":\"SearchAction\",\"target\":{\"@type\":\"EntryPoint\",\"urlTemplate\":\"https:\\\/\\\/www.woclleydon.com\\\/es\\\/?s={search_term_string}\"},\"query-input\":{\"@type\":\"PropertyValueSpecification\",\"valueRequired\":true,\"valueName\":\"search_term_string\"}}],\"inLanguage\":\"es\"}]}<\/script>\n<!-- \/ Yoast SEO plugin. -->","yoast_head_json":{"title":"T\u00e9rminos y condiciones - Wocl Leydon Personal Injury Lawyers","description":"Averig\u00fce cu\u00e1les son los t\u00e9rminos y condiciones de Wocly Leydon para ver si tiene alguna pregunta sobre el funcionamiento del sitio.","robots":{"index":"index","follow":"follow","max-snippet":"max-snippet:-1","max-image-preview":"max-image-preview:large","max-video-preview":"max-video-preview:-1"},"canonical":"https:\/\/www.woclleydon.com\/es\/condiciones-generales\/","og_locale":"es_ES","og_type":"article","og_title":"T\u00e9rminos y condiciones - Wocl Leydon Personal Injury Lawyers","og_description":"Averig\u00fce cu\u00e1les son los t\u00e9rminos y condiciones de Wocly Leydon para ver si tiene alguna pregunta sobre el funcionamiento del sitio.","og_url":"https:\/\/www.woclleydon.com\/es\/condiciones-generales\/","og_site_name":"Abogados de lesiones personales de Wocl Leydon","article_modified_time":"2024-01-08T20:57:46+00:00","og_image":[{"width":2287,"height":975,"url":"https:\/\/www.woclleydon.com\/wp-content\/uploads\/2024\/05\/wl_logo_personalInjuryTrialLawyers-1.png","type":"image\/png"}],"twitter_card":"summary_large_image","twitter_misc":{"Tiempo de lectura":"1 minuto"},"schema":{"@context":"https:\/\/schema.org","@graph":[{"@type":"WebPage","@id":"https:\/\/www.woclleydon.com\/es\/condiciones-generales\/","url":"https:\/\/www.woclleydon.com\/es\/condiciones-generales\/","name":"T\u00e9rminos y condiciones - Wocl Leydon Personal Injury Lawyers","isPartOf":{"@id":"https:\/\/www.woclleydon.com\/es\/#website"},"datePublished":"2023-09-18T20:18:41+00:00","dateModified":"2024-01-08T20:57:46+00:00","description":"Averig\u00fce cu\u00e1les son los t\u00e9rminos y condiciones de Wocly Leydon para ver si tiene alguna pregunta sobre el funcionamiento del sitio.","breadcrumb":{"@id":"https:\/\/www.woclleydon.com\/es\/condiciones-generales\/#breadcrumb"},"inLanguage":"es","potentialAction":[{"@type":"ReadAction","target":["https:\/\/www.woclleydon.com\/es\/condiciones-generales\/"]}]},{"@type":"BreadcrumbList","@id":"https:\/\/www.woclleydon.com\/es\/condiciones-generales\/#breadcrumb","itemListElement":[{"@type":"ListItem","position":1,"name":"Home","item":"https:\/\/www.woclleydon.com\/es\/"},{"@type":"ListItem","position":2,"name":"T\u00e9rminos y condiciones"}]},{"@type":"WebSite","@id":"https:\/\/www.woclleydon.com\/es\/#website","url":"https:\/\/www.woclleydon.com\/es\/","name":"Abogados de lesiones personales de Wocl Leydon","description":"Your Case is Personal to Us!","potentialAction":[{"@type":"SearchAction","target":{"@type":"EntryPoint","urlTemplate":"https:\/\/www.woclleydon.com\/es\/?s={search_term_string}"},"query-input":{"@type":"PropertyValueSpecification","valueRequired":true,"valueName":"search_term_string"}}],"inLanguage":"es"}]}},"publishpress_future_action":{"enabled":false,"date":"2026-04-23 04:47:35","action":"change-status","newStatus":"draft","terms":[],"taxonomy":"translation_priority","extraData":[]},"publishpress_future_workflow_manual_trigger":{"enabledWorkflows":[]},"_links":{"self":[{"href":"https:\/\/www.woclleydon.com\/es\/wp-json\/wp\/v2\/pages\/5762","targetHints":{"allow":["GET"]}}],"collection":[{"href":"https:\/\/www.woclleydon.com\/es\/wp-json\/wp\/v2\/pages"}],"about":[{"href":"https:\/\/www.woclleydon.com\/es\/wp-json\/wp\/v2\/types\/page"}],"author":[{"embeddable":true,"href":"https:\/\/www.woclleydon.com\/es\/wp-json\/wp\/v2\/users\/18"}],"replies":[{"embeddable":true,"href":"https:\/\/www.woclleydon.com\/es\/wp-json\/wp\/v2\/comments?post=5762"}],"version-history":[{"count":1,"href":"https:\/\/www.woclleydon.com\/es\/wp-json\/wp\/v2\/pages\/5762\/revisions"}],"predecessor-version":[{"id":5764,"href":"https:\/\/www.woclleydon.com\/es\/wp-json\/wp\/v2\/pages\/5762\/revisions\/5764"}],"wp:attachment":[{"href":"https:\/\/www.woclleydon.com\/es\/wp-json\/wp\/v2\/media?parent=5762"}],"curies":[{"name":"wp","href":"https:\/\/api.w.org\/{rel}","templated":true}]}}