{"id":5763,"date":"2023-10-14T04:09:58","date_gmt":"2023-10-14T04:09:58","guid":{"rendered":"https:\/\/staging.woclleydon.com\/descargo-de-responsabilidad\/"},"modified":"2023-10-14T04:09:58","modified_gmt":"2023-10-14T04:09:58","slug":"descargo-de-responsabilidad","status":"publish","type":"page","link":"https:\/\/www.woclleydon.com\/es\/descargo-de-responsabilidad\/","title":{"rendered":"Descargo de responsabilidad"},"content":{"rendered":"<h2>Descargo de responsabilidad<\/h2>\n<p>La informaci\u00f3n proporcionada por Wocl Leydon Personal Injury Attorneys (\u00abnosotros\u00bb, \u00abnos\u00bb o \u00abnuestro\u00bb) en <a href=\"https:\/\/www.woclleydon.com\/\">https:\/\/www.woclleydon.com\/<\/a> (el \u00abSitio\u00bb) tiene \u00fanicamente fines informativos generales. Toda la informaci\u00f3n contenida en el Sitio se facilita de buena fe; sin embargo, no ofrecemos ninguna declaraci\u00f3n ni garant\u00eda de ning\u00fan tipo, expresa o impl\u00edcita, en relaci\u00f3n con la exactitud, adecuaci\u00f3n, validez, fiabilidad, disponibilidad o integridad de la informaci\u00f3n contenida en el Sitio. BAJO NINGUNA CIRCUNSTANCIA SEREMOS RESPONSABLES ANTE USTED POR CUALQUIER P\u00c9RDIDA O DA\u00d1O DE CUALQUIER TIPO QUE SE PRODUZCA COMO RESULTADO DEL USO DEL SITIO O DE LA CONFIANZA DEPOSITADA EN CUALQUIER INFORMACI\u00d3N PROPORCIONADA EN EL SITIO. EL USO QUE USTED HAGA DEL SITIO WEB Y LA CONFIANZA QUE DEPOSITE EN LA INFORMACI\u00d3N CONTENIDA EN EL MISMO CORRER\u00c1N EXCLUSIVAMENTE POR SU CUENTA Y RIESGO.<\/p>\n<h2>Enlaces externos Descargo de responsabilidad<\/h2>\n<p>El Sitio puede contener (o usted puede recibir a trav\u00e9s del Sitio) enlaces a otros sitios web o contenidos pertenecientes a terceros o procedentes de terceros, o enlaces a sitios web y funciones en banners u otro tipo de publicidad. No investigamos, supervisamos ni comprobamos la exactitud, adecuaci\u00f3n, validez, fiabilidad, disponibilidad o integridad de dichos enlaces externos. NO GARANTIZAMOS, AVALAMOS NI ASUMIMOS RESPONSABILIDAD ALGUNA POR LA EXACTITUD O FIABILIDAD DE LA INFORMACI\u00d3N OFRECIDA POR SITIOS WEB DE TERCEROS ENLAZADOS A TRAV\u00c9S DEL SITIO O POR CUALQUIER SITIO WEB O ELEMENTO ENLAZADO EN CUALQUIER BANNER U OTRO TIPO DE PUBLICIDAD. NO SEREMOS PARTE NI RESPONSABLES EN MODO ALGUNO DE LA SUPERVISI\u00d3N DE CUALQUIER TRANSACCI\u00d3N ENTRE USTED Y TERCEROS PROVEEDORES DE PRODUCTOS O SERVICIOS.<\/p>\n<h2>Descargo de responsabilidad profesional<\/h2>\n<p>El Sitio no puede contener ni contiene asesoramiento jur\u00eddico. La informaci\u00f3n jur\u00eddica se facilita \u00fanicamente con fines informativos y educativos y no sustituye al asesoramiento profesional. Por consiguiente, antes de tomar medidas basadas en dicha informaci\u00f3n, le recomendamos que consulte con los profesionales adecuados. No proporcionamos ning\u00fan tipo de asesoramiento jur\u00eddico. EL USO O LA CONFIANZA DEPOSITADA EN CUALQUIER INFORMACI\u00d3N CONTENIDA EN ESTE SITIO CORRE EXCLUSIVAMENTE POR SU CUENTA Y RIESGO.<\/p>\n<h2>Testimonios Descargo de responsabilidad<\/h2>\n<p>El Sitio puede contener testimonios de usuarios de nuestros productos y\/o servicios. Estos testimonios reflejan las experiencias y opiniones reales de dichos usuarios. Sin embargo, las experiencias son personales de esos usuarios en particular, y no son necesariamente representativas de todos los usuarios de nuestros productos y\/o servicios. No pretendemos, y usted no debe suponer, que todos los usuarios vayan a tener las mismas experiencias. SUS RESULTADOS INDIVIDUALES PUEDEN VARIAR.<\/p>\n<p>Los testimonios que aparecen en el Sitio se presentan en diversas formas, como texto, audio y\/o v\u00eddeo, y son revisados por nosotros antes de ser publicados. Aparecen en el Sitio textualmente, tal y como fueron facilitados por los usuarios, salvo correcci\u00f3n de errores gramaticales o tipogr\u00e1ficos. Algunos testimonios pueden haberse acortado en aras de la brevedad cuando el testimonio completo conten\u00eda informaci\u00f3n superflua no relevante para el p\u00fablico en general.<\/p>\n<p>Los puntos de vista y opiniones contenidos en los testimonios pertenecen exclusivamente al usuario individual y no reflejan nuestros puntos de vista y opiniones. No estamos afiliados con los usuarios que proporcionan testimonios, y los usuarios no son pagados o compensados por sus testimonios.<\/p>\n<div class=\"col-md-5 col-lg-4 sidebar s\">\n<div id=\"primary\" class=\"sidebar widget-area\" role=\"complementary\"><\/div>\n<\/div>\n","protected":false},"excerpt":{"rendered":"<p>Descargo de responsabilidad La informaci\u00f3n proporcionada por Wocl Leydon Personal Injury Attorneys (\u00abnosotros\u00bb, \u00abnos\u00bb o \u00abnuestro\u00bb) en https:\/\/www.woclleydon.com\/ (el \u00abSitio\u00bb) tiene \u00fanicamente fines informativos generales. Toda la informaci\u00f3n contenida en el Sitio se facilita de buena fe; sin embargo, no ofrecemos ninguna declaraci\u00f3n ni garant\u00eda de ning\u00fan tipo, expresa o impl\u00edcita, en relaci\u00f3n con la [&hellip;]<\/p>\n","protected":false},"author":18,"featured_media":0,"parent":0,"menu_order":0,"comment_status":"closed","ping_status":"closed","template":"","meta":{"_acf_changed":false,"footnotes":""},"class_list":["post-5763","page","type-page","status-publish","hentry"],"acf":[],"yoast_head":"<!-- This site is optimized with the Yoast SEO plugin v27.5 - https:\/\/yoast.com\/product\/yoast-seo-wordpress\/ -->\n<title>Descargo de responsabilidad - Abogados de lesiones personales de Wocl Leydon<\/title>\n<meta name=\"description\" content=\"Descargo de responsabilidad: La informaci\u00f3n proporcionada por Wocl Leydon Personal Injury Attorneys es s\u00f3lo para fines generales. Lea atentamente los detalles\" \/>\n<meta name=\"robots\" content=\"index, follow, max-snippet:-1, max-image-preview:large, max-video-preview:-1\" \/>\n<link rel=\"canonical\" href=\"https:\/\/www.woclleydon.com\/es\/descargo-de-responsabilidad\/\" \/>\n<meta property=\"og:locale\" content=\"es_ES\" \/>\n<meta property=\"og:type\" content=\"article\" \/>\n<meta property=\"og:title\" content=\"Descargo de responsabilidad - Abogados de lesiones personales de Wocl Leydon\" \/>\n<meta property=\"og:description\" content=\"Descargo de responsabilidad: La informaci\u00f3n proporcionada por Wocl Leydon Personal Injury Attorneys es s\u00f3lo para fines generales. Lea atentamente los detalles\" \/>\n<meta property=\"og:url\" content=\"https:\/\/www.woclleydon.com\/es\/descargo-de-responsabilidad\/\" \/>\n<meta property=\"og:site_name\" content=\"Abogados de lesiones personales de Wocl Leydon\" \/>\n<meta property=\"og:image\" content=\"https:\/\/www.woclleydon.com\/wp-content\/uploads\/2024\/05\/wl_logo_personalInjuryTrialLawyers-1.png\" \/>\n\t<meta property=\"og:image:width\" content=\"2287\" \/>\n\t<meta property=\"og:image:height\" content=\"975\" \/>\n\t<meta property=\"og:image:type\" content=\"image\/png\" \/>\n<meta name=\"twitter:card\" content=\"summary_large_image\" \/>\n<meta name=\"twitter:label1\" content=\"Tiempo de lectura\" \/>\n\t<meta name=\"twitter:data1\" content=\"3 minutos\" \/>\n<script type=\"application\/ld+json\" class=\"yoast-schema-graph\">{\"@context\":\"https:\\\/\\\/schema.org\",\"@graph\":[{\"@type\":\"WebPage\",\"@id\":\"https:\\\/\\\/www.woclleydon.com\\\/es\\\/descargo-de-responsabilidad\\\/\",\"url\":\"https:\\\/\\\/www.woclleydon.com\\\/es\\\/descargo-de-responsabilidad\\\/\",\"name\":\"Descargo de responsabilidad - Abogados de lesiones personales de Wocl Leydon\",\"isPartOf\":{\"@id\":\"https:\\\/\\\/www.woclleydon.com\\\/es\\\/#website\"},\"datePublished\":\"2023-10-14T04:09:58+00:00\",\"description\":\"Descargo de responsabilidad: La informaci\u00f3n proporcionada por Wocl Leydon Personal Injury Attorneys es s\u00f3lo para fines generales. Lea atentamente los detalles\",\"breadcrumb\":{\"@id\":\"https:\\\/\\\/www.woclleydon.com\\\/es\\\/descargo-de-responsabilidad\\\/#breadcrumb\"},\"inLanguage\":\"es\",\"potentialAction\":[{\"@type\":\"ReadAction\",\"target\":[\"https:\\\/\\\/www.woclleydon.com\\\/es\\\/descargo-de-responsabilidad\\\/\"]}]},{\"@type\":\"BreadcrumbList\",\"@id\":\"https:\\\/\\\/www.woclleydon.com\\\/es\\\/descargo-de-responsabilidad\\\/#breadcrumb\",\"itemListElement\":[{\"@type\":\"ListItem\",\"position\":1,\"name\":\"Home\",\"item\":\"https:\\\/\\\/www.woclleydon.com\\\/es\\\/\"},{\"@type\":\"ListItem\",\"position\":2,\"name\":\"Descargo de responsabilidad\"}]},{\"@type\":\"WebSite\",\"@id\":\"https:\\\/\\\/www.woclleydon.com\\\/es\\\/#website\",\"url\":\"https:\\\/\\\/www.woclleydon.com\\\/es\\\/\",\"name\":\"Abogados de lesiones personales de Wocl Leydon\",\"description\":\"Your Case is Personal to Us!\",\"potentialAction\":[{\"@type\":\"SearchAction\",\"target\":{\"@type\":\"EntryPoint\",\"urlTemplate\":\"https:\\\/\\\/www.woclleydon.com\\\/es\\\/?s={search_term_string}\"},\"query-input\":{\"@type\":\"PropertyValueSpecification\",\"valueRequired\":true,\"valueName\":\"search_term_string\"}}],\"inLanguage\":\"es\"}]}<\/script>\n<!-- \/ Yoast SEO plugin. -->","yoast_head_json":{"title":"Descargo de responsabilidad - Abogados de lesiones personales de Wocl Leydon","description":"Descargo de responsabilidad: La informaci\u00f3n proporcionada por Wocl Leydon Personal Injury Attorneys es s\u00f3lo para fines generales. Lea atentamente los detalles","robots":{"index":"index","follow":"follow","max-snippet":"max-snippet:-1","max-image-preview":"max-image-preview:large","max-video-preview":"max-video-preview:-1"},"canonical":"https:\/\/www.woclleydon.com\/es\/descargo-de-responsabilidad\/","og_locale":"es_ES","og_type":"article","og_title":"Descargo de responsabilidad - Abogados de lesiones personales de Wocl Leydon","og_description":"Descargo de responsabilidad: La informaci\u00f3n proporcionada por Wocl Leydon Personal Injury Attorneys es s\u00f3lo para fines generales. Lea atentamente los detalles","og_url":"https:\/\/www.woclleydon.com\/es\/descargo-de-responsabilidad\/","og_site_name":"Abogados de lesiones personales de Wocl Leydon","og_image":[{"width":2287,"height":975,"url":"https:\/\/www.woclleydon.com\/wp-content\/uploads\/2024\/05\/wl_logo_personalInjuryTrialLawyers-1.png","type":"image\/png"}],"twitter_card":"summary_large_image","twitter_misc":{"Tiempo de lectura":"3 minutos"},"schema":{"@context":"https:\/\/schema.org","@graph":[{"@type":"WebPage","@id":"https:\/\/www.woclleydon.com\/es\/descargo-de-responsabilidad\/","url":"https:\/\/www.woclleydon.com\/es\/descargo-de-responsabilidad\/","name":"Descargo de responsabilidad - Abogados de lesiones personales de Wocl Leydon","isPartOf":{"@id":"https:\/\/www.woclleydon.com\/es\/#website"},"datePublished":"2023-10-14T04:09:58+00:00","description":"Descargo de responsabilidad: La informaci\u00f3n proporcionada por Wocl Leydon Personal Injury Attorneys es s\u00f3lo para fines generales. Lea atentamente los detalles","breadcrumb":{"@id":"https:\/\/www.woclleydon.com\/es\/descargo-de-responsabilidad\/#breadcrumb"},"inLanguage":"es","potentialAction":[{"@type":"ReadAction","target":["https:\/\/www.woclleydon.com\/es\/descargo-de-responsabilidad\/"]}]},{"@type":"BreadcrumbList","@id":"https:\/\/www.woclleydon.com\/es\/descargo-de-responsabilidad\/#breadcrumb","itemListElement":[{"@type":"ListItem","position":1,"name":"Home","item":"https:\/\/www.woclleydon.com\/es\/"},{"@type":"ListItem","position":2,"name":"Descargo de responsabilidad"}]},{"@type":"WebSite","@id":"https:\/\/www.woclleydon.com\/es\/#website","url":"https:\/\/www.woclleydon.com\/es\/","name":"Abogados de lesiones personales de Wocl Leydon","description":"Your Case is Personal to Us!","potentialAction":[{"@type":"SearchAction","target":{"@type":"EntryPoint","urlTemplate":"https:\/\/www.woclleydon.com\/es\/?s={search_term_string}"},"query-input":{"@type":"PropertyValueSpecification","valueRequired":true,"valueName":"search_term_string"}}],"inLanguage":"es"}]}},"publishpress_future_action":{"enabled":false,"date":"2026-05-19 12:03:13","action":"change-status","newStatus":"draft","terms":[],"taxonomy":"translation_priority","extraData":[]},"publishpress_future_workflow_manual_trigger":{"enabledWorkflows":[]},"_links":{"self":[{"href":"https:\/\/www.woclleydon.com\/es\/wp-json\/wp\/v2\/pages\/5763","targetHints":{"allow":["GET"]}}],"collection":[{"href":"https:\/\/www.woclleydon.com\/es\/wp-json\/wp\/v2\/pages"}],"about":[{"href":"https:\/\/www.woclleydon.com\/es\/wp-json\/wp\/v2\/types\/page"}],"author":[{"embeddable":true,"href":"https:\/\/www.woclleydon.com\/es\/wp-json\/wp\/v2\/users\/18"}],"replies":[{"embeddable":true,"href":"https:\/\/www.woclleydon.com\/es\/wp-json\/wp\/v2\/comments?post=5763"}],"version-history":[{"count":0,"href":"https:\/\/www.woclleydon.com\/es\/wp-json\/wp\/v2\/pages\/5763\/revisions"}],"wp:attachment":[{"href":"https:\/\/www.woclleydon.com\/es\/wp-json\/wp\/v2\/media?parent=5763"}],"curies":[{"name":"wp","href":"https:\/\/api.w.org\/{rel}","templated":true}]}}