{"id":8714,"date":"2023-10-30T05:59:37","date_gmt":"2023-10-30T09:59:37","guid":{"rendered":"https:\/\/www.woclleydon.com\/?page_id=8714"},"modified":"2025-11-12T15:12:06","modified_gmt":"2025-11-12T19:12:06","slug":"abogado-de-accidentes-de-camiones","status":"publish","type":"page","link":"https:\/\/www.woclleydon.com\/es\/abogado-de-lesiones-personales-en-stamford\/abogado-de-accidentes-de-camiones\/","title":{"rendered":"Abogado de accidentes de camiones en Stamford: Obtenga la ayuda que merece despu\u00e9s de una colisi\u00f3n"},"content":{"rendered":"<h1 class=\"page-title\">Abogado de accidentes de camiones en Stamford: Obtenga la ayuda que merece despu\u00e9s de una colisi\u00f3n<\/h1>\n<h4><img decoding=\"async\" class=\"alignnone wp-image-3624\" src=\"https:\/\/www.woclleydon.com\/wp-content\/uploads\/2023\/10\/wl-banner-tractor-trailer-accidents-1.jpg\" alt=\"Stamford Truck Accident Attorney \" width=\"1000\" height=\"370\" srcset=\"https:\/\/www.woclleydon.com\/wp-content\/uploads\/2023\/10\/wl-banner-tractor-trailer-accidents-1.jpg 779w, https:\/\/www.woclleydon.com\/wp-content\/uploads\/2023\/10\/wl-banner-tractor-trailer-accidents-1-300x111.jpg 300w, https:\/\/www.woclleydon.com\/wp-content\/uploads\/2023\/10\/wl-banner-tractor-trailer-accidents-1-768x284.jpg 768w\" sizes=\"(max-width: 1000px) 100vw, 1000px\" \/><\/h4>\n<p><span dir=\"auto\">Cuando un tr\u00e1iler te golpea el coche en la I-95 cerca del centro de Stamford, todo cambia en segundos. Te tiemblan las manos. Te duele el cuello. El camionero ya est\u00e1 hablando por tel\u00e9fono con la aseguradora de su empresa, y t\u00fa est\u00e1s de pie en el arc\u00e9n, sin saber qu\u00e9 hacer.<\/span><\/p>\n<p><span dir=\"auto\"><span class=\"\" dir=\"auto\">Llevamos m\u00e1s de dos d\u00e9cadas representando\u00a0<\/span><\/span><a href=\"https:\/\/www.woclleydon.com\/es\/abogado-de-lesiones-personales-en-stamford\/\"><span dir=\"auto\"><span class=\"\" dir=\"auto\">a familias de Stamford<\/span><\/span><\/a><span dir=\"auto\"><span class=\"\" dir=\"auto\">\u00a0tras accidentes de cami\u00f3n. Conocemos las intersecciones donde ocurren con mayor frecuencia estos accidentes: la incorporaci\u00f3n cerca de la salida 8, las zonas de construcci\u00f3n en Atlantic Street y las curvas cerradas cerca de Harbor Point donde los camiones de reparto toman las curvas m\u00e1s cerradas. Un abogado especializado en accidentes de cami\u00f3n en Stamford que conozca estas carreteras puede preparar un caso m\u00e1s s\u00f3lido para usted.<\/span><\/span><\/p>\n<div class=\"cta-box my-4 p-4\" style=\"background:#e9e9e9 url('\/wp-content\/uploads\/2023\/10\/ui-element-corner-triangle-light.png') no-repeat right bottom;border:1px solid #6590AF;border-radius:3px;\">\r\n    <div class=\"d-flex flex-column flex-lg-row align-items-center free-case-review\">\r\n        <img decoding=\"async\" class=\"mb-3 mb-lg-0\" src=\"\/wp-content\/uploads\/2023\/10\/cta-photo-with-corner.png\" alt=\"Get your free case review\" width=\"125\" height=\"125\">\r\n        <div class=\"ps-lg-4\">\r\n            <h3 style=\"line-height: 1.5\">\r\n                <span class=\"font-weight-bold\">Obtenga su revisi\u00f3n de caso GRATUITA<\/span>\r\n\r\n            <\/h3>\r\n            <div class=\"d-flex flex-column flex-lg-row align-items-center\">\r\n                <a class=\"btn btn-gold text-center me-lg-3\" href=\"tel:12033333339\" style=\"vertical-align:middle;\"><img decoding=\"async\" style=\"margin-right: 15px;height:28px;\" src=\"\/wp-content\/uploads\/2023\/10\/btn-icon-phone.png\" alt=\"Call Us\">(203) 333-3339<\/a>\r\n                <div> or <a href=\"#cta\">env\u00edanos los detalles de tu caso.<\/a><\/div>\r\n            <\/div>\r\n        <\/div>\r\n    <\/div>\r\n<\/div>\r\n\n<p><span style=\"font-weight: 400;\"><img decoding=\"async\" class=\"alignright size-full wp-image-3626\" src=\"https:\/\/www.woclleydon.com\/wp-content\/uploads\/2023\/10\/pa-med-mal-01-8.jpg\" alt=\"Why You Need a Stamford Truck Accident Lawyer After a Truck Accident? \" width=\"228\" height=\"228\" srcset=\"https:\/\/www.woclleydon.com\/wp-content\/uploads\/2023\/10\/pa-med-mal-01-8.jpg 228w, https:\/\/www.woclleydon.com\/wp-content\/uploads\/2023\/10\/pa-med-mal-01-8-150x150.jpg 150w\" sizes=\"(max-width: 228px) 100vw, 228px\" \/><\/span><\/p>\n<h2 id=\"toc-2\"><b><span dir=\"auto\">\u00bfPor qu\u00e9 son diferentes los accidentes de camiones en Stamford?<\/span><\/b><\/h2>\n<p><span dir=\"auto\"><span class=\"\" dir=\"auto\">Los accidentes de coche normales ya son bastante complicados. Los accidentes de cami\u00f3n son otro nivel de complejidad. El camionero trabaja para una empresa. Esa empresa tiene un gerente de flota, un director de seguridad y un equipo de\u00a0<\/span><\/span><a href=\"https:\/\/en.wikipedia.org\/wiki\/Personal_injury_lawyer\"><span dir=\"auto\"><span class=\"\" dir=\"auto\">abogados<\/span><\/span><\/a><span dir=\"auto\"><span class=\"\" dir=\"auto\">\u00a0especializados en indemnizarle lo menos posible.<\/span><\/span><\/p>\n<p><span dir=\"auto\">Te llamar\u00e1n en cuesti\u00f3n de horas, ofreci\u00e9ndote un acuerdo r\u00e1pido que suena bien hasta que te das cuenta de que tus facturas m\u00e9dicas siguen acumul\u00e1ndose.<\/span><\/p>\n<p><span dir=\"auto\">La ley de Connecticut otorga grandes ventajas a las empresas de transporte. Tienen 24 horas para descargar los datos de la caja negra del cami\u00f3n. Pueden trasladar el cami\u00f3n a una instalaci\u00f3n donde no se pueda examinar.<\/span><\/p>\n<p><span dir=\"auto\"><span class=\"\" dir=\"auto\">Pueden entrevistar a su conductor y prepararlo sobre qu\u00e9 decir. Cada hora que esperas es una hora que utilizan para preparar su defensa.<\/span><\/span><\/p>\n<h2 id=\"toc-3\"><b><span dir=\"auto\"><span class=\"\" dir=\"auto\">Servicios legales para accidentes de camiones que ofrecemos<\/span><\/span><\/b><\/h2>\n<p><span dir=\"auto\">Nuestra oficina de Stamford gestiona todo tipo de casos de accidentes de camiones. Investigamos lo sucedido, determinamos qui\u00e9n es el responsable y luchamos para que usted reciba una indemnizaci\u00f3n justa.<\/span><\/p>\n<h3><b><span dir=\"auto\">Investigaci\u00f3n y recopilaci\u00f3n de pruebas<\/span><\/b><\/h3>\n<p><span dir=\"auto\">Actuamos con rapidez tras su accidente. Nuestro equipo fotograf\u00eda el lugar, mide las marcas de frenado y entrevista a los testigos mientras a\u00fan recuerdan los hechos. Enviamos notificaciones legales a las empresas de transporte exigiendo que conserven las pruebas. Esto incluye los registros electr\u00f3nicos del cami\u00f3n, los historiales de mantenimiento y los expedientes de cualificaci\u00f3n del conductor.<\/span><\/p>\n<p><span dir=\"auto\">Muchos accidentes de camiones en Stamford se deben a la fatiga del conductor. La ley federal limita el tiempo que los camioneros pueden conducir, pero las empresas presionan a los conductores para que falsifiquen sus registros de horas de conducci\u00f3n. Lo hemos detectado en numerosos casos. Tambi\u00e9n revisamos el historial telef\u00f3nico del camionero, ya que enviar mensajes de texto mientras se conduce un veh\u00edculo de 36 toneladas es sorprendentemente com\u00fan.<\/span><\/p>\n<h3><b><span dir=\"auto\">Documentaci\u00f3n m\u00e9dica y coordinaci\u00f3n del tratamiento<\/span><\/b><\/h3>\n<p><span dir=\"auto\">Su m\u00e9dico trata sus lesiones, pero no las documenta para un caso legal. Trabajamos con expertos m\u00e9dicos que revisan su historial cl\u00ednico y explican c\u00f3mo el accidente caus\u00f3 sus lesiones. Esto es importante cuando la empresa de transporte alega que su dolor de espalda se debe a otra causa.<\/span><\/p>\n<p><span dir=\"auto\">Tambi\u00e9n te ponemos en contacto con especialistas en lesiones por accidentes de cami\u00f3n. Estos choques causan da\u00f1os distintos a los de los accidentes automovil\u00edsticos comunes. Las lesiones de columna, los traumatismos craneoencef\u00e1licos y las lesiones por aplastamiento requieren m\u00e9dicos con experiencia en su tratamiento.<\/span><\/p>\n<h3><b><span dir=\"auto\">Negociaci\u00f3n de seguros<\/span><\/b><\/h3>\n<p><span dir=\"auto\">Las p\u00f3lizas de seguro para camiones suelen tener una cobertura m\u00ednima de 750.000 d\u00f3lares. Algunas superan los 5 millones. Pero tener una p\u00f3liza alta no significa que la aseguradora quiera pagarte. Intentar\u00e1n por todos los medios reducir tu indemnizaci\u00f3n.<\/span><\/p>\n<p><span dir=\"auto\">Nos encargamos de toda la comunicaci\u00f3n con los peritos de seguros. No pueden llamarle al trabajo ni presionarle para que d\u00e9 declaraciones grabadas. Sabemos cu\u00e1nto vale su caso bas\u00e1ndonos en indemnizaciones similares por accidentes de cami\u00f3n en Stamford, y no aceptamos ofertas a la baja.<\/span><\/p>\n<h3><b><span dir=\"auto\">Representaci\u00f3n en juicio<\/span><\/b><\/h3>\n<p><span dir=\"auto\">La mayor\u00eda de los casos de accidentes de cami\u00f3n se resuelven mediante un acuerdo, pero algunos requieren ir a juicio. Las empresas de transporte saben qu\u00e9 bufetes de abogados litigan y cu\u00e1les siempre llegan a acuerdos. Hemos litigado casos de accidentes de cami\u00f3n en el Tribunal Superior de Stamford y en tribunales federales. Esa reputaci\u00f3n nos permite obtener mejores ofertas de indemnizaci\u00f3n.<\/span><\/p>\n<div class=\"cta-box my-4 p-4\" style=\"background:#e9e9e9 url('\/wp-content\/uploads\/2023\/10\/ui-element-corner-triangle-light.png') no-repeat right bottom;border:1px solid #6590AF;border-radius:3px;\">\r\n    <div class=\"d-flex flex-column flex-lg-row align-items-center free-case-review\">\r\n        <img decoding=\"async\" class=\"mb-3 mb-lg-0\" src=\"\/wp-content\/uploads\/2023\/10\/cta-photo-with-corner.png\" alt=\"Get your free case review\" width=\"125\" height=\"125\">\r\n        <div class=\"ps-lg-4\">\r\n            <h3 style=\"line-height: 1.5\">\r\n                <span class=\"font-weight-bold\">Obtenga su revisi\u00f3n de caso GRATUITA<\/span>\r\n\r\n            <\/h3>\r\n            <div class=\"d-flex flex-column flex-lg-row align-items-center\">\r\n                <a class=\"btn btn-gold text-center me-lg-3\" href=\"tel:12033333339\" style=\"vertical-align:middle;\"><img decoding=\"async\" style=\"margin-right: 15px;height:28px;\" src=\"\/wp-content\/uploads\/2023\/10\/btn-icon-phone.png\" alt=\"Call Us\">(203) 333-3339<\/a>\r\n                <div> or <a href=\"#cta\">env\u00edanos los detalles de tu caso.<\/a><\/div>\r\n            <\/div>\r\n        <\/div>\r\n    <\/div>\r\n<\/div>\r\n\n<h2 id=\"toc-4\"><b><span dir=\"auto\"><span class=\"\" dir=\"auto\">Causas comunes de accidentes de camiones en Stamford<\/span><\/span><\/b><\/h2>\n<h3><span style=\"font-weight: 400;\"><img decoding=\"async\" class=\"alignright size-full wp-image-3628\" src=\"https:\/\/www.woclleydon.com\/wp-content\/uploads\/2023\/10\/practice-area03.jpg\" alt=\"Truck Accident Attorneys: Evidence Needed in Stamford Truck Accident Claims\" width=\"259\" height=\"192\" \/><\/span><\/h3>\n<h3><b><span dir=\"auto\"><span class=\"\" dir=\"auto\">Fatiga del conductor<\/span><\/span><\/b><\/h3>\n<div class=\"page-content\">\n<p><span dir=\"auto\">Los camioneros que atraviesan Connecticut suelen estar al final de largas rutas desde el Medio Oeste o el Sur. Para cuando llegan a Stamford, llevan horas conduciendo.<\/span><\/p>\n<p><span dir=\"auto\">Se supone que las normas federales sobre las horas de servicio evitan esto, pero su aplicaci\u00f3n es d\u00e9bil.<\/span><\/p>\n<p><span dir=\"auto\">Hemos atendido casos en los que los conductores admitieron haberse quedado dormidos. Otros implican \u00abmicrosue\u00f1os\u00bb, en los que el cerebro del conductor se desconecta durante unos segundos.<\/span><\/p>\n<p><span dir=\"auto\">A velocidades de autopista, un cami\u00f3n recorre la longitud de un campo de f\u00fatbol en esos pocos segundos.<\/span><\/p>\n<h3><b><span dir=\"auto\">Carga incorrecta<\/span><\/b><\/h3>\n<p><span dir=\"auto\">Cuando la carga no se estiba correctamente, los camiones se vuelven inestables. Hemos visto casos en los que las empresas de transporte sobrecargaron los remolques o no aseguraron la carga adecuadamente. Si un cami\u00f3n toma la curva cerca de la salida 9 a demasiada velocidad y la carga se desplaza, el veh\u00edculo puede volcar.<\/span><\/p>\n<h3><b><span dir=\"auto\">Mantenimiento deficiente<\/span><\/b><\/h3>\n<p><span dir=\"auto\">Las empresas de transporte deben inspeccionar sus veh\u00edculos peri\u00f3dicamente. Los frenos, los neum\u00e1ticos, las luces y la direcci\u00f3n requieren mantenimiento constante. Algunas empresas omiten las inspecciones para ahorrar dinero. Si una falla en los frenos provoca un accidente en la autopista Merritt Parkway, la empresa responsable debe hacerse cargo.<\/span><\/p>\n<h3><b><span dir=\"auto\">Conducci\u00f3n distra\u00edda<\/span><\/b><\/h3>\n<p><span dir=\"auto\">Los camioneros pasan todo el d\u00eda solos en la cabina. Muchos usan sus tel\u00e9fonos, comen o incluso ven videos mientras conducen. Hemos obtenido registros telef\u00f3nicos que demuestran que los conductores enviaban mensajes de texto segundos antes de un accidente. Algunos usaban software de despacho en tabletas instaladas en el tablero.<\/span><\/p>\n<\/div>\n","protected":false},"excerpt":{"rendered":"<p>Abogado de accidentes de camiones en Stamford: Obtenga la ayuda que merece despu\u00e9s de una colisi\u00f3n Cuando un tr\u00e1iler te golpea el coche en la I-95 cerca del centro de Stamford, todo cambia en segundos. Te tiemblan las manos. Te duele el cuello. El camionero ya est\u00e1 hablando por tel\u00e9fono con la aseguradora de su [&hellip;]<\/p>\n","protected":false},"author":17,"featured_media":0,"parent":5756,"menu_order":0,"comment_status":"closed","ping_status":"closed","template":"","meta":{"_acf_changed":false,"footnotes":""},"class_list":["post-8714","page","type-page","status-publish","hentry"],"acf":[],"yoast_head":"<!-- This site is optimized with the Yoast SEO plugin v27.4 - https:\/\/yoast.com\/product\/yoast-seo-wordpress\/ -->\n<title>Abogado de accidentes de camiones en Stamford: Obtenga la ayuda que merece despu\u00e9s de una colisi\u00f3n - Abogados de lesiones personales de Wocl Leydon<\/title>\n<meta name=\"robots\" content=\"index, follow, max-snippet:-1, max-image-preview:large, max-video-preview:-1\" \/>\n<link rel=\"canonical\" href=\"https:\/\/www.woclleydon.com\/es\/abogado-de-lesiones-personales-en-stamford\/abogado-de-accidentes-de-camiones\/\" \/>\n<meta property=\"og:locale\" content=\"es_ES\" \/>\n<meta property=\"og:type\" content=\"article\" \/>\n<meta property=\"og:title\" content=\"Abogado de accidentes de camiones en Stamford: Obtenga la ayuda que merece despu\u00e9s de una colisi\u00f3n - Abogados de lesiones personales de Wocl Leydon\" \/>\n<meta property=\"og:description\" content=\"Abogado de accidentes de camiones en Stamford: Obtenga la ayuda que merece despu\u00e9s de una colisi\u00f3n Cuando un tr\u00e1iler te golpea el coche en la I-95 cerca del centro de Stamford, todo cambia en segundos. Te tiemblan las manos. Te duele el cuello. El camionero ya est\u00e1 hablando por tel\u00e9fono con la aseguradora de su [&hellip;]\" \/>\n<meta property=\"og:url\" content=\"https:\/\/www.woclleydon.com\/es\/abogado-de-lesiones-personales-en-stamford\/abogado-de-accidentes-de-camiones\/\" \/>\n<meta property=\"og:site_name\" content=\"Abogados de lesiones personales de Wocl Leydon\" \/>\n<meta property=\"article:modified_time\" content=\"2025-11-12T19:12:06+00:00\" \/>\n<meta property=\"og:image\" content=\"https:\/\/www.woclleydon.com\/wp-content\/uploads\/2023\/10\/wl-banner-tractor-trailer-accidents-1.jpg\" \/>\n\t<meta property=\"og:image:width\" content=\"779\" \/>\n\t<meta property=\"og:image:height\" content=\"288\" \/>\n\t<meta property=\"og:image:type\" content=\"image\/jpeg\" \/>\n<meta name=\"twitter:card\" content=\"summary_large_image\" \/>\n<meta name=\"twitter:label1\" content=\"Tiempo de lectura\" \/>\n\t<meta name=\"twitter:data1\" content=\"10 minutos\" \/>\n<script type=\"application\/ld+json\" class=\"yoast-schema-graph\">{\"@context\":\"https:\\\/\\\/schema.org\",\"@graph\":[{\"@type\":\"WebPage\",\"@id\":\"https:\\\/\\\/www.woclleydon.com\\\/es\\\/abogado-de-lesiones-personales-en-stamford\\\/abogado-de-accidentes-de-camiones\\\/\",\"url\":\"https:\\\/\\\/www.woclleydon.com\\\/es\\\/abogado-de-lesiones-personales-en-stamford\\\/abogado-de-accidentes-de-camiones\\\/\",\"name\":\"Abogado de accidentes de camiones en Stamford: Obtenga la ayuda que merece despu\u00e9s de una colisi\u00f3n - Abogados de lesiones personales de Wocl Leydon\",\"isPartOf\":{\"@id\":\"https:\\\/\\\/www.woclleydon.com\\\/es\\\/#website\"},\"primaryImageOfPage\":{\"@id\":\"https:\\\/\\\/www.woclleydon.com\\\/es\\\/abogado-de-lesiones-personales-en-stamford\\\/abogado-de-accidentes-de-camiones\\\/#primaryimage\"},\"image\":{\"@id\":\"https:\\\/\\\/www.woclleydon.com\\\/es\\\/abogado-de-lesiones-personales-en-stamford\\\/abogado-de-accidentes-de-camiones\\\/#primaryimage\"},\"thumbnailUrl\":\"https:\\\/\\\/www.woclleydon.com\\\/wp-content\\\/uploads\\\/2023\\\/10\\\/wl-banner-tractor-trailer-accidents-1.jpg\",\"datePublished\":\"2023-10-30T09:59:37+00:00\",\"dateModified\":\"2025-11-12T19:12:06+00:00\",\"breadcrumb\":{\"@id\":\"https:\\\/\\\/www.woclleydon.com\\\/es\\\/abogado-de-lesiones-personales-en-stamford\\\/abogado-de-accidentes-de-camiones\\\/#breadcrumb\"},\"inLanguage\":\"es\",\"potentialAction\":[{\"@type\":\"ReadAction\",\"target\":[\"https:\\\/\\\/www.woclleydon.com\\\/es\\\/abogado-de-lesiones-personales-en-stamford\\\/abogado-de-accidentes-de-camiones\\\/\"]}]},{\"@type\":\"ImageObject\",\"inLanguage\":\"es\",\"@id\":\"https:\\\/\\\/www.woclleydon.com\\\/es\\\/abogado-de-lesiones-personales-en-stamford\\\/abogado-de-accidentes-de-camiones\\\/#primaryimage\",\"url\":\"https:\\\/\\\/www.woclleydon.com\\\/wp-content\\\/uploads\\\/2023\\\/10\\\/wl-banner-tractor-trailer-accidents-1.jpg\",\"contentUrl\":\"https:\\\/\\\/www.woclleydon.com\\\/wp-content\\\/uploads\\\/2023\\\/10\\\/wl-banner-tractor-trailer-accidents-1.jpg\"},{\"@type\":\"BreadcrumbList\",\"@id\":\"https:\\\/\\\/www.woclleydon.com\\\/es\\\/abogado-de-lesiones-personales-en-stamford\\\/abogado-de-accidentes-de-camiones\\\/#breadcrumb\",\"itemListElement\":[{\"@type\":\"ListItem\",\"position\":1,\"name\":\"Home\",\"item\":\"https:\\\/\\\/www.woclleydon.com\\\/es\\\/\"},{\"@type\":\"ListItem\",\"position\":2,\"name\":\"Abogado de lesiones personales en Stamford\",\"item\":\"https:\\\/\\\/www.woclleydon.com\\\/es\\\/abogado-de-lesiones-personales-en-stamford\\\/\"},{\"@type\":\"ListItem\",\"position\":3,\"name\":\"Abogado de accidentes de camiones en Stamford: Obtenga la ayuda que merece despu\u00e9s de una colisi\u00f3n\"}]},{\"@type\":\"WebSite\",\"@id\":\"https:\\\/\\\/www.woclleydon.com\\\/es\\\/#website\",\"url\":\"https:\\\/\\\/www.woclleydon.com\\\/es\\\/\",\"name\":\"Abogados de lesiones personales de Wocl Leydon\",\"description\":\"Your Case is Personal to Us!\",\"potentialAction\":[{\"@type\":\"SearchAction\",\"target\":{\"@type\":\"EntryPoint\",\"urlTemplate\":\"https:\\\/\\\/www.woclleydon.com\\\/es\\\/?s={search_term_string}\"},\"query-input\":{\"@type\":\"PropertyValueSpecification\",\"valueRequired\":true,\"valueName\":\"search_term_string\"}}],\"inLanguage\":\"es\"}]}<\/script>\n<!-- \/ Yoast SEO plugin. -->","yoast_head_json":{"title":"Abogado de accidentes de camiones en Stamford: Obtenga la ayuda que merece despu\u00e9s de una colisi\u00f3n - Abogados de lesiones personales de Wocl Leydon","robots":{"index":"index","follow":"follow","max-snippet":"max-snippet:-1","max-image-preview":"max-image-preview:large","max-video-preview":"max-video-preview:-1"},"canonical":"https:\/\/www.woclleydon.com\/es\/abogado-de-lesiones-personales-en-stamford\/abogado-de-accidentes-de-camiones\/","og_locale":"es_ES","og_type":"article","og_title":"Abogado de accidentes de camiones en Stamford: Obtenga la ayuda que merece despu\u00e9s de una colisi\u00f3n - Abogados de lesiones personales de Wocl Leydon","og_description":"Abogado de accidentes de camiones en Stamford: Obtenga la ayuda que merece despu\u00e9s de una colisi\u00f3n Cuando un tr\u00e1iler te golpea el coche en la I-95 cerca del centro de Stamford, todo cambia en segundos. Te tiemblan las manos. Te duele el cuello. El camionero ya est\u00e1 hablando por tel\u00e9fono con la aseguradora de su [&hellip;]","og_url":"https:\/\/www.woclleydon.com\/es\/abogado-de-lesiones-personales-en-stamford\/abogado-de-accidentes-de-camiones\/","og_site_name":"Abogados de lesiones personales de Wocl Leydon","article_modified_time":"2025-11-12T19:12:06+00:00","og_image":[{"width":779,"height":288,"url":"https:\/\/www.woclleydon.com\/wp-content\/uploads\/2023\/10\/wl-banner-tractor-trailer-accidents-1.jpg","type":"image\/jpeg"}],"twitter_card":"summary_large_image","twitter_misc":{"Tiempo de lectura":"10 minutos"},"schema":{"@context":"https:\/\/schema.org","@graph":[{"@type":"WebPage","@id":"https:\/\/www.woclleydon.com\/es\/abogado-de-lesiones-personales-en-stamford\/abogado-de-accidentes-de-camiones\/","url":"https:\/\/www.woclleydon.com\/es\/abogado-de-lesiones-personales-en-stamford\/abogado-de-accidentes-de-camiones\/","name":"Abogado de accidentes de camiones en Stamford: Obtenga la ayuda que merece despu\u00e9s de una colisi\u00f3n - Abogados de lesiones personales de Wocl Leydon","isPartOf":{"@id":"https:\/\/www.woclleydon.com\/es\/#website"},"primaryImageOfPage":{"@id":"https:\/\/www.woclleydon.com\/es\/abogado-de-lesiones-personales-en-stamford\/abogado-de-accidentes-de-camiones\/#primaryimage"},"image":{"@id":"https:\/\/www.woclleydon.com\/es\/abogado-de-lesiones-personales-en-stamford\/abogado-de-accidentes-de-camiones\/#primaryimage"},"thumbnailUrl":"https:\/\/www.woclleydon.com\/wp-content\/uploads\/2023\/10\/wl-banner-tractor-trailer-accidents-1.jpg","datePublished":"2023-10-30T09:59:37+00:00","dateModified":"2025-11-12T19:12:06+00:00","breadcrumb":{"@id":"https:\/\/www.woclleydon.com\/es\/abogado-de-lesiones-personales-en-stamford\/abogado-de-accidentes-de-camiones\/#breadcrumb"},"inLanguage":"es","potentialAction":[{"@type":"ReadAction","target":["https:\/\/www.woclleydon.com\/es\/abogado-de-lesiones-personales-en-stamford\/abogado-de-accidentes-de-camiones\/"]}]},{"@type":"ImageObject","inLanguage":"es","@id":"https:\/\/www.woclleydon.com\/es\/abogado-de-lesiones-personales-en-stamford\/abogado-de-accidentes-de-camiones\/#primaryimage","url":"https:\/\/www.woclleydon.com\/wp-content\/uploads\/2023\/10\/wl-banner-tractor-trailer-accidents-1.jpg","contentUrl":"https:\/\/www.woclleydon.com\/wp-content\/uploads\/2023\/10\/wl-banner-tractor-trailer-accidents-1.jpg"},{"@type":"BreadcrumbList","@id":"https:\/\/www.woclleydon.com\/es\/abogado-de-lesiones-personales-en-stamford\/abogado-de-accidentes-de-camiones\/#breadcrumb","itemListElement":[{"@type":"ListItem","position":1,"name":"Home","item":"https:\/\/www.woclleydon.com\/es\/"},{"@type":"ListItem","position":2,"name":"Abogado de lesiones personales en Stamford","item":"https:\/\/www.woclleydon.com\/es\/abogado-de-lesiones-personales-en-stamford\/"},{"@type":"ListItem","position":3,"name":"Abogado de accidentes de camiones en Stamford: Obtenga la ayuda que merece despu\u00e9s de una colisi\u00f3n"}]},{"@type":"WebSite","@id":"https:\/\/www.woclleydon.com\/es\/#website","url":"https:\/\/www.woclleydon.com\/es\/","name":"Abogados de lesiones personales de Wocl Leydon","description":"Your Case is Personal to Us!","potentialAction":[{"@type":"SearchAction","target":{"@type":"EntryPoint","urlTemplate":"https:\/\/www.woclleydon.com\/es\/?s={search_term_string}"},"query-input":{"@type":"PropertyValueSpecification","valueRequired":true,"valueName":"search_term_string"}}],"inLanguage":"es"}]}},"publishpress_future_action":{"enabled":false,"date":"2026-04-29 17:13:53","action":"change-status","newStatus":"draft","terms":[],"taxonomy":"translation_priority","extraData":[]},"publishpress_future_workflow_manual_trigger":{"enabledWorkflows":[]},"_links":{"self":[{"href":"https:\/\/www.woclleydon.com\/es\/wp-json\/wp\/v2\/pages\/8714","targetHints":{"allow":["GET"]}}],"collection":[{"href":"https:\/\/www.woclleydon.com\/es\/wp-json\/wp\/v2\/pages"}],"about":[{"href":"https:\/\/www.woclleydon.com\/es\/wp-json\/wp\/v2\/types\/page"}],"author":[{"embeddable":true,"href":"https:\/\/www.woclleydon.com\/es\/wp-json\/wp\/v2\/users\/17"}],"replies":[{"embeddable":true,"href":"https:\/\/www.woclleydon.com\/es\/wp-json\/wp\/v2\/comments?post=8714"}],"version-history":[{"count":3,"href":"https:\/\/www.woclleydon.com\/es\/wp-json\/wp\/v2\/pages\/8714\/revisions"}],"predecessor-version":[{"id":8719,"href":"https:\/\/www.woclleydon.com\/es\/wp-json\/wp\/v2\/pages\/8714\/revisions\/8719"}],"up":[{"embeddable":true,"href":"https:\/\/www.woclleydon.com\/es\/wp-json\/wp\/v2\/pages\/5756"}],"wp:attachment":[{"href":"https:\/\/www.woclleydon.com\/es\/wp-json\/wp\/v2\/media?parent=8714"}],"curies":[{"name":"wp","href":"https:\/\/api.w.org\/{rel}","templated":true}]}}