{"id":8720,"date":"2023-10-30T06:23:13","date_gmt":"2023-10-30T10:23:13","guid":{"rendered":"https:\/\/www.woclleydon.com\/?page_id=8720"},"modified":"2025-12-17T14:44:14","modified_gmt":"2025-12-17T18:44:14","slug":"abogado-de-muerte-por-negligencia","status":"publish","type":"page","link":"https:\/\/www.woclleydon.com\/es\/abogado-de-lesiones-personales-en-stamford\/abogado-de-muerte-por-negligencia\/","title":{"rendered":"Abogado de Stamford especializado en muerte causada por negligencia: Obtenga justicia cuando su familia m\u00e1s la necesita."},"content":{"rendered":"<h1><b><span dir=\"auto\"><span class=\"VIpgJd-yAWNEb-VIpgJd-fmcmS-sn54Q\" dir=\"auto\">Abogado de Stamford especializado en muerte causada por negligencia: Obtenga justicia cuando su familia m\u00e1s la necesita.<\/span><\/span><\/b><\/h1>\n<div class=\"col-wrap banner-form\"><img decoding=\"async\" class=\"alignnone wp-image-3638\" src=\"https:\/\/www.woclleydon.com\/wp-content\/uploads\/2023\/10\/wl-banner-wrongful-death.jpg\" alt=\"Wrongful Death Lawyer in Stamford \" width=\"1001\" height=\"370\" srcset=\"https:\/\/www.woclleydon.com\/wp-content\/uploads\/2023\/10\/wl-banner-wrongful-death.jpg 779w, https:\/\/www.woclleydon.com\/wp-content\/uploads\/2023\/10\/wl-banner-wrongful-death-300x111.jpg 300w, https:\/\/www.woclleydon.com\/wp-content\/uploads\/2023\/10\/wl-banner-wrongful-death-768x284.jpg 768w\" sizes=\"(max-width: 1001px) 100vw, 1001px\" \/><\/div>\n<p><span dir=\"auto\">Cuando Mar\u00eda Santos perdi\u00f3 a su esposo en un accidente laboral en Broad Street, no sab\u00eda a qui\u00e9n acudir. Las facturas segu\u00edan llegando, sus hijos preguntaban cu\u00e1ndo volver\u00eda pap\u00e1 a casa y la empresa para la que trabajaba dej\u00f3 de contestar sus llamadas. Tres meses despu\u00e9s, lleg\u00f3 a nuestra oficina de Stamford, apenas pudiendo contenerse. Hoy, su familia goza de la seguridad financiera que merece y la constructora ha modificado sus protocolos de seguridad para evitar otra tragedia.<\/span><\/p>\n<p><span dir=\"auto\">Perder a un ser querido por la negligencia de otra persona destroza familias. Uno lidia con el duelo mientras intenta pagar la hipoteca. Las aseguradoras env\u00edan formularios con un lenguaje jur\u00eddico incomprensible. Mientras tanto, las pruebas desaparecen y los testigos olvidan detalles. Cada d\u00eda que pasa dificulta m\u00e1s demostrar el caso.<\/span><\/p>\n<p><span dir=\"auto\">Nos especializamos en\u00a0<\/span><a href=\"https:\/\/www.woclleydon.com\/es\/abogado-de-lesiones-personales-en-stamford\/\"><span dir=\"auto\">casos de muerte por negligencia en Stamford<\/span><\/a><span dir=\"auto\">\u00a0y conocemos a fondo los hospitales, los tribunales y las t\u00e1cticas que utilizan las aseguradoras para denegar las reclamaciones. Nuestra oficina se encuentra a dos cuadras del juzgado de Stamford, donde llevamos m\u00e1s de 20 a\u00f1os defendiendo estos casos. Sabemos qu\u00e9 funciona y qu\u00e9 no cuando las familias necesitan una indemnizaci\u00f3n por una muerte que nunca debi\u00f3 ocurrir.<\/span><\/p>\n<div class=\"cta-box my-4 p-4\" style=\"background:#e9e9e9 url('\/wp-content\/uploads\/2023\/10\/ui-element-corner-triangle-light.png') no-repeat right bottom;border:1px solid #6590AF;border-radius:3px;\">\r\n    <div class=\"d-flex flex-column flex-lg-row align-items-center free-case-review\">\r\n        <img decoding=\"async\" class=\"mb-3 mb-lg-0\" src=\"\/wp-content\/uploads\/2023\/10\/cta-photo-with-corner.png\" alt=\"Get your free case review\" width=\"125\" height=\"125\">\r\n        <div class=\"ps-lg-4\">\r\n            <h3 style=\"line-height: 1.5\">\r\n                <span class=\"font-weight-bold\">Obtenga su revisi\u00f3n de caso GRATUITA<\/span>\r\n\r\n            <\/h3>\r\n            <div class=\"d-flex flex-column flex-lg-row align-items-center\">\r\n                <a class=\"btn btn-gold text-center me-lg-3\" href=\"tel:12033333339\" style=\"vertical-align:middle;\"><img decoding=\"async\" style=\"margin-right: 15px;height:28px;\" src=\"\/wp-content\/uploads\/2023\/10\/btn-icon-phone.png\" alt=\"Call Us\">(203) 333-3339<\/a>\r\n                <div> or <a href=\"#cta\">env\u00edanos los detalles de tu caso.<\/a><\/div>\r\n            <\/div>\r\n        <\/div>\r\n    <\/div>\r\n<\/div>\r\n\n<h2><b><span dir=\"auto\"><span class=\"\" dir=\"auto\">Abogado de muerte por negligencia en Stamford<\/span><\/span><\/b><\/h2>\n<p><span dir=\"auto\">En Connecticut, una demanda por homicidio culposo otorga a las familias el derecho a demandar cuando alguien fallece debido a negligencia, imprudencia o da\u00f1o intencional. Puede presentar esta demanda incluso si no se presentaron cargos penales. La persona o empresa responsable no tiene que ir a la c\u00e1rcel para que usted reciba una indemnizaci\u00f3n por da\u00f1os y perjuicios.<\/span><\/p>\n<p><span dir=\"auto\">La ley de Connecticut establece que solo el albacea testamentario puede interponer una demanda por homicidio culposo. Si no hay testamento, el tribunal testamentario designa a un representante del patrimonio. Esta persona presenta la demanda en nombre de los familiares sobrevivientes que reciben la indemnizaci\u00f3n.<\/span><\/p>\n<p><span dir=\"auto\">Los da\u00f1os que puede reclamar incluyen los gastos m\u00e9dicos derivados del tratamiento previo al fallecimiento, los gastos funerarios y de entierro, los salarios que su familiar habr\u00eda percibido, la p\u00e9rdida de prestaciones como el seguro m\u00e9dico o la pensi\u00f3n, y una compensaci\u00f3n por la p\u00e9rdida de compa\u00f1\u00eda y apoyo. Si el fallecimiento se debi\u00f3 a una imprudencia extrema, podr\u00edan aplicarse da\u00f1os punitivos para castigar al responsable.<\/span><\/p>\n<p><span dir=\"auto\">En Connecticut, tiene dos a\u00f1os a partir de la fecha del fallecimiento para presentar una demanda por homicidio culposo. Si no cumple con este plazo, perder\u00e1 definitivamente su derecho a una indemnizaci\u00f3n. Las compa\u00f1\u00edas de seguros lo saben y a menudo retrasan las negociaciones para llegar a un acuerdo, con la esperanza de que se le acabe el tiempo.0<\/span><\/p>\n<h2><b><span dir=\"auto\"><span class=\"VIpgJd-yAWNEb-VIpgJd-fmcmS-sn54Q\" dir=\"auto\">Reclamaciones por muerte injusta en accidente de tr\u00e1fico<\/span><\/span><\/b><\/h2>\n<p><span dir=\"auto\"><span style=\"font-weight: 400;\"><img decoding=\"async\" class=\"alignright size-full wp-image-3636\" src=\"https:\/\/www.woclleydon.com\/wp-content\/uploads\/2023\/10\/pa-med-mal-01-9.jpg\" alt=\"How Our Wrongful Death Attorneys in Stamford Can Help Families\" width=\"228\" height=\"228\" srcset=\"https:\/\/www.woclleydon.com\/wp-content\/uploads\/2023\/10\/pa-med-mal-01-9.jpg 228w, https:\/\/www.woclleydon.com\/wp-content\/uploads\/2023\/10\/pa-med-mal-01-9-150x150.jpg 150w\" sizes=\"(max-width: 228px) 100vw, 228px\" \/><\/span>En Stamford, los accidentes de tr\u00e1fico son la principal causa de muerte. Conductores ebrios atropellan a peatones en Summer Street. Conductores distra\u00eddos se saltan los sem\u00e1foros en rojo en las salidas de la I-95. El exceso de velocidad provoca accidentes mortales en la autopista Merritt Parkway durante las horas punta.<\/span><\/p>\n<p><span dir=\"auto\">Tras un accidente de tr\u00e1fico mortal, la polic\u00eda investiga y elabora un informe. Este informe es importante para su caso, pero no lo explica todo. Contamos con expertos en reconstrucci\u00f3n de accidentes que visitan el lugar del siniestro, examinan las marcas de frenado, analizan los da\u00f1os del veh\u00edculo y determinan con exactitud lo sucedido. En ocasiones, el informe policial contiene errores.<\/span><\/p>\n<p><span dir=\"auto\">Connecticut aplica una regla de negligencia comparativa modificada. Si su familiar tuvo parte de la culpa del accidente, usted a\u00fan puede obtener una indemnizaci\u00f3n siempre que su responsabilidad sea inferior al 51%.<\/span><\/p>\n<p><span dir=\"auto\">La indemnizaci\u00f3n se reduce en proporci\u00f3n a su grado de culpa. Las aseguradoras aprovechan esta situaci\u00f3n e intentan culpar a la v\u00edctima para reducir la cantidad que deben pagar.<\/span><\/p>\n<p><span dir=\"auto\">Investigamos cada detalle. Recopilamos registros telef\u00f3nicos para demostrar que el otro conductor estaba enviando mensajes de texto. Revisamos las cuentas de los bares para demostrar que estaban ebrios. Examinamos los registros de mantenimiento para demostrar que sus frenos estaban defectuosos. La compa\u00f1\u00eda de seguros tiene abogados trabajando para denegar su reclamaci\u00f3n desde el primer d\u00eda. Usted necesita a alguien que luche con la misma tenacidad por su familia.<\/span><\/p>\n<h2><b><span dir=\"auto\">Muerte por negligencia m\u00e9dica<\/span><\/b><\/h2>\n<p><span dir=\"auto\">El Hospital de Stamford y los dem\u00e1s centros m\u00e9dicos de nuestra zona brindan una atenci\u00f3n excelente la mayor parte del tiempo. Pero los m\u00e9dicos son humanos. Cometen errores. Cuando esos errores causan la muerte de alguien, las familias merecen respuestas y que se rindan cuentas.<\/span><\/p>\n<p><span dir=\"auto\">Los casos de muerte por negligencia m\u00e9dica ocurren cuando la negligencia de un profesional de la salud causa la muerte de un paciente. Esto incluye errores quir\u00fargicos, errores de medicaci\u00f3n, diagn\u00f3sticos err\u00f3neos o tard\u00edos, lesiones durante el parto, errores de anestesia y la falta de tratamiento de una afecci\u00f3n grave.<\/span><\/p>\n<p><span dir=\"auto\">Estos casos son complejos. En Connecticut, se requiere obtener una opini\u00f3n por escrito de un m\u00e9dico especialista que confirme que la atenci\u00f3n del m\u00e9dico no cumpli\u00f3 con los est\u00e1ndares aceptados. No basta con demandar porque el resultado fue adverso; es necesario demostrar que el m\u00e9dico cometi\u00f3 una negligencia que caus\u00f3 directamente la muerte.<\/span><\/p>\n<p><span dir=\"auto\">Colaboramos con los mejores expertos m\u00e9dicos del pa\u00eds, quienes revisan los expedientes y testifican sobre lo que el m\u00e9dico deber\u00eda haber hecho de manera diferente. Los abogados del hospital presentar\u00e1n a sus propios expertos, quienes afirmar\u00e1n que todo estuvo bien. El jurado deber\u00e1 decidir a qui\u00e9n creer bas\u00e1ndose en las pruebas y los testimonios.<\/span><\/p>\n<p><span dir=\"auto\">Los casos de negligencia m\u00e9dica son m\u00e1s largos y costosos que otras demandas por homicidio culposo. Los hospitales cuentan con enormes equipos legales y defienden estos casos con vehemencia. Pero cuando la negligencia de un m\u00e9dico causa la muerte de tu madre, padre, c\u00f3nyuge o hijo, no puedes permitir que quede impune.<\/span><\/p>\n<div class=\"cta-box my-4 p-4\" style=\"background:#e9e9e9 url('\/wp-content\/uploads\/2023\/10\/ui-element-corner-triangle-light.png') no-repeat right bottom;border:1px solid #6590AF;border-radius:3px;\">\r\n    <div class=\"d-flex flex-column flex-lg-row align-items-center free-case-review\">\r\n        <img decoding=\"async\" class=\"mb-3 mb-lg-0\" src=\"\/wp-content\/uploads\/2023\/10\/cta-photo-with-corner.png\" alt=\"Get your free case review\" width=\"125\" height=\"125\">\r\n        <div class=\"ps-lg-4\">\r\n            <h3 style=\"line-height: 1.5\">\r\n                <span class=\"font-weight-bold\">Obtenga su revisi\u00f3n de caso GRATUITA<\/span>\r\n\r\n            <\/h3>\r\n            <div class=\"d-flex flex-column flex-lg-row align-items-center\">\r\n                <a class=\"btn btn-gold text-center me-lg-3\" href=\"tel:12033333339\" style=\"vertical-align:middle;\"><img decoding=\"async\" style=\"margin-right: 15px;height:28px;\" src=\"\/wp-content\/uploads\/2023\/10\/btn-icon-phone.png\" alt=\"Call Us\">(203) 333-3339<\/a>\r\n                <div> or <a href=\"#cta\">env\u00edanos los detalles de tu caso.<\/a><\/div>\r\n            <\/div>\r\n        <\/div>\r\n    <\/div>\r\n<\/div>\r\n\n","protected":false},"excerpt":{"rendered":"<p>Abogado de Stamford especializado en muerte causada por negligencia: Obtenga justicia cuando su familia m\u00e1s la necesita. Cuando Mar\u00eda Santos perdi\u00f3 a su esposo en un accidente laboral en Broad Street, no sab\u00eda a qui\u00e9n acudir. Las facturas segu\u00edan llegando, sus hijos preguntaban cu\u00e1ndo volver\u00eda pap\u00e1 a casa y la empresa para la que trabajaba [&hellip;]<\/p>\n","protected":false},"author":18,"featured_media":0,"parent":5756,"menu_order":0,"comment_status":"closed","ping_status":"closed","template":"","meta":{"_acf_changed":false,"footnotes":""},"class_list":["post-8720","page","type-page","status-publish","hentry"],"acf":[],"yoast_head":"<!-- This site is optimized with the Yoast SEO plugin v27.4 - https:\/\/yoast.com\/product\/yoast-seo-wordpress\/ -->\n<title>Abogado de Stamford especializado en muerte causada por negligencia: Obtenga justicia cuando su familia m\u00e1s la necesita. - Abogados de lesiones personales de Wocl Leydon<\/title>\n<meta name=\"robots\" content=\"index, follow, max-snippet:-1, max-image-preview:large, max-video-preview:-1\" \/>\n<link rel=\"canonical\" href=\"https:\/\/www.woclleydon.com\/es\/abogado-de-lesiones-personales-en-stamford\/abogado-de-muerte-por-negligencia\/\" \/>\n<meta property=\"og:locale\" content=\"es_ES\" \/>\n<meta property=\"og:type\" content=\"article\" \/>\n<meta property=\"og:title\" content=\"Abogado de Stamford especializado en muerte causada por negligencia: Obtenga justicia cuando su familia m\u00e1s la necesita. - Abogados de lesiones personales de Wocl Leydon\" \/>\n<meta property=\"og:description\" content=\"Abogado de Stamford especializado en muerte causada por negligencia: Obtenga justicia cuando su familia m\u00e1s la necesita. Cuando Mar\u00eda Santos perdi\u00f3 a su esposo en un accidente laboral en Broad Street, no sab\u00eda a qui\u00e9n acudir. Las facturas segu\u00edan llegando, sus hijos preguntaban cu\u00e1ndo volver\u00eda pap\u00e1 a casa y la empresa para la que trabajaba [&hellip;]\" \/>\n<meta property=\"og:url\" content=\"https:\/\/www.woclleydon.com\/es\/abogado-de-lesiones-personales-en-stamford\/abogado-de-muerte-por-negligencia\/\" \/>\n<meta property=\"og:site_name\" content=\"Abogados de lesiones personales de Wocl Leydon\" \/>\n<meta property=\"article:modified_time\" content=\"2025-12-17T18:44:14+00:00\" \/>\n<meta property=\"og:image\" content=\"https:\/\/www.woclleydon.com\/wp-content\/uploads\/2023\/10\/wl-banner-wrongful-death.jpg\" \/>\n\t<meta property=\"og:image:width\" content=\"779\" \/>\n\t<meta property=\"og:image:height\" content=\"288\" \/>\n\t<meta property=\"og:image:type\" content=\"image\/jpeg\" \/>\n<meta name=\"twitter:card\" content=\"summary_large_image\" \/>\n<meta name=\"twitter:label1\" content=\"Tiempo de lectura\" \/>\n\t<meta name=\"twitter:data1\" content=\"11 minutos\" \/>\n<script type=\"application\/ld+json\" class=\"yoast-schema-graph\">{\"@context\":\"https:\\\/\\\/schema.org\",\"@graph\":[{\"@type\":\"WebPage\",\"@id\":\"https:\\\/\\\/www.woclleydon.com\\\/es\\\/abogado-de-lesiones-personales-en-stamford\\\/abogado-de-muerte-por-negligencia\\\/\",\"url\":\"https:\\\/\\\/www.woclleydon.com\\\/es\\\/abogado-de-lesiones-personales-en-stamford\\\/abogado-de-muerte-por-negligencia\\\/\",\"name\":\"Abogado de Stamford especializado en muerte causada por negligencia: Obtenga justicia cuando su familia m\u00e1s la necesita. - Abogados de lesiones personales de Wocl Leydon\",\"isPartOf\":{\"@id\":\"https:\\\/\\\/www.woclleydon.com\\\/es\\\/#website\"},\"primaryImageOfPage\":{\"@id\":\"https:\\\/\\\/www.woclleydon.com\\\/es\\\/abogado-de-lesiones-personales-en-stamford\\\/abogado-de-muerte-por-negligencia\\\/#primaryimage\"},\"image\":{\"@id\":\"https:\\\/\\\/www.woclleydon.com\\\/es\\\/abogado-de-lesiones-personales-en-stamford\\\/abogado-de-muerte-por-negligencia\\\/#primaryimage\"},\"thumbnailUrl\":\"https:\\\/\\\/www.woclleydon.com\\\/wp-content\\\/uploads\\\/2023\\\/10\\\/wl-banner-wrongful-death.jpg\",\"datePublished\":\"2023-10-30T10:23:13+00:00\",\"dateModified\":\"2025-12-17T18:44:14+00:00\",\"breadcrumb\":{\"@id\":\"https:\\\/\\\/www.woclleydon.com\\\/es\\\/abogado-de-lesiones-personales-en-stamford\\\/abogado-de-muerte-por-negligencia\\\/#breadcrumb\"},\"inLanguage\":\"es\",\"potentialAction\":[{\"@type\":\"ReadAction\",\"target\":[\"https:\\\/\\\/www.woclleydon.com\\\/es\\\/abogado-de-lesiones-personales-en-stamford\\\/abogado-de-muerte-por-negligencia\\\/\"]}]},{\"@type\":\"ImageObject\",\"inLanguage\":\"es\",\"@id\":\"https:\\\/\\\/www.woclleydon.com\\\/es\\\/abogado-de-lesiones-personales-en-stamford\\\/abogado-de-muerte-por-negligencia\\\/#primaryimage\",\"url\":\"https:\\\/\\\/www.woclleydon.com\\\/wp-content\\\/uploads\\\/2023\\\/10\\\/wl-banner-wrongful-death.jpg\",\"contentUrl\":\"https:\\\/\\\/www.woclleydon.com\\\/wp-content\\\/uploads\\\/2023\\\/10\\\/wl-banner-wrongful-death.jpg\"},{\"@type\":\"BreadcrumbList\",\"@id\":\"https:\\\/\\\/www.woclleydon.com\\\/es\\\/abogado-de-lesiones-personales-en-stamford\\\/abogado-de-muerte-por-negligencia\\\/#breadcrumb\",\"itemListElement\":[{\"@type\":\"ListItem\",\"position\":1,\"name\":\"Home\",\"item\":\"https:\\\/\\\/www.woclleydon.com\\\/es\\\/\"},{\"@type\":\"ListItem\",\"position\":2,\"name\":\"Abogado de lesiones personales en Stamford\",\"item\":\"https:\\\/\\\/www.woclleydon.com\\\/es\\\/abogado-de-lesiones-personales-en-stamford\\\/\"},{\"@type\":\"ListItem\",\"position\":3,\"name\":\"Abogado de Stamford especializado en muerte causada por negligencia: Obtenga justicia cuando su familia m\u00e1s la necesita.\"}]},{\"@type\":\"WebSite\",\"@id\":\"https:\\\/\\\/www.woclleydon.com\\\/es\\\/#website\",\"url\":\"https:\\\/\\\/www.woclleydon.com\\\/es\\\/\",\"name\":\"Abogados de lesiones personales de Wocl Leydon\",\"description\":\"Your Case is Personal to Us!\",\"potentialAction\":[{\"@type\":\"SearchAction\",\"target\":{\"@type\":\"EntryPoint\",\"urlTemplate\":\"https:\\\/\\\/www.woclleydon.com\\\/es\\\/?s={search_term_string}\"},\"query-input\":{\"@type\":\"PropertyValueSpecification\",\"valueRequired\":true,\"valueName\":\"search_term_string\"}}],\"inLanguage\":\"es\"}]}<\/script>\n<!-- \/ Yoast SEO plugin. -->","yoast_head_json":{"title":"Abogado de Stamford especializado en muerte causada por negligencia: Obtenga justicia cuando su familia m\u00e1s la necesita. - Abogados de lesiones personales de Wocl Leydon","robots":{"index":"index","follow":"follow","max-snippet":"max-snippet:-1","max-image-preview":"max-image-preview:large","max-video-preview":"max-video-preview:-1"},"canonical":"https:\/\/www.woclleydon.com\/es\/abogado-de-lesiones-personales-en-stamford\/abogado-de-muerte-por-negligencia\/","og_locale":"es_ES","og_type":"article","og_title":"Abogado de Stamford especializado en muerte causada por negligencia: Obtenga justicia cuando su familia m\u00e1s la necesita. - Abogados de lesiones personales de Wocl Leydon","og_description":"Abogado de Stamford especializado en muerte causada por negligencia: Obtenga justicia cuando su familia m\u00e1s la necesita. Cuando Mar\u00eda Santos perdi\u00f3 a su esposo en un accidente laboral en Broad Street, no sab\u00eda a qui\u00e9n acudir. Las facturas segu\u00edan llegando, sus hijos preguntaban cu\u00e1ndo volver\u00eda pap\u00e1 a casa y la empresa para la que trabajaba [&hellip;]","og_url":"https:\/\/www.woclleydon.com\/es\/abogado-de-lesiones-personales-en-stamford\/abogado-de-muerte-por-negligencia\/","og_site_name":"Abogados de lesiones personales de Wocl Leydon","article_modified_time":"2025-12-17T18:44:14+00:00","og_image":[{"width":779,"height":288,"url":"https:\/\/www.woclleydon.com\/wp-content\/uploads\/2023\/10\/wl-banner-wrongful-death.jpg","type":"image\/jpeg"}],"twitter_card":"summary_large_image","twitter_misc":{"Tiempo de lectura":"11 minutos"},"schema":{"@context":"https:\/\/schema.org","@graph":[{"@type":"WebPage","@id":"https:\/\/www.woclleydon.com\/es\/abogado-de-lesiones-personales-en-stamford\/abogado-de-muerte-por-negligencia\/","url":"https:\/\/www.woclleydon.com\/es\/abogado-de-lesiones-personales-en-stamford\/abogado-de-muerte-por-negligencia\/","name":"Abogado de Stamford especializado en muerte causada por negligencia: Obtenga justicia cuando su familia m\u00e1s la necesita. - Abogados de lesiones personales de Wocl Leydon","isPartOf":{"@id":"https:\/\/www.woclleydon.com\/es\/#website"},"primaryImageOfPage":{"@id":"https:\/\/www.woclleydon.com\/es\/abogado-de-lesiones-personales-en-stamford\/abogado-de-muerte-por-negligencia\/#primaryimage"},"image":{"@id":"https:\/\/www.woclleydon.com\/es\/abogado-de-lesiones-personales-en-stamford\/abogado-de-muerte-por-negligencia\/#primaryimage"},"thumbnailUrl":"https:\/\/www.woclleydon.com\/wp-content\/uploads\/2023\/10\/wl-banner-wrongful-death.jpg","datePublished":"2023-10-30T10:23:13+00:00","dateModified":"2025-12-17T18:44:14+00:00","breadcrumb":{"@id":"https:\/\/www.woclleydon.com\/es\/abogado-de-lesiones-personales-en-stamford\/abogado-de-muerte-por-negligencia\/#breadcrumb"},"inLanguage":"es","potentialAction":[{"@type":"ReadAction","target":["https:\/\/www.woclleydon.com\/es\/abogado-de-lesiones-personales-en-stamford\/abogado-de-muerte-por-negligencia\/"]}]},{"@type":"ImageObject","inLanguage":"es","@id":"https:\/\/www.woclleydon.com\/es\/abogado-de-lesiones-personales-en-stamford\/abogado-de-muerte-por-negligencia\/#primaryimage","url":"https:\/\/www.woclleydon.com\/wp-content\/uploads\/2023\/10\/wl-banner-wrongful-death.jpg","contentUrl":"https:\/\/www.woclleydon.com\/wp-content\/uploads\/2023\/10\/wl-banner-wrongful-death.jpg"},{"@type":"BreadcrumbList","@id":"https:\/\/www.woclleydon.com\/es\/abogado-de-lesiones-personales-en-stamford\/abogado-de-muerte-por-negligencia\/#breadcrumb","itemListElement":[{"@type":"ListItem","position":1,"name":"Home","item":"https:\/\/www.woclleydon.com\/es\/"},{"@type":"ListItem","position":2,"name":"Abogado de lesiones personales en Stamford","item":"https:\/\/www.woclleydon.com\/es\/abogado-de-lesiones-personales-en-stamford\/"},{"@type":"ListItem","position":3,"name":"Abogado de Stamford especializado en muerte causada por negligencia: Obtenga justicia cuando su familia m\u00e1s la necesita."}]},{"@type":"WebSite","@id":"https:\/\/www.woclleydon.com\/es\/#website","url":"https:\/\/www.woclleydon.com\/es\/","name":"Abogados de lesiones personales de Wocl Leydon","description":"Your Case is Personal to Us!","potentialAction":[{"@type":"SearchAction","target":{"@type":"EntryPoint","urlTemplate":"https:\/\/www.woclleydon.com\/es\/?s={search_term_string}"},"query-input":{"@type":"PropertyValueSpecification","valueRequired":true,"valueName":"search_term_string"}}],"inLanguage":"es"}]}},"publishpress_future_action":{"enabled":false,"date":"2026-04-29 18:42:11","action":"change-status","newStatus":"draft","terms":[],"taxonomy":"translation_priority","extraData":[]},"publishpress_future_workflow_manual_trigger":{"enabledWorkflows":[]},"_links":{"self":[{"href":"https:\/\/www.woclleydon.com\/es\/wp-json\/wp\/v2\/pages\/8720","targetHints":{"allow":["GET"]}}],"collection":[{"href":"https:\/\/www.woclleydon.com\/es\/wp-json\/wp\/v2\/pages"}],"about":[{"href":"https:\/\/www.woclleydon.com\/es\/wp-json\/wp\/v2\/types\/page"}],"author":[{"embeddable":true,"href":"https:\/\/www.woclleydon.com\/es\/wp-json\/wp\/v2\/users\/18"}],"replies":[{"embeddable":true,"href":"https:\/\/www.woclleydon.com\/es\/wp-json\/wp\/v2\/comments?post=8720"}],"version-history":[{"count":6,"href":"https:\/\/www.woclleydon.com\/es\/wp-json\/wp\/v2\/pages\/8720\/revisions"}],"predecessor-version":[{"id":8897,"href":"https:\/\/www.woclleydon.com\/es\/wp-json\/wp\/v2\/pages\/8720\/revisions\/8897"}],"up":[{"embeddable":true,"href":"https:\/\/www.woclleydon.com\/es\/wp-json\/wp\/v2\/pages\/5756"}],"wp:attachment":[{"href":"https:\/\/www.woclleydon.com\/es\/wp-json\/wp\/v2\/media?parent=8720"}],"curies":[{"name":"wp","href":"https:\/\/api.w.org\/{rel}","templated":true}]}}