{"id":8726,"date":"2023-10-30T06:46:28","date_gmt":"2023-10-30T10:46:28","guid":{"rendered":"https:\/\/www.woclleydon.com\/?page_id=8726"},"modified":"2025-11-12T15:12:57","modified_gmt":"2025-11-12T19:12:57","slug":"abogado-de-negligencia-medica","status":"publish","type":"page","link":"https:\/\/www.woclleydon.com\/es\/abogado-de-lesiones-personales-en-stamford\/abogado-de-negligencia-medica\/","title":{"rendered":"Abogado de negligencia m\u00e9dica en Stamford"},"content":{"rendered":"<h1 class=\"page-title\">Abogado de negligencia m\u00e9dica en Stamford<\/h1>\n<p><img decoding=\"async\" class=\"alignnone wp-image-3649\" src=\"https:\/\/www.woclleydon.com\/wp-content\/uploads\/2023\/10\/connecticut-medical-malpractice-lawyer-banner.jpeg\" alt=\"Stamford Medical Malpractice Lawyer\" width=\"1001\" height=\"370\" srcset=\"https:\/\/www.woclleydon.com\/wp-content\/uploads\/2023\/10\/connecticut-medical-malpractice-lawyer-banner.jpeg 779w, https:\/\/www.woclleydon.com\/wp-content\/uploads\/2023\/10\/connecticut-medical-malpractice-lawyer-banner-300x111.jpeg 300w, https:\/\/www.woclleydon.com\/wp-content\/uploads\/2023\/10\/connecticut-medical-malpractice-lawyer-banner-768x284.jpeg 768w\" sizes=\"(max-width: 1001px) 100vw, 1001px\" \/><\/p>\n<p><span dir=\"auto\">Confiamos en los m\u00e9dicos y dem\u00e1s profesionales sanitarios por su experiencia, conocimientos y formaci\u00f3n. Sin embargo, cuando cometen errores graves a pesar de esta amplia formaci\u00f3n y experiencia, las consecuencias pueden ser devastadoras.<\/span><\/p>\n<p><span dir=\"auto\">En el bufete Wocl Leydon, nuestros\u00a0<\/span><a href=\"https:\/\/www.woclleydon.com\/es\/abogado-de-lesiones-personales-en-stamford\/\"><span dir=\"auto\">abogados especializados en negligencia m\u00e9dica en Stamford<\/span><\/a><span dir=\"auto\">\u00a0representan a clientes en una amplia gama de casos relacionados con negligencia por parte de m\u00e9dicos, hospitales y otros profesionales de la salud. Somos reconocidos en todo Connecticut por nuestra excelencia jur\u00eddica en estas materias.\u00a0<\/span><strong><b><span dir=\"auto\">De hecho, otros abogados suelen remitirnos sus casos de negligencia m\u00e9dica, confiando en que contamos con la experiencia y los recursos necesarios para gestionar eficazmente estos casos complejos dentro del plazo de prescripci\u00f3n.<\/span><\/b><\/strong><\/p>\n<p><span dir=\"auto\">Para hablar sobre su posible demanda por negligencia m\u00e9dica con uno de nuestros\u00a0<\/span><a href=\"https:\/\/www.woclleydon.com\/es\/abogado-de-lesiones-personales-en-stamford\/\"><span dir=\"auto\">abogados especializados en lesiones personales en Stamford,<\/span><\/a><span dir=\"auto\">\u00a0cont\u00e1ctenos hoy mismo. Nuestros abogados, dedicados a casos de negligencia m\u00e9dica, le brindar\u00e1n una consulta inicial gratuita para ayudarle a evaluar si tiene un caso viable y explicarle las opciones disponibles.<\/span><\/p>\n<div class=\"cta-box my-4 p-4\" style=\"background:#e9e9e9 url('\/wp-content\/uploads\/2023\/10\/ui-element-corner-triangle-light.png') no-repeat right bottom;border:1px solid #6590AF;border-radius:3px;\">\r\n    <div class=\"d-flex flex-column flex-lg-row align-items-center free-case-review\">\r\n        <img decoding=\"async\" class=\"mb-3 mb-lg-0\" src=\"\/wp-content\/uploads\/2023\/10\/cta-photo-with-corner.png\" alt=\"Get your free case review\" width=\"125\" height=\"125\">\r\n        <div class=\"ps-lg-4\">\r\n            <h3 style=\"line-height: 1.5\">\r\n                <span class=\"font-weight-bold\">Obtenga su revisi\u00f3n de caso GRATUITA<\/span>\r\n\r\n            <\/h3>\r\n            <div class=\"d-flex flex-column flex-lg-row align-items-center\">\r\n                <a class=\"btn btn-gold text-center me-lg-3\" href=\"tel:12033333339\" style=\"vertical-align:middle;\"><img decoding=\"async\" style=\"margin-right: 15px;height:28px;\" src=\"\/wp-content\/uploads\/2023\/10\/btn-icon-phone.png\" alt=\"Call Us\">(203) 333-3339<\/a>\r\n                <div> or <a href=\"#cta\">env\u00edanos los detalles de tu caso.<\/a><\/div>\r\n            <\/div>\r\n        <\/div>\r\n    <\/div>\r\n<\/div>\r\n\n<h2 id=\"toc-2\"><span dir=\"auto\"><span class=\"\" dir=\"auto\">Las demandas por negligencia m\u00e9dica en Stamford son dif\u00edciles: elija cuidadosamente a su abogado.<\/span><\/span><\/h2>\n<p><span dir=\"auto\"><img decoding=\"async\" class=\"alignright size-full wp-image-2737\" src=\"https:\/\/www.woclleydon.com\/wp-content\/uploads\/2023\/10\/pa-med-mal-01-4.jpg\" alt=\"Why Choose Wocl Leydon's Medical Malpractice Lawyers?\" width=\"228\" height=\"228\" srcset=\"https:\/\/www.woclleydon.com\/wp-content\/uploads\/2023\/10\/pa-med-mal-01-4.jpg 228w, https:\/\/www.woclleydon.com\/wp-content\/uploads\/2023\/10\/pa-med-mal-01-4-150x150.jpg 150w\" sizes=\"(max-width: 228px) 100vw, 228px\" \/>Un resultado desfavorable tras un tratamiento m\u00e9dico no implica necesariamente que exista una demanda por negligencia m\u00e9dica. Adem\u00e1s, incluso cuando los profesionales m\u00e9dicos cometen errores, estos errores pueden no ser la causa principal de los resultados desfavorables. A veces, los resultados son simplemente inevitables.<\/span><\/p>\n<p><strong><b><span dir=\"auto\">Aunque los errores sean evidentes y las consecuencias obvias, las cuestiones legales siguen siendo complejas.<\/span><\/b><\/strong><span dir=\"auto\">\u00a0\u00a0Las demandas por negligencia m\u00e9dica son incre\u00edblemente dif\u00edciles de tramitar, y muy pocos m\u00e9dicos son sancionados por sus errores. Por ello, es fundamental actuar con suma cautela al elegir un abogado especializado en negligencia m\u00e9dica.<\/span><\/p>\n<p><span dir=\"auto\">Durante tres d\u00e9cadas, pacientes lesionados y sus familias en todo Connecticut han elegido a Wocl Leydon para que los represente en complejas demandas por negligencia m\u00e9dica.\u00a0<\/span><strong><b>\u00a0<\/b><\/strong><span dir=\"auto\">Los clientes recurren a nuestro equipo experto porque:<\/span><strong><b>\u00a0<\/b><\/strong><\/p>\n<ul>\n<li><strong><span dir=\"auto\">Nuestros abogados se especializan en demandas por negligencia m\u00e9dica.<\/span><\/strong><span dir=\"auto\">\u00a0Contamos con amplia experiencia en la gesti\u00f3n de casos complejos relacionados con errores m\u00e9dicos, y nuestro equipo legal experto est\u00e1 preparado para investigar su caso a fondo. Necesitaremos demostrar con exactitud lo sucedido e identificar a todas las partes que puedan ser consideradas responsables. Nuestro equipo recopilar\u00e1 todas las pruebas y consultar\u00e1 con expertos m\u00e9dicos externos para demostrar que su demanda tiene fundamentos s\u00f3lidos.<\/span><\/li>\n<li><strong><span dir=\"auto\">Nuestro bufete cuenta con los recursos necesarios para construir una s\u00f3lida demanda que obtenga la m\u00e1xima indemnizaci\u00f3n<\/span><\/strong><span dir=\"auto\">\u00a0por da\u00f1os y perjuicios. Al preparar las demandas, nuestro equipo legal colabora frecuentemente con expertos en \u00e1reas como medicina, rehabilitaci\u00f3n vocacional y econom\u00eda, as\u00ed como en especialidades como neuropsicolog\u00eda, geriatr\u00eda, pediatr\u00eda o desarrollo infantil, seg\u00fan las circunstancias espec\u00edficas de cada caso. En los casos que lo ameriten, y con el permiso y la colaboraci\u00f3n de nuestro cliente, la presentaci\u00f3n de la demanda puede incluir la creaci\u00f3n de un video que documente un d\u00eda en la vida de nuestro cliente para ilustrar c\u00f3mo la negligencia m\u00e9dica ha afectado su vida. Nuestro equipo se esfuerza al m\u00e1ximo para demostrar cu\u00e1l es la compensaci\u00f3n justa e \u00edntegra que corresponde a nuestros clientes.<\/span><\/li>\n<li><strong><span dir=\"auto\">Nuestros abogados tratan a los clientes como si fueran de nuestra propia familia.<\/span><\/strong><span dir=\"auto\">\u00a0Entendemos la importancia de un trato amable y compasivo.<\/span><b><\/b><span dir=\"auto\">Nos tomamos el tiempo necesario para escucharle, responder a sus preguntas y asegurarnos de que comprenda qu\u00e9 esperar en su demanda por negligencia m\u00e9dica. Al igual que lo har\u00edamos con un familiar, nos comprometemos a que un socio de nuestro bufete supervise cada caso, en lugar de derivarlo a un gestor de casos. Nuestros abogados est\u00e1n siempre disponibles para hablar personalmente con usted sobre el progreso de su caso.<\/span><\/li>\n<li><strong><span dir=\"auto\">Nuestros abogados especializados en negligencia m\u00e9dica se han forjado una reputaci\u00f3n de \u00e9xito.<\/span><\/strong><span dir=\"auto\">\u00a0Wocl Leydon es reconocida en toda la comunidad jur\u00eddica por su compromiso con la defensa en\u00e9rgica de clientes y familias que lo merecen. Como firma de abogados con calificaci\u00f3n AV Preeminent*, somos reconocidos en todo el estado por nuestra capacidad para investigar casos de negligencia, presentar las pruebas detalladas necesarias para establecer el derecho del cliente a una indemnizaci\u00f3n y proporcionar un c\u00e1lculo de da\u00f1os documentado que resiste cualquier objeci\u00f3n de la defensa. Esta reputaci\u00f3n nos genera con frecuencia recomendaciones de otros abogados e invitaciones para participar como ponentes en seminarios jur\u00eddicos.<\/span><\/li>\n<\/ul>\n<p><span dir=\"auto\">Contar con un abogado de Stamford especializado en negligencia m\u00e9dica, con experiencia y dedicaci\u00f3n, puede marcar la diferencia en su caso. Para obtener m\u00e1s informaci\u00f3n sobre nuestras estrategias y c\u00f3mo podemos ayudarle en su situaci\u00f3n particular, llame\u00a0<\/span><strong><span dir=\"auto\">al 203-718-4003<\/span><\/strong><span dir=\"auto\">\u00a0o programe una consulta gratuita en l\u00ednea. Nuestro equipo est\u00e1 listo para defender sus derechos.<\/span><\/p>\n<div class=\"cta-box my-4 p-4\" style=\"background:#e9e9e9 url('\/wp-content\/uploads\/2023\/10\/ui-element-corner-triangle-light.png') no-repeat right bottom;border:1px solid #6590AF;border-radius:3px;\">\r\n    <div class=\"d-flex flex-column flex-lg-row align-items-center free-case-review\">\r\n        <img decoding=\"async\" class=\"mb-3 mb-lg-0\" src=\"\/wp-content\/uploads\/2023\/10\/cta-photo-with-corner.png\" alt=\"Get your free case review\" width=\"125\" height=\"125\">\r\n        <div class=\"ps-lg-4\">\r\n            <h3 style=\"line-height: 1.5\">\r\n                <span class=\"font-weight-bold\">Obtenga su revisi\u00f3n de caso GRATUITA<\/span>\r\n\r\n            <\/h3>\r\n            <div class=\"d-flex flex-column flex-lg-row align-items-center\">\r\n                <a class=\"btn btn-gold text-center me-lg-3\" href=\"tel:12033333339\" style=\"vertical-align:middle;\"><img decoding=\"async\" style=\"margin-right: 15px;height:28px;\" src=\"\/wp-content\/uploads\/2023\/10\/btn-icon-phone.png\" alt=\"Call Us\">(203) 333-3339<\/a>\r\n                <div> or <a href=\"#cta\">env\u00edanos los detalles de tu caso.<\/a><\/div>\r\n            <\/div>\r\n        <\/div>\r\n    <\/div>\r\n<\/div>\r\n\n<h2 id=\"toc-3\"><span dir=\"auto\">\u00bfQu\u00e9 debe probar en una demanda por negligencia m\u00e9dica en Stamford, Connecticut?<\/span><\/h2>\n<p><span dir=\"auto\"><img decoding=\"async\" class=\"alignright size-full wp-image-2738\" src=\"https:\/\/www.woclleydon.com\/wp-content\/uploads\/2023\/10\/pa-med-mal-02.jpg\" alt=\"What Do I Need to Prove a Medical Malpractice Claim in Connecticut?\" width=\"228\" height=\"228\" srcset=\"https:\/\/www.woclleydon.com\/wp-content\/uploads\/2023\/10\/pa-med-mal-02.jpg 228w, https:\/\/www.woclleydon.com\/wp-content\/uploads\/2023\/10\/pa-med-mal-02-150x150.jpg 150w\" sizes=\"(max-width: 228px) 100vw, 228px\" \/>Lo cierto es que, incluso cuando los m\u00e9dicos y los hospitales hacen todo correctamente, el paciente puede seguir sufriendo. Un profesional sanitario puede seguir todos los protocolos adecuados y aun as\u00ed no ser capaz de diagnosticar una enfermedad a tiempo o evitar que se propague.<\/span><\/p>\n<p><span dir=\"auto\">Cuando se ponga en contacto con nosotros para hablar sobre una posible demanda por negligencia m\u00e9dica, lo primero que haremos ser\u00e1 explicarle los elementos que la componen. Debemos poder probar estos tres elementos para que nuestra demanda por negligencia m\u00e9dica prospere:<\/span><\/p>\n<ul>\n<li><strong><span dir=\"auto\">En primer lugar, debemos establecer el est\u00e1ndar de atenci\u00f3n requerido para el tratamiento.<\/span><\/strong><span dir=\"auto\">\u00a0Seg\u00fan la ley de negligencia m\u00e9dica de Connecticut: \u201cEl est\u00e1ndar profesional de atenci\u00f3n vigente para un proveedor de atenci\u00f3n m\u00e9dica determinado ser\u00e1 aquel nivel de atenci\u00f3n, habilidad y tratamiento que, a la luz de todas las circunstancias relevantes que lo rodean, sea reconocido como aceptable y apropiado por proveedores de atenci\u00f3n m\u00e9dica similares razonablemente prudentes\u201d.<\/span><\/li>\n<li><strong><span dir=\"auto\">Luego, debemos demostrar que hubo una desviaci\u00f3n de ese est\u00e1ndar de atenci\u00f3n.<\/span><\/strong><span dir=\"auto\">\u00a0\u00a0 Una desviaci\u00f3n del est\u00e1ndar de atenci\u00f3n es otra forma de denominar mala praxis o negligencia m\u00e9dica. Nuestro equipo legal utilizar\u00e1 el testimonio de expertos para demostrar que hubo una infracci\u00f3n del est\u00e1ndar de atenci\u00f3n en su caso.<\/span><\/li>\n<li><b><\/b><strong><b><span dir=\"auto\">Finalmente, debemos probar que la desviaci\u00f3n caus\u00f3 su lesi\u00f3n.<\/span><\/b><\/strong><span dir=\"auto\">\u00a0La negligencia m\u00e9dica por s\u00ed sola no es suficiente para una demanda por mala praxis. Debemos poder demostrar que usted sufri\u00f3 una lesi\u00f3n como resultado de dicha negligencia m\u00e9dica.<\/span><\/li>\n<\/ul>\n<p><span dir=\"auto\">Con a\u00f1os de experiencia en litigios, nuestro equipo de abogados especializados en negligencia m\u00e9dica comprende a fondo lo que se requiere para argumentar y ganar estos casos complejos y, a menudo, llenos de matices. Ll\u00e1menos o cont\u00e1ctenos en l\u00ednea hoy mismo si cree que usted o un ser querido ha sufrido da\u00f1os debido a negligencia m\u00e9dica. Le brindaremos una consulta gratuita y sin compromiso.<\/span><\/p>\n<h2 id=\"toc-4\"><span dir=\"auto\">\u00a1P\u00f3ngase en contacto hoy mismo con nuestros abogados especializados en negligencia m\u00e9dica!<\/span><\/h2>\n<p><span dir=\"auto\">\u00bfUsted o un ser querido han sufrido complicaciones, dolor o sufrimiento debido a la negligencia de un profesional m\u00e9dico? No busque m\u00e1s all\u00e1 del equipo legal especializado en negligencia m\u00e9dica de\u00a0<\/span><a href=\"https:\/\/www.woclleydon.com\/es\/\"><span dir=\"auto\">Wocl Leydon Personal Injury Attorneys<\/span><\/a><span dir=\"auto\">\u00a0.<\/span><\/p>\n","protected":false},"excerpt":{"rendered":"<p>Abogado de negligencia m\u00e9dica en Stamford Confiamos en los m\u00e9dicos y dem\u00e1s profesionales sanitarios por su experiencia, conocimientos y formaci\u00f3n. Sin embargo, cuando cometen errores graves a pesar de esta amplia formaci\u00f3n y experiencia, las consecuencias pueden ser devastadoras. En el bufete Wocl Leydon, nuestros\u00a0abogados especializados en negligencia m\u00e9dica en Stamford\u00a0representan a clientes en una [&hellip;]<\/p>\n","protected":false},"author":18,"featured_media":0,"parent":5756,"menu_order":0,"comment_status":"closed","ping_status":"closed","template":"","meta":{"_acf_changed":false,"footnotes":""},"class_list":["post-8726","page","type-page","status-publish","hentry"],"acf":[],"yoast_head":"<!-- This site is optimized with the Yoast SEO plugin v27.4 - https:\/\/yoast.com\/product\/yoast-seo-wordpress\/ -->\n<title>Abogado de negligencia m\u00e9dica en Stamford - Abogados de lesiones personales de Wocl Leydon<\/title>\n<meta name=\"robots\" content=\"index, follow, max-snippet:-1, max-image-preview:large, max-video-preview:-1\" \/>\n<link rel=\"canonical\" href=\"https:\/\/www.woclleydon.com\/es\/abogado-de-lesiones-personales-en-stamford\/abogado-de-negligencia-medica\/\" \/>\n<meta property=\"og:locale\" content=\"es_ES\" \/>\n<meta property=\"og:type\" content=\"article\" \/>\n<meta property=\"og:title\" content=\"Abogado de negligencia m\u00e9dica en Stamford - Abogados de lesiones personales de Wocl Leydon\" \/>\n<meta property=\"og:description\" content=\"Abogado de negligencia m\u00e9dica en Stamford Confiamos en los m\u00e9dicos y dem\u00e1s profesionales sanitarios por su experiencia, conocimientos y formaci\u00f3n. Sin embargo, cuando cometen errores graves a pesar de esta amplia formaci\u00f3n y experiencia, las consecuencias pueden ser devastadoras. En el bufete Wocl Leydon, nuestros\u00a0abogados especializados en negligencia m\u00e9dica en Stamford\u00a0representan a clientes en una [&hellip;]\" \/>\n<meta property=\"og:url\" content=\"https:\/\/www.woclleydon.com\/es\/abogado-de-lesiones-personales-en-stamford\/abogado-de-negligencia-medica\/\" \/>\n<meta property=\"og:site_name\" content=\"Abogados de lesiones personales de Wocl Leydon\" \/>\n<meta property=\"article:modified_time\" content=\"2025-11-12T19:12:57+00:00\" \/>\n<meta property=\"og:image\" content=\"https:\/\/www.woclleydon.com\/wp-content\/uploads\/2023\/10\/connecticut-medical-malpractice-lawyer-banner.jpeg\" \/>\n\t<meta property=\"og:image:width\" content=\"779\" \/>\n\t<meta property=\"og:image:height\" content=\"288\" \/>\n\t<meta property=\"og:image:type\" content=\"image\/jpeg\" \/>\n<meta name=\"twitter:card\" content=\"summary_large_image\" \/>\n<meta name=\"twitter:label1\" content=\"Tiempo de lectura\" \/>\n\t<meta name=\"twitter:data1\" content=\"10 minutos\" \/>\n<script type=\"application\/ld+json\" class=\"yoast-schema-graph\">{\"@context\":\"https:\\\/\\\/schema.org\",\"@graph\":[{\"@type\":\"WebPage\",\"@id\":\"https:\\\/\\\/www.woclleydon.com\\\/es\\\/abogado-de-lesiones-personales-en-stamford\\\/abogado-de-negligencia-medica\\\/\",\"url\":\"https:\\\/\\\/www.woclleydon.com\\\/es\\\/abogado-de-lesiones-personales-en-stamford\\\/abogado-de-negligencia-medica\\\/\",\"name\":\"Abogado de negligencia m\u00e9dica en Stamford - Abogados de lesiones personales de Wocl Leydon\",\"isPartOf\":{\"@id\":\"https:\\\/\\\/www.woclleydon.com\\\/es\\\/#website\"},\"primaryImageOfPage\":{\"@id\":\"https:\\\/\\\/www.woclleydon.com\\\/es\\\/abogado-de-lesiones-personales-en-stamford\\\/abogado-de-negligencia-medica\\\/#primaryimage\"},\"image\":{\"@id\":\"https:\\\/\\\/www.woclleydon.com\\\/es\\\/abogado-de-lesiones-personales-en-stamford\\\/abogado-de-negligencia-medica\\\/#primaryimage\"},\"thumbnailUrl\":\"https:\\\/\\\/www.woclleydon.com\\\/wp-content\\\/uploads\\\/2023\\\/10\\\/connecticut-medical-malpractice-lawyer-banner.jpeg\",\"datePublished\":\"2023-10-30T10:46:28+00:00\",\"dateModified\":\"2025-11-12T19:12:57+00:00\",\"breadcrumb\":{\"@id\":\"https:\\\/\\\/www.woclleydon.com\\\/es\\\/abogado-de-lesiones-personales-en-stamford\\\/abogado-de-negligencia-medica\\\/#breadcrumb\"},\"inLanguage\":\"es\",\"potentialAction\":[{\"@type\":\"ReadAction\",\"target\":[\"https:\\\/\\\/www.woclleydon.com\\\/es\\\/abogado-de-lesiones-personales-en-stamford\\\/abogado-de-negligencia-medica\\\/\"]}]},{\"@type\":\"ImageObject\",\"inLanguage\":\"es\",\"@id\":\"https:\\\/\\\/www.woclleydon.com\\\/es\\\/abogado-de-lesiones-personales-en-stamford\\\/abogado-de-negligencia-medica\\\/#primaryimage\",\"url\":\"https:\\\/\\\/www.woclleydon.com\\\/wp-content\\\/uploads\\\/2023\\\/10\\\/connecticut-medical-malpractice-lawyer-banner.jpeg\",\"contentUrl\":\"https:\\\/\\\/www.woclleydon.com\\\/wp-content\\\/uploads\\\/2023\\\/10\\\/connecticut-medical-malpractice-lawyer-banner.jpeg\"},{\"@type\":\"BreadcrumbList\",\"@id\":\"https:\\\/\\\/www.woclleydon.com\\\/es\\\/abogado-de-lesiones-personales-en-stamford\\\/abogado-de-negligencia-medica\\\/#breadcrumb\",\"itemListElement\":[{\"@type\":\"ListItem\",\"position\":1,\"name\":\"Home\",\"item\":\"https:\\\/\\\/www.woclleydon.com\\\/es\\\/\"},{\"@type\":\"ListItem\",\"position\":2,\"name\":\"Abogado de lesiones personales en Stamford\",\"item\":\"https:\\\/\\\/www.woclleydon.com\\\/es\\\/abogado-de-lesiones-personales-en-stamford\\\/\"},{\"@type\":\"ListItem\",\"position\":3,\"name\":\"Abogado de negligencia m\u00e9dica en Stamford\"}]},{\"@type\":\"WebSite\",\"@id\":\"https:\\\/\\\/www.woclleydon.com\\\/es\\\/#website\",\"url\":\"https:\\\/\\\/www.woclleydon.com\\\/es\\\/\",\"name\":\"Abogados de lesiones personales de Wocl Leydon\",\"description\":\"Your Case is Personal to Us!\",\"potentialAction\":[{\"@type\":\"SearchAction\",\"target\":{\"@type\":\"EntryPoint\",\"urlTemplate\":\"https:\\\/\\\/www.woclleydon.com\\\/es\\\/?s={search_term_string}\"},\"query-input\":{\"@type\":\"PropertyValueSpecification\",\"valueRequired\":true,\"valueName\":\"search_term_string\"}}],\"inLanguage\":\"es\"}]}<\/script>\n<!-- \/ Yoast SEO plugin. -->","yoast_head_json":{"title":"Abogado de negligencia m\u00e9dica en Stamford - Abogados de lesiones personales de Wocl Leydon","robots":{"index":"index","follow":"follow","max-snippet":"max-snippet:-1","max-image-preview":"max-image-preview:large","max-video-preview":"max-video-preview:-1"},"canonical":"https:\/\/www.woclleydon.com\/es\/abogado-de-lesiones-personales-en-stamford\/abogado-de-negligencia-medica\/","og_locale":"es_ES","og_type":"article","og_title":"Abogado de negligencia m\u00e9dica en Stamford - Abogados de lesiones personales de Wocl Leydon","og_description":"Abogado de negligencia m\u00e9dica en Stamford Confiamos en los m\u00e9dicos y dem\u00e1s profesionales sanitarios por su experiencia, conocimientos y formaci\u00f3n. Sin embargo, cuando cometen errores graves a pesar de esta amplia formaci\u00f3n y experiencia, las consecuencias pueden ser devastadoras. En el bufete Wocl Leydon, nuestros\u00a0abogados especializados en negligencia m\u00e9dica en Stamford\u00a0representan a clientes en una [&hellip;]","og_url":"https:\/\/www.woclleydon.com\/es\/abogado-de-lesiones-personales-en-stamford\/abogado-de-negligencia-medica\/","og_site_name":"Abogados de lesiones personales de Wocl Leydon","article_modified_time":"2025-11-12T19:12:57+00:00","og_image":[{"width":779,"height":288,"url":"https:\/\/www.woclleydon.com\/wp-content\/uploads\/2023\/10\/connecticut-medical-malpractice-lawyer-banner.jpeg","type":"image\/jpeg"}],"twitter_card":"summary_large_image","twitter_misc":{"Tiempo de lectura":"10 minutos"},"schema":{"@context":"https:\/\/schema.org","@graph":[{"@type":"WebPage","@id":"https:\/\/www.woclleydon.com\/es\/abogado-de-lesiones-personales-en-stamford\/abogado-de-negligencia-medica\/","url":"https:\/\/www.woclleydon.com\/es\/abogado-de-lesiones-personales-en-stamford\/abogado-de-negligencia-medica\/","name":"Abogado de negligencia m\u00e9dica en Stamford - Abogados de lesiones personales de Wocl Leydon","isPartOf":{"@id":"https:\/\/www.woclleydon.com\/es\/#website"},"primaryImageOfPage":{"@id":"https:\/\/www.woclleydon.com\/es\/abogado-de-lesiones-personales-en-stamford\/abogado-de-negligencia-medica\/#primaryimage"},"image":{"@id":"https:\/\/www.woclleydon.com\/es\/abogado-de-lesiones-personales-en-stamford\/abogado-de-negligencia-medica\/#primaryimage"},"thumbnailUrl":"https:\/\/www.woclleydon.com\/wp-content\/uploads\/2023\/10\/connecticut-medical-malpractice-lawyer-banner.jpeg","datePublished":"2023-10-30T10:46:28+00:00","dateModified":"2025-11-12T19:12:57+00:00","breadcrumb":{"@id":"https:\/\/www.woclleydon.com\/es\/abogado-de-lesiones-personales-en-stamford\/abogado-de-negligencia-medica\/#breadcrumb"},"inLanguage":"es","potentialAction":[{"@type":"ReadAction","target":["https:\/\/www.woclleydon.com\/es\/abogado-de-lesiones-personales-en-stamford\/abogado-de-negligencia-medica\/"]}]},{"@type":"ImageObject","inLanguage":"es","@id":"https:\/\/www.woclleydon.com\/es\/abogado-de-lesiones-personales-en-stamford\/abogado-de-negligencia-medica\/#primaryimage","url":"https:\/\/www.woclleydon.com\/wp-content\/uploads\/2023\/10\/connecticut-medical-malpractice-lawyer-banner.jpeg","contentUrl":"https:\/\/www.woclleydon.com\/wp-content\/uploads\/2023\/10\/connecticut-medical-malpractice-lawyer-banner.jpeg"},{"@type":"BreadcrumbList","@id":"https:\/\/www.woclleydon.com\/es\/abogado-de-lesiones-personales-en-stamford\/abogado-de-negligencia-medica\/#breadcrumb","itemListElement":[{"@type":"ListItem","position":1,"name":"Home","item":"https:\/\/www.woclleydon.com\/es\/"},{"@type":"ListItem","position":2,"name":"Abogado de lesiones personales en Stamford","item":"https:\/\/www.woclleydon.com\/es\/abogado-de-lesiones-personales-en-stamford\/"},{"@type":"ListItem","position":3,"name":"Abogado de negligencia m\u00e9dica en Stamford"}]},{"@type":"WebSite","@id":"https:\/\/www.woclleydon.com\/es\/#website","url":"https:\/\/www.woclleydon.com\/es\/","name":"Abogados de lesiones personales de Wocl Leydon","description":"Your Case is Personal to Us!","potentialAction":[{"@type":"SearchAction","target":{"@type":"EntryPoint","urlTemplate":"https:\/\/www.woclleydon.com\/es\/?s={search_term_string}"},"query-input":{"@type":"PropertyValueSpecification","valueRequired":true,"valueName":"search_term_string"}}],"inLanguage":"es"}]}},"publishpress_future_action":{"enabled":false,"date":"2026-04-29 19:16:35","action":"change-status","newStatus":"draft","terms":[],"taxonomy":"translation_priority","extraData":[]},"publishpress_future_workflow_manual_trigger":{"enabledWorkflows":[]},"_links":{"self":[{"href":"https:\/\/www.woclleydon.com\/es\/wp-json\/wp\/v2\/pages\/8726","targetHints":{"allow":["GET"]}}],"collection":[{"href":"https:\/\/www.woclleydon.com\/es\/wp-json\/wp\/v2\/pages"}],"about":[{"href":"https:\/\/www.woclleydon.com\/es\/wp-json\/wp\/v2\/types\/page"}],"author":[{"embeddable":true,"href":"https:\/\/www.woclleydon.com\/es\/wp-json\/wp\/v2\/users\/18"}],"replies":[{"embeddable":true,"href":"https:\/\/www.woclleydon.com\/es\/wp-json\/wp\/v2\/comments?post=8726"}],"version-history":[{"count":6,"href":"https:\/\/www.woclleydon.com\/es\/wp-json\/wp\/v2\/pages\/8726\/revisions"}],"predecessor-version":[{"id":8772,"href":"https:\/\/www.woclleydon.com\/es\/wp-json\/wp\/v2\/pages\/8726\/revisions\/8772"}],"up":[{"embeddable":true,"href":"https:\/\/www.woclleydon.com\/es\/wp-json\/wp\/v2\/pages\/5756"}],"wp:attachment":[{"href":"https:\/\/www.woclleydon.com\/es\/wp-json\/wp\/v2\/media?parent=8726"}],"curies":[{"name":"wp","href":"https:\/\/api.w.org\/{rel}","templated":true}]}}