{"id":8732,"date":"2023-10-30T06:59:28","date_gmt":"2023-10-30T10:59:28","guid":{"rendered":"https:\/\/www.woclleydon.com\/?page_id=8732"},"modified":"2025-11-13T08:11:55","modified_gmt":"2025-11-13T12:11:55","slug":"abogado-de-responsabilidad-por-productos","status":"publish","type":"page","link":"https:\/\/www.woclleydon.com\/es\/abogado-de-lesiones-personales-en-stamford\/abogado-de-responsabilidad-por-productos\/","title":{"rendered":"Abogados de responsabilidad por productos defectuosos en Stamford"},"content":{"rendered":"<header>\n<header>\n<header>\n<h2 id=\"toc0\"><span dir=\"auto\"><span class=\"\" dir=\"auto\">Abogados de responsabilidad por productos defectuosos en Stamford<\/span><\/span><\/h2>\n<\/header>\n<\/header>\n<\/header>\n<p><img decoding=\"async\" class=\"alignnone wp-image-3657\" src=\"https:\/\/www.woclleydon.com\/wp-content\/uploads\/2023\/10\/wl-banner-product-liability-2.jpg\" alt=\"Stamford Product Liability Lawyers\" width=\"1001\" height=\"370\" srcset=\"https:\/\/www.woclleydon.com\/wp-content\/uploads\/2023\/10\/wl-banner-product-liability-2.jpg 779w, https:\/\/www.woclleydon.com\/wp-content\/uploads\/2023\/10\/wl-banner-product-liability-2-300x111.jpg 300w, https:\/\/www.woclleydon.com\/wp-content\/uploads\/2023\/10\/wl-banner-product-liability-2-768x284.jpg 768w\" sizes=\"(max-width: 1001px) 100vw, 1001px\" \/><\/p>\n<p><span dir=\"auto\">Los productos que consideramos seguros pueden, en realidad, perjudicarnos en demasiados casos. Electrodom\u00e9sticos, herramientas industriales y cualquier otro producto pueden fallar en el momento menos oportuno y causar lesiones. Cuando esto sucede, es fundamental contar con un abogado especializado y con experiencia en responsabilidad por productos defectuosos.<\/span><\/p>\n<p><span dir=\"auto\">En Wocl Leydon, nuestros\u00a0 <\/span><a href=\"https:\/\/www.woclleydon.com\/es\/abogado-de-lesiones-personales-en-stamford\/\"><span dir=\"auto\">abogados de lesiones personales en Stamford<\/span><\/a><span dir=\"auto\"> \u00a0se dedican a ayudar a personas como usted. Sin importar c\u00f3mo un producto le haya causado lesiones, nuestros abogados est\u00e1n aqu\u00ed para ayudarle. Nuestro trabajo ha sido reconocido por Connecticut Super Lawyers\u00ae, New England Super Lawyers\u00ae, Million Dollar Advocates Forum y muchas otras publicaciones destacadas. Si ha sufrido lesiones a causa de un producto defectuoso o peligroso, perm\u00edtanos poner nuestra experiencia y reputaci\u00f3n a su servicio.<\/span><\/p>\n<p><a href=\"https:\/\/www.woclleydon.com\/es\/quienes-somos\/\"><span dir=\"auto\">Nuestro bufete<\/span><\/a><span dir=\"auto\"> \u00a0ofrece una consulta gratuita sobre su caso. Para obtener m\u00e1s informaci\u00f3n sobre sus mejores opciones legales, ll\u00e1menos, cont\u00e1ctenos en l\u00ednea o visite nuestra\u00a0 <\/span><span dir=\"auto\">oficina en Stamford<\/span><span dir=\"auto\">.<\/span><\/p>\n<p><span dir=\"auto\" style=\"vertical-align: inherit;\"><span dir=\"auto\" style=\"vertical-align: inherit;\"><div class=\"cta-box my-4 p-4\" style=\"background:#e9e9e9 url('\/wp-content\/uploads\/2023\/10\/ui-element-corner-triangle-light.png') no-repeat right bottom;border:1px solid #6590AF;border-radius:3px;\">\r\n    <div class=\"d-flex flex-column flex-lg-row align-items-center free-case-review\">\r\n        <img decoding=\"async\" class=\"mb-3 mb-lg-0\" src=\"\/wp-content\/uploads\/2023\/10\/cta-photo-with-corner.png\" alt=\"Get your free case review\" width=\"125\" height=\"125\">\r\n        <div class=\"ps-lg-4\">\r\n            <h3 style=\"line-height: 1.5\">\r\n                <span class=\"font-weight-bold\">Obtenga su revisi\u00f3n de caso GRATUITA<\/span>\r\n\r\n            <\/h3>\r\n            <div class=\"d-flex flex-column flex-lg-row align-items-center\">\r\n                <a class=\"btn btn-gold text-center me-lg-3\" href=\"tel:12033333339\" style=\"vertical-align:middle;\"><img decoding=\"async\" style=\"margin-right: 15px;height:28px;\" src=\"\/wp-content\/uploads\/2023\/10\/btn-icon-phone.png\" alt=\"Call Us\">(203) 333-3339<\/a>\r\n                <div> or <a href=\"#cta\">env\u00edanos los detalles de tu caso.<\/a><\/div>\r\n            <\/div>\r\n        <\/div>\r\n    <\/div>\r\n<\/div>\r\n<\/span><\/span><\/p>\n<h2 id=\"toc-2\"><span dir=\"auto\"><span class=\"VIpgJd-yAWNEb-VIpgJd-fmcmS-sn54Q\" dir=\"auto\">Nuestros abogados de responsabilidad por productos defectuosos en Stamford pueden marcar la diferencia en su caso.<\/span><\/span><\/h2>\n<p><img decoding=\"async\" class=\"alignright size-full wp-image-3655 entered lazyloaded\" src=\"https:\/\/www.woclleydon.com\/wp-content\/uploads\/2023\/10\/pa-med-mal-01-10.jpg\" sizes=\"(max-width: 228px) 100vw, 228px\" srcset=\"https:\/\/www.woclleydon.com\/wp-content\/uploads\/2023\/10\/pa-med-mal-01-10.jpg 228w, https:\/\/www.woclleydon.com\/wp-content\/uploads\/2023\/10\/pa-med-mal-01-10-150x150.jpg 150w\" alt=\"Nuestros abogados de responsabilidad por productos defectuosos en Stamford pueden marcar la diferencia en su caso.\" width=\"228\" height=\"228\" data-lazy-srcset=\"https:\/\/www.woclleydon.com\/wp-content\/uploads\/2023\/10\/pa-med-mal-01-10.jpg 228w, https:\/\/www.woclleydon.com\/wp-content\/uploads\/2023\/10\/pa-med-mal-01-10-150x150.jpg 150w\" data-lazy-sizes=\"(max-width: 228px) 100vw, 228px\" data-lazy-src=\"https:\/\/www.woclleydon.com\/wp-content\/uploads\/2023\/10\/pa-med-mal-01-10.jpg\" data-ll-status=\"loaded\" \/> <span dir=\"auto\">Si sufre lesiones a causa de un producto defectuoso, seguramente tendr\u00e1 preguntas sobre c\u00f3mo obtener la indemnizaci\u00f3n que necesita. Tal vez no sepa c\u00f3mo iniciar una reclamaci\u00f3n, c\u00f3mo investigarla ni c\u00f3mo luchar por la compensaci\u00f3n que le corresponde. Nuestros abogados expertos en responsabilidad por productos defectuosos han gestionado una amplia gama de reclamaciones de este tipo. Estamos listos para ayudarle en cada etapa de su caso.<\/span><\/p>\n<ul>\n<li><strong><b><span dir=\"auto\">Nuestros abogados expertos comenzar\u00e1n por escucharle.\u00a0<\/span><\/b><\/strong><span dir=\"auto\"> Para preparar su reclamaci\u00f3n, necesitamos comprender qu\u00e9 le sucedi\u00f3 y qu\u00e9 fall\u00f3. Los casos de responsabilidad por productos defectuosos requieren mucha documentaci\u00f3n y detalle, por lo que hablaremos con usted sobre c\u00f3mo estaba utilizando el producto, c\u00f3mo fall\u00f3 y qu\u00e9 hizo despu\u00e9s.<\/span><\/li>\n<li><strong><b><span dir=\"auto\">Nuestros abogados recopilar\u00e1n toda la evidencia necesaria para su caso.\u00a0<\/span><\/b><\/strong><span dir=\"auto\"> Esto incluye historiales m\u00e9dicos, testimonios de testigos, evidencia fotogr\u00e1fica, informes de problemas similares con el producto, avisos de retirada del mercado y otra informaci\u00f3n clave. En un caso de responsabilidad por productos defectuosos, es fundamental preservar el producto y mantenerlo en las mismas condiciones en que se encontraba al momento del accidente. Trabajaremos con celeridad para proteger toda la evidencia relacionada con el caso.<\/span><\/li>\n<li><b><\/b><strong><b><span dir=\"auto\">Otra forma importante en que le ayudaremos es evaluando sus lesiones y trabajando con usted para determinar el monto total de sus p\u00e9rdidas.\u00a0<\/span><\/b><\/strong><span dir=\"auto\"> Le ayudaremos a calcular c\u00f3mo le han perjudicado sus lesiones. Luego, utilizaremos nuestra experiencia y conocimientos legales para presentar una reclamaci\u00f3n de indemnizaci\u00f3n.<\/span><\/li>\n<li><b><\/b><strong><b><span dir=\"auto\">Mientras preparamos su reclamaci\u00f3n, un experto evaluar\u00e1 el producto.<\/span><\/b><\/strong><span dir=\"auto\"> En un caso de responsabilidad por productos defectuosos, es fundamental comprender por qu\u00e9 y c\u00f3mo fall\u00f3 el producto. En algunos casos, el problema reside en el dise\u00f1o. En otros, el dise\u00f1o es correcto y el defecto se introdujo durante la fabricaci\u00f3n. Las respuestas a estas preguntas le ayudar\u00e1n a determinar qui\u00e9n es el responsable.<\/span><\/li>\n<li><b><\/b><strong><b><span dir=\"auto\">Nuestros abogados especializados en responsabilidad por productos defectuosos pueden gestionar cualquier negociaci\u00f3n con las partes responsables.\u00a0<\/span><\/b><\/strong><span dir=\"auto\"> Las negociaciones para llegar a un acuerdo pueden ser muy complejas. La parte responsable podr\u00eda intentar aceptar la menor indemnizaci\u00f3n posible o rechazar su reclamaci\u00f3n de plano, pero no lo permitiremos. Utilizaremos nuestra experiencia en investigaci\u00f3n y negociaci\u00f3n para defender sus intereses.<\/span><\/li>\n<li><b><\/b><strong><b><span dir=\"auto\">A lo largo de las negociaciones, lucharemos para lograr un acuerdo que le beneficie.<\/span><\/b><\/strong><\/li>\n<li><span dir=\"auto\">En algunos casos, los responsables no asumen la responsabilidad que les corresponde. En otros, se niegan a llegar a un acuerdo justo. En tales casos, <\/span><strong><b><span dir=\"auto\">podemos llevar su caso a juicio y luchar por su indemnizaci\u00f3n.<\/span><\/b><\/strong><span dir=\"auto\"> Nuestros abogados expertos en responsabilidad por productos defectuosos pueden presentar los resultados de la investigaci\u00f3n, elaborar argumentos y estrategias legales, y representarlo con diligencia durante todo el proceso.<\/span><\/li>\n<\/ul>\n<p><span dir=\"auto\">Una reclamaci\u00f3n puede requerir investigaci\u00f3n, preservaci\u00f3n de pruebas, revisi\u00f3n pericial, negociaciones, presentaci\u00f3n de documentos legales y, posiblemente, un juicio. Un caso de responsabilidad por productos defectuosos puede ser complejo, pero un abogado con experiencia puede gestionar todo el proceso. Si est\u00e1 considerando un caso de responsabilidad por productos defectuosos, p\u00f3ngase en contacto hoy mismo con los abogados especializados en responsabilidad por productos defectuosos de Wocl Leydon.<\/span><\/p>\n<h2 id=\"toc-3\"><span dir=\"auto\">Tipos comunes de casos de responsabilidad por productos defectuosos en Stamford<\/span><\/h2>\n<p><span dir=\"auto\"><span class=\"\" dir=\"auto\">Dependemos de una amplia gama de productos para nuestra seguridad. Piezas de autom\u00f3viles, dispositivos m\u00e9dicos y f\u00e1rmacos son solo algunos de los productos a los que confiamos nuestra vida a diario. Lamentablemente, estos productos pueden fallarnos y causarnos da\u00f1os o incluso <\/span><\/span><a href=\"https:\/\/www-woclleydon-com.translate.goog\/stamford\/wrongful-death-lawyer\/?_x_tr_sl=en&amp;_x_tr_tl=es&amp;_x_tr_hl=en&amp;_x_tr_pto=wapp\"><span dir=\"auto\"><span class=\"\" dir=\"auto\">la muerte<\/span><\/span><\/a><span dir=\"auto\"><span class=\"\" dir=\"auto\"> .<\/span><\/span><\/p>\n<p><span dir=\"auto\">En Wocl Leydon, hemos representado a clientes en numerosos tipos de reclamaciones por responsabilidad civil por productos defectuosos. Algunos de los tipos m\u00e1s comunes que gestionamos son:<\/span><\/p>\n<ul class=\"col-md-6\">\n<li><span dir=\"auto\">Fallo del airbag y fallo en su despliegue<\/span><\/li>\n<li><span dir=\"auto\">Sistema de combustible defectuoso en incendios posteriores a colisiones<\/span><\/li>\n<li><span dir=\"auto\">Neum\u00e1ticos defectuosos<\/span><\/li>\n<li><span dir=\"auto\">Accidente de maquinaria industrial, de fabricaci\u00f3n y de construcci\u00f3n<\/span><\/li>\n<li><span dir=\"auto\">Otros defectos de productos de consumo<\/span><\/li>\n<li><span dir=\"auto\">Fallo del respaldo del asiento<\/span><\/li>\n<\/ul>\n<ul class=\"col-md-6\">\n<li><span dir=\"auto\">Fallo del cintur\u00f3n de seguridad<\/span><\/li>\n<li><span dir=\"auto\">Defecto de dise\u00f1o del veh\u00edculo de motor<\/span><\/li>\n<li><span dir=\"auto\">Reclamaciones por responsabilidad civil por productos farmac\u00e9uticos<\/span><\/li>\n<li><span dir=\"auto\">Accidente por vuelco de veh\u00edculo<\/span><\/li>\n<li><span dir=\"auto\">Aceleraci\u00f3n repentina e involuntaria<\/span><\/li>\n<li><span dir=\"auto\">Lesi\u00f3n por malla transvaginal<\/span><\/li>\n<\/ul>\n<p><span dir=\"auto\">Cualquiera que sea la causa de su lesi\u00f3n por responsabilidad del producto, los abogados de Wocl Leydon pueden ayudarle.<\/span><\/p>\n<p><span dir=\"auto\" style=\"vertical-align: inherit;\"><span dir=\"auto\" style=\"vertical-align: inherit;\"><div class=\"cta-box my-4 p-4\" style=\"background:#e9e9e9 url('\/wp-content\/uploads\/2023\/10\/ui-element-corner-triangle-light.png') no-repeat right bottom;border:1px solid #6590AF;border-radius:3px;\">\r\n    <div class=\"d-flex flex-column flex-lg-row align-items-center free-case-review\">\r\n        <img decoding=\"async\" class=\"mb-3 mb-lg-0\" src=\"\/wp-content\/uploads\/2023\/10\/cta-photo-with-corner.png\" alt=\"Get your free case review\" width=\"125\" height=\"125\">\r\n        <div class=\"ps-lg-4\">\r\n            <h3 style=\"line-height: 1.5\">\r\n                <span class=\"font-weight-bold\">Obtenga su revisi\u00f3n de caso GRATUITA<\/span>\r\n\r\n            <\/h3>\r\n            <div class=\"d-flex flex-column flex-lg-row align-items-center\">\r\n                <a class=\"btn btn-gold text-center me-lg-3\" href=\"tel:12033333339\" style=\"vertical-align:middle;\"><img decoding=\"async\" style=\"margin-right: 15px;height:28px;\" src=\"\/wp-content\/uploads\/2023\/10\/btn-icon-phone.png\" alt=\"Call Us\">(203) 333-3339<\/a>\r\n                <div> or <a href=\"#cta\">env\u00edanos los detalles de tu caso.<\/a><\/div>\r\n            <\/div>\r\n        <\/div>\r\n    <\/div>\r\n<\/div>\r\n<\/span><\/span><\/p>\n","protected":false},"excerpt":{"rendered":"<p>Abogados de responsabilidad por productos defectuosos en Stamford Los productos que consideramos seguros pueden, en realidad, perjudicarnos en demasiados casos. Electrodom\u00e9sticos, herramientas industriales y cualquier otro producto pueden fallar en el momento menos oportuno y causar lesiones. Cuando esto sucede, es fundamental contar con un abogado especializado y con experiencia en responsabilidad por productos defectuosos. [&hellip;]<\/p>\n","protected":false},"author":17,"featured_media":0,"parent":5756,"menu_order":0,"comment_status":"closed","ping_status":"closed","template":"","meta":{"_acf_changed":false,"footnotes":""},"class_list":["post-8732","page","type-page","status-publish","hentry"],"acf":[],"yoast_head":"<!-- This site is optimized with the Yoast SEO plugin v27.4 - https:\/\/yoast.com\/product\/yoast-seo-wordpress\/ -->\n<title>Abogados de responsabilidad por productos defectuosos en Stamford - Abogados de lesiones personales de Wocl Leydon<\/title>\n<meta name=\"robots\" content=\"index, follow, max-snippet:-1, max-image-preview:large, max-video-preview:-1\" \/>\n<link rel=\"canonical\" href=\"https:\/\/www.woclleydon.com\/es\/abogado-de-lesiones-personales-en-stamford\/abogado-de-responsabilidad-por-productos\/\" \/>\n<meta property=\"og:locale\" content=\"es_ES\" \/>\n<meta property=\"og:type\" content=\"article\" \/>\n<meta property=\"og:title\" content=\"Abogados de responsabilidad por productos defectuosos en Stamford - Abogados de lesiones personales de Wocl Leydon\" \/>\n<meta property=\"og:description\" content=\"Abogados de responsabilidad por productos defectuosos en Stamford Los productos que consideramos seguros pueden, en realidad, perjudicarnos en demasiados casos. Electrodom\u00e9sticos, herramientas industriales y cualquier otro producto pueden fallar en el momento menos oportuno y causar lesiones. Cuando esto sucede, es fundamental contar con un abogado especializado y con experiencia en responsabilidad por productos defectuosos. [&hellip;]\" \/>\n<meta property=\"og:url\" content=\"https:\/\/www.woclleydon.com\/es\/abogado-de-lesiones-personales-en-stamford\/abogado-de-responsabilidad-por-productos\/\" \/>\n<meta property=\"og:site_name\" content=\"Abogados de lesiones personales de Wocl Leydon\" \/>\n<meta property=\"article:modified_time\" content=\"2025-11-13T12:11:55+00:00\" \/>\n<meta property=\"og:image\" content=\"https:\/\/www.woclleydon.com\/wp-content\/uploads\/2023\/10\/wl-banner-product-liability-2.jpg\" \/>\n\t<meta property=\"og:image:width\" content=\"779\" \/>\n\t<meta property=\"og:image:height\" content=\"288\" \/>\n\t<meta property=\"og:image:type\" content=\"image\/jpeg\" \/>\n<meta name=\"twitter:card\" content=\"summary_large_image\" \/>\n<meta name=\"twitter:label1\" content=\"Tiempo de lectura\" \/>\n\t<meta name=\"twitter:data1\" content=\"10 minutos\" \/>\n<script type=\"application\/ld+json\" class=\"yoast-schema-graph\">{\"@context\":\"https:\\\/\\\/schema.org\",\"@graph\":[{\"@type\":\"WebPage\",\"@id\":\"https:\\\/\\\/www.woclleydon.com\\\/es\\\/abogado-de-lesiones-personales-en-stamford\\\/abogado-de-responsabilidad-por-productos\\\/\",\"url\":\"https:\\\/\\\/www.woclleydon.com\\\/es\\\/abogado-de-lesiones-personales-en-stamford\\\/abogado-de-responsabilidad-por-productos\\\/\",\"name\":\"Abogados de responsabilidad por productos defectuosos en Stamford - Abogados de lesiones personales de Wocl Leydon\",\"isPartOf\":{\"@id\":\"https:\\\/\\\/www.woclleydon.com\\\/es\\\/#website\"},\"primaryImageOfPage\":{\"@id\":\"https:\\\/\\\/www.woclleydon.com\\\/es\\\/abogado-de-lesiones-personales-en-stamford\\\/abogado-de-responsabilidad-por-productos\\\/#primaryimage\"},\"image\":{\"@id\":\"https:\\\/\\\/www.woclleydon.com\\\/es\\\/abogado-de-lesiones-personales-en-stamford\\\/abogado-de-responsabilidad-por-productos\\\/#primaryimage\"},\"thumbnailUrl\":\"https:\\\/\\\/www.woclleydon.com\\\/wp-content\\\/uploads\\\/2023\\\/10\\\/wl-banner-product-liability-2.jpg\",\"datePublished\":\"2023-10-30T10:59:28+00:00\",\"dateModified\":\"2025-11-13T12:11:55+00:00\",\"breadcrumb\":{\"@id\":\"https:\\\/\\\/www.woclleydon.com\\\/es\\\/abogado-de-lesiones-personales-en-stamford\\\/abogado-de-responsabilidad-por-productos\\\/#breadcrumb\"},\"inLanguage\":\"es\",\"potentialAction\":[{\"@type\":\"ReadAction\",\"target\":[\"https:\\\/\\\/www.woclleydon.com\\\/es\\\/abogado-de-lesiones-personales-en-stamford\\\/abogado-de-responsabilidad-por-productos\\\/\"]}]},{\"@type\":\"ImageObject\",\"inLanguage\":\"es\",\"@id\":\"https:\\\/\\\/www.woclleydon.com\\\/es\\\/abogado-de-lesiones-personales-en-stamford\\\/abogado-de-responsabilidad-por-productos\\\/#primaryimage\",\"url\":\"https:\\\/\\\/www.woclleydon.com\\\/wp-content\\\/uploads\\\/2023\\\/10\\\/wl-banner-product-liability-2.jpg\",\"contentUrl\":\"https:\\\/\\\/www.woclleydon.com\\\/wp-content\\\/uploads\\\/2023\\\/10\\\/wl-banner-product-liability-2.jpg\"},{\"@type\":\"BreadcrumbList\",\"@id\":\"https:\\\/\\\/www.woclleydon.com\\\/es\\\/abogado-de-lesiones-personales-en-stamford\\\/abogado-de-responsabilidad-por-productos\\\/#breadcrumb\",\"itemListElement\":[{\"@type\":\"ListItem\",\"position\":1,\"name\":\"Home\",\"item\":\"https:\\\/\\\/www.woclleydon.com\\\/es\\\/\"},{\"@type\":\"ListItem\",\"position\":2,\"name\":\"Abogado de lesiones personales en Stamford\",\"item\":\"https:\\\/\\\/www.woclleydon.com\\\/es\\\/abogado-de-lesiones-personales-en-stamford\\\/\"},{\"@type\":\"ListItem\",\"position\":3,\"name\":\"Abogados de responsabilidad por productos defectuosos en Stamford\"}]},{\"@type\":\"WebSite\",\"@id\":\"https:\\\/\\\/www.woclleydon.com\\\/es\\\/#website\",\"url\":\"https:\\\/\\\/www.woclleydon.com\\\/es\\\/\",\"name\":\"Abogados de lesiones personales de Wocl Leydon\",\"description\":\"Your Case is Personal to Us!\",\"potentialAction\":[{\"@type\":\"SearchAction\",\"target\":{\"@type\":\"EntryPoint\",\"urlTemplate\":\"https:\\\/\\\/www.woclleydon.com\\\/es\\\/?s={search_term_string}\"},\"query-input\":{\"@type\":\"PropertyValueSpecification\",\"valueRequired\":true,\"valueName\":\"search_term_string\"}}],\"inLanguage\":\"es\"}]}<\/script>\n<!-- \/ Yoast SEO plugin. -->","yoast_head_json":{"title":"Abogados de responsabilidad por productos defectuosos en Stamford - Abogados de lesiones personales de Wocl Leydon","robots":{"index":"index","follow":"follow","max-snippet":"max-snippet:-1","max-image-preview":"max-image-preview:large","max-video-preview":"max-video-preview:-1"},"canonical":"https:\/\/www.woclleydon.com\/es\/abogado-de-lesiones-personales-en-stamford\/abogado-de-responsabilidad-por-productos\/","og_locale":"es_ES","og_type":"article","og_title":"Abogados de responsabilidad por productos defectuosos en Stamford - Abogados de lesiones personales de Wocl Leydon","og_description":"Abogados de responsabilidad por productos defectuosos en Stamford Los productos que consideramos seguros pueden, en realidad, perjudicarnos en demasiados casos. Electrodom\u00e9sticos, herramientas industriales y cualquier otro producto pueden fallar en el momento menos oportuno y causar lesiones. Cuando esto sucede, es fundamental contar con un abogado especializado y con experiencia en responsabilidad por productos defectuosos. [&hellip;]","og_url":"https:\/\/www.woclleydon.com\/es\/abogado-de-lesiones-personales-en-stamford\/abogado-de-responsabilidad-por-productos\/","og_site_name":"Abogados de lesiones personales de Wocl Leydon","article_modified_time":"2025-11-13T12:11:55+00:00","og_image":[{"width":779,"height":288,"url":"https:\/\/www.woclleydon.com\/wp-content\/uploads\/2023\/10\/wl-banner-product-liability-2.jpg","type":"image\/jpeg"}],"twitter_card":"summary_large_image","twitter_misc":{"Tiempo de lectura":"10 minutos"},"schema":{"@context":"https:\/\/schema.org","@graph":[{"@type":"WebPage","@id":"https:\/\/www.woclleydon.com\/es\/abogado-de-lesiones-personales-en-stamford\/abogado-de-responsabilidad-por-productos\/","url":"https:\/\/www.woclleydon.com\/es\/abogado-de-lesiones-personales-en-stamford\/abogado-de-responsabilidad-por-productos\/","name":"Abogados de responsabilidad por productos defectuosos en Stamford - Abogados de lesiones personales de Wocl Leydon","isPartOf":{"@id":"https:\/\/www.woclleydon.com\/es\/#website"},"primaryImageOfPage":{"@id":"https:\/\/www.woclleydon.com\/es\/abogado-de-lesiones-personales-en-stamford\/abogado-de-responsabilidad-por-productos\/#primaryimage"},"image":{"@id":"https:\/\/www.woclleydon.com\/es\/abogado-de-lesiones-personales-en-stamford\/abogado-de-responsabilidad-por-productos\/#primaryimage"},"thumbnailUrl":"https:\/\/www.woclleydon.com\/wp-content\/uploads\/2023\/10\/wl-banner-product-liability-2.jpg","datePublished":"2023-10-30T10:59:28+00:00","dateModified":"2025-11-13T12:11:55+00:00","breadcrumb":{"@id":"https:\/\/www.woclleydon.com\/es\/abogado-de-lesiones-personales-en-stamford\/abogado-de-responsabilidad-por-productos\/#breadcrumb"},"inLanguage":"es","potentialAction":[{"@type":"ReadAction","target":["https:\/\/www.woclleydon.com\/es\/abogado-de-lesiones-personales-en-stamford\/abogado-de-responsabilidad-por-productos\/"]}]},{"@type":"ImageObject","inLanguage":"es","@id":"https:\/\/www.woclleydon.com\/es\/abogado-de-lesiones-personales-en-stamford\/abogado-de-responsabilidad-por-productos\/#primaryimage","url":"https:\/\/www.woclleydon.com\/wp-content\/uploads\/2023\/10\/wl-banner-product-liability-2.jpg","contentUrl":"https:\/\/www.woclleydon.com\/wp-content\/uploads\/2023\/10\/wl-banner-product-liability-2.jpg"},{"@type":"BreadcrumbList","@id":"https:\/\/www.woclleydon.com\/es\/abogado-de-lesiones-personales-en-stamford\/abogado-de-responsabilidad-por-productos\/#breadcrumb","itemListElement":[{"@type":"ListItem","position":1,"name":"Home","item":"https:\/\/www.woclleydon.com\/es\/"},{"@type":"ListItem","position":2,"name":"Abogado de lesiones personales en Stamford","item":"https:\/\/www.woclleydon.com\/es\/abogado-de-lesiones-personales-en-stamford\/"},{"@type":"ListItem","position":3,"name":"Abogados de responsabilidad por productos defectuosos en Stamford"}]},{"@type":"WebSite","@id":"https:\/\/www.woclleydon.com\/es\/#website","url":"https:\/\/www.woclleydon.com\/es\/","name":"Abogados de lesiones personales de Wocl Leydon","description":"Your Case is Personal to Us!","potentialAction":[{"@type":"SearchAction","target":{"@type":"EntryPoint","urlTemplate":"https:\/\/www.woclleydon.com\/es\/?s={search_term_string}"},"query-input":{"@type":"PropertyValueSpecification","valueRequired":true,"valueName":"search_term_string"}}],"inLanguage":"es"}]}},"publishpress_future_action":{"enabled":false,"date":"2026-04-29 17:35:59","action":"change-status","newStatus":"draft","terms":[],"taxonomy":"translation_priority","extraData":[]},"publishpress_future_workflow_manual_trigger":{"enabledWorkflows":[]},"_links":{"self":[{"href":"https:\/\/www.woclleydon.com\/es\/wp-json\/wp\/v2\/pages\/8732","targetHints":{"allow":["GET"]}}],"collection":[{"href":"https:\/\/www.woclleydon.com\/es\/wp-json\/wp\/v2\/pages"}],"about":[{"href":"https:\/\/www.woclleydon.com\/es\/wp-json\/wp\/v2\/types\/page"}],"author":[{"embeddable":true,"href":"https:\/\/www.woclleydon.com\/es\/wp-json\/wp\/v2\/users\/17"}],"replies":[{"embeddable":true,"href":"https:\/\/www.woclleydon.com\/es\/wp-json\/wp\/v2\/comments?post=8732"}],"version-history":[{"count":7,"href":"https:\/\/www.woclleydon.com\/es\/wp-json\/wp\/v2\/pages\/8732\/revisions"}],"predecessor-version":[{"id":8793,"href":"https:\/\/www.woclleydon.com\/es\/wp-json\/wp\/v2\/pages\/8732\/revisions\/8793"}],"up":[{"embeddable":true,"href":"https:\/\/www.woclleydon.com\/es\/wp-json\/wp\/v2\/pages\/5756"}],"wp:attachment":[{"href":"https:\/\/www.woclleydon.com\/es\/wp-json\/wp\/v2\/media?parent=8732"}],"curies":[{"name":"wp","href":"https:\/\/api.w.org\/{rel}","templated":true}]}}