{"id":8749,"date":"2025-10-23T18:07:16","date_gmt":"2025-10-23T22:07:16","guid":{"rendered":"https:\/\/www.woclleydon.com\/?page_id=8749"},"modified":"2025-11-12T15:13:50","modified_gmt":"2025-11-12T19:13:50","slug":"abogado-de-responsabilidad-civil-de-locales","status":"publish","type":"page","link":"https:\/\/www.woclleydon.com\/es\/abogado-de-lesiones-personales-en-stamford\/abogado-de-responsabilidad-civil-de-locales\/","title":{"rendered":"Abogado de responsabilidad civil de locales en Stamford: Sus derechos despu\u00e9s de una lesi\u00f3n en la propiedad de otra persona"},"content":{"rendered":"<h1><span dir=\"auto\"><span class=\"\" dir=\"auto\">Abogado de responsabilidad civil de locales en Stamford: Sus derechos despu\u00e9s de una lesi\u00f3n en la propiedad de otra persona<\/span><\/span><\/h1>\n<p><img decoding=\"async\" class=\"alignnone wp-image-8663 size-full\" src=\"https:\/\/www.woclleydon.com\/wp-content\/uploads\/2025\/10\/fractured_leg-1-e1761635910801.png\" alt=\"A person who slipped and broke her leg outside a shopping center \" width=\"1690\" height=\"662\" srcset=\"https:\/\/www.woclleydon.com\/wp-content\/uploads\/2025\/10\/fractured_leg-1-e1761635910801.png 1690w, https:\/\/www.woclleydon.com\/wp-content\/uploads\/2025\/10\/fractured_leg-1-e1761635910801-300x118.png 300w, https:\/\/www.woclleydon.com\/wp-content\/uploads\/2025\/10\/fractured_leg-1-e1761635910801-1024x401.png 1024w, https:\/\/www.woclleydon.com\/wp-content\/uploads\/2025\/10\/fractured_leg-1-e1761635910801-768x301.png 768w, https:\/\/www.woclleydon.com\/wp-content\/uploads\/2025\/10\/fractured_leg-1-e1761635910801-1536x602.png 1536w\" sizes=\"(max-width: 1690px) 100vw, 1690px\" \/><\/p>\n<p><span dir=\"auto\"><span class=\"\" dir=\"auto\">Hace tres meses, una residente de Stamford resbal\u00f3 en hielo negro afuera de un centro comercial del centro. El propietario no hab\u00eda tratado las aceras en m\u00e1s de una semana, a pesar de los m\u00faltiples ciclos de congelaci\u00f3n y descongelaci\u00f3n. Esa residente se fractur\u00f3 la mu\u00f1eca y falt\u00f3 al trabajo durante seis semanas. Cuando se comunic\u00f3 con el propietario, este afirm\u00f3 que no era su responsabilidad<\/span><\/span><\/p>\n<p><span dir=\"auto\">Historias como esta ocurren en Stamford cada temporada. Los propietarios tienen la obligaci\u00f3n legal de mantener sus espacios seguros para visitantes, clientes e incluso repartidores. Cuando no lo hacen, la gente resulta herida. Si usted se ha lesionado en la propiedad de otra persona, necesita un abogado de responsabilidad civil de locales en Stamford que conozca la ley de Connecticut y luche por su derecho a una indemnizaci\u00f3n.<\/span><\/p>\n<p><span dir=\"auto\">En Wocl Leydon, hemos representado a residentes de Stamford en casos de responsabilidad civil de locales durante m\u00e1s de 30 a\u00f1os. Sabemos qu\u00e9 propietarios escatiman en mantenimiento. Sabemos qu\u00e9 compa\u00f1\u00edas de seguros intentan denegar reclamaciones v\u00e1lidas. Y lo m\u00e1s importante, sabemos c\u00f3mo demostrar que su lesi\u00f3n no fue su culpa.<\/span><\/p>\n<div class=\"cta-box my-4 p-4\" style=\"background:#e9e9e9 url('\/wp-content\/uploads\/2023\/10\/ui-element-corner-triangle-light.png') no-repeat right bottom;border:1px solid #6590AF;border-radius:3px;\">\r\n    <div class=\"d-flex flex-column flex-lg-row align-items-center free-case-review\">\r\n        <img decoding=\"async\" class=\"mb-3 mb-lg-0\" src=\"\/wp-content\/uploads\/2023\/10\/cta-photo-with-corner.png\" alt=\"Get your free case review\" width=\"125\" height=\"125\">\r\n        <div class=\"ps-lg-4\">\r\n            <h3 style=\"line-height: 1.5\">\r\n                <span class=\"font-weight-bold\">Obtenga su revisi\u00f3n de caso GRATUITA<\/span>\r\n\r\n            <\/h3>\r\n            <div class=\"d-flex flex-column flex-lg-row align-items-center\">\r\n                <a class=\"btn btn-gold text-center me-lg-3\" href=\"tel:12033333339\" style=\"vertical-align:middle;\"><img decoding=\"async\" style=\"margin-right: 15px;height:28px;\" src=\"\/wp-content\/uploads\/2023\/10\/btn-icon-phone.png\" alt=\"Call Us\">(203) 333-3339<\/a>\r\n                <div> or <a href=\"#cta\">env\u00edanos los detalles de tu caso.<\/a><\/div>\r\n            <\/div>\r\n        <\/div>\r\n    <\/div>\r\n<\/div>\r\n\n<h2><b><span dir=\"auto\">Entendiendo la ley de responsabilidad civil de locales en Connecticut<\/span><\/b><\/h2>\n<p><span dir=\"auto\">Los propietarios de inmuebles en Connecticut deben mantener condiciones seguras para cualquier persona que entre legalmente en su propiedad. Esto se aplica a tiendas, restaurantes, edificios de apartamentos, complejos de oficinas, estacionamientos y casas particulares. Cuando existe una condici\u00f3n peligrosa y alguien resulta herido debido a ella, eso es responsabilidad de las instalaciones.<\/span><\/p>\n<p><span dir=\"auto\">La ley de Connecticut exige que los propietarios inspeccionen regularmente sus propiedades, reparen los peligros conocidos y adviertan a los visitantes sobre los peligros que no pueden reparar de inmediato. Un piso mojado necesita una se\u00f1al de advertencia. Una barandilla de escalera rota debe repararse o bloquearse. Los estacionamientos helados deben salarse y limpiarse<\/span><\/p>\n<p><span dir=\"auto\">El tipo de visitante que usted fuera tambi\u00e9n es relevante seg\u00fan la ley de Connecticut. Los clientes e invitados reciben la m\u00e1xima protecci\u00f3n. Las personas con permiso impl\u00edcito, como los repartidores, tambi\u00e9n gozan de amplios derechos. Incluso los intrusos, en ciertas situaciones, pueden presentar reclamaciones si el propietario ten\u00eda conocimiento de las frecuentes intrusiones y de la situaci\u00f3n peligrosa.<\/span><\/p>\n<p><span dir=\"auto\">Muchos propietarios y sus compa\u00f1\u00edas de seguros intentar\u00e1n culparte del accidente. Dir\u00e1n que deber\u00edas haber visto el peligro. Afirmar\u00e1n que estabas distra\u00eddo o fuiste descuidado. Contar con un abogado de responsabilidad civil de locales en Stamford que sepa c\u00f3mo contrarrestar estos argumentos marca la diferencia para obtener una compensaci\u00f3n justa.<\/span><\/p>\n<h2><b><span dir=\"auto\">Accidentes por resbalones y ca\u00eddas<\/span><\/b><\/h2>\n<p><span dir=\"auto\">Los casos de resbalones y ca\u00eddas representan una gran parte de las reclamaciones de responsabilidad civil de locales en Stamford. Estos accidentes ocurren en supermercados, tiendas minoristas, restaurantes, hoteles y edificios de apartamentos en toda la ciudad. A pesar de lo que afirman algunos propietarios, las lesiones por resbalones y ca\u00eddas pueden ser graves y cambiar la vida.<\/span><\/p>\n<p><span dir=\"auto\">Hemos manejado casos de resbalones y ca\u00eddas que involucran:<\/span><\/p>\n<ul>\n<li aria-level=\"1\"><span dir=\"auto\">Pisos mojados o reci\u00e9n trapeados sin se\u00f1ales de advertencia<\/span><\/li>\n<li aria-level=\"1\"><span dir=\"auto\">Derrames que no se limpiaron de inmediato<\/span><\/li>\n<li aria-level=\"1\"><span dir=\"auto\">Pisos desnivelados o alfombras rotas<\/span><\/li>\n<li aria-level=\"1\"><span dir=\"auto\">Iluminaci\u00f3n deficiente en escaleras o pasillos<\/span><\/li>\n<li aria-level=\"1\"><span dir=\"auto\">Pasillos desordenados en tiendas minoristas<\/span><\/li>\n<li aria-level=\"1\"><span dir=\"auto\">Pasamanos rotos o faltantes en las escaleras<\/span><\/li>\n<\/ul>\n<p><span dir=\"auto\">El invierno trae consigo riesgos adicionales de resbalones y ca\u00eddas en todo Stamford. Los propietarios deben despejar el hielo y la nieve de las aceras, estacionamientos y entradas en un plazo razonable despu\u00e9s de una tormenta. Cuando no lo hacen, ocurren accidentes. Hemos visto fracturas graves, lesiones en la cabeza y lesiones de espalda por ca\u00eddas relacionadas con el hielo en lugares como el estacionamiento del Stamford Town Center, afuera de restaurantes en Summer Street y en complejos de apartamentos en toda la ciudad.<\/span><\/p>\n<p><span dir=\"auto\">La documentaci\u00f3n es importante en los casos de resbalones y ca\u00eddas. Si puede, tome fotos del peligro que caus\u00f3 su ca\u00edda. Obtenga informaci\u00f3n de contacto de los testigos. Informe el incidente al propietario o administrador de la propiedad de inmediato. Busque atenci\u00f3n m\u00e9dica incluso si cree que sus lesiones son leves. Algunas lesiones no muestran s\u00edntomas de inmediato, y tener registros m\u00e9dicos que conecten su lesi\u00f3n con la ca\u00edda fortalece su caso.<\/span><\/p>\n<h2><b><span dir=\"auto\">Accidentes por tropiezos y ca\u00eddas<\/span><\/b><\/h2>\n<p><span dir=\"auto\">Los accidentes por tropiezos y ca\u00eddas difieren de los resbalones y ca\u00eddas porque involucran obst\u00e1culos o defectos en la superficie en lugar de condiciones resbaladizas. Estos casos requieren probar que el propietario de la propiedad cre\u00f3 el peligro, lo conoc\u00eda o deber\u00eda haberlo conocido a trav\u00e9s de una inspecci\u00f3n razonable.<\/span><\/p>\n<p><span dir=\"auto\"><span style=\"font-weight: 400;\"><img decoding=\"async\" class=\"alignright size-medium wp-image-8646\" src=\"https:\/\/www.woclleydon.com\/wp-content\/uploads\/2025\/10\/trip-fall-premises-300x300.png\" alt=\"Man in pain after a trip and fall accident in a warehouse\" width=\"300\" height=\"300\" srcset=\"https:\/\/www.woclleydon.com\/wp-content\/uploads\/2025\/10\/trip-fall-premises-300x300.png 300w, https:\/\/www.woclleydon.com\/wp-content\/uploads\/2025\/10\/trip-fall-premises-150x150.png 150w, https:\/\/www.woclleydon.com\/wp-content\/uploads\/2025\/10\/trip-fall-premises-768x768.png 768w, https:\/\/www.woclleydon.com\/wp-content\/uploads\/2025\/10\/trip-fall-premises.png 1024w\" sizes=\"(max-width: 300px) 100vw, 300px\" \/><\/span>Las causas comunes de accidentes por tropiezos y ca\u00eddas incluyen:<\/span><\/p>\n<ul>\n<li aria-level=\"1\"><span dir=\"auto\">Aceras agrietadas o desniveladas<\/span><\/li>\n<li aria-level=\"1\"><span dir=\"auto\">Baches en los estacionamientos<\/span><\/li>\n<li aria-level=\"1\"><span dir=\"auto\">Alfombras rotas o arrugadas<\/span><\/li>\n<li aria-level=\"1\"><span dir=\"auto\">Cambios de nivel del piso sin se\u00f1alizar<\/span><\/li>\n<li aria-level=\"1\"><span dir=\"auto\">Cables de extensi\u00f3n o cables que cruzan los pasillos<\/span><\/li>\n<li aria-level=\"1\"><span dir=\"auto\">Escombros en los senderos para caminar<\/span><\/li>\n<li aria-level=\"1\"><span dir=\"auto\">La iluminaci\u00f3n exterior deficiente oculta los peligros<\/span><\/li>\n<\/ul>\n<p><span dir=\"auto\">Los edificios m\u00e1s antiguos de Stamford, especialmente en el centro, a veces tienen pisos desnivelados, escalones inesperados o entradas mal mantenidas<\/span><\/p>\n<p><span dir=\"auto\">Los due\u00f1os de negocios no pueden ignorar estos problemas solo porque un edificio sea antiguo. Deben solucionar los riesgos o proporcionar advertencias adecuadas.<\/span><\/p>\n<p><span dir=\"auto\">Recientemente representamos a un cliente que tropez\u00f3 con un panel de acera agrietado frente a un edificio de oficinas en Bedford Street. La empresa administradora de la propiedad hab\u00eda recibido m\u00faltiples quejas sobre ese panel, pero segu\u00eda retrasando las reparaciones. Nuestro cliente necesit\u00f3 cirug\u00eda por una fractura de tobillo. Demostramos la negligencia del propietario y conseguimos una compensaci\u00f3n que cubri\u00f3 las facturas m\u00e9dicas, los salarios perdidos y el dolor y sufrimiento.<\/span><\/p>\n<div class=\"cta-box my-4 p-4\" style=\"background:#e9e9e9 url('\/wp-content\/uploads\/2023\/10\/ui-element-corner-triangle-light.png') no-repeat right bottom;border:1px solid #6590AF;border-radius:3px;\">\r\n    <div class=\"d-flex flex-column flex-lg-row align-items-center free-case-review\">\r\n        <img decoding=\"async\" class=\"mb-3 mb-lg-0\" src=\"\/wp-content\/uploads\/2023\/10\/cta-photo-with-corner.png\" alt=\"Get your free case review\" width=\"125\" height=\"125\">\r\n        <div class=\"ps-lg-4\">\r\n            <h3 style=\"line-height: 1.5\">\r\n                <span class=\"font-weight-bold\">Obtenga su revisi\u00f3n de caso GRATUITA<\/span>\r\n\r\n            <\/h3>\r\n            <div class=\"d-flex flex-column flex-lg-row align-items-center\">\r\n                <a class=\"btn btn-gold text-center me-lg-3\" href=\"tel:12033333339\" style=\"vertical-align:middle;\"><img decoding=\"async\" style=\"margin-right: 15px;height:28px;\" src=\"\/wp-content\/uploads\/2023\/10\/btn-icon-phone.png\" alt=\"Call Us\">(203) 333-3339<\/a>\r\n                <div> or <a href=\"#cta\">env\u00edanos los detalles de tu caso.<\/a><\/div>\r\n            <\/div>\r\n        <\/div>\r\n    <\/div>\r\n<\/div>\r\n\n","protected":false},"excerpt":{"rendered":"<p>Abogado de responsabilidad civil de locales en Stamford: Sus derechos despu\u00e9s de una lesi\u00f3n en la propiedad de otra persona Hace tres meses, una residente de Stamford resbal\u00f3 en hielo negro afuera de un centro comercial del centro. El propietario no hab\u00eda tratado las aceras en m\u00e1s de una semana, a pesar de los m\u00faltiples [&hellip;]<\/p>\n","protected":false},"author":18,"featured_media":0,"parent":5756,"menu_order":0,"comment_status":"closed","ping_status":"closed","template":"","meta":{"_acf_changed":false,"footnotes":""},"class_list":["post-8749","page","type-page","status-publish","hentry"],"acf":[],"yoast_head":"<!-- This site is optimized with the Yoast SEO plugin v27.4 - https:\/\/yoast.com\/product\/yoast-seo-wordpress\/ -->\n<title>Abogado de responsabilidad civil de locales en Stamford: Sus derechos despu\u00e9s de una lesi\u00f3n en la propiedad de otra persona - Abogados de lesiones personales de Wocl Leydon<\/title>\n<meta name=\"robots\" content=\"index, follow, max-snippet:-1, max-image-preview:large, max-video-preview:-1\" \/>\n<link rel=\"canonical\" href=\"https:\/\/www.woclleydon.com\/es\/abogado-de-lesiones-personales-en-stamford\/abogado-de-responsabilidad-civil-de-locales\/\" \/>\n<meta property=\"og:locale\" content=\"es_ES\" \/>\n<meta property=\"og:type\" content=\"article\" \/>\n<meta property=\"og:title\" content=\"Abogado de responsabilidad civil de locales en Stamford: Sus derechos despu\u00e9s de una lesi\u00f3n en la propiedad de otra persona - Abogados de lesiones personales de Wocl Leydon\" \/>\n<meta property=\"og:description\" content=\"Abogado de responsabilidad civil de locales en Stamford: Sus derechos despu\u00e9s de una lesi\u00f3n en la propiedad de otra persona Hace tres meses, una residente de Stamford resbal\u00f3 en hielo negro afuera de un centro comercial del centro. El propietario no hab\u00eda tratado las aceras en m\u00e1s de una semana, a pesar de los m\u00faltiples [&hellip;]\" \/>\n<meta property=\"og:url\" content=\"https:\/\/www.woclleydon.com\/es\/abogado-de-lesiones-personales-en-stamford\/abogado-de-responsabilidad-civil-de-locales\/\" \/>\n<meta property=\"og:site_name\" content=\"Abogados de lesiones personales de Wocl Leydon\" \/>\n<meta property=\"article:modified_time\" content=\"2025-11-12T19:13:50+00:00\" \/>\n<meta property=\"og:image\" content=\"https:\/\/www.woclleydon.com\/wp-content\/uploads\/2025\/10\/fractured_leg-1-e1761635910801.png\" \/>\n\t<meta property=\"og:image:width\" content=\"1690\" \/>\n\t<meta property=\"og:image:height\" content=\"662\" \/>\n\t<meta property=\"og:image:type\" content=\"image\/png\" \/>\n<meta name=\"twitter:card\" content=\"summary_large_image\" \/>\n<meta name=\"twitter:label1\" content=\"Tiempo de lectura\" \/>\n\t<meta name=\"twitter:data1\" content=\"18 minutos\" \/>\n<script type=\"application\/ld+json\" class=\"yoast-schema-graph\">{\"@context\":\"https:\\\/\\\/schema.org\",\"@graph\":[{\"@type\":\"WebPage\",\"@id\":\"https:\\\/\\\/www.woclleydon.com\\\/es\\\/abogado-de-lesiones-personales-en-stamford\\\/abogado-de-responsabilidad-civil-de-locales\\\/\",\"url\":\"https:\\\/\\\/www.woclleydon.com\\\/es\\\/abogado-de-lesiones-personales-en-stamford\\\/abogado-de-responsabilidad-civil-de-locales\\\/\",\"name\":\"Abogado de responsabilidad civil de locales en Stamford: Sus derechos despu\u00e9s de una lesi\u00f3n en la propiedad de otra persona - Abogados de lesiones personales de Wocl Leydon\",\"isPartOf\":{\"@id\":\"https:\\\/\\\/www.woclleydon.com\\\/es\\\/#website\"},\"primaryImageOfPage\":{\"@id\":\"https:\\\/\\\/www.woclleydon.com\\\/es\\\/abogado-de-lesiones-personales-en-stamford\\\/abogado-de-responsabilidad-civil-de-locales\\\/#primaryimage\"},\"image\":{\"@id\":\"https:\\\/\\\/www.woclleydon.com\\\/es\\\/abogado-de-lesiones-personales-en-stamford\\\/abogado-de-responsabilidad-civil-de-locales\\\/#primaryimage\"},\"thumbnailUrl\":\"https:\\\/\\\/www.woclleydon.com\\\/wp-content\\\/uploads\\\/2025\\\/10\\\/fractured_leg-1-e1761635910801.png\",\"datePublished\":\"2025-10-23T22:07:16+00:00\",\"dateModified\":\"2025-11-12T19:13:50+00:00\",\"breadcrumb\":{\"@id\":\"https:\\\/\\\/www.woclleydon.com\\\/es\\\/abogado-de-lesiones-personales-en-stamford\\\/abogado-de-responsabilidad-civil-de-locales\\\/#breadcrumb\"},\"inLanguage\":\"es\",\"potentialAction\":[{\"@type\":\"ReadAction\",\"target\":[\"https:\\\/\\\/www.woclleydon.com\\\/es\\\/abogado-de-lesiones-personales-en-stamford\\\/abogado-de-responsabilidad-civil-de-locales\\\/\"]}]},{\"@type\":\"ImageObject\",\"inLanguage\":\"es\",\"@id\":\"https:\\\/\\\/www.woclleydon.com\\\/es\\\/abogado-de-lesiones-personales-en-stamford\\\/abogado-de-responsabilidad-civil-de-locales\\\/#primaryimage\",\"url\":\"https:\\\/\\\/www.woclleydon.com\\\/wp-content\\\/uploads\\\/2025\\\/10\\\/fractured_leg-1-e1761635910801.png\",\"contentUrl\":\"https:\\\/\\\/www.woclleydon.com\\\/wp-content\\\/uploads\\\/2025\\\/10\\\/fractured_leg-1-e1761635910801.png\"},{\"@type\":\"BreadcrumbList\",\"@id\":\"https:\\\/\\\/www.woclleydon.com\\\/es\\\/abogado-de-lesiones-personales-en-stamford\\\/abogado-de-responsabilidad-civil-de-locales\\\/#breadcrumb\",\"itemListElement\":[{\"@type\":\"ListItem\",\"position\":1,\"name\":\"Home\",\"item\":\"https:\\\/\\\/www.woclleydon.com\\\/es\\\/\"},{\"@type\":\"ListItem\",\"position\":2,\"name\":\"Abogado de lesiones personales en Stamford\",\"item\":\"https:\\\/\\\/www.woclleydon.com\\\/es\\\/abogado-de-lesiones-personales-en-stamford\\\/\"},{\"@type\":\"ListItem\",\"position\":3,\"name\":\"Abogado de responsabilidad civil de locales en Stamford: Sus derechos despu\u00e9s de una lesi\u00f3n en la propiedad de otra persona\"}]},{\"@type\":\"WebSite\",\"@id\":\"https:\\\/\\\/www.woclleydon.com\\\/es\\\/#website\",\"url\":\"https:\\\/\\\/www.woclleydon.com\\\/es\\\/\",\"name\":\"Abogados de lesiones personales de Wocl Leydon\",\"description\":\"Your Case is Personal to Us!\",\"potentialAction\":[{\"@type\":\"SearchAction\",\"target\":{\"@type\":\"EntryPoint\",\"urlTemplate\":\"https:\\\/\\\/www.woclleydon.com\\\/es\\\/?s={search_term_string}\"},\"query-input\":{\"@type\":\"PropertyValueSpecification\",\"valueRequired\":true,\"valueName\":\"search_term_string\"}}],\"inLanguage\":\"es\"}]}<\/script>\n<!-- \/ Yoast SEO plugin. -->","yoast_head_json":{"title":"Abogado de responsabilidad civil de locales en Stamford: Sus derechos despu\u00e9s de una lesi\u00f3n en la propiedad de otra persona - Abogados de lesiones personales de Wocl Leydon","robots":{"index":"index","follow":"follow","max-snippet":"max-snippet:-1","max-image-preview":"max-image-preview:large","max-video-preview":"max-video-preview:-1"},"canonical":"https:\/\/www.woclleydon.com\/es\/abogado-de-lesiones-personales-en-stamford\/abogado-de-responsabilidad-civil-de-locales\/","og_locale":"es_ES","og_type":"article","og_title":"Abogado de responsabilidad civil de locales en Stamford: Sus derechos despu\u00e9s de una lesi\u00f3n en la propiedad de otra persona - Abogados de lesiones personales de Wocl Leydon","og_description":"Abogado de responsabilidad civil de locales en Stamford: Sus derechos despu\u00e9s de una lesi\u00f3n en la propiedad de otra persona Hace tres meses, una residente de Stamford resbal\u00f3 en hielo negro afuera de un centro comercial del centro. El propietario no hab\u00eda tratado las aceras en m\u00e1s de una semana, a pesar de los m\u00faltiples [&hellip;]","og_url":"https:\/\/www.woclleydon.com\/es\/abogado-de-lesiones-personales-en-stamford\/abogado-de-responsabilidad-civil-de-locales\/","og_site_name":"Abogados de lesiones personales de Wocl Leydon","article_modified_time":"2025-11-12T19:13:50+00:00","og_image":[{"width":1690,"height":662,"url":"https:\/\/www.woclleydon.com\/wp-content\/uploads\/2025\/10\/fractured_leg-1-e1761635910801.png","type":"image\/png"}],"twitter_card":"summary_large_image","twitter_misc":{"Tiempo de lectura":"18 minutos"},"schema":{"@context":"https:\/\/schema.org","@graph":[{"@type":"WebPage","@id":"https:\/\/www.woclleydon.com\/es\/abogado-de-lesiones-personales-en-stamford\/abogado-de-responsabilidad-civil-de-locales\/","url":"https:\/\/www.woclleydon.com\/es\/abogado-de-lesiones-personales-en-stamford\/abogado-de-responsabilidad-civil-de-locales\/","name":"Abogado de responsabilidad civil de locales en Stamford: Sus derechos despu\u00e9s de una lesi\u00f3n en la propiedad de otra persona - Abogados de lesiones personales de Wocl Leydon","isPartOf":{"@id":"https:\/\/www.woclleydon.com\/es\/#website"},"primaryImageOfPage":{"@id":"https:\/\/www.woclleydon.com\/es\/abogado-de-lesiones-personales-en-stamford\/abogado-de-responsabilidad-civil-de-locales\/#primaryimage"},"image":{"@id":"https:\/\/www.woclleydon.com\/es\/abogado-de-lesiones-personales-en-stamford\/abogado-de-responsabilidad-civil-de-locales\/#primaryimage"},"thumbnailUrl":"https:\/\/www.woclleydon.com\/wp-content\/uploads\/2025\/10\/fractured_leg-1-e1761635910801.png","datePublished":"2025-10-23T22:07:16+00:00","dateModified":"2025-11-12T19:13:50+00:00","breadcrumb":{"@id":"https:\/\/www.woclleydon.com\/es\/abogado-de-lesiones-personales-en-stamford\/abogado-de-responsabilidad-civil-de-locales\/#breadcrumb"},"inLanguage":"es","potentialAction":[{"@type":"ReadAction","target":["https:\/\/www.woclleydon.com\/es\/abogado-de-lesiones-personales-en-stamford\/abogado-de-responsabilidad-civil-de-locales\/"]}]},{"@type":"ImageObject","inLanguage":"es","@id":"https:\/\/www.woclleydon.com\/es\/abogado-de-lesiones-personales-en-stamford\/abogado-de-responsabilidad-civil-de-locales\/#primaryimage","url":"https:\/\/www.woclleydon.com\/wp-content\/uploads\/2025\/10\/fractured_leg-1-e1761635910801.png","contentUrl":"https:\/\/www.woclleydon.com\/wp-content\/uploads\/2025\/10\/fractured_leg-1-e1761635910801.png"},{"@type":"BreadcrumbList","@id":"https:\/\/www.woclleydon.com\/es\/abogado-de-lesiones-personales-en-stamford\/abogado-de-responsabilidad-civil-de-locales\/#breadcrumb","itemListElement":[{"@type":"ListItem","position":1,"name":"Home","item":"https:\/\/www.woclleydon.com\/es\/"},{"@type":"ListItem","position":2,"name":"Abogado de lesiones personales en Stamford","item":"https:\/\/www.woclleydon.com\/es\/abogado-de-lesiones-personales-en-stamford\/"},{"@type":"ListItem","position":3,"name":"Abogado de responsabilidad civil de locales en Stamford: Sus derechos despu\u00e9s de una lesi\u00f3n en la propiedad de otra persona"}]},{"@type":"WebSite","@id":"https:\/\/www.woclleydon.com\/es\/#website","url":"https:\/\/www.woclleydon.com\/es\/","name":"Abogados de lesiones personales de Wocl Leydon","description":"Your Case is Personal to Us!","potentialAction":[{"@type":"SearchAction","target":{"@type":"EntryPoint","urlTemplate":"https:\/\/www.woclleydon.com\/es\/?s={search_term_string}"},"query-input":{"@type":"PropertyValueSpecification","valueRequired":true,"valueName":"search_term_string"}}],"inLanguage":"es"}]}},"publishpress_future_action":{"enabled":false,"date":"2026-04-29 18:33:21","action":"change-status","newStatus":"draft","terms":[],"taxonomy":"translation_priority","extraData":[]},"publishpress_future_workflow_manual_trigger":{"enabledWorkflows":[]},"_links":{"self":[{"href":"https:\/\/www.woclleydon.com\/es\/wp-json\/wp\/v2\/pages\/8749","targetHints":{"allow":["GET"]}}],"collection":[{"href":"https:\/\/www.woclleydon.com\/es\/wp-json\/wp\/v2\/pages"}],"about":[{"href":"https:\/\/www.woclleydon.com\/es\/wp-json\/wp\/v2\/types\/page"}],"author":[{"embeddable":true,"href":"https:\/\/www.woclleydon.com\/es\/wp-json\/wp\/v2\/users\/18"}],"replies":[{"embeddable":true,"href":"https:\/\/www.woclleydon.com\/es\/wp-json\/wp\/v2\/comments?post=8749"}],"version-history":[{"count":18,"href":"https:\/\/www.woclleydon.com\/es\/wp-json\/wp\/v2\/pages\/8749\/revisions"}],"predecessor-version":[{"id":8789,"href":"https:\/\/www.woclleydon.com\/es\/wp-json\/wp\/v2\/pages\/8749\/revisions\/8789"}],"up":[{"embeddable":true,"href":"https:\/\/www.woclleydon.com\/es\/wp-json\/wp\/v2\/pages\/5756"}],"wp:attachment":[{"href":"https:\/\/www.woclleydon.com\/es\/wp-json\/wp\/v2\/media?parent=8749"}],"curies":[{"name":"wp","href":"https:\/\/api.w.org\/{rel}","templated":true}]}}