{"id":9134,"date":"2026-02-13T13:31:22","date_gmt":"2026-02-13T17:31:22","guid":{"rendered":"https:\/\/www.woclleydon.com\/?page_id=9134"},"modified":"2026-03-31T11:26:41","modified_gmt":"2026-03-31T15:26:41","slug":"sorteo-de-futbol","status":"publish","type":"page","link":"https:\/\/www.woclleydon.com\/es\/sorteo-de-futbol\/","title":{"rendered":"sorteo de f\u00fatbol"},"content":{"rendered":"<h1>\u00a1Felicidades, Thiago Bragan\u00e7a!<\/h1>\n<p><img decoding=\"async\" class=\"aligncenter wp-image-9197 size-large\" src=\"https:\/\/www.woclleydon.com\/wp-content\/uploads\/2026\/03\/wocl-battle-for-NY-1200-590-winner-es-1024x337.jpg\" alt=\"Contest winner Spanish\" width=\"1024\" height=\"337\" srcset=\"https:\/\/www.woclleydon.com\/wp-content\/uploads\/2026\/03\/wocl-battle-for-NY-1200-590-winner-es-1024x337.jpg 1024w, https:\/\/www.woclleydon.com\/wp-content\/uploads\/2026\/03\/wocl-battle-for-NY-1200-590-winner-es-300x99.jpg 300w, https:\/\/www.woclleydon.com\/wp-content\/uploads\/2026\/03\/wocl-battle-for-NY-1200-590-winner-es-768x253.jpg 768w, https:\/\/www.woclleydon.com\/wp-content\/uploads\/2026\/03\/wocl-battle-for-NY-1200-590-winner-es-1536x505.jpg 1536w, https:\/\/www.woclleydon.com\/wp-content\/uploads\/2026\/03\/wocl-battle-for-NY-1200-590-winner-es-2048x674.jpg 2048w\" sizes=\"(max-width: 1024px) 100vw, 1024px\" \/><\/p>\n<p>\u00a1El ganador del Gran Premio de este a\u00f1o se llev\u00f3 2 entradas para ver el partido entre el NYCFC y los NY Red Bulls el 16 de mayo a las 7:00 p. m.!<\/p>\n<p>Gracias a todos los que participaron, compartieron y etiquetaron a sus amigos. Nos encant\u00f3 ver el entusiasmo que gener\u00f3 este sorteo y esperamos que nos acompa\u00f1en en el pr\u00f3ximo.<\/p>\n<hr style=\"margin: 20px 0 20px 0;\" \/>\n<div class=\"text-center\">\n<h3>\u00a1S\u00edguenos en l\u00ednea para m\u00e1s sorteos!<\/h3>\n<p>S\u00edguenos en Facebook e Instagram para tener la oportunidad de ganar en nuestro pr\u00f3ximo sorteo.<\/p>\n<p><a href=\"https:\/\/www.facebook.com\/WLAbogados\" target=\"_blank\" rel=\"noopener\"><img decoding=\"async\" style=\"width: auto; max-height: 40px;\" src=\"https:\/\/www.woclleydon.com\/wp-content\/uploads\/2026\/02\/follow-us-es_facebook.png\" alt=\"Follow on Facebook\" \/><\/a>\u00a0\u00a0<a href=\"https:\/\/www.instagram.com\/wl.abogados\/\" target=\"_blank\" rel=\"noopener\"><img decoding=\"async\" style=\"width: auto; max-height: 40px;\" src=\"https:\/\/www.woclleydon.com\/wp-content\/uploads\/2026\/02\/follow-us-es_instagram.png\" alt=\"Follow on Instagram\" \/><\/a><\/p>\n<\/div>\n","protected":false},"excerpt":{"rendered":"<p>\u00a1Felicidades, Thiago Bragan\u00e7a! \u00a1El ganador del Gran Premio de este a\u00f1o se llev\u00f3 2 entradas para ver el partido entre el NYCFC y los NY Red Bulls el 16 de mayo a las 7:00 p. m.! Gracias a todos los que participaron, compartieron y etiquetaron a sus amigos. Nos encant\u00f3 ver el entusiasmo que gener\u00f3 [&hellip;]<\/p>\n","protected":false},"author":18,"featured_media":0,"parent":0,"menu_order":0,"comment_status":"closed","ping_status":"closed","template":"","meta":{"_acf_changed":false,"footnotes":""},"class_list":["post-9134","page","type-page","status-publish","hentry"],"acf":[],"yoast_head":"<!-- This site is optimized with the Yoast SEO plugin v27.3 - https:\/\/yoast.com\/product\/yoast-seo-wordpress\/ -->\n<title>sorteo de f\u00fatbol - Abogados de lesiones personales de Wocl Leydon<\/title>\n<meta name=\"robots\" content=\"index, follow, max-snippet:-1, max-image-preview:large, max-video-preview:-1\" \/>\n<link rel=\"canonical\" href=\"https:\/\/www.woclleydon.com\/es\/sorteo-de-futbol\/\" \/>\n<meta property=\"og:locale\" content=\"es_ES\" \/>\n<meta property=\"og:type\" content=\"article\" \/>\n<meta property=\"og:title\" content=\"sorteo de f\u00fatbol - Abogados de lesiones personales de Wocl Leydon\" \/>\n<meta property=\"og:description\" content=\"\u00a1Felicidades, Thiago Bragan\u00e7a! \u00a1El ganador del Gran Premio de este a\u00f1o se llev\u00f3 2 entradas para ver el partido entre el NYCFC y los NY Red Bulls el 16 de mayo a las 7:00 p. m.! Gracias a todos los que participaron, compartieron y etiquetaron a sus amigos. Nos encant\u00f3 ver el entusiasmo que gener\u00f3 [&hellip;]\" \/>\n<meta property=\"og:url\" content=\"https:\/\/www.woclleydon.com\/es\/sorteo-de-futbol\/\" \/>\n<meta property=\"og:site_name\" content=\"Abogados de lesiones personales de Wocl Leydon\" \/>\n<meta property=\"article:modified_time\" content=\"2026-03-31T15:26:41+00:00\" \/>\n<meta property=\"og:image\" content=\"https:\/\/www.woclleydon.com\/wp-content\/uploads\/2026\/03\/wocl-battle-for-NY-1200-590-winner-es-scaled.jpg\" \/>\n\t<meta property=\"og:image:width\" content=\"2560\" \/>\n\t<meta property=\"og:image:height\" content=\"842\" \/>\n\t<meta property=\"og:image:type\" content=\"image\/jpeg\" \/>\n<meta name=\"twitter:card\" content=\"summary_large_image\" \/>\n<meta name=\"twitter:label1\" content=\"Tiempo de lectura\" \/>\n\t<meta name=\"twitter:data1\" content=\"1 minuto\" \/>\n<script type=\"application\/ld+json\" class=\"yoast-schema-graph\">{\"@context\":\"https:\\\/\\\/schema.org\",\"@graph\":[{\"@type\":\"WebPage\",\"@id\":\"https:\\\/\\\/www.woclleydon.com\\\/es\\\/sorteo-de-futbol\\\/\",\"url\":\"https:\\\/\\\/www.woclleydon.com\\\/es\\\/sorteo-de-futbol\\\/\",\"name\":\"sorteo de f\u00fatbol - Abogados de lesiones personales de Wocl Leydon\",\"isPartOf\":{\"@id\":\"https:\\\/\\\/www.woclleydon.com\\\/es\\\/#website\"},\"primaryImageOfPage\":{\"@id\":\"https:\\\/\\\/www.woclleydon.com\\\/es\\\/sorteo-de-futbol\\\/#primaryimage\"},\"image\":{\"@id\":\"https:\\\/\\\/www.woclleydon.com\\\/es\\\/sorteo-de-futbol\\\/#primaryimage\"},\"thumbnailUrl\":\"https:\\\/\\\/www.woclleydon.com\\\/wp-content\\\/uploads\\\/2026\\\/03\\\/wocl-battle-for-NY-1200-590-winner-es-1024x337.jpg\",\"datePublished\":\"2026-02-13T17:31:22+00:00\",\"dateModified\":\"2026-03-31T15:26:41+00:00\",\"breadcrumb\":{\"@id\":\"https:\\\/\\\/www.woclleydon.com\\\/es\\\/sorteo-de-futbol\\\/#breadcrumb\"},\"inLanguage\":\"es\",\"potentialAction\":[{\"@type\":\"ReadAction\",\"target\":[\"https:\\\/\\\/www.woclleydon.com\\\/es\\\/sorteo-de-futbol\\\/\"]}]},{\"@type\":\"ImageObject\",\"inLanguage\":\"es\",\"@id\":\"https:\\\/\\\/www.woclleydon.com\\\/es\\\/sorteo-de-futbol\\\/#primaryimage\",\"url\":\"https:\\\/\\\/www.woclleydon.com\\\/wp-content\\\/uploads\\\/2026\\\/03\\\/wocl-battle-for-NY-1200-590-winner-es-1024x337.jpg\",\"contentUrl\":\"https:\\\/\\\/www.woclleydon.com\\\/wp-content\\\/uploads\\\/2026\\\/03\\\/wocl-battle-for-NY-1200-590-winner-es-1024x337.jpg\"},{\"@type\":\"BreadcrumbList\",\"@id\":\"https:\\\/\\\/www.woclleydon.com\\\/es\\\/sorteo-de-futbol\\\/#breadcrumb\",\"itemListElement\":[{\"@type\":\"ListItem\",\"position\":1,\"name\":\"Home\",\"item\":\"https:\\\/\\\/www.woclleydon.com\\\/es\\\/\"},{\"@type\":\"ListItem\",\"position\":2,\"name\":\"sorteo de f\u00fatbol\"}]},{\"@type\":\"WebSite\",\"@id\":\"https:\\\/\\\/www.woclleydon.com\\\/es\\\/#website\",\"url\":\"https:\\\/\\\/www.woclleydon.com\\\/es\\\/\",\"name\":\"Abogados de lesiones personales de Wocl Leydon\",\"description\":\"Your Case is Personal to Us!\",\"potentialAction\":[{\"@type\":\"SearchAction\",\"target\":{\"@type\":\"EntryPoint\",\"urlTemplate\":\"https:\\\/\\\/www.woclleydon.com\\\/es\\\/?s={search_term_string}\"},\"query-input\":{\"@type\":\"PropertyValueSpecification\",\"valueRequired\":true,\"valueName\":\"search_term_string\"}}],\"inLanguage\":\"es\"}]}<\/script>\n<!-- \/ Yoast SEO plugin. -->","yoast_head_json":{"title":"sorteo de f\u00fatbol - Abogados de lesiones personales de Wocl Leydon","robots":{"index":"index","follow":"follow","max-snippet":"max-snippet:-1","max-image-preview":"max-image-preview:large","max-video-preview":"max-video-preview:-1"},"canonical":"https:\/\/www.woclleydon.com\/es\/sorteo-de-futbol\/","og_locale":"es_ES","og_type":"article","og_title":"sorteo de f\u00fatbol - Abogados de lesiones personales de Wocl Leydon","og_description":"\u00a1Felicidades, Thiago Bragan\u00e7a! \u00a1El ganador del Gran Premio de este a\u00f1o se llev\u00f3 2 entradas para ver el partido entre el NYCFC y los NY Red Bulls el 16 de mayo a las 7:00 p. m.! Gracias a todos los que participaron, compartieron y etiquetaron a sus amigos. Nos encant\u00f3 ver el entusiasmo que gener\u00f3 [&hellip;]","og_url":"https:\/\/www.woclleydon.com\/es\/sorteo-de-futbol\/","og_site_name":"Abogados de lesiones personales de Wocl Leydon","article_modified_time":"2026-03-31T15:26:41+00:00","og_image":[{"width":2560,"height":842,"url":"https:\/\/www.woclleydon.com\/wp-content\/uploads\/2026\/03\/wocl-battle-for-NY-1200-590-winner-es-scaled.jpg","type":"image\/jpeg"}],"twitter_card":"summary_large_image","twitter_misc":{"Tiempo de lectura":"1 minuto"},"schema":{"@context":"https:\/\/schema.org","@graph":[{"@type":"WebPage","@id":"https:\/\/www.woclleydon.com\/es\/sorteo-de-futbol\/","url":"https:\/\/www.woclleydon.com\/es\/sorteo-de-futbol\/","name":"sorteo de f\u00fatbol - Abogados de lesiones personales de Wocl Leydon","isPartOf":{"@id":"https:\/\/www.woclleydon.com\/es\/#website"},"primaryImageOfPage":{"@id":"https:\/\/www.woclleydon.com\/es\/sorteo-de-futbol\/#primaryimage"},"image":{"@id":"https:\/\/www.woclleydon.com\/es\/sorteo-de-futbol\/#primaryimage"},"thumbnailUrl":"https:\/\/www.woclleydon.com\/wp-content\/uploads\/2026\/03\/wocl-battle-for-NY-1200-590-winner-es-1024x337.jpg","datePublished":"2026-02-13T17:31:22+00:00","dateModified":"2026-03-31T15:26:41+00:00","breadcrumb":{"@id":"https:\/\/www.woclleydon.com\/es\/sorteo-de-futbol\/#breadcrumb"},"inLanguage":"es","potentialAction":[{"@type":"ReadAction","target":["https:\/\/www.woclleydon.com\/es\/sorteo-de-futbol\/"]}]},{"@type":"ImageObject","inLanguage":"es","@id":"https:\/\/www.woclleydon.com\/es\/sorteo-de-futbol\/#primaryimage","url":"https:\/\/www.woclleydon.com\/wp-content\/uploads\/2026\/03\/wocl-battle-for-NY-1200-590-winner-es-1024x337.jpg","contentUrl":"https:\/\/www.woclleydon.com\/wp-content\/uploads\/2026\/03\/wocl-battle-for-NY-1200-590-winner-es-1024x337.jpg"},{"@type":"BreadcrumbList","@id":"https:\/\/www.woclleydon.com\/es\/sorteo-de-futbol\/#breadcrumb","itemListElement":[{"@type":"ListItem","position":1,"name":"Home","item":"https:\/\/www.woclleydon.com\/es\/"},{"@type":"ListItem","position":2,"name":"sorteo de f\u00fatbol"}]},{"@type":"WebSite","@id":"https:\/\/www.woclleydon.com\/es\/#website","url":"https:\/\/www.woclleydon.com\/es\/","name":"Abogados de lesiones personales de Wocl Leydon","description":"Your Case is Personal to Us!","potentialAction":[{"@type":"SearchAction","target":{"@type":"EntryPoint","urlTemplate":"https:\/\/www.woclleydon.com\/es\/?s={search_term_string}"},"query-input":{"@type":"PropertyValueSpecification","valueRequired":true,"valueName":"search_term_string"}}],"inLanguage":"es"}]}},"publishpress_future_action":{"enabled":false,"date":"2026-04-21 21:45:57","action":"change-status","newStatus":"draft","terms":[],"taxonomy":"translation_priority","extraData":[]},"publishpress_future_workflow_manual_trigger":{"enabledWorkflows":[]},"_links":{"self":[{"href":"https:\/\/www.woclleydon.com\/es\/wp-json\/wp\/v2\/pages\/9134","targetHints":{"allow":["GET"]}}],"collection":[{"href":"https:\/\/www.woclleydon.com\/es\/wp-json\/wp\/v2\/pages"}],"about":[{"href":"https:\/\/www.woclleydon.com\/es\/wp-json\/wp\/v2\/types\/page"}],"author":[{"embeddable":true,"href":"https:\/\/www.woclleydon.com\/es\/wp-json\/wp\/v2\/users\/18"}],"replies":[{"embeddable":true,"href":"https:\/\/www.woclleydon.com\/es\/wp-json\/wp\/v2\/comments?post=9134"}],"version-history":[{"count":4,"href":"https:\/\/www.woclleydon.com\/es\/wp-json\/wp\/v2\/pages\/9134\/revisions"}],"predecessor-version":[{"id":9199,"href":"https:\/\/www.woclleydon.com\/es\/wp-json\/wp\/v2\/pages\/9134\/revisions\/9199"}],"wp:attachment":[{"href":"https:\/\/www.woclleydon.com\/es\/wp-json\/wp\/v2\/media?parent=9134"}],"curies":[{"name":"wp","href":"https:\/\/api.w.org\/{rel}","templated":true}]}}