{"id":9232,"date":"2026-04-01T01:25:50","date_gmt":"2026-04-01T05:25:50","guid":{"rendered":"https:\/\/www.woclleydon.com\/abogado-de-lesiones-personales-en-stamford\/dog-bite-lawyer\/"},"modified":"2026-04-03T06:54:19","modified_gmt":"2026-04-03T10:54:19","slug":"dog-bite-lawyer","status":"publish","type":"page","link":"https:\/\/www.woclleydon.com\/es\/abogado-de-lesiones-personales-en-stamford\/dog-bite-lawyer\/","title":{"rendered":"Abogado de Mordedura de Perro en Stamford"},"content":{"rendered":"<h1>Abogado de mordeduras de perro en Stamford<\/h1>\n<p><img decoding=\"async\" class=\"alignnone size-large\" src=\"\/wp-content\/uploads\/2026\/04\/dog-bite.jpg\" alt=\"Un perro que muerde\" width=\"1024\" height=\"408\"><\/p>\n<p><span style=\"font-weight: 400;\">Una mordedura de perro puede ocurrir en cuesti\u00f3n de segundos. En un momento est\u00e1s paseando por Cove Island Park o visitando la casa de un vecino, y al siguiente te encuentras con una herida, una conmoci\u00f3n en el organismo y un mont\u00f3n de preguntas sobre qu\u00e9 hacer a continuaci\u00f3n. En realidad, la ley de Connecticut es bastante clara al respecto: cuando un perro te muerde, el propietario o cuidador de ese perro es responsable, aunque nunca antes haya hecho da\u00f1o a nadie. No tienes que demostrar que el due\u00f1o fue descuidado. S\u00f3lo tienes que demostrar que no estabas invadiendo y que no provocaste al perro.    <\/span><\/p>\n<p><span style=\"font-weight: 400;\">Dicho esto, navegar por el proceso del seguro, documentar tus lesiones y tratar con un propietario que puede ser un amigo o vecino es m\u00e1s dif\u00edcil de lo que la ley hace parecer. Ah\u00ed es donde podemos ayudarte. <\/span><\/p>\n<h2><b>Puntos clave<\/b><\/h2>\n<ul>\n<li style=\"font-weight: 400;\" aria-level=\"1\"><span style=\"font-weight: 400;\">La ley de Connecticut sobre mordeduras de perro considera estrictamente responsables a los propietarios y cuidadores, lo que significa que no necesitas demostrar que el perro ten\u00eda antecedentes de morder.<\/span><\/li>\n<li style=\"font-weight: 400;\" aria-level=\"1\"><span style=\"font-weight: 400;\">Debes informar inmediatamente de la mordedura a Control de Animales de Stamford. Ese informe pasar\u00e1 a formar parte de tu expediente. <\/span><\/li>\n<li style=\"font-weight: 400;\" aria-level=\"1\"><span style=\"font-weight: 400;\">Las lesiones suelen ir m\u00e1s all\u00e1 de la herida inicial. Los da\u00f1os nerviosos, las cicatrices, la infecci\u00f3n y la ansiedad forman parte de lo que debe recoger una reclamaci\u00f3n completa. <\/span><\/li>\n<li style=\"font-weight: 400;\" aria-level=\"1\"><span style=\"font-weight: 400;\">La mayor\u00eda de las demandas por mordedura de perro se resuelven a trav\u00e9s del seguro de hogar del propietario, pero las primeras ofertas suelen infravalorar tus da\u00f1os. No firmes nada antes de hablar con un abogado. <\/span><\/li>\n<li style=\"font-weight: 400;\" aria-level=\"1\"><span style=\"font-weight: 400;\">Hay plazos para presentar una demanda. Esperar te cuesta pruebas y, en algunos casos, tu derecho a cobrar. <\/span><\/li>\n<\/ul>\n<div class=\"cta-box my-4 p-4\" style=\"background:#e9e9e9 url('\/wp-content\/uploads\/2023\/10\/ui-element-corner-triangle-light.png') no-repeat right bottom;border:1px solid #6590AF;border-radius:3px;\">\r\n    <div class=\"d-flex flex-column flex-lg-row align-items-center free-case-review\">\r\n        <img decoding=\"async\" class=\"mb-3 mb-lg-0\" src=\"\/wp-content\/uploads\/2023\/10\/cta-photo-with-corner.png\" alt=\"Get your free case review\" width=\"125\" height=\"125\">\r\n        <div class=\"ps-lg-4\">\r\n            <h3 style=\"line-height: 1.5\">\r\n                <span class=\"font-weight-bold\">Obtenga su revisi\u00f3n de caso GRATUITA<\/span>\r\n\r\n            <\/h3>\r\n            <div class=\"d-flex flex-column flex-lg-row align-items-center\">\r\n                <a class=\"btn btn-gold text-center me-lg-3\" href=\"tel:12033333339\" style=\"vertical-align:middle;\"><img decoding=\"async\" style=\"margin-right: 15px;height:28px;\" src=\"\/wp-content\/uploads\/2023\/10\/btn-icon-phone.png\" alt=\"Call Us\">(203) 333-3339<\/a>\r\n                <div> or <a href=\"#cta\">env\u00edanos los detalles de tu caso.<\/a><\/div>\r\n            <\/div>\r\n        <\/div>\r\n    <\/div>\r\n<\/div>\r\n\n<h2><b>Qu\u00e9 hacer tras una mordedura de perro en Stamford<\/b><\/h2>\n<h3><b>Medidas m\u00e9dicas y de seguridad inmediatas<\/b><\/h3>\n<p><span style=\"font-weight: 400;\"><img decoding=\"async\" class=\"alignright size-full\" src=\"\/wp-content\/uploads\/2026\/04\/treated-dog-bite.png\" alt=\"Mano vendada con perro al fondo\" width=\"228\" height=\"228\">La primera prioridad es tu salud, no el caso legal. Las mordeduras de perro conllevan un riesgo real de infecci\u00f3n debido a las bacterias que hay en su boca. Incluso una mordedura que no parece grave puede volverse peligrosa r\u00e1pidamente.  <\/span><\/p>\n<p><span style=\"font-weight: 400;\">Limpia la herida inmediatamente con agua y jab\u00f3n, idealmente durante varios minutos. Aplica presi\u00f3n si hay una hemorragia importante. Las heridas punzantes pueden ser enga\u00f1osas, ya que pueden parecer peque\u00f1as en la superficie, pero son m\u00e1s profundas de lo que parecen.  <\/span><\/p>\n<p><span style=\"font-weight: 400;\">Busca atenci\u00f3n m\u00e9dica el mismo d\u00eda, aunque te encuentres bien. Pueden aparecer signos de infecci\u00f3n, como enrojecimiento, calor, hinchaz\u00f3n o secreci\u00f3n crecientes, en un plazo de 24 a 48 horas. Las heridas profundas pueden requerir puntos de sutura o cierre quir\u00fargico, y tu m\u00e9dico puede recomendarte una vacuna antitet\u00e1nica de refuerzo en funci\u00f3n de tu historial de vacunaci\u00f3n. En algunas situaciones, tu m\u00e9dico tambi\u00e9n evaluar\u00e1 el riesgo de rabia y discutir\u00e1 contigo las opciones postexposici\u00f3n.   <\/span><\/p>\n<p><span style=\"font-weight: 400;\">Si la mordedura es grave o no est\u00e1s seguro del estado de vacunaci\u00f3n del perro, acude directamente a un servicio de urgencias. <\/span><a href=\"https:\/\/www.stamfordhealth.org\/locations\/ct\/stamford\/stamford-hospital-emergency-department\/11142653\/\"><span style=\"font-weight: 400;\">El Servicio de Urgencias del Hospital Stamford<\/span><\/a><span style=\"font-weight: 400;\"> se encuentra en 1 Hospital Plaza (203-276-7777) y est\u00e1 equipado para tratar y documentar heridas traum\u00e1ticas.<\/span><\/p>\n<h3><b>Informar de la mordedura y crear documentaci\u00f3n<\/b><\/h3>\n<p><span style=\"font-weight: 400;\">Denunciar la mordedura a Control de Animales de Stamford es uno de los pasos m\u00e1s importantes que puedes dar, tanto por la seguridad p\u00fablica como por tu propia reclamaci\u00f3n. Control de Animales investiga las mordeduras, puede exigir que el perro est\u00e9 en cuarentena para la observaci\u00f3n de la rabia y crea un registro oficial del incidente. Ese informe puede ser decisivo m\u00e1s adelante.  <\/span><\/p>\n<p><span style=\"font-weight: 400;\">Mientras los hechos est\u00e9n frescos, anota todo lo que recuerdes: d\u00f3nde ocurri\u00f3 la mordedura, qu\u00e9 estaba haciendo el perro antes de atacar, si llevaba o no correa, si el due\u00f1o estaba presente y qui\u00e9n lo presenci\u00f3. Haz fotos de las heridas lo antes posible y sigue fotografi\u00e1ndolas durante los d\u00edas siguientes, a medida que se desarrollen los hematomas y la hinchaz\u00f3n. <\/span><\/p>\n<p><span style=\"font-weight: 400;\">Guarda todos los historiales m\u00e9dicos, facturas y cualquier correspondencia con el propietario del perro o su aseguradora.<\/span><\/p>\n<h3><b>Recursos locales<\/b><\/h3>\n<p><a href=\"https:\/\/share.google\/pBuRahdDNYMe7xDS3\"><b>Control de Animales de Stamford<\/b><\/a><span style=\"font-weight: 400;\"> (203) 977-4437 Situado en el Centro Gubernamental de Stamford, 888 Washington Blvd, Stamford, CT 06901<\/span><\/p>\n<p><a href=\"https:\/\/www.stamfordhealth.org\/locations\/ct\/stamford\/stamford-hospital-emergency-department\/11142653\/\"><b>Departamento de Urgencias del Hospital de Stamford<\/b><\/a><span style=\"font-weight: 400;\"> 1 Hospital Plaza, Stamford, CT 06902 (203) 276-7777<\/span><\/p>\n<h3><b>Qu\u00e9 no hacer<\/b><\/h3>\n<p><span style=\"font-weight: 400;\">No discutas con el propietario del perro en el lugar de los hechos sobre qui\u00e9n tiene la culpa. Mant\u00e9n las cosas civilizadamente y obt\u00e9n su informaci\u00f3n de contacto, junto con la cartilla de vacunaci\u00f3n del perro si est\u00e1 dispuesto a compartirla. Los enfrentamientos no ayudan a tu caso y pueden complicar las cosas m\u00e1s adelante.  <\/span><\/p>\n<p><span style=\"font-weight: 400;\">No publiques nada sobre el incidente o el propietario en las redes sociales. Lo que digas en Internet puede utilizarse en tu contra, y hacer acusaciones p\u00fablicas puede crear problemas colaterales. <\/span><\/p>\n<p><span style=\"font-weight: 400;\">Y lo que es m\u00e1s importante, no firmes ning\u00fan descargo ni aceptes ninguna indemnizaci\u00f3n del propietario o de su aseguradora antes de hablar con un abogado. Una oferta anticipada puede no tener en cuenta el coste total de tu tratamiento, los cuidados futuros o tu dolor y sufrimiento. Una vez que firmas, normalmente no puedes volver atr\u00e1s para pedir m\u00e1s.  <\/span><\/p>\n<div class=\"cta-box my-4 p-4\" style=\"background:#e9e9e9 url('\/wp-content\/uploads\/2023\/10\/ui-element-corner-triangle-light.png') no-repeat right bottom;border:1px solid #6590AF;border-radius:3px;\">\r\n    <div class=\"d-flex flex-column flex-lg-row align-items-center free-case-review\">\r\n        <img decoding=\"async\" class=\"mb-3 mb-lg-0\" src=\"\/wp-content\/uploads\/2023\/10\/cta-photo-with-corner.png\" alt=\"Get your free case review\" width=\"125\" height=\"125\">\r\n        <div class=\"ps-lg-4\">\r\n            <h3 style=\"line-height: 1.5\">\r\n                <span class=\"font-weight-bold\">Obtenga su revisi\u00f3n de caso GRATUITA<\/span>\r\n\r\n            <\/h3>\r\n            <div class=\"d-flex flex-column flex-lg-row align-items-center\">\r\n                <a class=\"btn btn-gold text-center me-lg-3\" href=\"tel:12033333339\" style=\"vertical-align:middle;\"><img decoding=\"async\" style=\"margin-right: 15px;height:28px;\" src=\"\/wp-content\/uploads\/2023\/10\/btn-icon-phone.png\" alt=\"Call Us\">(203) 333-3339<\/a>\r\n                <div> or <a href=\"#cta\">env\u00edanos los detalles de tu caso.<\/a><\/div>\r\n            <\/div>\r\n        <\/div>\r\n    <\/div>\r\n<\/div>\r\n\n<h2><b>La Ley de Mordeduras de Perro de Connecticut, explicada en lenguaje sencillo<\/b><\/h2>\n<h3><b>La norma de responsabilidad objetiva y lo que cubre<\/b><\/h3>\n<p><a href=\"https:\/\/law.justia.com\/codes\/connecticut\/title-22\/chapter-435\/section-22-357\/\"><span style=\"font-weight: 400;\">Estatutos Generales de Connecticut \u00a7 22-357<\/span><\/a><span style=\"font-weight: 400;\">  es la ley estatal sobre mordeduras de perro, y es una de las m\u00e1s fuertes del pa\u00eds desde la perspectiva de la v\u00edctima. Seg\u00fan este estatuto, el propietario o cuidador de un perro es responsable de los da\u00f1os causados por ese perro al cuerpo o a la propiedad de una persona. Lo m\u00e1s importante es que en Connecticut no existe la norma de \u00abun bocado gratis\u00bb. El propietario no se libra s\u00f3lo porque el perro nunca antes haya actuado de forma agresiva.<\/span><\/p>\n<p><span style=\"font-weight: 400;\">Esta norma de responsabilidad objetiva significa que no tienes que demostrar que el due\u00f1o fue negligente o que sab\u00eda que el perro era peligroso. Si el perro te mordi\u00f3 y no estabas invadiendo el terreno ni provoc\u00e1ndolo, el due\u00f1o es responsable.<\/span><\/p>\n<h3><b>Excepciones que pueden afectar a la responsabilidad<\/b><\/h3>\n<p><span style=\"font-weight: 400;\">El estatuto tiene dos excepciones principales. La primera se aplica si estabas invadiendo un terreno en el momento de la mordedura. Si no ten\u00edas derecho a estar en la propiedad donde se produjo la mordedura, la responsabilidad del propietario puede verse reducida o eliminada.<\/span><\/p>\n<p><span style=\"font-weight: 400;\">La segunda excepci\u00f3n se aplica si te burlabas, atormentabas o maltratabas al perro. Se trata de una investigaci\u00f3n basada en hechos concretos. Alcanzar a un perro o estar cerca de \u00e9l no suele considerarse provocaci\u00f3n, pero los tribunales tendr\u00e1n en cuenta las circunstancias concretas.<\/span><\/p>\n<h3><b>Regla especial para ni\u00f1os peque\u00f1os<\/b><\/h3>\n<p><span style=\"font-weight: 400;\">La ley de Connecticut incluye una presunci\u00f3n importante para los ni\u00f1os menores de siete a\u00f1os. El estatuto presupone que un ni\u00f1o de esa edad no estaba invadiendo y no estaba provocando al perro. La carga de demostrar lo contrario recae en el propietario. En la pr\u00e1ctica, esto significa que el list\u00f3n para la recuperaci\u00f3n en nombre de un ni\u00f1o peque\u00f1o es a\u00fan m\u00e1s bajo, y las aseguradoras suelen tratar con seriedad las reclamaciones en las que est\u00e1n implicados ni\u00f1os lesionados.<\/span><\/p>\n<h3><b>Qui\u00e9n cuenta como guardi\u00e1n<\/b><\/h3>\n<p><span style=\"font-weight: 400;\">El estatuto cubre no s\u00f3lo al propietario del perro, sino tambi\u00e9n a cualquiera que act\u00fae como \u00abcuidador\u00bb del perro en el momento de la mordedura. Los tribunales de Connecticut han interpretado que \u00abposeedor\u00bb significa alguien que tiene la custodia o el control del perro, aunque sea temporalmente. Puede tratarse de un paseador de perros, una canguro, un familiar que estuviera cuidando al perro ese d\u00eda o un inquilino que tuviera un perro en la propiedad del propietario con su conocimiento y permiso.<\/span><\/p>\n<p><span style=\"font-weight: 400;\">Una excepci\u00f3n importante: las fuerzas del orden no son responsables en virtud de este estatuto de las mordeduras infligidas por perros utilizados en labores policiales oficiales. Esas situaciones implican consideraciones jur\u00eddicas distintas.<\/span><\/p>\n<h3><b>Reglas de Stamford que a menudo importan en casos reales<\/b><\/h3>\n<p><span style=\"font-weight: 400;\">El c\u00f3digo municipal de Stamford exige que los perros lleven correa cuando est\u00e9n en lugares p\u00fablicos, incluidos parques, aceras y otras zonas comunes. Si un perro estaba sin correa en un espacio p\u00fablico cuando te mordi\u00f3, esa infracci\u00f3n es relevante para tu demanda y puede respaldar el argumento de que el propietario actu\u00f3 con imprudencia, independientemente del criterio de responsabilidad objetiva.<\/span><\/p>\n<p><span style=\"font-weight: 400;\">La obligaci\u00f3n de llevar correa no se aplica a las zonas valladas destinadas al uso sin correa. Si te mordieron en una zona sin correa, el propietario plantear\u00e1 ese contexto, pero no elimina necesariamente tu reclamaci\u00f3n, sobre todo si el perro atac\u00f3 sin provocaci\u00f3n alguna.<\/span><\/p>\n<p><span style=\"font-weight: 400;\">Un \u00abataque no provocado\u00bb en t\u00e9rminos sencillos significa que el perro inici\u00f3 la mordedura sin que la persona hiciera nada para provocarla. Pasar junto al perro, establecer contacto visual o estar cerca del due\u00f1o no es una provocaci\u00f3n. Los tribunales eval\u00faan estas situaciones bas\u00e1ndose en lo que una persona razonable en las mismas circunstancias habr\u00eda entendido sobre el riesgo.<\/span><\/p>\n","protected":false},"excerpt":{"rendered":"<p>Abogado de mordeduras de perro en Stamford Una mordedura de perro puede ocurrir en cuesti\u00f3n de segundos. En un momento est\u00e1s paseando por Cove Island Park o visitando la casa de un vecino, y al siguiente te encuentras con una herida, una conmoci\u00f3n en el organismo y un mont\u00f3n de preguntas sobre qu\u00e9 hacer a [&hellip;]<\/p>\n","protected":false},"author":18,"featured_media":9220,"parent":5756,"menu_order":0,"comment_status":"closed","ping_status":"closed","template":"","meta":{"_acf_changed":false,"footnotes":""},"class_list":["post-9232","page","type-page","status-publish","has-post-thumbnail","hentry"],"acf":[],"yoast_head":"<!-- This site is optimized with the Yoast SEO plugin v27.4 - https:\/\/yoast.com\/product\/yoast-seo-wordpress\/ -->\n<title>Abogado de Mordedura de Perro en Stamford - Abogados de lesiones personales de Wocl Leydon<\/title>\n<meta name=\"robots\" content=\"index, follow, max-snippet:-1, max-image-preview:large, max-video-preview:-1\" \/>\n<link rel=\"canonical\" href=\"https:\/\/www.woclleydon.com\/es\/abogado-de-lesiones-personales-en-stamford\/dog-bite-lawyer\/\" \/>\n<meta property=\"og:locale\" content=\"es_ES\" \/>\n<meta property=\"og:type\" content=\"article\" \/>\n<meta property=\"og:title\" content=\"Abogado de Mordedura de Perro en Stamford - Abogados de lesiones personales de Wocl Leydon\" \/>\n<meta property=\"og:description\" content=\"Abogado de mordeduras de perro en Stamford Una mordedura de perro puede ocurrir en cuesti\u00f3n de segundos. En un momento est\u00e1s paseando por Cove Island Park o visitando la casa de un vecino, y al siguiente te encuentras con una herida, una conmoci\u00f3n en el organismo y un mont\u00f3n de preguntas sobre qu\u00e9 hacer a [&hellip;]\" \/>\n<meta property=\"og:url\" content=\"https:\/\/www.woclleydon.com\/es\/abogado-de-lesiones-personales-en-stamford\/dog-bite-lawyer\/\" \/>\n<meta property=\"og:site_name\" content=\"Abogados de lesiones personales de Wocl Leydon\" \/>\n<meta property=\"article:modified_time\" content=\"2026-04-03T10:54:19+00:00\" \/>\n<meta property=\"og:image\" content=\"https:\/\/www.woclleydon.com\/wp-content\/uploads\/2026\/04\/dog-bite.jpg\" \/>\n\t<meta property=\"og:image:width\" content=\"1152\" \/>\n\t<meta property=\"og:image:height\" content=\"480\" \/>\n\t<meta property=\"og:image:type\" content=\"image\/jpeg\" \/>\n<meta name=\"twitter:card\" content=\"summary_large_image\" \/>\n<meta name=\"twitter:label1\" content=\"Tiempo de lectura\" \/>\n\t<meta name=\"twitter:data1\" content=\"18 minutos\" \/>\n<script type=\"application\/ld+json\" class=\"yoast-schema-graph\">{\"@context\":\"https:\\\/\\\/schema.org\",\"@graph\":[{\"@type\":\"WebPage\",\"@id\":\"https:\\\/\\\/www.woclleydon.com\\\/es\\\/abogado-de-lesiones-personales-en-stamford\\\/dog-bite-lawyer\\\/\",\"url\":\"https:\\\/\\\/www.woclleydon.com\\\/es\\\/abogado-de-lesiones-personales-en-stamford\\\/dog-bite-lawyer\\\/\",\"name\":\"Abogado de Mordedura de Perro en Stamford - Abogados de lesiones personales de Wocl Leydon\",\"isPartOf\":{\"@id\":\"https:\\\/\\\/www.woclleydon.com\\\/es\\\/#website\"},\"primaryImageOfPage\":{\"@id\":\"https:\\\/\\\/www.woclleydon.com\\\/es\\\/abogado-de-lesiones-personales-en-stamford\\\/dog-bite-lawyer\\\/#primaryimage\"},\"image\":{\"@id\":\"https:\\\/\\\/www.woclleydon.com\\\/es\\\/abogado-de-lesiones-personales-en-stamford\\\/dog-bite-lawyer\\\/#primaryimage\"},\"thumbnailUrl\":\"https:\\\/\\\/www.woclleydon.com\\\/wp-content\\\/uploads\\\/2026\\\/04\\\/dog-bite.jpg\",\"datePublished\":\"2026-04-01T05:25:50+00:00\",\"dateModified\":\"2026-04-03T10:54:19+00:00\",\"breadcrumb\":{\"@id\":\"https:\\\/\\\/www.woclleydon.com\\\/es\\\/abogado-de-lesiones-personales-en-stamford\\\/dog-bite-lawyer\\\/#breadcrumb\"},\"inLanguage\":\"es\",\"potentialAction\":[{\"@type\":\"ReadAction\",\"target\":[\"https:\\\/\\\/www.woclleydon.com\\\/es\\\/abogado-de-lesiones-personales-en-stamford\\\/dog-bite-lawyer\\\/\"]}]},{\"@type\":\"ImageObject\",\"inLanguage\":\"es\",\"@id\":\"https:\\\/\\\/www.woclleydon.com\\\/es\\\/abogado-de-lesiones-personales-en-stamford\\\/dog-bite-lawyer\\\/#primaryimage\",\"url\":\"https:\\\/\\\/www.woclleydon.com\\\/wp-content\\\/uploads\\\/2026\\\/04\\\/dog-bite.jpg\",\"contentUrl\":\"https:\\\/\\\/www.woclleydon.com\\\/wp-content\\\/uploads\\\/2026\\\/04\\\/dog-bite.jpg\",\"width\":1152,\"height\":480},{\"@type\":\"BreadcrumbList\",\"@id\":\"https:\\\/\\\/www.woclleydon.com\\\/es\\\/abogado-de-lesiones-personales-en-stamford\\\/dog-bite-lawyer\\\/#breadcrumb\",\"itemListElement\":[{\"@type\":\"ListItem\",\"position\":1,\"name\":\"Home\",\"item\":\"https:\\\/\\\/www.woclleydon.com\\\/es\\\/\"},{\"@type\":\"ListItem\",\"position\":2,\"name\":\"Abogado de lesiones personales en Stamford\",\"item\":\"https:\\\/\\\/www.woclleydon.com\\\/es\\\/abogado-de-lesiones-personales-en-stamford\\\/\"},{\"@type\":\"ListItem\",\"position\":3,\"name\":\"Abogado de Mordedura de Perro en Stamford\"}]},{\"@type\":\"WebSite\",\"@id\":\"https:\\\/\\\/www.woclleydon.com\\\/es\\\/#website\",\"url\":\"https:\\\/\\\/www.woclleydon.com\\\/es\\\/\",\"name\":\"Abogados de lesiones personales de Wocl Leydon\",\"description\":\"Your Case is Personal to Us!\",\"potentialAction\":[{\"@type\":\"SearchAction\",\"target\":{\"@type\":\"EntryPoint\",\"urlTemplate\":\"https:\\\/\\\/www.woclleydon.com\\\/es\\\/?s={search_term_string}\"},\"query-input\":{\"@type\":\"PropertyValueSpecification\",\"valueRequired\":true,\"valueName\":\"search_term_string\"}}],\"inLanguage\":\"es\"}]}<\/script>\n<!-- \/ Yoast SEO plugin. -->","yoast_head_json":{"title":"Abogado de Mordedura de Perro en Stamford - Abogados de lesiones personales de Wocl Leydon","robots":{"index":"index","follow":"follow","max-snippet":"max-snippet:-1","max-image-preview":"max-image-preview:large","max-video-preview":"max-video-preview:-1"},"canonical":"https:\/\/www.woclleydon.com\/es\/abogado-de-lesiones-personales-en-stamford\/dog-bite-lawyer\/","og_locale":"es_ES","og_type":"article","og_title":"Abogado de Mordedura de Perro en Stamford - Abogados de lesiones personales de Wocl Leydon","og_description":"Abogado de mordeduras de perro en Stamford Una mordedura de perro puede ocurrir en cuesti\u00f3n de segundos. En un momento est\u00e1s paseando por Cove Island Park o visitando la casa de un vecino, y al siguiente te encuentras con una herida, una conmoci\u00f3n en el organismo y un mont\u00f3n de preguntas sobre qu\u00e9 hacer a [&hellip;]","og_url":"https:\/\/www.woclleydon.com\/es\/abogado-de-lesiones-personales-en-stamford\/dog-bite-lawyer\/","og_site_name":"Abogados de lesiones personales de Wocl Leydon","article_modified_time":"2026-04-03T10:54:19+00:00","og_image":[{"width":1152,"height":480,"url":"https:\/\/www.woclleydon.com\/wp-content\/uploads\/2026\/04\/dog-bite.jpg","type":"image\/jpeg"}],"twitter_card":"summary_large_image","twitter_misc":{"Tiempo de lectura":"18 minutos"},"schema":{"@context":"https:\/\/schema.org","@graph":[{"@type":"WebPage","@id":"https:\/\/www.woclleydon.com\/es\/abogado-de-lesiones-personales-en-stamford\/dog-bite-lawyer\/","url":"https:\/\/www.woclleydon.com\/es\/abogado-de-lesiones-personales-en-stamford\/dog-bite-lawyer\/","name":"Abogado de Mordedura de Perro en Stamford - Abogados de lesiones personales de Wocl Leydon","isPartOf":{"@id":"https:\/\/www.woclleydon.com\/es\/#website"},"primaryImageOfPage":{"@id":"https:\/\/www.woclleydon.com\/es\/abogado-de-lesiones-personales-en-stamford\/dog-bite-lawyer\/#primaryimage"},"image":{"@id":"https:\/\/www.woclleydon.com\/es\/abogado-de-lesiones-personales-en-stamford\/dog-bite-lawyer\/#primaryimage"},"thumbnailUrl":"https:\/\/www.woclleydon.com\/wp-content\/uploads\/2026\/04\/dog-bite.jpg","datePublished":"2026-04-01T05:25:50+00:00","dateModified":"2026-04-03T10:54:19+00:00","breadcrumb":{"@id":"https:\/\/www.woclleydon.com\/es\/abogado-de-lesiones-personales-en-stamford\/dog-bite-lawyer\/#breadcrumb"},"inLanguage":"es","potentialAction":[{"@type":"ReadAction","target":["https:\/\/www.woclleydon.com\/es\/abogado-de-lesiones-personales-en-stamford\/dog-bite-lawyer\/"]}]},{"@type":"ImageObject","inLanguage":"es","@id":"https:\/\/www.woclleydon.com\/es\/abogado-de-lesiones-personales-en-stamford\/dog-bite-lawyer\/#primaryimage","url":"https:\/\/www.woclleydon.com\/wp-content\/uploads\/2026\/04\/dog-bite.jpg","contentUrl":"https:\/\/www.woclleydon.com\/wp-content\/uploads\/2026\/04\/dog-bite.jpg","width":1152,"height":480},{"@type":"BreadcrumbList","@id":"https:\/\/www.woclleydon.com\/es\/abogado-de-lesiones-personales-en-stamford\/dog-bite-lawyer\/#breadcrumb","itemListElement":[{"@type":"ListItem","position":1,"name":"Home","item":"https:\/\/www.woclleydon.com\/es\/"},{"@type":"ListItem","position":2,"name":"Abogado de lesiones personales en Stamford","item":"https:\/\/www.woclleydon.com\/es\/abogado-de-lesiones-personales-en-stamford\/"},{"@type":"ListItem","position":3,"name":"Abogado de Mordedura de Perro en Stamford"}]},{"@type":"WebSite","@id":"https:\/\/www.woclleydon.com\/es\/#website","url":"https:\/\/www.woclleydon.com\/es\/","name":"Abogados de lesiones personales de Wocl Leydon","description":"Your Case is Personal to Us!","potentialAction":[{"@type":"SearchAction","target":{"@type":"EntryPoint","urlTemplate":"https:\/\/www.woclleydon.com\/es\/?s={search_term_string}"},"query-input":{"@type":"PropertyValueSpecification","valueRequired":true,"valueName":"search_term_string"}}],"inLanguage":"es"}]}},"publishpress_future_action":{"enabled":false,"date":"2026-04-27 11:15:51","action":"change-status","newStatus":"draft","terms":[],"taxonomy":"translation_priority","extraData":[]},"publishpress_future_workflow_manual_trigger":{"enabledWorkflows":[]},"_links":{"self":[{"href":"https:\/\/www.woclleydon.com\/es\/wp-json\/wp\/v2\/pages\/9232","targetHints":{"allow":["GET"]}}],"collection":[{"href":"https:\/\/www.woclleydon.com\/es\/wp-json\/wp\/v2\/pages"}],"about":[{"href":"https:\/\/www.woclleydon.com\/es\/wp-json\/wp\/v2\/types\/page"}],"author":[{"embeddable":true,"href":"https:\/\/www.woclleydon.com\/es\/wp-json\/wp\/v2\/users\/18"}],"replies":[{"embeddable":true,"href":"https:\/\/www.woclleydon.com\/es\/wp-json\/wp\/v2\/comments?post=9232"}],"version-history":[{"count":5,"href":"https:\/\/www.woclleydon.com\/es\/wp-json\/wp\/v2\/pages\/9232\/revisions"}],"predecessor-version":[{"id":9244,"href":"https:\/\/www.woclleydon.com\/es\/wp-json\/wp\/v2\/pages\/9232\/revisions\/9244"}],"up":[{"embeddable":true,"href":"https:\/\/www.woclleydon.com\/es\/wp-json\/wp\/v2\/pages\/5756"}],"wp:featuredmedia":[{"embeddable":true,"href":"https:\/\/www.woclleydon.com\/es\/wp-json\/wp\/v2\/media\/9220"}],"wp:attachment":[{"href":"https:\/\/www.woclleydon.com\/es\/wp-json\/wp\/v2\/media?parent=9232"}],"curies":[{"name":"wp","href":"https:\/\/api.w.org\/{rel}","templated":true}]}}