{"id":9240,"date":"2026-04-01T01:56:55","date_gmt":"2026-04-01T05:56:55","guid":{"rendered":"https:\/\/www.woclleydon.com\/abogado-de-lesiones-personales-en-stamford\/abogados-de-accidentes-de-transporte-compartido-herido-en-un-accidente-de-uber-o-lyft-en-stamford\/"},"modified":"2026-04-01T01:56:55","modified_gmt":"2026-04-01T05:56:55","slug":"abogados-de-accidentes-de-transporte-compartido-herido-en-un-accidente-de-uber-o-lyft-en-stamford","status":"publish","type":"page","link":"https:\/\/www.woclleydon.com\/es\/abogado-de-lesiones-personales-en-stamford\/abogados-de-accidentes-de-transporte-compartido-herido-en-un-accidente-de-uber-o-lyft-en-stamford\/","title":{"rendered":"Abogados de accidentes de transporte compartido &#8211; \u00bfHerido en un accidente de Uber o Lyft en Stamford?"},"content":{"rendered":"<h1><strong>Abogados de accidentes de transporte compartido &#8211; \u00bfHerido en un accidente de Uber o Lyft en Stamford?<\/strong><\/h1>\n<p><img decoding=\"async\" class=\"alignnone size-large\" src=\"\/wp-content\/uploads\/2026\/04\/passsenger-vehicle-crash.png\" alt=\"Un accidente m\u00faltiple\" width=\"1024\" height=\"408\"><\/p>\n<p><span style=\"font-weight: 400;\">Resultar herido en un accidente de coche compartido ya es estresante. Lo que lo hace m\u00e1s dif\u00edcil es que estos casos no funcionan como un accidente de coche t\u00edpico. No hay una \u00fanica aseguradora a la que llamar, ni una simple cadena de responsabilidades. En lugar de eso, te enfrentas a p\u00f3lizas de seguro estratificadas, a una empresa que clasifica a sus conductores como contratistas independientes para limitar su propia responsabilidad, y a aseguradoras a las que se les da muy bien encontrar razones para pagarte menos. Si buscas un abogado de accidentes de coche compartido en Stamford, querr\u00e1s a alguien que haya llevado estos casos antes y sepa c\u00f3mo se aplican en la pr\u00e1ctica las normas sobre seguros de Connecticut. En Wocl Leydon, nuestros abogados de accidentes de Uber de Connecticut llevan d\u00e9cadas desenredando exactamente este tipo de situaciones para personas lesionadas de todo el estado, y sabemos lo que hace falta para hacerlo bien.     <\/span><\/p>\n<h2><strong>Por qu\u00e9 los casos de transporte compartido son m\u00e1s complicados de lo que parecen<\/strong><\/h2>\n<p><span style=\"font-weight: 400;\">Cuando resultas herido en un accidente en el que est\u00e1 implicado un conductor de Uber o Lyft, la primera pregunta no es s\u00f3lo \u00ab\u00bfqui\u00e9n caus\u00f3 el accidente?\u00bb. Tambi\u00e9n es \u00ab\u00bfqu\u00e9 hac\u00eda el conductor en el momento exacto del accidente?\u00bb. Ese detalle determina qu\u00e9 p\u00f3liza de seguro se aplica, y la diferencia puede ser enorme.  <\/span><\/p>\n<p><span style=\"font-weight: 400;\">He aqu\u00ed c\u00f3mo se desglosa la cobertura de Connecticut en funci\u00f3n del estado del conductor en el momento del accidente:<\/span><\/p>\n<p><i><span style=\"font-weight: 400;\">La aplicaci\u00f3n estaba apagada.<\/span><\/i><span style=\"font-weight: 400;\">  Si el conductor no estaba conectado a la aplicaci\u00f3n de Uber o Lyft, la empresa de transporte compartido no quiere saber nada de tu reclamaci\u00f3n. Lo \u00fanico que se aplica es el seguro personal del conductor. El problema es que muchas p\u00f3lizas personales excluyen la conducci\u00f3n compartida, lo que puede dejar a las v\u00edctimas buscando cobertura.  <\/span><\/p>\n<p><i><span style=\"font-weight: 400;\">App encendida, esperando a que te lleven.<\/span><\/i><span style=\"font-weight: 400;\">  Una vez que el conductor se registra pero a\u00fan no ha aceptado un viaje, Uber y Lyft proporcionan cobertura de responsabilidad civil contingente. La ley de Connecticut exige 50.000 $ por persona \/ 100.000 $ por accidente por lesiones corporales y 25.000 $ por da\u00f1os materiales durante esta fase. Es una cobertura secundaria, lo que significa que la p\u00f3liza personal del conductor deber\u00eda entrar en vigor primero, pero a menudo no lo hace.  <\/span><\/p>\n<p><i><span style=\"font-weight: 400;\">Viaje aceptado o pasajero a bordo.<\/span><\/i><span style=\"font-weight: 400;\">  Aqu\u00ed es donde se aplica la p\u00f3liza comercial completa. En Connecticut, Uber y Lyft tienen hasta 1 mill\u00f3n de d\u00f3lares de cobertura de responsabilidad civil por accidente una vez aceptado el viaje. Si eras pasajero, \u00e9sta suele ser la p\u00f3liza que te corresponde. Aun as\u00ed, estas empresas no se limitan a entregar un mill\u00f3n de d\u00f3lares. Se defienden, discuten la culpa y buscan cualquier motivo para rebajar lo que deben.    <\/span><\/p>\n<div class=\"cta-box my-4 p-4\" style=\"background:#e9e9e9 url('\/wp-content\/uploads\/2023\/10\/ui-element-corner-triangle-light.png') no-repeat right bottom;border:1px solid #6590AF;border-radius:3px;\">\r\n    <div class=\"d-flex flex-column flex-lg-row align-items-center free-case-review\">\r\n        <img decoding=\"async\" class=\"mb-3 mb-lg-0\" src=\"\/wp-content\/uploads\/2023\/10\/cta-photo-with-corner.png\" alt=\"Get your free case review\" width=\"125\" height=\"125\">\r\n        <div class=\"ps-lg-4\">\r\n            <h3 style=\"line-height: 1.5\">\r\n                <span class=\"font-weight-bold\">Obtenga su revisi\u00f3n de caso GRATUITA<\/span>\r\n\r\n            <\/h3>\r\n            <div class=\"d-flex flex-column flex-lg-row align-items-center\">\r\n                <a class=\"btn btn-gold text-center me-lg-3\" href=\"tel:12033333339\" style=\"vertical-align:middle;\"><img decoding=\"async\" style=\"margin-right: 15px;height:28px;\" src=\"\/wp-content\/uploads\/2023\/10\/btn-icon-phone.png\" alt=\"Call Us\">(203) 333-3339<\/a>\r\n                <div> or <a href=\"#cta\">env\u00edanos los detalles de tu caso.<\/a><\/div>\r\n            <\/div>\r\n        <\/div>\r\n    <\/div>\r\n<\/div>\r\n\n<h2><strong>Averiguar qui\u00e9n es realmente responsable<\/strong><\/h2>\n<p><span style=\"font-weight: 400;\">La responsabilidad en los accidentes de veh\u00edculos compartidos rara vez recae en una sola parte. El conductor puede tener la culpa. Otro conductor puede haber causado el accidente. El seguro de la empresa de viajes compartidos puede aplicarse o no en funci\u00f3n de lo que muestren sus registros sobre el estado de la aplicaci\u00f3n del conductor. Todo esto tiene que resolverse antes de que nadie pueda recuperar nada.    <\/span><\/p>\n<p><span style=\"font-weight: 400;\">Connecticut sigue una norma de negligencia comparativa modificada, lo que significa que puedes recuperar los da\u00f1os siempre que no hayas tenido m\u00e1s del 50% de culpa. Si varios conductores comparten la responsabilidad, el porcentaje de culpa de cada parte reduce proporcionalmente tu indemnizaci\u00f3n. Como pasajero, normalmente no tienes ninguna culpa, lo que te coloca en una posici\u00f3n fuerte para reclamar la totalidad de la p\u00f3liza comercial.  <\/span><\/p>\n<p><span style=\"font-weight: 400;\">Si otro conductor caus\u00f3 el accidente y no tiene seguro suficiente para cubrir tus lesiones, puede aplicarse la cobertura de motorista sin seguro o con seguro insuficiente de Uber y Lyft. Estos son exactamente los tipos de cuestiones que se solapan y que hacen que merezca la pena contar con un abogado que se ocupe regularmente de estos casos. <\/span><\/p>\n<h2><strong>Qu\u00e9 hacer inmediatamente despu\u00e9s del accidente<\/strong><\/h2>\n<p><span style=\"font-weight: 400;\">Los pasos que des en las horas y d\u00edas posteriores a un accidente de coche compartido pueden tener un impacto real en tu caso.<img decoding=\"async\" class=\"alignright size-full\" src=\"\/wp-content\/uploads\/2026\/04\/call-after-accident.png\" alt=\"Persona haciendo una llamada telef\u00f3nica despu\u00e9s de un accidente\" width=\"228\" height=\"228\"><\/span><\/p>\n<p><span style=\"font-weight: 400;\">Llama al 911 y busca atenci\u00f3n m\u00e9dica, aunque te encuentres bien. La adrenalina enmascara el dolor, y un historial m\u00e9dico del mismo d\u00eda crea un v\u00ednculo claro entre el accidente y tus lesiones. Si puedes, fotograf\u00edalo todo en el lugar del accidente: los veh\u00edculos, los da\u00f1os, el estado de la carretera y las lesiones visibles. Consigue el nombre, la matr\u00edcula y los datos del seguro del conductor, y anota si la aplicaci\u00f3n estaba activa. Recoge los datos de contacto de los testigos.    <\/span><\/p>\n<p><span style=\"font-weight: 400;\">Denuncia el accidente a trav\u00e9s del sistema in-app de Uber o Lyft, y solicita una copia del informe policial. Guarda todos los recibos de viaje, registros de la aplicaci\u00f3n y mensajes que confirmen que eras pasajero y documenta la cronolog\u00eda. <\/span><\/p>\n<p><span style=\"font-weight: 400;\">Luego, antes de hacer ninguna declaraci\u00f3n grabada a ninguna compa\u00f1\u00eda de seguros, habla con un abogado. Los peritos se mueven con rapidez tras los accidentes. Son amables, suenan razonables e intentan llegar a un acuerdo sobre tu reclamaci\u00f3n antes de que entiendas bien lo que vale. Una vez que aceptas un acuerdo, no puedes volver atr\u00e1s, aunque tus lesiones resulten ser m\u00e1s graves de lo que parec\u00edan. Deja que nosotros nos encarguemos de esas conversaciones.    <\/span><\/p>\n<h2><strong>Lo que puedes recuperar<\/strong><\/h2>\n<p><span style=\"font-weight: 400;\">Si resultaste herido en un accidente de coche compartido, la ley de Connecticut te permite reclamar una indemnizaci\u00f3n por:<\/span><\/p>\n<ul>\n<li style=\"font-weight: 400;\" aria-level=\"1\"><span style=\"font-weight: 400;\">Gastos m\u00e9dicos, incluidas facturas de hospital, operaciones, fisioterapia, recetas y cualquier tratamiento futuro relacionado con tus lesiones.<\/span><\/li>\n<li style=\"font-weight: 400;\" aria-level=\"1\"><span style=\"font-weight: 400;\">P\u00e9rdida de salario y reducci\u00f3n de la capacidad para obtener ingresos si tus lesiones te impidieron trabajar o afectaron a tu capacidad para desempe\u00f1ar tu trabajo.<\/span><\/li>\n<li style=\"font-weight: 400;\" aria-level=\"1\"><span style=\"font-weight: 400;\">Da\u00f1os materiales a tu veh\u00edculo y efectos personales<\/span><\/li>\n<li style=\"font-weight: 400;\" aria-level=\"1\"><span style=\"font-weight: 400;\">El dolor y el sufrimiento, incluidos el dolor f\u00edsico, la angustia emocional y la forma en que la lesi\u00f3n ha cambiado tu vida cotidiana.<\/span><\/li>\n<li style=\"font-weight: 400;\" aria-level=\"1\"><span style=\"font-weight: 400;\">Otros gastos de bolsillo, como el transporte a las citas m\u00e9dicas y la asistencia a domicilio<\/span><\/li>\n<\/ul>\n<p><span style=\"font-weight: 400;\">La cantidad correcta depende de las particularidades de tu caso. No es una respuesta vaga; es honesta. El valor de tu reclamaci\u00f3n est\u00e1 ligado a tus lesiones, tu recuperaci\u00f3n, tu situaci\u00f3n laboral y las pruebas disponibles. Nuestro trabajo es construir el caso m\u00e1s s\u00f3lido para cada d\u00f3lar al que tengas derecho.   <\/span><\/p>\n<div class=\"cta-box my-4 p-4\" style=\"background:#e9e9e9 url('\/wp-content\/uploads\/2023\/10\/ui-element-corner-triangle-light.png') no-repeat right bottom;border:1px solid #6590AF;border-radius:3px;\">\r\n    <div class=\"d-flex flex-column flex-lg-row align-items-center free-case-review\">\r\n        <img decoding=\"async\" class=\"mb-3 mb-lg-0\" src=\"\/wp-content\/uploads\/2023\/10\/cta-photo-with-corner.png\" alt=\"Get your free case review\" width=\"125\" height=\"125\">\r\n        <div class=\"ps-lg-4\">\r\n            <h3 style=\"line-height: 1.5\">\r\n                <span class=\"font-weight-bold\">Obtenga su revisi\u00f3n de caso GRATUITA<\/span>\r\n\r\n            <\/h3>\r\n            <div class=\"d-flex flex-column flex-lg-row align-items-center\">\r\n                <a class=\"btn btn-gold text-center me-lg-3\" href=\"tel:12033333339\" style=\"vertical-align:middle;\"><img decoding=\"async\" style=\"margin-right: 15px;height:28px;\" src=\"\/wp-content\/uploads\/2023\/10\/btn-icon-phone.png\" alt=\"Call Us\">(203) 333-3339<\/a>\r\n                <div> or <a href=\"#cta\">env\u00edanos los detalles de tu caso.<\/a><\/div>\r\n            <\/div>\r\n        <\/div>\r\n    <\/div>\r\n<\/div>\r\n\n","protected":false},"excerpt":{"rendered":"<p>Abogados de accidentes de transporte compartido &#8211; \u00bfHerido en un accidente de Uber o Lyft en Stamford? Resultar herido en un accidente de coche compartido ya es estresante. Lo que lo hace m\u00e1s dif\u00edcil es que estos casos no funcionan como un accidente de coche t\u00edpico. No hay una \u00fanica aseguradora a la que llamar, [&hellip;]<\/p>\n","protected":false},"author":17,"featured_media":9216,"parent":5756,"menu_order":0,"comment_status":"closed","ping_status":"closed","template":"","meta":{"_acf_changed":false,"footnotes":""},"class_list":["post-9240","page","type-page","status-publish","has-post-thumbnail","hentry"],"acf":[],"yoast_head":"<!-- This site is optimized with the Yoast SEO plugin v27.4 - https:\/\/yoast.com\/product\/yoast-seo-wordpress\/ -->\n<title>Abogados de accidentes de transporte compartido - \u00bfHerido en un accidente de Uber o Lyft en Stamford?<\/title>\n<meta name=\"robots\" content=\"index, follow, max-snippet:-1, max-image-preview:large, max-video-preview:-1\" \/>\n<link rel=\"canonical\" href=\"https:\/\/www.woclleydon.com\/es\/abogado-de-lesiones-personales-en-stamford\/abogados-de-accidentes-de-transporte-compartido-herido-en-un-accidente-de-uber-o-lyft-en-stamford\/\" \/>\n<meta property=\"og:locale\" content=\"es_ES\" \/>\n<meta property=\"og:type\" content=\"article\" \/>\n<meta property=\"og:title\" content=\"Abogados de accidentes de transporte compartido - \u00bfHerido en un accidente de Uber o Lyft en Stamford?\" \/>\n<meta property=\"og:description\" content=\"Abogados de accidentes de transporte compartido &#8211; \u00bfHerido en un accidente de Uber o Lyft en Stamford? Resultar herido en un accidente de coche compartido ya es estresante. Lo que lo hace m\u00e1s dif\u00edcil es que estos casos no funcionan como un accidente de coche t\u00edpico. No hay una \u00fanica aseguradora a la que llamar, [&hellip;]\" \/>\n<meta property=\"og:url\" content=\"https:\/\/www.woclleydon.com\/es\/abogado-de-lesiones-personales-en-stamford\/abogados-de-accidentes-de-transporte-compartido-herido-en-un-accidente-de-uber-o-lyft-en-stamford\/\" \/>\n<meta property=\"og:site_name\" content=\"Abogados de lesiones personales de Wocl Leydon\" \/>\n<meta property=\"og:image\" content=\"https:\/\/www.woclleydon.com\/wp-content\/uploads\/2026\/04\/passsenger-vehicle-crash.png\" \/>\n\t<meta property=\"og:image:width\" content=\"1152\" \/>\n\t<meta property=\"og:image:height\" content=\"480\" \/>\n\t<meta property=\"og:image:type\" content=\"image\/png\" \/>\n<meta name=\"twitter:card\" content=\"summary_large_image\" \/>\n<meta name=\"twitter:label1\" content=\"Tiempo de lectura\" \/>\n\t<meta name=\"twitter:data1\" content=\"6 minutos\" \/>\n<script type=\"application\/ld+json\" class=\"yoast-schema-graph\">{\"@context\":\"https:\\\/\\\/schema.org\",\"@graph\":[{\"@type\":\"WebPage\",\"@id\":\"https:\\\/\\\/www.woclleydon.com\\\/es\\\/abogado-de-lesiones-personales-en-stamford\\\/abogados-de-accidentes-de-transporte-compartido-herido-en-un-accidente-de-uber-o-lyft-en-stamford\\\/\",\"url\":\"https:\\\/\\\/www.woclleydon.com\\\/es\\\/abogado-de-lesiones-personales-en-stamford\\\/abogados-de-accidentes-de-transporte-compartido-herido-en-un-accidente-de-uber-o-lyft-en-stamford\\\/\",\"name\":\"Abogados de accidentes de transporte compartido - \u00bfHerido en un accidente de Uber o Lyft en Stamford?\",\"isPartOf\":{\"@id\":\"https:\\\/\\\/www.woclleydon.com\\\/es\\\/#website\"},\"primaryImageOfPage\":{\"@id\":\"https:\\\/\\\/www.woclleydon.com\\\/es\\\/abogado-de-lesiones-personales-en-stamford\\\/abogados-de-accidentes-de-transporte-compartido-herido-en-un-accidente-de-uber-o-lyft-en-stamford\\\/#primaryimage\"},\"image\":{\"@id\":\"https:\\\/\\\/www.woclleydon.com\\\/es\\\/abogado-de-lesiones-personales-en-stamford\\\/abogados-de-accidentes-de-transporte-compartido-herido-en-un-accidente-de-uber-o-lyft-en-stamford\\\/#primaryimage\"},\"thumbnailUrl\":\"https:\\\/\\\/www.woclleydon.com\\\/wp-content\\\/uploads\\\/2026\\\/04\\\/passsenger-vehicle-crash.png\",\"datePublished\":\"2026-04-01T05:56:55+00:00\",\"breadcrumb\":{\"@id\":\"https:\\\/\\\/www.woclleydon.com\\\/es\\\/abogado-de-lesiones-personales-en-stamford\\\/abogados-de-accidentes-de-transporte-compartido-herido-en-un-accidente-de-uber-o-lyft-en-stamford\\\/#breadcrumb\"},\"inLanguage\":\"es\",\"potentialAction\":[{\"@type\":\"ReadAction\",\"target\":[\"https:\\\/\\\/www.woclleydon.com\\\/es\\\/abogado-de-lesiones-personales-en-stamford\\\/abogados-de-accidentes-de-transporte-compartido-herido-en-un-accidente-de-uber-o-lyft-en-stamford\\\/\"]}]},{\"@type\":\"ImageObject\",\"inLanguage\":\"es\",\"@id\":\"https:\\\/\\\/www.woclleydon.com\\\/es\\\/abogado-de-lesiones-personales-en-stamford\\\/abogados-de-accidentes-de-transporte-compartido-herido-en-un-accidente-de-uber-o-lyft-en-stamford\\\/#primaryimage\",\"url\":\"https:\\\/\\\/www.woclleydon.com\\\/wp-content\\\/uploads\\\/2026\\\/04\\\/passsenger-vehicle-crash.png\",\"contentUrl\":\"https:\\\/\\\/www.woclleydon.com\\\/wp-content\\\/uploads\\\/2026\\\/04\\\/passsenger-vehicle-crash.png\",\"width\":1152,\"height\":480},{\"@type\":\"BreadcrumbList\",\"@id\":\"https:\\\/\\\/www.woclleydon.com\\\/es\\\/abogado-de-lesiones-personales-en-stamford\\\/abogados-de-accidentes-de-transporte-compartido-herido-en-un-accidente-de-uber-o-lyft-en-stamford\\\/#breadcrumb\",\"itemListElement\":[{\"@type\":\"ListItem\",\"position\":1,\"name\":\"Home\",\"item\":\"https:\\\/\\\/www.woclleydon.com\\\/es\\\/\"},{\"@type\":\"ListItem\",\"position\":2,\"name\":\"Abogado de lesiones personales en Stamford\",\"item\":\"https:\\\/\\\/www.woclleydon.com\\\/es\\\/abogado-de-lesiones-personales-en-stamford\\\/\"},{\"@type\":\"ListItem\",\"position\":3,\"name\":\"Abogados de accidentes de transporte compartido &#8211; \u00bfHerido en un accidente de Uber o Lyft en Stamford?\"}]},{\"@type\":\"WebSite\",\"@id\":\"https:\\\/\\\/www.woclleydon.com\\\/es\\\/#website\",\"url\":\"https:\\\/\\\/www.woclleydon.com\\\/es\\\/\",\"name\":\"Abogados de lesiones personales de Wocl Leydon\",\"description\":\"Your Case is Personal to Us!\",\"potentialAction\":[{\"@type\":\"SearchAction\",\"target\":{\"@type\":\"EntryPoint\",\"urlTemplate\":\"https:\\\/\\\/www.woclleydon.com\\\/es\\\/?s={search_term_string}\"},\"query-input\":{\"@type\":\"PropertyValueSpecification\",\"valueRequired\":true,\"valueName\":\"search_term_string\"}}],\"inLanguage\":\"es\"}]}<\/script>\n<!-- \/ Yoast SEO plugin. -->","yoast_head_json":{"title":"Abogados de accidentes de transporte compartido - \u00bfHerido en un accidente de Uber o Lyft en Stamford?","robots":{"index":"index","follow":"follow","max-snippet":"max-snippet:-1","max-image-preview":"max-image-preview:large","max-video-preview":"max-video-preview:-1"},"canonical":"https:\/\/www.woclleydon.com\/es\/abogado-de-lesiones-personales-en-stamford\/abogados-de-accidentes-de-transporte-compartido-herido-en-un-accidente-de-uber-o-lyft-en-stamford\/","og_locale":"es_ES","og_type":"article","og_title":"Abogados de accidentes de transporte compartido - \u00bfHerido en un accidente de Uber o Lyft en Stamford?","og_description":"Abogados de accidentes de transporte compartido &#8211; \u00bfHerido en un accidente de Uber o Lyft en Stamford? Resultar herido en un accidente de coche compartido ya es estresante. Lo que lo hace m\u00e1s dif\u00edcil es que estos casos no funcionan como un accidente de coche t\u00edpico. No hay una \u00fanica aseguradora a la que llamar, [&hellip;]","og_url":"https:\/\/www.woclleydon.com\/es\/abogado-de-lesiones-personales-en-stamford\/abogados-de-accidentes-de-transporte-compartido-herido-en-un-accidente-de-uber-o-lyft-en-stamford\/","og_site_name":"Abogados de lesiones personales de Wocl Leydon","og_image":[{"width":1152,"height":480,"url":"https:\/\/www.woclleydon.com\/wp-content\/uploads\/2026\/04\/passsenger-vehicle-crash.png","type":"image\/png"}],"twitter_card":"summary_large_image","twitter_misc":{"Tiempo de lectura":"6 minutos"},"schema":{"@context":"https:\/\/schema.org","@graph":[{"@type":"WebPage","@id":"https:\/\/www.woclleydon.com\/es\/abogado-de-lesiones-personales-en-stamford\/abogados-de-accidentes-de-transporte-compartido-herido-en-un-accidente-de-uber-o-lyft-en-stamford\/","url":"https:\/\/www.woclleydon.com\/es\/abogado-de-lesiones-personales-en-stamford\/abogados-de-accidentes-de-transporte-compartido-herido-en-un-accidente-de-uber-o-lyft-en-stamford\/","name":"Abogados de accidentes de transporte compartido - \u00bfHerido en un accidente de Uber o Lyft en Stamford?","isPartOf":{"@id":"https:\/\/www.woclleydon.com\/es\/#website"},"primaryImageOfPage":{"@id":"https:\/\/www.woclleydon.com\/es\/abogado-de-lesiones-personales-en-stamford\/abogados-de-accidentes-de-transporte-compartido-herido-en-un-accidente-de-uber-o-lyft-en-stamford\/#primaryimage"},"image":{"@id":"https:\/\/www.woclleydon.com\/es\/abogado-de-lesiones-personales-en-stamford\/abogados-de-accidentes-de-transporte-compartido-herido-en-un-accidente-de-uber-o-lyft-en-stamford\/#primaryimage"},"thumbnailUrl":"https:\/\/www.woclleydon.com\/wp-content\/uploads\/2026\/04\/passsenger-vehicle-crash.png","datePublished":"2026-04-01T05:56:55+00:00","breadcrumb":{"@id":"https:\/\/www.woclleydon.com\/es\/abogado-de-lesiones-personales-en-stamford\/abogados-de-accidentes-de-transporte-compartido-herido-en-un-accidente-de-uber-o-lyft-en-stamford\/#breadcrumb"},"inLanguage":"es","potentialAction":[{"@type":"ReadAction","target":["https:\/\/www.woclleydon.com\/es\/abogado-de-lesiones-personales-en-stamford\/abogados-de-accidentes-de-transporte-compartido-herido-en-un-accidente-de-uber-o-lyft-en-stamford\/"]}]},{"@type":"ImageObject","inLanguage":"es","@id":"https:\/\/www.woclleydon.com\/es\/abogado-de-lesiones-personales-en-stamford\/abogados-de-accidentes-de-transporte-compartido-herido-en-un-accidente-de-uber-o-lyft-en-stamford\/#primaryimage","url":"https:\/\/www.woclleydon.com\/wp-content\/uploads\/2026\/04\/passsenger-vehicle-crash.png","contentUrl":"https:\/\/www.woclleydon.com\/wp-content\/uploads\/2026\/04\/passsenger-vehicle-crash.png","width":1152,"height":480},{"@type":"BreadcrumbList","@id":"https:\/\/www.woclleydon.com\/es\/abogado-de-lesiones-personales-en-stamford\/abogados-de-accidentes-de-transporte-compartido-herido-en-un-accidente-de-uber-o-lyft-en-stamford\/#breadcrumb","itemListElement":[{"@type":"ListItem","position":1,"name":"Home","item":"https:\/\/www.woclleydon.com\/es\/"},{"@type":"ListItem","position":2,"name":"Abogado de lesiones personales en Stamford","item":"https:\/\/www.woclleydon.com\/es\/abogado-de-lesiones-personales-en-stamford\/"},{"@type":"ListItem","position":3,"name":"Abogados de accidentes de transporte compartido &#8211; \u00bfHerido en un accidente de Uber o Lyft en Stamford?"}]},{"@type":"WebSite","@id":"https:\/\/www.woclleydon.com\/es\/#website","url":"https:\/\/www.woclleydon.com\/es\/","name":"Abogados de lesiones personales de Wocl Leydon","description":"Your Case is Personal to Us!","potentialAction":[{"@type":"SearchAction","target":{"@type":"EntryPoint","urlTemplate":"https:\/\/www.woclleydon.com\/es\/?s={search_term_string}"},"query-input":{"@type":"PropertyValueSpecification","valueRequired":true,"valueName":"search_term_string"}}],"inLanguage":"es"}]}},"publishpress_future_action":{"enabled":false,"date":"2026-04-27 11:11:27","action":"change-status","newStatus":"draft","terms":[],"taxonomy":"translation_priority","extraData":[]},"publishpress_future_workflow_manual_trigger":{"enabledWorkflows":[]},"_links":{"self":[{"href":"https:\/\/www.woclleydon.com\/es\/wp-json\/wp\/v2\/pages\/9240","targetHints":{"allow":["GET"]}}],"collection":[{"href":"https:\/\/www.woclleydon.com\/es\/wp-json\/wp\/v2\/pages"}],"about":[{"href":"https:\/\/www.woclleydon.com\/es\/wp-json\/wp\/v2\/types\/page"}],"author":[{"embeddable":true,"href":"https:\/\/www.woclleydon.com\/es\/wp-json\/wp\/v2\/users\/17"}],"replies":[{"embeddable":true,"href":"https:\/\/www.woclleydon.com\/es\/wp-json\/wp\/v2\/comments?post=9240"}],"version-history":[{"count":0,"href":"https:\/\/www.woclleydon.com\/es\/wp-json\/wp\/v2\/pages\/9240\/revisions"}],"up":[{"embeddable":true,"href":"https:\/\/www.woclleydon.com\/es\/wp-json\/wp\/v2\/pages\/5756"}],"wp:featuredmedia":[{"embeddable":true,"href":"https:\/\/www.woclleydon.com\/es\/wp-json\/wp\/v2\/media\/9216"}],"wp:attachment":[{"href":"https:\/\/www.woclleydon.com\/es\/wp-json\/wp\/v2\/media?parent=9240"}],"curies":[{"name":"wp","href":"https:\/\/api.w.org\/{rel}","templated":true}]}}