{"id":9353,"date":"2026-04-28T16:29:08","date_gmt":"2026-04-28T20:29:08","guid":{"rendered":"https:\/\/www.woclleydon.com\/abogado-de-lesiones-personales-en-stamford\/abogado-de-compensacion-laboral-y-osha-de-stamford-tus-derechos-tras-una-lesion-laboral\/"},"modified":"2026-04-28T16:29:08","modified_gmt":"2026-04-28T20:29:08","slug":"abogado-de-compensacion-laboral-y-osha-de-stamford-tus-derechos-tras-una-lesion-laboral","status":"publish","type":"page","link":"https:\/\/www.woclleydon.com\/es\/abogado-de-lesiones-personales-en-stamford\/abogado-de-compensacion-laboral-y-osha-de-stamford-tus-derechos-tras-una-lesion-laboral\/","title":{"rendered":"Abogado de Compensaci\u00f3n Laboral y OSHA de Stamford: Tus derechos tras una lesi\u00f3n laboral"},"content":{"rendered":"<header>\n<h1><strong>Abogado de Compensaci\u00f3n Laboral y OSHA de Stamford: Tus derechos tras una lesi\u00f3n laboral<\/strong><\/h1>\n<\/header>\n<p><img decoding=\"async\" class=\"alignnone\" src=\"\/wp-content\/uploads\/2026\/04\/worker-injured-from-scaffolding.jpg\" alt=\"Lesiones OSHA\" width=\"1000\" height=\"370\"><br \/>\n<span style=\"font-weight: 400;\">Una lesi\u00f3n laboral puede producirse r\u00e1pidamente, y una vez que ocurre, puedes encontrarte lidiando con citas con el m\u00e9dico, facturas m\u00e9dicas impagadas y un sistema de indemnizaci\u00f3n laboral que puede parecer confuso. Durante m\u00e1s de 35 a\u00f1os, <a href=\"https:\/\/www.woclleydon.com\/es\/\">Wocl &amp; Leydon<\/a> ha representado a trabajadores lesionados en Stamford y en todo Connecticut. Tanto si sufriste una lesi\u00f3n durante un resbal\u00f3n y una ca\u00edda, como si una pieza de maquinaria funcion\u00f3 mal o se desarroll\u00f3 una afecci\u00f3n debido a a\u00f1os de tareas repetitivas, tienes derechos seg\u00fan la ley de Connecticut y probablemente tengas m\u00e1s opciones de las que crees. Nos reuniremos contigo sin coste alguno y no cobraremos honorarios a menos que obtengamos una indemnizaci\u00f3n para ti.   <\/span><\/p>\n<div class=\"cta-box my-4 p-4\" style=\"background:#e9e9e9 url('\/wp-content\/uploads\/2023\/10\/ui-element-corner-triangle-light.png') no-repeat right bottom;border:1px solid #6590AF;border-radius:3px;\">\r\n    <div class=\"d-flex flex-column flex-lg-row align-items-center free-case-review\">\r\n        <img decoding=\"async\" class=\"mb-3 mb-lg-0\" src=\"\/wp-content\/uploads\/2023\/10\/cta-photo-with-corner.png\" alt=\"Get your free case review\" width=\"125\" height=\"125\">\r\n        <div class=\"ps-lg-4\">\r\n            <h3 style=\"line-height: 1.5\">\r\n                <span class=\"font-weight-bold\">Obtenga su revisi\u00f3n de caso GRATUITA<\/span>\r\n\r\n            <\/h3>\r\n            <div class=\"d-flex flex-column flex-lg-row align-items-center\">\r\n                <a class=\"btn btn-gold text-center me-lg-3\" href=\"tel:12033333339\" style=\"vertical-align:middle;\"><img decoding=\"async\" style=\"margin-right: 15px;height:28px;\" src=\"\/wp-content\/uploads\/2023\/10\/btn-icon-phone.png\" alt=\"Call Us\">(203) 333-3339<\/a>\r\n                <div> or <a href=\"#cta\">env\u00edanos los detalles de tu caso.<\/a><\/div>\r\n            <\/div>\r\n        <\/div>\r\n    <\/div>\r\n<\/div>\r\n\n<h2><span style=\"font-weight: 400;\">Comprender la Ley de Indemnizaci\u00f3n por Accidentes de Trabajo en Connecticut<\/span><\/h2>\n<h3><span style=\"font-weight: 400;\">\u00bfQu\u00e9 es la ley de indemnizaci\u00f3n por accidente laboral?<\/span><\/h3>\n<p><span style=\"font-weight: 400;\">La Ley de Indemnizaci\u00f3n por Accidentes de Trabajo es un programa de seguro \u00absin culpa\u00bb que proporciona gastos m\u00e9dicos y sustituci\u00f3n salarial a los empleados que sufren una lesi\u00f3n o desarrollan una enfermedad relacionada con el trabajo. \u00abSin culpa\u00bb significa que no tienes que demostrar que tu empresa tuvo la culpa para recibir prestaciones. Sin embargo, el sistema no siempre es f\u00e1cil de seguir. Las reclamaciones pueden ser denegadas; surgen disputas sobre el pago de las Prestaciones; y las compa\u00f1\u00edas de seguros no siempre act\u00faan de buena fe. Entender a qu\u00e9 tienes derecho es el paso inicial para recibir una indemnizaci\u00f3n justa.    <\/span><\/p>\n<h3><span style=\"font-weight: 400;\">Prestaciones de la ley de accidentes de trabajo<\/span><\/h3>\n<p><span style=\"font-weight: 400;\">Adem\u00e1s del pago de los gastos m\u00e9dicos, la ley de compensaci\u00f3n de los trabajadores de Connecticut prev\u00e9 varios tipos de prestaciones:<\/span><\/p>\n<ul>\n<li style=\"font-weight: 400;\" aria-level=\"1\"><span style=\"font-weight: 400;\">Pago de gastos m\u00e9dicos: incluye los servicios m\u00e9dicos razonables y necesarios relacionados con tu lesi\u00f3n laboral, como visitas al m\u00e9dico, intervenciones quir\u00fargicas, fisioterapia y medicaci\u00f3n.<\/span><\/li>\n<li style=\"font-weight: 400;\" aria-level=\"1\"><span style=\"font-weight: 400;\">Prestaciones por incapacidad total temporal (TTD) &#8211; Las prestaciones TTD se pagan cuando no puedes trabajar en absoluto debido a tu lesi\u00f3n laboral. Estas prestaciones se calculan sobre la base del setenta y cinco por ciento (75%) de tus ingresos brutos semanales medios, hasta el m\u00e1ximo estatal (actualmente 1.575,00 $ semanales). Las prestaciones por incapacidad total temporal comienzan inmediatamente despu\u00e9s de que se confirme el diagn\u00f3stico de una lesi\u00f3n relacionada con el trabajo.  <\/span><\/li>\n<li style=\"font-weight: 400;\" aria-level=\"1\"><span style=\"font-weight: 400;\">Prestaciones por incapacidad temporal parcial (TPD): cuando puedes volver a trabajar pero ganas menos dinero del que ganabas antes de la lesi\u00f3n relacionada con el trabajo, tienes derecho a percibir prestaciones por TPD. El importe de la prestaci\u00f3n por incapacidad temporal parcial equivale al setenta y cinco por ciento (75%) de la diferencia entre lo que ganabas antes de la lesi\u00f3n y lo que ganas ahora. <\/span><\/li>\n<li style=\"font-weight: 400;\" aria-level=\"1\"><span style=\"font-weight: 400;\">Prestaciones por incapacidad parcial permanente (PPD) &#8211; Las prestaciones PPD se conceden cuando sufres una incapacidad permanente derivada de tu lesi\u00f3n laboral. Tu derecho a prestaciones PPD contin\u00faa incluso despu\u00e9s de que alcances la m\u00e1xima mejor\u00eda m\u00e9dica. <\/span><\/li>\n<li style=\"font-weight: 400;\" aria-level=\"1\"><span style=\"font-weight: 400;\">Rehabilitaci\u00f3n profesional: si tu lesi\u00f3n relacionada con el trabajo te incapacita para realizar las tareas de tu ocupaci\u00f3n anterior, puede que dispongas de prestaciones de rehabilitaci\u00f3n profesional para ayudarte a obtener formaci\u00f3n para una nueva ocupaci\u00f3n.<\/span><\/li>\n<\/ul>\n<h3><span style=\"font-weight: 400;\">Lesiones Traum\u00e1ticas Relacionadas con el Trabajo vs. Enfermedades Profesionales Relacionadas con el Trabajo<\/span><\/h3>\n<p><span style=\"font-weight: 400;\">Hay dos categor\u00edas generales de da\u00f1os relacionados con el trabajo cubiertos por la ley de indemnizaci\u00f3n de los trabajadores:<\/span><\/p>\n<ul>\n<li style=\"font-weight: 400;\" aria-level=\"1\"><span style=\"font-weight: 400;\">Las lesiones traum\u00e1ticas relacionadas con el trabajo se producen cuando un empleado sufre una lesi\u00f3n como consecuencia directa de un suceso ocurrido en su lugar de trabajo. Algunos ejemplos son un resbal\u00f3n y una ca\u00edda, un sobreesfuerzo levantando objetos pesados, un mal funcionamiento de una m\u00e1quina o una ca\u00edda desde altura. Las lesiones traum\u00e1ticas son en las que m\u00e1s se piensa cuando se considera un accidente laboral.  <\/span><\/li>\n<li style=\"font-weight: 400;\" aria-level=\"1\"><span style=\"font-weight: 400;\">Las enfermedades profesionales relacionadas con el trabajo se producen como consecuencia de la exposici\u00f3n repetida a condiciones peligrosas en el trabajo. Algunos ejemplos son el s\u00edndrome del t\u00fanel carpiano resultante del movimiento repetitivo de las manos, la tensi\u00f3n en la espalda y\/o el cuello como resultado de realizar ocupaciones f\u00edsicamente exigentes durante periodos prolongados, los problemas respiratorios causados por la inhalaci\u00f3n de sustancias qu\u00edmicas y la p\u00e9rdida de audici\u00f3n resultante de la exposici\u00f3n prolongada a ruidos fuertes. A veces puede resultar dif\u00edcil presentar una demanda por una enfermedad profesional relacionada con el trabajo, pero estas demandas son leg\u00edtimas.  <\/span><\/li>\n<\/ul>\n<h3><span style=\"font-weight: 400;\">Derecho a las prestaciones por accidentes de trabajo<\/span><\/h3>\n<p><span style=\"font-weight: 400;\">Muchos empleados a tiempo completo y a tiempo parcial, as\u00ed como algunos trabajadores temporales y contratados, pueden tener derecho a prestaciones de indemnizaci\u00f3n por accidente laboral en Connecticut. Los criterios de elegibilidad pueden variar en funci\u00f3n de la naturaleza de tu relaci\u00f3n laboral con tu empleador; por tanto, se recomienda que consultes con un abogado antes de asumir que no re\u00fanes los requisitos para recibir prestaciones de indemnizaci\u00f3n por accidente laboral. <\/span><\/p>\n<h2><span style=\"font-weight: 400;\">Pasos para presentar una demanda de indemnizaci\u00f3n por accidente laboral<\/span><\/h2>\n<h3><span style=\"font-weight: 400;\">Notificar tu accidente laboral<\/span><\/h3>\n<p><span style=\"font-weight: 400;\">Notifica a tu supervisor lo antes posible la lesi\u00f3n sufrida en el lugar de trabajo. Documenta la hora, el lugar y la forma en que se produjo la lesi\u00f3n. Los retrasos en la notificaci\u00f3n de la lesi\u00f3n laboral son uno de los principales motivos por los que se deniegan las demandas, y proporcionan a la compa\u00f1\u00eda de seguros de tu empresa posibles motivos para denegar tu demanda.  <\/span><\/p>\n<h3><span style=\"font-weight: 400;\">Obtener tratamiento m\u00e9dico<\/span><\/h3>\n<p><span style=\"font-weight: 400;\">Debes buscar tratamiento m\u00e9dico inmediato tras tu lesi\u00f3n laboral. Proporciona informaci\u00f3n detallada sobre los acontecimientos que rodearon tu lesi\u00f3n y el lugar donde la sufriste al profesional sanitario que te atienda. La documentaci\u00f3n precisa de tu lesi\u00f3n laboral y del tratamiento m\u00e9dico posterior es esencial para establecer la legitimidad de tu reclamaci\u00f3n de indemnizaci\u00f3n por accidente laboral. Las lagunas en tu historial de tratamiento o las explicaciones vagas sobre tu lesi\u00f3n laboral pueden utilizarse en tu contra a la hora de determinar la validez de tu reclamaci\u00f3n.   <\/span><\/p>\n<h3><span style=\"font-weight: 400;\">Cumplimentaci\u00f3n del formulario 30C<\/span><\/h3>\n<p><span style=\"font-weight: 400;\">Para iniciar formalmente tu reclamaci\u00f3n de indemnizaci\u00f3n por accidente laboral, tendr\u00e1s que rellenar <\/span><a href=\"https:\/\/portal.ct.gov\/wcc\/-\/media\/wcc\/forms\/claim-forms\/30c-2022.pdf\"><span style=\"font-weight: 400;\">formulario 30C<\/span><\/a><span style=\"font-weight: 400;\"> y presentarlo a la <\/span><a href=\"https:\/\/portal.ct.gov\/wcc\"><span style=\"font-weight: 400;\">Comisi\u00f3n de Indemnizaci\u00f3n Laboral de Connecticut<\/span><\/a><span style=\"font-weight: 400;\">. Dependiendo del tipo de lesi\u00f3n que hayas sufrido, traum\u00e1tica o enfermedad profesional, puede haber distintos plazos dentro de los cuales debes presentar la denuncia. Como norma general, las lesiones traum\u00e1ticas deben denunciarse en el plazo de un (1) a\u00f1o desde la fecha de la lesi\u00f3n. Las Reclamaciones por Enfermedad Profesional deben iniciarse en el plazo de tres (3) a\u00f1os a partir de la fecha en que se manifest\u00f3 la enfermedad. Si no presentas la denuncia o el expediente dentro de los plazos establecidos, no podr\u00e1s optar a ninguna prestaci\u00f3n de indemnizaci\u00f3n por accidente laboral.   <\/span><\/p>\n<h3><span style=\"font-weight: 400;\">El proceso de revisi\u00f3n de tu aseguradora<\/span><\/h3>\n<p><span style=\"font-weight: 400;\">Tras la presentaci\u00f3n del formulario 30C por tu empresa, su compa\u00f1\u00eda de seguros dispone de veintiocho (28) d\u00edas para decidir si acepta o rechaza tu reclamaci\u00f3n. Dentro de este plazo de veintiocho (28) d\u00edas, pueden revisar tu historial m\u00e9dico, programar una evaluaci\u00f3n m\u00e9dica independiente de su elecci\u00f3n o llevar a cabo una investigaci\u00f3n sobre las circunstancias que rodearon tu lesi\u00f3n laboral. Contar con un abogado experimentado que te represente desde el principio ayudar\u00e1 a evitar que este proceso se utilice en tu contra.  <\/span><\/p>\n<h3><span style=\"font-weight: 400;\">Motivos habituales por los que se deniegan las solicitudes y c\u00f3mo podemos ayudarte<\/span><\/h3>\n<p><span style=\"font-weight: 400;\">Hay numerosas razones por las que se deniegan las solicitudes de indemnizaci\u00f3n por accidente laboral. Algunos ejemplos son el retraso en la notificaci\u00f3n, la documentaci\u00f3n inadecuada, el desacuerdo sobre si la lesi\u00f3n se produjo en el trabajo y\/o las afirmaciones del empresario de que la dolencia exist\u00eda antes de la fecha de inicio reclamada. En Wocl &amp; Leydon, ayudamos a nuestros clientes a elaborar s\u00f3lidas demandas basadas en pruebas, desde el inicio hasta la apelaci\u00f3n de cualquier determinaci\u00f3n adversa de la aseguradora.  <\/span><\/p>\n<div class=\"cta-box my-4 p-4\" style=\"background:#e9e9e9 url('\/wp-content\/uploads\/2023\/10\/ui-element-corner-triangle-light.png') no-repeat right bottom;border:1px solid #6590AF;border-radius:3px;\">\r\n    <div class=\"d-flex flex-column flex-lg-row align-items-center free-case-review\">\r\n        <img decoding=\"async\" class=\"mb-3 mb-lg-0\" src=\"\/wp-content\/uploads\/2023\/10\/cta-photo-with-corner.png\" alt=\"Get your free case review\" width=\"125\" height=\"125\">\r\n        <div class=\"ps-lg-4\">\r\n            <h3 style=\"line-height: 1.5\">\r\n                <span class=\"font-weight-bold\">Obtenga su revisi\u00f3n de caso GRATUITA<\/span>\r\n\r\n            <\/h3>\r\n            <div class=\"d-flex flex-column flex-lg-row align-items-center\">\r\n                <a class=\"btn btn-gold text-center me-lg-3\" href=\"tel:12033333339\" style=\"vertical-align:middle;\"><img decoding=\"async\" style=\"margin-right: 15px;height:28px;\" src=\"\/wp-content\/uploads\/2023\/10\/btn-icon-phone.png\" alt=\"Call Us\">(203) 333-3339<\/a>\r\n                <div> or <a href=\"#cta\">env\u00edanos los detalles de tu caso.<\/a><\/div>\r\n            <\/div>\r\n        <\/div>\r\n    <\/div>\r\n<\/div>\r\n\n","protected":false},"excerpt":{"rendered":"<p>Abogado de Compensaci\u00f3n Laboral y OSHA de Stamford: Tus derechos tras una lesi\u00f3n laboral Una lesi\u00f3n laboral puede producirse r\u00e1pidamente, y una vez que ocurre, puedes encontrarte lidiando con citas con el m\u00e9dico, facturas m\u00e9dicas impagadas y un sistema de indemnizaci\u00f3n laboral que puede parecer confuso. Durante m\u00e1s de 35 a\u00f1os, Wocl &amp; Leydon ha [&hellip;]<\/p>\n","protected":false},"author":18,"featured_media":9310,"parent":5756,"menu_order":0,"comment_status":"closed","ping_status":"closed","template":"","meta":{"_acf_changed":false,"footnotes":""},"class_list":["post-9353","page","type-page","status-publish","has-post-thumbnail","hentry"],"acf":[],"yoast_head":"<!-- This site is optimized with the Yoast SEO plugin v27.5 - https:\/\/yoast.com\/product\/yoast-seo-wordpress\/ -->\n<title>Abogado de Compensaci\u00f3n Laboral y OSHA de Stamford: Tus derechos tras una lesi\u00f3n laboral<\/title>\n<meta name=\"robots\" content=\"index, follow, max-snippet:-1, max-image-preview:large, max-video-preview:-1\" \/>\n<link rel=\"canonical\" href=\"https:\/\/www.woclleydon.com\/es\/abogado-de-lesiones-personales-en-stamford\/abogado-de-compensacion-laboral-y-osha-de-stamford-tus-derechos-tras-una-lesion-laboral\/\" \/>\n<meta property=\"og:locale\" content=\"es_ES\" \/>\n<meta property=\"og:type\" content=\"article\" \/>\n<meta property=\"og:title\" content=\"Abogado de Compensaci\u00f3n Laboral y OSHA de Stamford: Tus derechos tras una lesi\u00f3n laboral\" \/>\n<meta property=\"og:description\" content=\"Abogado de Compensaci\u00f3n Laboral y OSHA de Stamford: Tus derechos tras una lesi\u00f3n laboral Una lesi\u00f3n laboral puede producirse r\u00e1pidamente, y una vez que ocurre, puedes encontrarte lidiando con citas con el m\u00e9dico, facturas m\u00e9dicas impagadas y un sistema de indemnizaci\u00f3n laboral que puede parecer confuso. Durante m\u00e1s de 35 a\u00f1os, Wocl &amp; Leydon ha [&hellip;]\" \/>\n<meta property=\"og:url\" content=\"https:\/\/www.woclleydon.com\/es\/abogado-de-lesiones-personales-en-stamford\/abogado-de-compensacion-laboral-y-osha-de-stamford-tus-derechos-tras-una-lesion-laboral\/\" \/>\n<meta property=\"og:site_name\" content=\"Abogados de lesiones personales de Wocl Leydon\" \/>\n<meta property=\"og:image\" content=\"https:\/\/www.woclleydon.com\/wp-content\/uploads\/2026\/04\/worker-injured-from-scaffolding.jpg\" \/>\n\t<meta property=\"og:image:width\" content=\"1152\" \/>\n\t<meta property=\"og:image:height\" content=\"486\" \/>\n\t<meta property=\"og:image:type\" content=\"image\/jpeg\" \/>\n<meta name=\"twitter:card\" content=\"summary_large_image\" \/>\n<meta name=\"twitter:label1\" content=\"Tiempo de lectura\" \/>\n\t<meta name=\"twitter:data1\" content=\"7 minutos\" \/>\n<script type=\"application\/ld+json\" class=\"yoast-schema-graph\">{\"@context\":\"https:\\\/\\\/schema.org\",\"@graph\":[{\"@type\":\"WebPage\",\"@id\":\"https:\\\/\\\/www.woclleydon.com\\\/es\\\/abogado-de-lesiones-personales-en-stamford\\\/abogado-de-compensacion-laboral-y-osha-de-stamford-tus-derechos-tras-una-lesion-laboral\\\/\",\"url\":\"https:\\\/\\\/www.woclleydon.com\\\/es\\\/abogado-de-lesiones-personales-en-stamford\\\/abogado-de-compensacion-laboral-y-osha-de-stamford-tus-derechos-tras-una-lesion-laboral\\\/\",\"name\":\"Abogado de Compensaci\u00f3n Laboral y OSHA de Stamford: Tus derechos tras una lesi\u00f3n laboral\",\"isPartOf\":{\"@id\":\"https:\\\/\\\/www.woclleydon.com\\\/es\\\/#website\"},\"primaryImageOfPage\":{\"@id\":\"https:\\\/\\\/www.woclleydon.com\\\/es\\\/abogado-de-lesiones-personales-en-stamford\\\/abogado-de-compensacion-laboral-y-osha-de-stamford-tus-derechos-tras-una-lesion-laboral\\\/#primaryimage\"},\"image\":{\"@id\":\"https:\\\/\\\/www.woclleydon.com\\\/es\\\/abogado-de-lesiones-personales-en-stamford\\\/abogado-de-compensacion-laboral-y-osha-de-stamford-tus-derechos-tras-una-lesion-laboral\\\/#primaryimage\"},\"thumbnailUrl\":\"https:\\\/\\\/www.woclleydon.com\\\/wp-content\\\/uploads\\\/2026\\\/04\\\/worker-injured-from-scaffolding.jpg\",\"datePublished\":\"2026-04-28T20:29:08+00:00\",\"breadcrumb\":{\"@id\":\"https:\\\/\\\/www.woclleydon.com\\\/es\\\/abogado-de-lesiones-personales-en-stamford\\\/abogado-de-compensacion-laboral-y-osha-de-stamford-tus-derechos-tras-una-lesion-laboral\\\/#breadcrumb\"},\"inLanguage\":\"es\",\"potentialAction\":[{\"@type\":\"ReadAction\",\"target\":[\"https:\\\/\\\/www.woclleydon.com\\\/es\\\/abogado-de-lesiones-personales-en-stamford\\\/abogado-de-compensacion-laboral-y-osha-de-stamford-tus-derechos-tras-una-lesion-laboral\\\/\"]}]},{\"@type\":\"ImageObject\",\"inLanguage\":\"es\",\"@id\":\"https:\\\/\\\/www.woclleydon.com\\\/es\\\/abogado-de-lesiones-personales-en-stamford\\\/abogado-de-compensacion-laboral-y-osha-de-stamford-tus-derechos-tras-una-lesion-laboral\\\/#primaryimage\",\"url\":\"https:\\\/\\\/www.woclleydon.com\\\/wp-content\\\/uploads\\\/2026\\\/04\\\/worker-injured-from-scaffolding.jpg\",\"contentUrl\":\"https:\\\/\\\/www.woclleydon.com\\\/wp-content\\\/uploads\\\/2026\\\/04\\\/worker-injured-from-scaffolding.jpg\",\"width\":1152,\"height\":486},{\"@type\":\"BreadcrumbList\",\"@id\":\"https:\\\/\\\/www.woclleydon.com\\\/es\\\/abogado-de-lesiones-personales-en-stamford\\\/abogado-de-compensacion-laboral-y-osha-de-stamford-tus-derechos-tras-una-lesion-laboral\\\/#breadcrumb\",\"itemListElement\":[{\"@type\":\"ListItem\",\"position\":1,\"name\":\"Home\",\"item\":\"https:\\\/\\\/www.woclleydon.com\\\/es\\\/\"},{\"@type\":\"ListItem\",\"position\":2,\"name\":\"Abogado de lesiones personales en Stamford\",\"item\":\"https:\\\/\\\/www.woclleydon.com\\\/es\\\/abogado-de-lesiones-personales-en-stamford\\\/\"},{\"@type\":\"ListItem\",\"position\":3,\"name\":\"Abogado de Compensaci\u00f3n Laboral y OSHA de Stamford: Tus derechos tras una lesi\u00f3n laboral\"}]},{\"@type\":\"WebSite\",\"@id\":\"https:\\\/\\\/www.woclleydon.com\\\/es\\\/#website\",\"url\":\"https:\\\/\\\/www.woclleydon.com\\\/es\\\/\",\"name\":\"Abogados de lesiones personales de Wocl Leydon\",\"description\":\"Your Case is Personal to Us!\",\"potentialAction\":[{\"@type\":\"SearchAction\",\"target\":{\"@type\":\"EntryPoint\",\"urlTemplate\":\"https:\\\/\\\/www.woclleydon.com\\\/es\\\/?s={search_term_string}\"},\"query-input\":{\"@type\":\"PropertyValueSpecification\",\"valueRequired\":true,\"valueName\":\"search_term_string\"}}],\"inLanguage\":\"es\"}]}<\/script>\n<!-- \/ Yoast SEO plugin. -->","yoast_head_json":{"title":"Abogado de Compensaci\u00f3n Laboral y OSHA de Stamford: Tus derechos tras una lesi\u00f3n laboral","robots":{"index":"index","follow":"follow","max-snippet":"max-snippet:-1","max-image-preview":"max-image-preview:large","max-video-preview":"max-video-preview:-1"},"canonical":"https:\/\/www.woclleydon.com\/es\/abogado-de-lesiones-personales-en-stamford\/abogado-de-compensacion-laboral-y-osha-de-stamford-tus-derechos-tras-una-lesion-laboral\/","og_locale":"es_ES","og_type":"article","og_title":"Abogado de Compensaci\u00f3n Laboral y OSHA de Stamford: Tus derechos tras una lesi\u00f3n laboral","og_description":"Abogado de Compensaci\u00f3n Laboral y OSHA de Stamford: Tus derechos tras una lesi\u00f3n laboral Una lesi\u00f3n laboral puede producirse r\u00e1pidamente, y una vez que ocurre, puedes encontrarte lidiando con citas con el m\u00e9dico, facturas m\u00e9dicas impagadas y un sistema de indemnizaci\u00f3n laboral que puede parecer confuso. Durante m\u00e1s de 35 a\u00f1os, Wocl &amp; Leydon ha [&hellip;]","og_url":"https:\/\/www.woclleydon.com\/es\/abogado-de-lesiones-personales-en-stamford\/abogado-de-compensacion-laboral-y-osha-de-stamford-tus-derechos-tras-una-lesion-laboral\/","og_site_name":"Abogados de lesiones personales de Wocl Leydon","og_image":[{"width":1152,"height":486,"url":"https:\/\/www.woclleydon.com\/wp-content\/uploads\/2026\/04\/worker-injured-from-scaffolding.jpg","type":"image\/jpeg"}],"twitter_card":"summary_large_image","twitter_misc":{"Tiempo de lectura":"7 minutos"},"schema":{"@context":"https:\/\/schema.org","@graph":[{"@type":"WebPage","@id":"https:\/\/www.woclleydon.com\/es\/abogado-de-lesiones-personales-en-stamford\/abogado-de-compensacion-laboral-y-osha-de-stamford-tus-derechos-tras-una-lesion-laboral\/","url":"https:\/\/www.woclleydon.com\/es\/abogado-de-lesiones-personales-en-stamford\/abogado-de-compensacion-laboral-y-osha-de-stamford-tus-derechos-tras-una-lesion-laboral\/","name":"Abogado de Compensaci\u00f3n Laboral y OSHA de Stamford: Tus derechos tras una lesi\u00f3n laboral","isPartOf":{"@id":"https:\/\/www.woclleydon.com\/es\/#website"},"primaryImageOfPage":{"@id":"https:\/\/www.woclleydon.com\/es\/abogado-de-lesiones-personales-en-stamford\/abogado-de-compensacion-laboral-y-osha-de-stamford-tus-derechos-tras-una-lesion-laboral\/#primaryimage"},"image":{"@id":"https:\/\/www.woclleydon.com\/es\/abogado-de-lesiones-personales-en-stamford\/abogado-de-compensacion-laboral-y-osha-de-stamford-tus-derechos-tras-una-lesion-laboral\/#primaryimage"},"thumbnailUrl":"https:\/\/www.woclleydon.com\/wp-content\/uploads\/2026\/04\/worker-injured-from-scaffolding.jpg","datePublished":"2026-04-28T20:29:08+00:00","breadcrumb":{"@id":"https:\/\/www.woclleydon.com\/es\/abogado-de-lesiones-personales-en-stamford\/abogado-de-compensacion-laboral-y-osha-de-stamford-tus-derechos-tras-una-lesion-laboral\/#breadcrumb"},"inLanguage":"es","potentialAction":[{"@type":"ReadAction","target":["https:\/\/www.woclleydon.com\/es\/abogado-de-lesiones-personales-en-stamford\/abogado-de-compensacion-laboral-y-osha-de-stamford-tus-derechos-tras-una-lesion-laboral\/"]}]},{"@type":"ImageObject","inLanguage":"es","@id":"https:\/\/www.woclleydon.com\/es\/abogado-de-lesiones-personales-en-stamford\/abogado-de-compensacion-laboral-y-osha-de-stamford-tus-derechos-tras-una-lesion-laboral\/#primaryimage","url":"https:\/\/www.woclleydon.com\/wp-content\/uploads\/2026\/04\/worker-injured-from-scaffolding.jpg","contentUrl":"https:\/\/www.woclleydon.com\/wp-content\/uploads\/2026\/04\/worker-injured-from-scaffolding.jpg","width":1152,"height":486},{"@type":"BreadcrumbList","@id":"https:\/\/www.woclleydon.com\/es\/abogado-de-lesiones-personales-en-stamford\/abogado-de-compensacion-laboral-y-osha-de-stamford-tus-derechos-tras-una-lesion-laboral\/#breadcrumb","itemListElement":[{"@type":"ListItem","position":1,"name":"Home","item":"https:\/\/www.woclleydon.com\/es\/"},{"@type":"ListItem","position":2,"name":"Abogado de lesiones personales en Stamford","item":"https:\/\/www.woclleydon.com\/es\/abogado-de-lesiones-personales-en-stamford\/"},{"@type":"ListItem","position":3,"name":"Abogado de Compensaci\u00f3n Laboral y OSHA de Stamford: Tus derechos tras una lesi\u00f3n laboral"}]},{"@type":"WebSite","@id":"https:\/\/www.woclleydon.com\/es\/#website","url":"https:\/\/www.woclleydon.com\/es\/","name":"Abogados de lesiones personales de Wocl Leydon","description":"Your Case is Personal to Us!","potentialAction":[{"@type":"SearchAction","target":{"@type":"EntryPoint","urlTemplate":"https:\/\/www.woclleydon.com\/es\/?s={search_term_string}"},"query-input":{"@type":"PropertyValueSpecification","valueRequired":true,"valueName":"search_term_string"}}],"inLanguage":"es"}]}},"publishpress_future_action":{"enabled":false,"date":"2026-05-06 21:35:34","action":"change-status","newStatus":"draft","terms":[],"taxonomy":"translation_priority","extraData":[]},"publishpress_future_workflow_manual_trigger":{"enabledWorkflows":[]},"_links":{"self":[{"href":"https:\/\/www.woclleydon.com\/es\/wp-json\/wp\/v2\/pages\/9353","targetHints":{"allow":["GET"]}}],"collection":[{"href":"https:\/\/www.woclleydon.com\/es\/wp-json\/wp\/v2\/pages"}],"about":[{"href":"https:\/\/www.woclleydon.com\/es\/wp-json\/wp\/v2\/types\/page"}],"author":[{"embeddable":true,"href":"https:\/\/www.woclleydon.com\/es\/wp-json\/wp\/v2\/users\/18"}],"replies":[{"embeddable":true,"href":"https:\/\/www.woclleydon.com\/es\/wp-json\/wp\/v2\/comments?post=9353"}],"version-history":[{"count":0,"href":"https:\/\/www.woclleydon.com\/es\/wp-json\/wp\/v2\/pages\/9353\/revisions"}],"up":[{"embeddable":true,"href":"https:\/\/www.woclleydon.com\/es\/wp-json\/wp\/v2\/pages\/5756"}],"wp:featuredmedia":[{"embeddable":true,"href":"https:\/\/www.woclleydon.com\/es\/wp-json\/wp\/v2\/media\/9310"}],"wp:attachment":[{"href":"https:\/\/www.woclleydon.com\/es\/wp-json\/wp\/v2\/media?parent=9353"}],"curies":[{"name":"wp","href":"https:\/\/api.w.org\/{rel}","templated":true}]}}